{"id":8416,"date":"2020-11-18T10:40:52","date_gmt":"2020-11-18T09:40:52","guid":{"rendered":"https:\/\/akasel.com\/fr\/sds-pds\/"},"modified":"2025-09-26T07:56:16","modified_gmt":"2025-09-26T05:56:16","slug":"fds","status":"publish","type":"page","link":"https:\/\/akasel.com\/fr\/fds\/","title":{"rendered":"FDS\/Fiche technique"},"content":{"rendered":"<p>Vous trouverez ici de la documentation sur nos produits.<\/p>\n<p>Les FDS sont des fiches de donn\u00e9es de s\u00e9curit\u00e9 pour tous les produits pour lesquels des informations de s\u00e9curit\u00e9 sont requises et pour nos liquides.<\/p>\n<p>Les FDP sont des fiches de donn\u00e9es de produit contenant des informations sur les produits solides qui ne n\u00e9cessitent pas d&#8217;informations de s\u00e9curit\u00e9.<\/p>\n<p>Pour obtenir des informations sur des produits qui ont \u00e9t\u00e9 abandonn\u00e9s il y a plus de trois ans, veuillez nous contacter.<\/p>\n","protected":false},"excerpt":{"rendered":"<p>Vous trouverez ici de la documentation sur nos produits. Les FDS sont des fiches de donn\u00e9es de s\u00e9curit\u00e9 pour tous&#8230;<\/p>\n","protected":false},"author":1,"featured_media":0,"parent":0,"menu_order":0,"comment_status":"closed","ping_status":"open","template":"","meta":{"footnotes":""},"class_list":["post-8416","page","type-page","status-publish","hentry"],"acf":[],"yoast_head":"<!-- This site is optimized with the Yoast SEO plugin v21.7 - https:\/\/yoast.com\/wordpress\/plugins\/seo\/ -->\n<title>Fiches SDS et PDS Akasel \u2013 S\u00e9curit\u00e9 et donn\u00e9es produits<\/title>\n<meta name=\"description\" content=\"T\u00e9l\u00e9chargez les fiches SDS et PDS Akasel pour acc\u00e9der \u00e0 des informations fiables sur la s\u00e9curit\u00e9 et l\u2019utilisation de nos consommables m\u00e9tallographiques.\" \/>\n<meta name=\"robots\" content=\"index, follow, max-snippet:-1, max-image-preview:large, max-video-preview:-1\" \/>\n<link rel=\"canonical\" href=\"https:\/\/akasel.com\/fr\/fds\/\" \/>\n<meta property=\"og:locale\" content=\"fr_FR\" \/>\n<meta property=\"og:type\" content=\"article\" \/>\n<meta property=\"og:title\" content=\"Fiches SDS et PDS Akasel \u2013 S\u00e9curit\u00e9 et donn\u00e9es produits\" \/>\n<meta property=\"og:description\" content=\"T\u00e9l\u00e9chargez les fiches SDS et PDS Akasel pour acc\u00e9der \u00e0 des informations fiables sur la s\u00e9curit\u00e9 et l\u2019utilisation de nos consommables m\u00e9tallographiques.\" \/>\n<meta property=\"og:url\" content=\"https:\/\/akasel.com\/fr\/fds\/\" \/>\n<meta property=\"og:site_name\" content=\"AKASEL A\/S\" \/>\n<meta property=\"article:modified_time\" content=\"2025-09-26T05:56:16+00:00\" \/>\n<meta name=\"twitter:card\" content=\"summary_large_image\" \/>\n<meta name=\"twitter:label1\" content=\"Dur\u00e9e de lecture estim\u00e9e\" \/>\n\t<meta name=\"twitter:data1\" content=\"1 minute\" \/>\n<!-- \/ Yoast SEO plugin. -->","yoast_head_json":{"title":"Fiches SDS et PDS Akasel \u2013 S\u00e9curit\u00e9 et donn\u00e9es produits","description":"T\u00e9l\u00e9chargez les fiches SDS et PDS Akasel pour acc\u00e9der \u00e0 des informations fiables sur la s\u00e9curit\u00e9 et l\u2019utilisation de nos consommables m\u00e9tallographiques.","robots":{"index":"index","follow":"follow","max-snippet":"max-snippet:-1","max-image-preview":"max-image-preview:large","max-video-preview":"max-video-preview:-1"},"canonical":"https:\/\/akasel.com\/fr\/fds\/","og_locale":"fr_FR","og_type":"article","og_title":"Fiches SDS et PDS Akasel \u2013 S\u00e9curit\u00e9 et donn\u00e9es produits","og_description":"T\u00e9l\u00e9chargez les fiches SDS et PDS Akasel pour acc\u00e9der \u00e0 des informations fiables sur la s\u00e9curit\u00e9 et l\u2019utilisation de nos consommables m\u00e9tallographiques.","og_url":"https:\/\/akasel.com\/fr\/fds\/","og_site_name":"AKASEL A\/S","article_modified_time":"2025-09-26T05:56:16+00:00","twitter_card":"summary_large_image","twitter_misc":{"Dur\u00e9e de lecture estim\u00e9e":"1 minute"},"schema":{"@context":"https:\/\/schema.org","@graph":[{"@type":"WebPage","@id":"https:\/\/akasel.com\/fr\/fds\/","url":"https:\/\/akasel.com\/fr\/fds\/","name":"Fiches SDS et PDS Akasel \u2013 S\u00e9curit\u00e9 et donn\u00e9es produits","isPartOf":{"@id":"https:\/\/akasel.com\/fr\/#website"},"datePublished":"2020-11-18T09:40:52+00:00","dateModified":"2025-09-26T05:56:16+00:00","description":"T\u00e9l\u00e9chargez les fiches SDS et PDS Akasel pour acc\u00e9der \u00e0 des informations fiables sur la s\u00e9curit\u00e9 et l\u2019utilisation de nos consommables m\u00e9tallographiques.","breadcrumb":{"@id":"https:\/\/akasel.com\/fr\/fds\/#breadcrumb"},"inLanguage":"fr-FR","potentialAction":[{"@type":"ReadAction","target":["https:\/\/akasel.com\/fr\/fds\/"]}]},{"@type":"BreadcrumbList","@id":"https:\/\/akasel.com\/fr\/fds\/#breadcrumb","itemListElement":[{"@type":"ListItem","position":1,"name":"Home","item":"https:\/\/akasel.com\/fr\/"},{"@type":"ListItem","position":2,"name":"FDS\/Fiche technique"}]},{"@type":"WebSite","@id":"https:\/\/akasel.com\/fr\/#website","url":"https:\/\/akasel.com\/fr\/","name":"AKASEL A\/S","description":"","potentialAction":[{"@type":"SearchAction","target":{"@type":"EntryPoint","urlTemplate":"https:\/\/akasel.com\/fr\/?s={search_term_string}"},"query-input":"required name=search_term_string"}],"inLanguage":"fr-FR"}]}},"_links":{"self":[{"href":"https:\/\/akasel.com\/fr\/wp-json\/wp\/v2\/pages\/8416"}],"collection":[{"href":"https:\/\/akasel.com\/fr\/wp-json\/wp\/v2\/pages"}],"about":[{"href":"https:\/\/akasel.com\/fr\/wp-json\/wp\/v2\/types\/page"}],"author":[{"embeddable":true,"href":"https:\/\/akasel.com\/fr\/wp-json\/wp\/v2\/users\/1"}],"replies":[{"embeddable":true,"href":"https:\/\/akasel.com\/fr\/wp-json\/wp\/v2\/comments?post=8416"}],"version-history":[{"count":2,"href":"https:\/\/akasel.com\/fr\/wp-json\/wp\/v2\/pages\/8416\/revisions"}],"predecessor-version":[{"id":33668,"href":"https:\/\/akasel.com\/fr\/wp-json\/wp\/v2\/pages\/8416\/revisions\/33668"}],"wp:attachment":[{"href":"https:\/\/akasel.com\/fr\/wp-json\/wp\/v2\/media?parent=8416"}],"curies":[{"name":"wp","href":"https:\/\/api.w.org\/{rel}","templated":true}]}}