{"id":8439,"date":"2021-02-16T10:09:36","date_gmt":"2021-02-16T09:09:36","guid":{"rendered":"https:\/\/akasel.com\/fr\/jobs\/"},"modified":"2025-09-26T07:56:18","modified_gmt":"2025-09-26T05:56:18","slug":"rejoignez-nous","status":"publish","type":"page","link":"https:\/\/akasel.com\/fr\/rejoignez-nous\/","title":{"rendered":"Rejoignez notre \u00e9quipe"},"content":{"rendered":"<p>Les postes \u00e0 pourvoir chez Akasel sont publi\u00e9s ci-dessous.<br \/>\nNous attendons avec impatience votre candidature.<\/p>\n<p><a href=\"https:\/\/akasel.com\/fr\/wp-content\/uploads\/2023\/11\/sales-specialist-germany-1.pdf\" target=\"_blank\" rel=\"noopener\">Sp\u00e9cialiste des ventes \u2013 Allemagne<\/a><\/p>\n<p>Chez Akasel, nous sommes toujours \u00e0 la recherche de nouveaux coll\u00e8gues passionn\u00e9s par l&#8217;am\u00e9lioration de la pr\u00e9paration des \u00e9chantillons m\u00e9tallographiques et ayant une approche innovante dans leur domaine. Nous nous effor\u00e7ons de trouver les meilleures solutions et de d\u00e9velopper des consommables de haute qualit\u00e9, ensemble.<\/p>\n<p>Nous sommes fiers de notre engagement en faveur de la qualit\u00e9, de l&#8217;innovation et d&#8217;un environnement de travail collaboratif. Si vous vous voyez travailler dans une petite entreprise avec un fort esprit d&#8217;\u00e9quipe et une culture de travail informelle ; si vous partagez cet \u00e9tat d&#8217;esprit, n&#8217;h\u00e9sitez pas \u00e0 nous envoyer une candidature spontan\u00e9e \u00e0 l&#8217;adresse suivante <a href=\"mailto:info@akasel.com\">info@akasel.com<\/a>.<\/p>\n<p>Politique de confidentialit\u00e9 : En soumettant une candidature et d&#8217;autres informations, vous acceptez qu&#8217;Akasel A\/S traite vos donn\u00e9es conform\u00e9ment au RGPD (UE) et \u00e0 la loi danoise sur la protection des donn\u00e9es.<\/p>\n","protected":false},"excerpt":{"rendered":"<p>Les postes \u00e0 pourvoir chez Akasel sont publi\u00e9s ci-dessous. Nous attendons avec impatience votre candidature. Sp\u00e9cialiste des ventes \u2013 Allemagne&#8230;<\/p>\n","protected":false},"author":1,"featured_media":0,"parent":0,"menu_order":0,"comment_status":"closed","ping_status":"open","template":"","meta":{"footnotes":""},"class_list":["post-8439","page","type-page","status-publish","hentry"],"acf":[],"yoast_head":"<!-- This site is optimized with the Yoast SEO plugin v21.7 - https:\/\/yoast.com\/wordpress\/plugins\/seo\/ -->\n<title>Rejoignez notre \u00e9quipe ! Voir les postes \u00e0 pourvoir chez Akasel !<\/title>\n<meta name=\"description\" content=\"D\u00e9couvrez les opportunit\u00e9s de carri\u00e8re chez Akasel. Rejoignez notre \u00e9quipe et contribuez au d\u00e9veloppement de solutions m\u00e9tallographiques innovantes.\" \/>\n<meta name=\"robots\" content=\"index, follow, max-snippet:-1, max-image-preview:large, max-video-preview:-1\" \/>\n<link rel=\"canonical\" href=\"https:\/\/akasel.com\/fr\/rejoignez-nous\/\" \/>\n<meta property=\"og:locale\" content=\"fr_FR\" \/>\n<meta property=\"og:type\" content=\"article\" \/>\n<meta property=\"og:title\" content=\"Rejoignez notre \u00e9quipe ! Voir les postes \u00e0 pourvoir chez Akasel !\" \/>\n<meta property=\"og:description\" content=\"D\u00e9couvrez les opportunit\u00e9s de carri\u00e8re chez Akasel. Rejoignez notre \u00e9quipe et contribuez au d\u00e9veloppement de solutions m\u00e9tallographiques innovantes.\" \/>\n<meta property=\"og:url\" content=\"https:\/\/akasel.com\/fr\/rejoignez-nous\/\" \/>\n<meta property=\"og:site_name\" content=\"AKASEL A\/S\" \/>\n<meta property=\"article:modified_time\" content=\"2025-09-26T05:56:18+00:00\" \/>\n<meta name=\"twitter:card\" content=\"summary_large_image\" \/>\n<meta name=\"twitter:label1\" content=\"Dur\u00e9e de lecture estim\u00e9e\" \/>\n\t<meta name=\"twitter:data1\" content=\"1 minute\" \/>\n<!-- \/ Yoast SEO plugin. -->","yoast_head_json":{"title":"Rejoignez notre \u00e9quipe ! Voir les postes \u00e0 pourvoir chez Akasel !","description":"D\u00e9couvrez les opportunit\u00e9s de carri\u00e8re chez Akasel. Rejoignez notre \u00e9quipe et contribuez au d\u00e9veloppement de solutions m\u00e9tallographiques innovantes.","robots":{"index":"index","follow":"follow","max-snippet":"max-snippet:-1","max-image-preview":"max-image-preview:large","max-video-preview":"max-video-preview:-1"},"canonical":"https:\/\/akasel.com\/fr\/rejoignez-nous\/","og_locale":"fr_FR","og_type":"article","og_title":"Rejoignez notre \u00e9quipe ! Voir les postes \u00e0 pourvoir chez Akasel !","og_description":"D\u00e9couvrez les opportunit\u00e9s de carri\u00e8re chez Akasel. Rejoignez notre \u00e9quipe et contribuez au d\u00e9veloppement de solutions m\u00e9tallographiques innovantes.","og_url":"https:\/\/akasel.com\/fr\/rejoignez-nous\/","og_site_name":"AKASEL A\/S","article_modified_time":"2025-09-26T05:56:18+00:00","twitter_card":"summary_large_image","twitter_misc":{"Dur\u00e9e de lecture estim\u00e9e":"1 minute"},"schema":{"@context":"https:\/\/schema.org","@graph":[{"@type":"WebPage","@id":"https:\/\/akasel.com\/fr\/rejoignez-nous\/","url":"https:\/\/akasel.com\/fr\/rejoignez-nous\/","name":"Rejoignez notre \u00e9quipe ! Voir les postes \u00e0 pourvoir chez Akasel !","isPartOf":{"@id":"https:\/\/akasel.com\/fr\/#website"},"datePublished":"2021-02-16T09:09:36+00:00","dateModified":"2025-09-26T05:56:18+00:00","description":"D\u00e9couvrez les opportunit\u00e9s de carri\u00e8re chez Akasel. Rejoignez notre \u00e9quipe et contribuez au d\u00e9veloppement de solutions m\u00e9tallographiques innovantes.","breadcrumb":{"@id":"https:\/\/akasel.com\/fr\/rejoignez-nous\/#breadcrumb"},"inLanguage":"fr-FR","potentialAction":[{"@type":"ReadAction","target":["https:\/\/akasel.com\/fr\/rejoignez-nous\/"]}]},{"@type":"BreadcrumbList","@id":"https:\/\/akasel.com\/fr\/rejoignez-nous\/#breadcrumb","itemListElement":[{"@type":"ListItem","position":1,"name":"Home","item":"https:\/\/akasel.com\/fr\/"},{"@type":"ListItem","position":2,"name":"Rejoignez notre \u00e9quipe"}]},{"@type":"WebSite","@id":"https:\/\/akasel.com\/fr\/#website","url":"https:\/\/akasel.com\/fr\/","name":"AKASEL A\/S","description":"","potentialAction":[{"@type":"SearchAction","target":{"@type":"EntryPoint","urlTemplate":"https:\/\/akasel.com\/fr\/?s={search_term_string}"},"query-input":"required name=search_term_string"}],"inLanguage":"fr-FR"}]}},"_links":{"self":[{"href":"https:\/\/akasel.com\/fr\/wp-json\/wp\/v2\/pages\/8439"}],"collection":[{"href":"https:\/\/akasel.com\/fr\/wp-json\/wp\/v2\/pages"}],"about":[{"href":"https:\/\/akasel.com\/fr\/wp-json\/wp\/v2\/types\/page"}],"author":[{"embeddable":true,"href":"https:\/\/akasel.com\/fr\/wp-json\/wp\/v2\/users\/1"}],"replies":[{"embeddable":true,"href":"https:\/\/akasel.com\/fr\/wp-json\/wp\/v2\/comments?post=8439"}],"version-history":[{"count":15,"href":"https:\/\/akasel.com\/fr\/wp-json\/wp\/v2\/pages\/8439\/revisions"}],"predecessor-version":[{"id":33735,"href":"https:\/\/akasel.com\/fr\/wp-json\/wp\/v2\/pages\/8439\/revisions\/33735"}],"wp:attachment":[{"href":"https:\/\/akasel.com\/fr\/wp-json\/wp\/v2\/media?parent=8439"}],"curies":[{"name":"wp","href":"https:\/\/api.w.org\/{rel}","templated":true}]}}