{"id":8448,"date":"2022-09-09T08:34:25","date_gmt":"2022-09-09T06:34:25","guid":{"rendered":"https:\/\/akasel.com\/fr\/country-application\/"},"modified":"2025-09-26T07:56:15","modified_gmt":"2025-09-26T05:56:15","slug":"demande-de-pays","status":"publish","type":"page","link":"https:\/\/akasel.com\/fr\/demande-de-pays\/","title":{"rendered":"Demande de pays"},"content":{"rendered":"<p>Nous vous remercions de nous avoir fait savoir que vous souhaitiez que nous exp\u00e9diions des produits dans votre pays !<\/p>\n<p>Nous examinons r\u00e9guli\u00e8rement ces notifications et nous vous informerons lorsque votre pays sera disponible pour l&#8217;exp\u00e9dition.<\/p>\n","protected":false},"excerpt":{"rendered":"<p>Nous vous remercions de nous avoir fait savoir que vous souhaitiez que nous exp\u00e9diions des produits dans votre pays !&#8230;<\/p>\n","protected":false},"author":1,"featured_media":0,"parent":0,"menu_order":0,"comment_status":"closed","ping_status":"open","template":"","meta":{"footnotes":""},"class_list":["post-8448","page","type-page","status-publish","hentry"],"acf":[],"yoast_head":"<!-- This site is optimized with the Yoast SEO plugin v21.7 - https:\/\/yoast.com\/wordpress\/plugins\/seo\/ -->\n<title>Demande de pays - AKASEL A\/S<\/title>\n<meta name=\"robots\" content=\"noindex, nofollow\" \/>\n<meta property=\"og:locale\" content=\"fr_FR\" \/>\n<meta property=\"og:type\" content=\"article\" \/>\n<meta property=\"og:title\" content=\"Demande de pays - AKASEL A\/S\" \/>\n<meta property=\"og:description\" content=\"Nous vous remercions de nous avoir fait savoir que vous souhaitiez que nous exp\u00e9diions des produits dans votre pays !...\" \/>\n<meta property=\"og:url\" content=\"https:\/\/akasel.com\/fr\/demande-de-pays\/\" \/>\n<meta property=\"og:site_name\" content=\"AKASEL A\/S\" \/>\n<meta property=\"article:modified_time\" content=\"2025-09-26T05:56:15+00:00\" \/>\n<meta name=\"twitter:card\" content=\"summary_large_image\" \/>\n<meta name=\"twitter:label1\" content=\"Dur\u00e9e de lecture estim\u00e9e\" \/>\n\t<meta name=\"twitter:data1\" content=\"1 minute\" \/>\n<!-- \/ Yoast SEO plugin. -->","yoast_head_json":{"title":"Demande de pays - AKASEL A\/S","robots":{"index":"noindex","follow":"nofollow"},"og_locale":"fr_FR","og_type":"article","og_title":"Demande de pays - AKASEL A\/S","og_description":"Nous vous remercions de nous avoir fait savoir que vous souhaitiez que nous exp\u00e9diions des produits dans votre pays !...","og_url":"https:\/\/akasel.com\/fr\/demande-de-pays\/","og_site_name":"AKASEL A\/S","article_modified_time":"2025-09-26T05:56:15+00:00","twitter_card":"summary_large_image","twitter_misc":{"Dur\u00e9e de lecture estim\u00e9e":"1 minute"},"schema":{"@context":"https:\/\/schema.org","@graph":[{"@type":"WebPage","@id":"https:\/\/akasel.com\/fr\/demande-de-pays\/","url":"https:\/\/akasel.com\/fr\/demande-de-pays\/","name":"Demande de pays - AKASEL A\/S","isPartOf":{"@id":"https:\/\/akasel.com\/fr\/#website"},"datePublished":"2022-09-09T06:34:25+00:00","dateModified":"2025-09-26T05:56:15+00:00","breadcrumb":{"@id":"https:\/\/akasel.com\/fr\/demande-de-pays\/#breadcrumb"},"inLanguage":"fr-FR","potentialAction":[{"@type":"ReadAction","target":["https:\/\/akasel.com\/fr\/demande-de-pays\/"]}]},{"@type":"BreadcrumbList","@id":"https:\/\/akasel.com\/fr\/demande-de-pays\/#breadcrumb","itemListElement":[{"@type":"ListItem","position":1,"name":"Home","item":"https:\/\/akasel.com\/fr\/"},{"@type":"ListItem","position":2,"name":"Demande de pays"}]},{"@type":"WebSite","@id":"https:\/\/akasel.com\/fr\/#website","url":"https:\/\/akasel.com\/fr\/","name":"AKASEL A\/S","description":"","potentialAction":[{"@type":"SearchAction","target":{"@type":"EntryPoint","urlTemplate":"https:\/\/akasel.com\/fr\/?s={search_term_string}"},"query-input":"required name=search_term_string"}],"inLanguage":"fr-FR"}]}},"_links":{"self":[{"href":"https:\/\/akasel.com\/fr\/wp-json\/wp\/v2\/pages\/8448"}],"collection":[{"href":"https:\/\/akasel.com\/fr\/wp-json\/wp\/v2\/pages"}],"about":[{"href":"https:\/\/akasel.com\/fr\/wp-json\/wp\/v2\/types\/page"}],"author":[{"embeddable":true,"href":"https:\/\/akasel.com\/fr\/wp-json\/wp\/v2\/users\/1"}],"replies":[{"embeddable":true,"href":"https:\/\/akasel.com\/fr\/wp-json\/wp\/v2\/comments?post=8448"}],"version-history":[{"count":2,"href":"https:\/\/akasel.com\/fr\/wp-json\/wp\/v2\/pages\/8448\/revisions"}],"predecessor-version":[{"id":33815,"href":"https:\/\/akasel.com\/fr\/wp-json\/wp\/v2\/pages\/8448\/revisions\/33815"}],"wp:attachment":[{"href":"https:\/\/akasel.com\/fr\/wp-json\/wp\/v2\/media?parent=8448"}],"curies":[{"name":"wp","href":"https:\/\/api.w.org\/{rel}","templated":true}]}}