{"id":10000,"date":"2020-10-28T21:11:14","date_gmt":"2020-10-28T20:11:14","guid":{"rendered":"https:\/\/akasel.com\/fr\/p\/aka-cut-ti20\/"},"modified":"2026-01-13T07:23:47","modified_gmt":"2026-01-13T06:23:47","slug":"aka-cut-ti20","status":"publish","type":"product","link":"https:\/\/akasel.com\/fr\/shop\/disques-a-tronconner-abrasifs\/disque-a-tronconner-en-titane\/aka-cut-ti20\/","title":{"rendered":"Aka-Cut Ti20"},"content":{"rendered":"<p>Dimensions disponibles : 250 mm, 300 mm, 350 mm<\/p>\n<p><a href=\"https:\/\/akasel.com\/wp-content\/uploads\/2024\/07\/9000uk.pdf\">PDS Aka-Cut (EN)<\/a><\/p>\n<p><a href=\"https:\/\/akasel.com\/wp-content\/uploads\/2020\/11\/98012863-67110001_aka-cut.pdf\">Guides d&#8217;utilisation Aka-cut (EN)<\/a><\/p>\n<p><a href=\"https:\/\/akasel.com\/wp-content\/uploads\/2024\/06\/aka-cut-product-brochure.pdf\">Brochures produits Aka-cut, Disques \u00e0 tron\u00e7onner (EN)<\/a><\/p>\n","protected":false},"excerpt":{"rendered":"<p>Disque \u00e0 tron\u00e7onner optimis\u00e9 pour le tron\u00e7onnage du titane et des alliages de titane d&#8217;une duret\u00e9 de 100 \u00e0 350 HV (20 HRC).<\/p>\n<p>Assure une plan\u00e9it\u00e9 optimale et r\u00e9duit le risque de dommages thermiques lors du tron\u00e7onnage de ces mat\u00e9riaux qui ont tendance \u00e0 s&#8217;\u00e9taler.<\/p>\n","protected":false},"featured_media":11360,"template":"","meta":[],"product_cat":[297,313,315],"product_tag":[],"class_list":["post-10000","product","type-product","status-publish","has-post-thumbnail","hentry","product_cat-tronconnage","product_cat-disques-a-tronconner-abrasifs","product_cat-disque-a-tronconner-en-titane"],"yoast_head":"<!-- This site is optimized with the Yoast SEO plugin v21.7 - https:\/\/yoast.com\/wordpress\/plugins\/seo\/ -->\n<title>Aka-Cut Ti20 | Disque \u00e0 tron\u00e7onner pour couper le titane | Akasel<\/title>\n<meta name=\"description\" content=\"Am\u00e9liorez vos processus de coupe du titane avec Aka-Cut Ti20, con\u00e7u pour la pr\u00e9cision et la durabilit\u00e9 dans les applications exigeantes.\" \/>\n<meta name=\"robots\" content=\"index, follow, max-snippet:-1, max-image-preview:large, max-video-preview:-1\" \/>\n<link rel=\"canonical\" href=\"https:\/\/akasel.com\/fr\/shop\/disques-a-tronconner-abrasifs\/disque-a-tronconner-en-titane\/aka-cut-ti20\/\" \/>\n<meta property=\"og:locale\" content=\"fr_FR\" \/>\n<meta property=\"og:type\" content=\"article\" \/>\n<meta property=\"og:title\" content=\"Aka-Cut Ti20 | Disque \u00e0 tron\u00e7onner pour couper le titane | Akasel\" \/>\n<meta property=\"og:description\" content=\"Am\u00e9liorez vos processus de coupe du titane avec Aka-Cut Ti20, con\u00e7u pour la pr\u00e9cision et la durabilit\u00e9 dans les applications exigeantes.\" \/>\n<meta property=\"og:url\" content=\"https:\/\/akasel.com\/fr\/shop\/disques-a-tronconner-abrasifs\/disque-a-tronconner-en-titane\/aka-cut-ti20\/\" \/>\n<meta property=\"og:site_name\" content=\"AKASEL A\/S\" \/>\n<meta property=\"article:modified_time\" content=\"2026-01-13T06:23:47+00:00\" \/>\n<meta property=\"og:image\" content=\"https:\/\/akasel.com\/fr\/wp-content\/uploads\/sites\/8\/2020\/10\/aka-cut-ti20-250-mm-768x768.png\" \/>\n\t<meta property=\"og:image:width\" content=\"768\" \/>\n\t<meta property=\"og:image:height\" content=\"768\" \/>\n\t<meta property=\"og:image:type\" content=\"image\/png\" \/>\n<meta name=\"twitter:card\" content=\"summary_large_image\" \/>\n<meta name=\"twitter:label1\" content=\"Dur\u00e9e de lecture estim\u00e9e\" \/>\n\t<meta name=\"twitter:data1\" content=\"1 minute\" \/>\n<!-- \/ Yoast SEO plugin. -->","yoast_head_json":{"title":"Aka-Cut Ti20 | Disque \u00e0 tron\u00e7onner pour couper le titane | Akasel","description":"Am\u00e9liorez vos processus de coupe du titane avec Aka-Cut Ti20, con\u00e7u pour la pr\u00e9cision et la durabilit\u00e9 dans les applications exigeantes.","robots":{"index":"index","follow":"follow","max-snippet":"max-snippet:-1","max-image-preview":"max-image-preview:large","max-video-preview":"max-video-preview:-1"},"canonical":"https:\/\/akasel.com\/fr\/shop\/disques-a-tronconner-abrasifs\/disque-a-tronconner-en-titane\/aka-cut-ti20\/","og_locale":"fr_FR","og_type":"article","og_title":"Aka-Cut Ti20 | Disque \u00e0 tron\u00e7onner pour couper le titane | Akasel","og_description":"Am\u00e9liorez vos processus de coupe du titane avec Aka-Cut Ti20, con\u00e7u pour la pr\u00e9cision et la durabilit\u00e9 dans les applications exigeantes.","og_url":"https:\/\/akasel.com\/fr\/shop\/disques-a-tronconner-abrasifs\/disque-a-tronconner-en-titane\/aka-cut-ti20\/","og_site_name":"AKASEL A\/S","article_modified_time":"2026-01-13T06:23:47+00:00","og_image":[{"width":768,"height":768,"url":"https:\/\/akasel.com\/fr\/wp-content\/uploads\/sites\/8\/2020\/10\/aka-cut-ti20-250-mm-768x768.png","type":"image\/png"}],"twitter_card":"summary_large_image","twitter_misc":{"Dur\u00e9e de lecture estim\u00e9e":"1 minute"},"schema":{"@context":"https:\/\/schema.org","@graph":[{"@type":"WebPage","@id":"https:\/\/akasel.com\/fr\/shop\/disques-a-tronconner-abrasifs\/disque-a-tronconner-en-titane\/aka-cut-ti20\/","url":"https:\/\/akasel.com\/fr\/shop\/disques-a-tronconner-abrasifs\/disque-a-tronconner-en-titane\/aka-cut-ti20\/","name":"Aka-Cut Ti20 | Disque \u00e0 tron\u00e7onner pour couper le titane | Akasel","isPartOf":{"@id":"https:\/\/akasel.com\/fr\/#website"},"datePublished":"2020-10-28T20:11:14+00:00","dateModified":"2026-01-13T06:23:47+00:00","description":"Am\u00e9liorez vos processus de coupe du titane avec Aka-Cut Ti20, con\u00e7u pour la pr\u00e9cision et la durabilit\u00e9 dans les applications exigeantes.","breadcrumb":{"@id":"https:\/\/akasel.com\/fr\/shop\/disques-a-tronconner-abrasifs\/disque-a-tronconner-en-titane\/aka-cut-ti20\/#breadcrumb"},"inLanguage":"fr-FR","potentialAction":[{"@type":"ReadAction","target":["https:\/\/akasel.com\/fr\/shop\/disques-a-tronconner-abrasifs\/disque-a-tronconner-en-titane\/aka-cut-ti20\/"]}]},{"@type":"BreadcrumbList","@id":"https:\/\/akasel.com\/fr\/shop\/disques-a-tronconner-abrasifs\/disque-a-tronconner-en-titane\/aka-cut-ti20\/#breadcrumb","itemListElement":[{"@type":"ListItem","position":1,"name":"Home","item":"https:\/\/akasel.com\/fr\/"},{"@type":"ListItem","position":2,"name":"Boutique","item":"https:\/\/akasel.com\/fr\/boutique\/"},{"@type":"ListItem","position":3,"name":"Aka-Cut Ti20"}]},{"@type":"WebSite","@id":"https:\/\/akasel.com\/fr\/#website","url":"https:\/\/akasel.com\/fr\/","name":"AKASEL A\/S","description":"","potentialAction":[{"@type":"SearchAction","target":{"@type":"EntryPoint","urlTemplate":"https:\/\/akasel.com\/fr\/?s={search_term_string}"},"query-input":"required name=search_term_string"}],"inLanguage":"fr-FR"}]}},"_links":{"self":[{"href":"https:\/\/akasel.com\/fr\/wp-json\/wp\/v3\/product\/10000"}],"collection":[{"href":"https:\/\/akasel.com\/fr\/wp-json\/wp\/v3\/product"}],"about":[{"href":"https:\/\/akasel.com\/fr\/wp-json\/wp\/v2\/types\/product"}],"wp:featuredmedia":[{"embeddable":true,"href":"https:\/\/akasel.com\/fr\/wp-json\/wp\/v2\/media\/11360"}],"wp:attachment":[{"href":"https:\/\/akasel.com\/fr\/wp-json\/wp\/v2\/media?parent=10000"}],"wp:term":[{"taxonomy":"product_cat","embeddable":true,"href":"https:\/\/akasel.com\/fr\/wp-json\/wp\/v2\/product_cat?post=10000"},{"taxonomy":"product_tag","embeddable":true,"href":"https:\/\/akasel.com\/fr\/wp-json\/wp\/v2\/product_tag?post=10000"}],"curies":[{"name":"wp","href":"https:\/\/api.w.org\/{rel}","templated":true}]}}