{"id":10002,"date":"2020-10-28T21:16:56","date_gmt":"2020-10-28T20:16:56","guid":{"rendered":"https:\/\/akasel.com\/fr\/p\/aka-cut-fe50\/"},"modified":"2026-01-13T07:23:47","modified_gmt":"2026-01-13T06:23:47","slug":"aka-cut-fe50","status":"publish","type":"product","link":"https:\/\/akasel.com\/fr\/shop\/tronconnage\/aka-cut-fe50\/","title":{"rendered":"Aka-Cut Fe50"},"content":{"rendered":"<p>Dimensions disponibles : 250 mm, 300 mm, 350 mm<\/p>\n<p><a href=\"https:\/\/akasel.com\/wp-content\/uploads\/2024\/07\/9000uk.pdf\">PDS Aka-Cut (EN)<\/a><\/p>\n<p><a href=\"https:\/\/akasel.com\/wp-content\/uploads\/2020\/11\/98012863-67110001_aka-cut.pdf\">Guides d&#8217;utilisation Aka-cut (EN)<\/a><\/p>\n<p><a href=\"https:\/\/akasel.com\/wp-content\/uploads\/2024\/06\/aka-cut-product-brochure.pdf\">Brochures produits Aka-cut, Disques \u00e0 tron\u00e7onner (EN)<\/a><\/p>\n","protected":false},"excerpt":{"rendered":"<p>Disque \u00e0 tron\u00e7onner optimis\u00e9 pour le tron\u00e7onnage des aciers durs et autres m\u00e9taux ferreux d&#8217;une duret\u00e9 d&#8217;environ 350 &#8211; 700 HV (50 HRC).<\/p>\n","protected":false},"featured_media":11932,"template":"","meta":[],"product_cat":[297,298,313],"product_tag":[],"class_list":["post-10002","product","type-product","status-publish","has-post-thumbnail","hentry","product_cat-tronconnage","product_cat-decoupe-de-metaux-ferreux-abrasifs","product_cat-disques-a-tronconner-abrasifs"],"yoast_head":"<!-- This site is optimized with the Yoast SEO plugin v21.7 - https:\/\/yoast.com\/wordpress\/plugins\/seo\/ -->\n<title>Aka-Cut Fe50 | Disque \u00e0 tron\u00e7onner de 250 \u00e0 432 mm. | Akasel A\/S<\/title>\n<meta name=\"description\" content=\"Ce disque \u00e0 tron\u00e7onner est optimis\u00e9 pour le tron\u00e7onnage des aciers durs et autres m\u00e9taux ferreux (350 - 700 HV). Il permet un tron\u00e7onnage r\u00e9gulier et propre\" \/>\n<meta name=\"robots\" content=\"index, follow, max-snippet:-1, max-image-preview:large, max-video-preview:-1\" \/>\n<link rel=\"canonical\" href=\"https:\/\/akasel.com\/fr\/shop\/tronconnage\/aka-cut-fe50\/\" \/>\n<meta property=\"og:locale\" content=\"fr_FR\" \/>\n<meta property=\"og:type\" content=\"article\" \/>\n<meta property=\"og:title\" content=\"Aka-Cut Fe50 | Disque \u00e0 tron\u00e7onner de 250 \u00e0 432 mm. | Akasel A\/S\" \/>\n<meta property=\"og:description\" content=\"Ce disque \u00e0 tron\u00e7onner est optimis\u00e9 pour le tron\u00e7onnage des aciers durs et autres m\u00e9taux ferreux (350 - 700 HV). Il permet un tron\u00e7onnage r\u00e9gulier et propre\" \/>\n<meta property=\"og:url\" content=\"https:\/\/akasel.com\/fr\/shop\/tronconnage\/aka-cut-fe50\/\" \/>\n<meta property=\"og:site_name\" content=\"AKASEL A\/S\" \/>\n<meta property=\"article:modified_time\" content=\"2026-01-13T06:23:47+00:00\" \/>\n<meta property=\"og:image\" content=\"https:\/\/akasel.com\/fr\/wp-content\/uploads\/sites\/8\/2020\/10\/aka-cut-fe50-250-mm-768x768.png\" \/>\n\t<meta property=\"og:image:width\" content=\"768\" \/>\n\t<meta property=\"og:image:height\" content=\"768\" \/>\n\t<meta property=\"og:image:type\" content=\"image\/png\" \/>\n<meta name=\"twitter:card\" content=\"summary_large_image\" \/>\n<meta name=\"twitter:label1\" content=\"Dur\u00e9e de lecture estim\u00e9e\" \/>\n\t<meta name=\"twitter:data1\" content=\"1 minute\" \/>\n<!-- \/ Yoast SEO plugin. -->","yoast_head_json":{"title":"Aka-Cut Fe50 | Disque \u00e0 tron\u00e7onner de 250 \u00e0 432 mm. | Akasel A\/S","description":"Ce disque \u00e0 tron\u00e7onner est optimis\u00e9 pour le tron\u00e7onnage des aciers durs et autres m\u00e9taux ferreux (350 - 700 HV). Il permet un tron\u00e7onnage r\u00e9gulier et propre","robots":{"index":"index","follow":"follow","max-snippet":"max-snippet:-1","max-image-preview":"max-image-preview:large","max-video-preview":"max-video-preview:-1"},"canonical":"https:\/\/akasel.com\/fr\/shop\/tronconnage\/aka-cut-fe50\/","og_locale":"fr_FR","og_type":"article","og_title":"Aka-Cut Fe50 | Disque \u00e0 tron\u00e7onner de 250 \u00e0 432 mm. | Akasel A\/S","og_description":"Ce disque \u00e0 tron\u00e7onner est optimis\u00e9 pour le tron\u00e7onnage des aciers durs et autres m\u00e9taux ferreux (350 - 700 HV). Il permet un tron\u00e7onnage r\u00e9gulier et propre","og_url":"https:\/\/akasel.com\/fr\/shop\/tronconnage\/aka-cut-fe50\/","og_site_name":"AKASEL A\/S","article_modified_time":"2026-01-13T06:23:47+00:00","og_image":[{"width":768,"height":768,"url":"https:\/\/akasel.com\/fr\/wp-content\/uploads\/sites\/8\/2020\/10\/aka-cut-fe50-250-mm-768x768.png","type":"image\/png"}],"twitter_card":"summary_large_image","twitter_misc":{"Dur\u00e9e de lecture estim\u00e9e":"1 minute"},"schema":{"@context":"https:\/\/schema.org","@graph":[{"@type":"WebPage","@id":"https:\/\/akasel.com\/fr\/shop\/tronconnage\/aka-cut-fe50\/","url":"https:\/\/akasel.com\/fr\/shop\/tronconnage\/aka-cut-fe50\/","name":"Aka-Cut Fe50 | Disque \u00e0 tron\u00e7onner de 250 \u00e0 432 mm. | Akasel A\/S","isPartOf":{"@id":"https:\/\/akasel.com\/fr\/#website"},"datePublished":"2020-10-28T20:16:56+00:00","dateModified":"2026-01-13T06:23:47+00:00","description":"Ce disque \u00e0 tron\u00e7onner est optimis\u00e9 pour le tron\u00e7onnage des aciers durs et autres m\u00e9taux ferreux (350 - 700 HV). Il permet un tron\u00e7onnage r\u00e9gulier et propre","breadcrumb":{"@id":"https:\/\/akasel.com\/fr\/shop\/tronconnage\/aka-cut-fe50\/#breadcrumb"},"inLanguage":"fr-FR","potentialAction":[{"@type":"ReadAction","target":["https:\/\/akasel.com\/fr\/shop\/tronconnage\/aka-cut-fe50\/"]}]},{"@type":"BreadcrumbList","@id":"https:\/\/akasel.com\/fr\/shop\/tronconnage\/aka-cut-fe50\/#breadcrumb","itemListElement":[{"@type":"ListItem","position":1,"name":"Home","item":"https:\/\/akasel.com\/fr\/"},{"@type":"ListItem","position":2,"name":"Boutique","item":"https:\/\/akasel.com\/fr\/boutique\/"},{"@type":"ListItem","position":3,"name":"Aka-Cut Fe50"}]},{"@type":"WebSite","@id":"https:\/\/akasel.com\/fr\/#website","url":"https:\/\/akasel.com\/fr\/","name":"AKASEL A\/S","description":"","potentialAction":[{"@type":"SearchAction","target":{"@type":"EntryPoint","urlTemplate":"https:\/\/akasel.com\/fr\/?s={search_term_string}"},"query-input":"required name=search_term_string"}],"inLanguage":"fr-FR"}]}},"_links":{"self":[{"href":"https:\/\/akasel.com\/fr\/wp-json\/wp\/v3\/product\/10002"}],"collection":[{"href":"https:\/\/akasel.com\/fr\/wp-json\/wp\/v3\/product"}],"about":[{"href":"https:\/\/akasel.com\/fr\/wp-json\/wp\/v2\/types\/product"}],"wp:featuredmedia":[{"embeddable":true,"href":"https:\/\/akasel.com\/fr\/wp-json\/wp\/v2\/media\/11932"}],"wp:attachment":[{"href":"https:\/\/akasel.com\/fr\/wp-json\/wp\/v2\/media?parent=10002"}],"wp:term":[{"taxonomy":"product_cat","embeddable":true,"href":"https:\/\/akasel.com\/fr\/wp-json\/wp\/v2\/product_cat?post=10002"},{"taxonomy":"product_tag","embeddable":true,"href":"https:\/\/akasel.com\/fr\/wp-json\/wp\/v2\/product_tag?post=10002"}],"curies":[{"name":"wp","href":"https:\/\/api.w.org\/{rel}","templated":true}]}}