{"id":10015,"date":"2020-10-29T11:00:03","date_gmt":"2020-10-29T10:00:03","guid":{"rendered":"https:\/\/akasel.com\/fr\/p\/aka-magnet\/"},"modified":"2026-01-13T07:25:14","modified_gmt":"2026-01-13T06:25:14","slug":"aka-magnet","status":"publish","type":"product","link":"https:\/\/akasel.com\/fr\/shop\/polissage-metallographique\/tissus-de-polissage\/aka-magnet\/","title":{"rendered":"Aka-Magnet"},"content":{"rendered":"<p>Dimensions disponibles : 200 mm, 250 mm, 300 mm, 350 mm<\/p>\n<p>Quantit\u00e9 disponible : 1 pi\u00e8ce<\/p>\n<p><a href=\"https:\/\/akasel.com\/fr\/wp-content\/uploads\/2022\/04\/user-guide-aka-magnet.pdf\">Guides d&#8217;utilisation de l&#8217;aimant Aka<\/a><\/p>\n<p><a href=\"https:\/\/akasel.com\/fr\/wp-content\/uploads\/2024\/05\/4315uk.pdf\">PDS Aka-Magnet (EN)<\/a><\/p>\n<div style=\"position: relative; padding-bottom: 56.25%; height: 0; overflow: hidden; max-width: 100%; height: auto;\">\n    <video style=\"position: absolute; top: 0; left: 0; width: 100%; height: 100%;\"  \ncontrols \n           preload=\"metadata\" \n           poster=\"https:\/\/akasel.com\/fr\/wp-content\/uploads\/2024\/09\/maintaining-the-planeness-of-magnetic-support-discs.jpg\"><source src=\"https:\/\/akasel.com\/fr\/wp-content\/uploads\/2020\/11\/maintaining-the-planeness-of-magnetic-support-discs.mp4\" type=\"video\/mp4\">Votre navigateur ne prend pas en charge la lecture des vid\u00e9os.<\/video>\n<\/div>\n","protected":false},"excerpt":{"rendered":"<p>Feuille magn\u00e9tique ronde \u00e0 base de polym\u00e8re avec support PSA.<\/p>\n<p>Aka-Magnet transforme votre disque de pr\u00e9paration standard en disque de support magn\u00e9tique.<\/p>\n","protected":false},"featured_media":10016,"template":"","meta":[],"product_cat":[334,301,338,323,324,335,339,344,303,341],"product_tag":[],"class_list":["post-10015","product","type-product","status-publish","has-post-thumbnail","hentry","product_cat-pre-polissage","product_cat-disques-abrasifs-diamantes","product_cat-accessoires","product_cat-disques-de-poncage-rigides","product_cat-accessoires-disques-de-poncage-rigides","product_cat-papier-abrasif","product_cat-disques-adaptateurs","product_cat-polissage-metallographique","product_cat-tissus-de-polissage","product_cat-disques-adaptateurs-2"],"yoast_head":"<!-- This site is optimized with the Yoast SEO plugin v21.7 - https:\/\/yoast.com\/wordpress\/plugins\/seo\/ -->\n<title>Aka-Magnet | Convertisseur Magn\u00e9tique pour Disques | Akasel A\/S<\/title>\n<meta name=\"description\" content=\"La feuille Aka-Magnet transforme vos disques adh\u00e9sifs en disques magn\u00e9tiques. Id\u00e9ale pour un changement de disque simple et rapide.\" \/>\n<meta name=\"robots\" content=\"index, follow, max-snippet:-1, max-image-preview:large, max-video-preview:-1\" \/>\n<link rel=\"canonical\" href=\"https:\/\/akasel.com\/fr\/shop\/polissage-metallographique\/tissus-de-polissage\/aka-magnet\/\" \/>\n<meta property=\"og:locale\" content=\"fr_FR\" \/>\n<meta property=\"og:type\" content=\"article\" \/>\n<meta property=\"og:title\" content=\"Aka-Magnet | Convertisseur Magn\u00e9tique pour Disques | Akasel A\/S\" \/>\n<meta property=\"og:description\" content=\"La feuille Aka-Magnet transforme vos disques adh\u00e9sifs en disques magn\u00e9tiques. Id\u00e9ale pour un changement de disque simple et rapide.\" \/>\n<meta property=\"og:url\" content=\"https:\/\/akasel.com\/fr\/shop\/polissage-metallographique\/tissus-de-polissage\/aka-magnet\/\" \/>\n<meta property=\"og:site_name\" content=\"AKASEL A\/S\" \/>\n<meta property=\"article:modified_time\" content=\"2026-01-13T06:25:14+00:00\" \/>\n<meta property=\"og:image\" content=\"https:\/\/akasel.com\/fr\/wp-content\/uploads\/sites\/8\/2023\/09\/aka-magnet-2.png\" \/>\n\t<meta property=\"og:image:width\" content=\"1078\" \/>\n\t<meta property=\"og:image:height\" content=\"1115\" \/>\n\t<meta property=\"og:image:type\" content=\"image\/png\" \/>\n<meta name=\"twitter:card\" content=\"summary_large_image\" \/>\n<meta name=\"twitter:label1\" content=\"Dur\u00e9e de lecture estim\u00e9e\" \/>\n\t<meta name=\"twitter:data1\" content=\"1 minute\" \/>\n<!-- \/ Yoast SEO plugin. -->","yoast_head_json":{"title":"Aka-Magnet | Convertisseur Magn\u00e9tique pour Disques | Akasel A\/S","description":"La feuille Aka-Magnet transforme vos disques adh\u00e9sifs en disques magn\u00e9tiques. Id\u00e9ale pour un changement de disque simple et rapide.","robots":{"index":"index","follow":"follow","max-snippet":"max-snippet:-1","max-image-preview":"max-image-preview:large","max-video-preview":"max-video-preview:-1"},"canonical":"https:\/\/akasel.com\/fr\/shop\/polissage-metallographique\/tissus-de-polissage\/aka-magnet\/","og_locale":"fr_FR","og_type":"article","og_title":"Aka-Magnet | Convertisseur Magn\u00e9tique pour Disques | Akasel A\/S","og_description":"La feuille Aka-Magnet transforme vos disques adh\u00e9sifs en disques magn\u00e9tiques. Id\u00e9ale pour un changement de disque simple et rapide.","og_url":"https:\/\/akasel.com\/fr\/shop\/polissage-metallographique\/tissus-de-polissage\/aka-magnet\/","og_site_name":"AKASEL A\/S","article_modified_time":"2026-01-13T06:25:14+00:00","og_image":[{"width":1078,"height":1115,"url":"https:\/\/akasel.com\/fr\/wp-content\/uploads\/sites\/8\/2023\/09\/aka-magnet-2.png","type":"image\/png"}],"twitter_card":"summary_large_image","twitter_misc":{"Dur\u00e9e de lecture estim\u00e9e":"1 minute"},"schema":{"@context":"https:\/\/schema.org","@graph":[{"@type":"WebPage","@id":"https:\/\/akasel.com\/fr\/shop\/polissage-metallographique\/tissus-de-polissage\/aka-magnet\/","url":"https:\/\/akasel.com\/fr\/shop\/polissage-metallographique\/tissus-de-polissage\/aka-magnet\/","name":"Aka-Magnet | Convertisseur Magn\u00e9tique pour Disques | Akasel A\/S","isPartOf":{"@id":"https:\/\/akasel.com\/fr\/#website"},"datePublished":"2020-10-29T10:00:03+00:00","dateModified":"2026-01-13T06:25:14+00:00","description":"La feuille Aka-Magnet transforme vos disques adh\u00e9sifs en disques magn\u00e9tiques. Id\u00e9ale pour un changement de disque simple et rapide.","breadcrumb":{"@id":"https:\/\/akasel.com\/fr\/shop\/polissage-metallographique\/tissus-de-polissage\/aka-magnet\/#breadcrumb"},"inLanguage":"fr-FR","potentialAction":[{"@type":"ReadAction","target":["https:\/\/akasel.com\/fr\/shop\/polissage-metallographique\/tissus-de-polissage\/aka-magnet\/"]}]},{"@type":"BreadcrumbList","@id":"https:\/\/akasel.com\/fr\/shop\/polissage-metallographique\/tissus-de-polissage\/aka-magnet\/#breadcrumb","itemListElement":[{"@type":"ListItem","position":1,"name":"Home","item":"https:\/\/akasel.com\/fr\/"},{"@type":"ListItem","position":2,"name":"Boutique","item":"https:\/\/akasel.com\/fr\/boutique\/"},{"@type":"ListItem","position":3,"name":"Aka-Magnet"}]},{"@type":"WebSite","@id":"https:\/\/akasel.com\/fr\/#website","url":"https:\/\/akasel.com\/fr\/","name":"AKASEL A\/S","description":"","potentialAction":[{"@type":"SearchAction","target":{"@type":"EntryPoint","urlTemplate":"https:\/\/akasel.com\/fr\/?s={search_term_string}"},"query-input":"required name=search_term_string"}],"inLanguage":"fr-FR"}]}},"_links":{"self":[{"href":"https:\/\/akasel.com\/fr\/wp-json\/wp\/v3\/product\/10015"}],"collection":[{"href":"https:\/\/akasel.com\/fr\/wp-json\/wp\/v3\/product"}],"about":[{"href":"https:\/\/akasel.com\/fr\/wp-json\/wp\/v2\/types\/product"}],"wp:featuredmedia":[{"embeddable":true,"href":"https:\/\/akasel.com\/fr\/wp-json\/wp\/v2\/media\/10016"}],"wp:attachment":[{"href":"https:\/\/akasel.com\/fr\/wp-json\/wp\/v2\/media?parent=10015"}],"wp:term":[{"taxonomy":"product_cat","embeddable":true,"href":"https:\/\/akasel.com\/fr\/wp-json\/wp\/v2\/product_cat?post=10015"},{"taxonomy":"product_tag","embeddable":true,"href":"https:\/\/akasel.com\/fr\/wp-json\/wp\/v2\/product_tag?post=10015"}],"curies":[{"name":"wp","href":"https:\/\/api.w.org\/{rel}","templated":true}]}}