{"id":10025,"date":"2020-10-29T12:15:30","date_gmt":"2020-10-29T11:15:30","guid":{"rendered":"https:\/\/akasel.com\/fr\/p\/aka-piatto-2400\/"},"modified":"2026-01-13T07:23:55","modified_gmt":"2026-01-13T06:23:55","slug":"aka-piatto-2400","status":"publish","type":"product","link":"https:\/\/akasel.com\/fr\/shop\/pre-polissage\/disques-abrasifs-diamantes\/aka-piatto-2400\/","title":{"rendered":"Aka-Piatto 2400"},"content":{"rendered":"<p>Dimensions disponibles : 200 mm, 250 mm, 300 mm<\/p>\n<p>Quantit\u00e9 disponible : 1 pi\u00e8ce<\/p>\n<p><a href=\"https:\/\/akasel.com\/wp-content\/uploads\/2023\/03\/98012867-67310004-manual-piattopiatto-ukde-a5.pdf\">Guides de l&#8217;utilisateur pour Aka-Piatto et Piatto<\/a><\/p>\n<p><a href=\"https:\/\/akasel.com\/wp-content\/uploads\/2024\/06\/aka-piatto-product-brochure.pdf\">Aka-Piatto, Brochures sur les disques de pon\u00e7age<\/a><\/p>\n<p><a href=\"https:\/\/akasel.com\/wp-content\/uploads\/2024\/05\/6500uk-1.pdf\">PDS Aka-Piatto, Aka-Piatto+ (EN)<\/a><\/p>\n<div style=\"position: relative; padding-bottom: 56.25%; height: 0; overflow: hidden; max-width: 100%; height: auto;\">\n    <video style=\"position: absolute; top: 0; left: 0; width: 100%; height: 100%;\"  \ncontrols \n           preload=\"metadata\" \n           poster=\"https:\/\/akasel.com\/wp-content\/uploads\/2024\/09\/how-to-use-aka-piatto-piatto.png\"><source src=\"https:\/\/akasel.com\/wp-content\/uploads\/2020\/11\/how-to-use-aka-piatto-piatto.mp4\" type=\"video\/mp4\">Votre navigateur ne prend pas en charge la lecture des vid\u00e9os.<\/video>\n<\/div>\n","protected":false},"excerpt":{"rendered":"<p>D\u00e9velopp\u00e9 pour le broyage fin d&#8217;\u00e9chantillons d&#8217;une duret\u00e9 de 150 HV &#8211; 2000 HV.<\/p>\n<p>L&#8217;Aka-Piatto 2400\/6 \u00b5m pour le pr\u00e9polissage fin \u00e9limine les d\u00e9formations cr\u00e9\u00e9es par une \u00e9tape de pr\u00e9polissage plan de l&#8217;Aka-Piatto et pr\u00e9pare les \u00e9chantillons pour une \u00e9tape ult\u00e9rieure de polissage de 1 \u00b5m.<\/p>\n","protected":false},"featured_media":11352,"template":"","meta":[],"product_cat":[319,334,301],"product_tag":[],"class_list":["post-10025","product","type-product","status-publish","has-post-thumbnail","hentry","product_cat-pre-polissage-fin","product_cat-pre-polissage","product_cat-disques-abrasifs-diamantes"],"yoast_head":"<!-- This site is optimized with the Yoast SEO plugin v21.7 - https:\/\/yoast.com\/wordpress\/plugins\/seo\/ -->\n<title>Aka-Piatto 2400 | Disque abrasif diamant\u00e9 | AKASEL A\/S<\/title>\n<meta name=\"description\" content=\"Aka-Piatto 2400, le disque diamant\u00e9 pour le meulage fin des mat\u00e9riaux &gt;150 HV. Assure les taux d&#039;enl\u00e8vement les plus \u00e9lev\u00e9s et une plan\u00e9it\u00e9 parfaite.\" \/>\n<meta name=\"robots\" content=\"index, follow, max-snippet:-1, max-image-preview:large, max-video-preview:-1\" \/>\n<link rel=\"canonical\" href=\"https:\/\/akasel.com\/fr\/shop\/pre-polissage\/disques-abrasifs-diamantes\/aka-piatto-2400\/\" \/>\n<meta property=\"og:locale\" content=\"fr_FR\" \/>\n<meta property=\"og:type\" content=\"article\" \/>\n<meta property=\"og:title\" content=\"Aka-Piatto 2400 | Disque abrasif diamant\u00e9 | AKASEL A\/S\" \/>\n<meta property=\"og:description\" content=\"Aka-Piatto 2400, le disque diamant\u00e9 pour le meulage fin des mat\u00e9riaux &gt;150 HV. Assure les taux d&#039;enl\u00e8vement les plus \u00e9lev\u00e9s et une plan\u00e9it\u00e9 parfaite.\" \/>\n<meta property=\"og:url\" content=\"https:\/\/akasel.com\/fr\/shop\/pre-polissage\/disques-abrasifs-diamantes\/aka-piatto-2400\/\" \/>\n<meta property=\"og:site_name\" content=\"AKASEL A\/S\" \/>\n<meta property=\"article:modified_time\" content=\"2026-01-13T06:23:55+00:00\" \/>\n<meta property=\"og:image\" content=\"https:\/\/akasel.com\/fr\/wp-content\/uploads\/sites\/8\/2020\/10\/aka-piatto-2400-1-768x765.png\" \/>\n\t<meta property=\"og:image:width\" content=\"768\" \/>\n\t<meta property=\"og:image:height\" content=\"765\" \/>\n\t<meta property=\"og:image:type\" content=\"image\/png\" \/>\n<meta name=\"twitter:card\" content=\"summary_large_image\" \/>\n<meta name=\"twitter:label1\" content=\"Dur\u00e9e de lecture estim\u00e9e\" \/>\n\t<meta name=\"twitter:data1\" content=\"1 minute\" \/>\n<!-- \/ Yoast SEO plugin. -->","yoast_head_json":{"title":"Aka-Piatto 2400 | Disque abrasif diamant\u00e9 | AKASEL A\/S","description":"Aka-Piatto 2400, le disque diamant\u00e9 pour le meulage fin des mat\u00e9riaux >150 HV. Assure les taux d'enl\u00e8vement les plus \u00e9lev\u00e9s et une plan\u00e9it\u00e9 parfaite.","robots":{"index":"index","follow":"follow","max-snippet":"max-snippet:-1","max-image-preview":"max-image-preview:large","max-video-preview":"max-video-preview:-1"},"canonical":"https:\/\/akasel.com\/fr\/shop\/pre-polissage\/disques-abrasifs-diamantes\/aka-piatto-2400\/","og_locale":"fr_FR","og_type":"article","og_title":"Aka-Piatto 2400 | Disque abrasif diamant\u00e9 | AKASEL A\/S","og_description":"Aka-Piatto 2400, le disque diamant\u00e9 pour le meulage fin des mat\u00e9riaux >150 HV. Assure les taux d'enl\u00e8vement les plus \u00e9lev\u00e9s et une plan\u00e9it\u00e9 parfaite.","og_url":"https:\/\/akasel.com\/fr\/shop\/pre-polissage\/disques-abrasifs-diamantes\/aka-piatto-2400\/","og_site_name":"AKASEL A\/S","article_modified_time":"2026-01-13T06:23:55+00:00","og_image":[{"width":768,"height":765,"url":"https:\/\/akasel.com\/fr\/wp-content\/uploads\/sites\/8\/2020\/10\/aka-piatto-2400-1-768x765.png","type":"image\/png"}],"twitter_card":"summary_large_image","twitter_misc":{"Dur\u00e9e de lecture estim\u00e9e":"1 minute"},"schema":{"@context":"https:\/\/schema.org","@graph":[{"@type":"WebPage","@id":"https:\/\/akasel.com\/fr\/shop\/pre-polissage\/disques-abrasifs-diamantes\/aka-piatto-2400\/","url":"https:\/\/akasel.com\/fr\/shop\/pre-polissage\/disques-abrasifs-diamantes\/aka-piatto-2400\/","name":"Aka-Piatto 2400 | Disque abrasif diamant\u00e9 | AKASEL A\/S","isPartOf":{"@id":"https:\/\/akasel.com\/fr\/#website"},"datePublished":"2020-10-29T11:15:30+00:00","dateModified":"2026-01-13T06:23:55+00:00","description":"Aka-Piatto 2400, le disque diamant\u00e9 pour le meulage fin des mat\u00e9riaux >150 HV. Assure les taux d'enl\u00e8vement les plus \u00e9lev\u00e9s et une plan\u00e9it\u00e9 parfaite.","breadcrumb":{"@id":"https:\/\/akasel.com\/fr\/shop\/pre-polissage\/disques-abrasifs-diamantes\/aka-piatto-2400\/#breadcrumb"},"inLanguage":"fr-FR","potentialAction":[{"@type":"ReadAction","target":["https:\/\/akasel.com\/fr\/shop\/pre-polissage\/disques-abrasifs-diamantes\/aka-piatto-2400\/"]}]},{"@type":"BreadcrumbList","@id":"https:\/\/akasel.com\/fr\/shop\/pre-polissage\/disques-abrasifs-diamantes\/aka-piatto-2400\/#breadcrumb","itemListElement":[{"@type":"ListItem","position":1,"name":"Home","item":"https:\/\/akasel.com\/fr\/"},{"@type":"ListItem","position":2,"name":"Boutique","item":"https:\/\/akasel.com\/fr\/boutique\/"},{"@type":"ListItem","position":3,"name":"Aka-Piatto 2400"}]},{"@type":"WebSite","@id":"https:\/\/akasel.com\/fr\/#website","url":"https:\/\/akasel.com\/fr\/","name":"AKASEL A\/S","description":"","potentialAction":[{"@type":"SearchAction","target":{"@type":"EntryPoint","urlTemplate":"https:\/\/akasel.com\/fr\/?s={search_term_string}"},"query-input":"required name=search_term_string"}],"inLanguage":"fr-FR"}]}},"_links":{"self":[{"href":"https:\/\/akasel.com\/fr\/wp-json\/wp\/v3\/product\/10025"}],"collection":[{"href":"https:\/\/akasel.com\/fr\/wp-json\/wp\/v3\/product"}],"about":[{"href":"https:\/\/akasel.com\/fr\/wp-json\/wp\/v2\/types\/product"}],"wp:featuredmedia":[{"embeddable":true,"href":"https:\/\/akasel.com\/fr\/wp-json\/wp\/v2\/media\/11352"}],"wp:attachment":[{"href":"https:\/\/akasel.com\/fr\/wp-json\/wp\/v2\/media?parent=10025"}],"wp:term":[{"taxonomy":"product_cat","embeddable":true,"href":"https:\/\/akasel.com\/fr\/wp-json\/wp\/v2\/product_cat?post=10025"},{"taxonomy":"product_tag","embeddable":true,"href":"https:\/\/akasel.com\/fr\/wp-json\/wp\/v2\/product_tag?post=10025"}],"curies":[{"name":"wp","href":"https:\/\/api.w.org\/{rel}","templated":true}]}}