{"id":10043,"date":"2020-10-29T12:48:28","date_gmt":"2020-10-29T11:48:28","guid":{"rendered":"https:\/\/akasel.com\/fr\/p\/aka-mould-40\/"},"modified":"2026-01-13T07:25:13","modified_gmt":"2026-01-13T06:25:13","slug":"aka-mould","status":"publish","type":"product","link":"https:\/\/akasel.com\/fr\/shop\/enrobage\/accessoires-de-montage\/aka-mould\/","title":{"rendered":"Aka-Mould"},"content":{"rendered":"<p>Dimensions disponibles : 25 mm, 30 mm, 40 mm, 50 mm<\/p>\n<p>Contenu disponible : 10 pi\u00e8ces<\/p>\n<p><a href=\"https:\/\/akasel.com\/wp-content\/uploads\/2024\/05\/8825uk.pdf\">PDS Aka-Mould (EN)<\/a><\/p>\n<p><a href=\"https:\/\/akasel.com\/wp-content\/uploads\/2021\/11\/manual-mould-ukde.pdf\">Guides de l&#8217;utilisateur Aka-Mould (EN)<\/a><\/p>\n<p><a href=\"https:\/\/akasel.com\/wp-content\/uploads\/2023\/01\/98012904-67210002-manual-mould-silicone-lid-uk6-de6-a5-1.pdf\">Guide de l&#8217;utilisateur du Moule Aka avec couvercle en silicone (EN)<\/a><\/p>\n","protected":false},"excerpt":{"rendered":"<p>Moule pour montage \u00e0 froid.<\/p>\n<p>R\u00e9sistant \u00e0 la chaleur et aux produits chimiques.<\/p>\n<p>Peut \u00eatre utilis\u00e9 avec toutes les r\u00e9sines d&#8217;enrobage \u00e0 froid.<\/p>\n<p>Il est recommand\u00e9 d&#8217;utiliser l&#8217;<a href=\"https:\/\/akasel.com\/fr\/shop\/mounting\/mounting-accessories\/mould-release-agents\/aka-nostick-liquid\/\">agent de d\u00e9moulage Aka-NoStick Liquid.<\/a><\/p>\n<p>Aka-Mould est un moule en 2 parties.<\/p>\n","protected":false},"featured_media":11531,"template":"","meta":[],"product_cat":[317,345],"product_tag":[],"class_list":["post-10043","product","type-product","status-publish","has-post-thumbnail","hentry","product_cat-enrobage","product_cat-accessoires-de-montage"],"yoast_head":"<!-- This site is optimized with the Yoast SEO plugin v21.7 - https:\/\/yoast.com\/wordpress\/plugins\/seo\/ -->\n<title>Aka-Mould | Moule pour montage \u00e0 froid En m\u00e9tallographie | Akasel<\/title>\n<meta name=\"description\" content=\"La coupelle de montage Aka-Mould pour un retrait facile des \u00e9chantillons. Sa conception durable en 2 parties simplifie votre processus de montage.\" \/>\n<meta name=\"robots\" content=\"index, follow, max-snippet:-1, max-image-preview:large, max-video-preview:-1\" \/>\n<link rel=\"canonical\" href=\"https:\/\/akasel.com\/fr\/shop\/enrobage\/accessoires-de-montage\/aka-mould\/\" \/>\n<meta property=\"og:locale\" content=\"fr_FR\" \/>\n<meta property=\"og:type\" content=\"article\" \/>\n<meta property=\"og:title\" content=\"Aka-Mould | Moule pour montage \u00e0 froid En m\u00e9tallographie | Akasel\" \/>\n<meta property=\"og:description\" content=\"La coupelle de montage Aka-Mould pour un retrait facile des \u00e9chantillons. Sa conception durable en 2 parties simplifie votre processus de montage.\" \/>\n<meta property=\"og:url\" content=\"https:\/\/akasel.com\/fr\/shop\/enrobage\/accessoires-de-montage\/aka-mould\/\" \/>\n<meta property=\"og:site_name\" content=\"AKASEL A\/S\" \/>\n<meta property=\"article:modified_time\" content=\"2026-01-13T06:25:13+00:00\" \/>\n<meta property=\"og:image\" content=\"https:\/\/akasel.com\/fr\/wp-content\/uploads\/sites\/8\/2020\/10\/aka-mould-without-background.png\" \/>\n\t<meta property=\"og:image:width\" content=\"260\" \/>\n\t<meta property=\"og:image:height\" content=\"360\" \/>\n\t<meta property=\"og:image:type\" content=\"image\/png\" \/>\n<meta name=\"twitter:card\" content=\"summary_large_image\" \/>\n<meta name=\"twitter:label1\" content=\"Dur\u00e9e de lecture estim\u00e9e\" \/>\n\t<meta name=\"twitter:data1\" content=\"1 minute\" \/>\n<!-- \/ Yoast SEO plugin. -->","yoast_head_json":{"title":"Aka-Mould | Moule pour montage \u00e0 froid En m\u00e9tallographie | Akasel","description":"La coupelle de montage Aka-Mould pour un retrait facile des \u00e9chantillons. Sa conception durable en 2 parties simplifie votre processus de montage.","robots":{"index":"index","follow":"follow","max-snippet":"max-snippet:-1","max-image-preview":"max-image-preview:large","max-video-preview":"max-video-preview:-1"},"canonical":"https:\/\/akasel.com\/fr\/shop\/enrobage\/accessoires-de-montage\/aka-mould\/","og_locale":"fr_FR","og_type":"article","og_title":"Aka-Mould | Moule pour montage \u00e0 froid En m\u00e9tallographie | Akasel","og_description":"La coupelle de montage Aka-Mould pour un retrait facile des \u00e9chantillons. Sa conception durable en 2 parties simplifie votre processus de montage.","og_url":"https:\/\/akasel.com\/fr\/shop\/enrobage\/accessoires-de-montage\/aka-mould\/","og_site_name":"AKASEL A\/S","article_modified_time":"2026-01-13T06:25:13+00:00","og_image":[{"width":260,"height":360,"url":"https:\/\/akasel.com\/fr\/wp-content\/uploads\/sites\/8\/2020\/10\/aka-mould-without-background.png","type":"image\/png"}],"twitter_card":"summary_large_image","twitter_misc":{"Dur\u00e9e de lecture estim\u00e9e":"1 minute"},"schema":{"@context":"https:\/\/schema.org","@graph":[{"@type":"WebPage","@id":"https:\/\/akasel.com\/fr\/shop\/enrobage\/accessoires-de-montage\/aka-mould\/","url":"https:\/\/akasel.com\/fr\/shop\/enrobage\/accessoires-de-montage\/aka-mould\/","name":"Aka-Mould | Moule pour montage \u00e0 froid En m\u00e9tallographie | Akasel","isPartOf":{"@id":"https:\/\/akasel.com\/fr\/#website"},"datePublished":"2020-10-29T11:48:28+00:00","dateModified":"2026-01-13T06:25:13+00:00","description":"La coupelle de montage Aka-Mould pour un retrait facile des \u00e9chantillons. Sa conception durable en 2 parties simplifie votre processus de montage.","breadcrumb":{"@id":"https:\/\/akasel.com\/fr\/shop\/enrobage\/accessoires-de-montage\/aka-mould\/#breadcrumb"},"inLanguage":"fr-FR","potentialAction":[{"@type":"ReadAction","target":["https:\/\/akasel.com\/fr\/shop\/enrobage\/accessoires-de-montage\/aka-mould\/"]}]},{"@type":"BreadcrumbList","@id":"https:\/\/akasel.com\/fr\/shop\/enrobage\/accessoires-de-montage\/aka-mould\/#breadcrumb","itemListElement":[{"@type":"ListItem","position":1,"name":"Home","item":"https:\/\/akasel.com\/fr\/"},{"@type":"ListItem","position":2,"name":"Boutique","item":"https:\/\/akasel.com\/fr\/boutique\/"},{"@type":"ListItem","position":3,"name":"Aka-Mould"}]},{"@type":"WebSite","@id":"https:\/\/akasel.com\/fr\/#website","url":"https:\/\/akasel.com\/fr\/","name":"AKASEL A\/S","description":"","potentialAction":[{"@type":"SearchAction","target":{"@type":"EntryPoint","urlTemplate":"https:\/\/akasel.com\/fr\/?s={search_term_string}"},"query-input":"required name=search_term_string"}],"inLanguage":"fr-FR"}]}},"_links":{"self":[{"href":"https:\/\/akasel.com\/fr\/wp-json\/wp\/v3\/product\/10043"}],"collection":[{"href":"https:\/\/akasel.com\/fr\/wp-json\/wp\/v3\/product"}],"about":[{"href":"https:\/\/akasel.com\/fr\/wp-json\/wp\/v2\/types\/product"}],"wp:featuredmedia":[{"embeddable":true,"href":"https:\/\/akasel.com\/fr\/wp-json\/wp\/v2\/media\/11531"}],"wp:attachment":[{"href":"https:\/\/akasel.com\/fr\/wp-json\/wp\/v2\/media?parent=10043"}],"wp:term":[{"taxonomy":"product_cat","embeddable":true,"href":"https:\/\/akasel.com\/fr\/wp-json\/wp\/v2\/product_cat?post=10043"},{"taxonomy":"product_tag","embeddable":true,"href":"https:\/\/akasel.com\/fr\/wp-json\/wp\/v2\/product_tag?post=10043"}],"curies":[{"name":"wp","href":"https:\/\/api.w.org\/{rel}","templated":true}]}}