{"id":10058,"date":"2020-10-29T12:59:43","date_gmt":"2020-10-29T11:59:43","guid":{"rendered":"https:\/\/akasel.com\/fr\/p\/demo-kit-medium-soft-materials-150-450-hv\/"},"modified":"2026-01-13T07:25:11","modified_gmt":"2026-01-13T06:25:11","slug":"demo-kit-materials-of-hardness-150-400-hv","status":"publish","type":"product","link":"https:\/\/akasel.com\/fr\/shop\/demo-kit\/demo-kit-materials-of-hardness-150-400-hv\/","title":{"rendered":"Demo Kit Materials of Hardness 150-400 HV"},"content":{"rendered":"","protected":false},"excerpt":{"rendered":"<p>Kit de d\u00e9monstration pour la pr\u00e9paration de mat\u00e9riaux d&#8217;une duret\u00e9 comprise entre 150 et 400 HV. Il contient tous les consommables n\u00e9cessaires \u00e0 l&#8217;ex\u00e9cution de cette m\u00e9thode g\u00e9n\u00e9rale.<\/p>\n<p>Cette m\u00e9thode courte et rapide a \u00e9t\u00e9 soigneusement \u00e9quilibr\u00e9e entre la qualit\u00e9 de la surface et l&#8217;\u00e9conomie.<\/p>\n<p>Lien vers la m\u00e9thode de pr\u00e9paration Aka-Brief : <a href=\"https:\/\/akasel.com\/fr\/wp-content\/uploads\/2024\/07\/aka-brief-16-uk14-web.pdf\" target=\"_blank\" rel=\"noopener noreferrer\">ici<\/a><\/p>\n","protected":false},"featured_media":31888,"template":"","meta":[],"product_cat":[348],"product_tag":[],"class_list":["post-10058","product","type-product","status-publish","has-post-thumbnail","hentry","product_cat-demo-kit"],"yoast_head":"<!-- This site is optimized with the Yoast SEO plugin v21.7 - https:\/\/yoast.com\/wordpress\/plugins\/seo\/ -->\n<title>Kit de D\u00e9mo pour Mat\u00e9riaux de Duret\u00e9 150-400 HV | AKASEL A\/S<\/title>\n<meta name=\"description\" content=\"Notre kit de d\u00e9mo pour mat\u00e9riaux de duret\u00e9 150-400 HV contient tout pour pr\u00e9parer 50 \u00e9chantillons, y compris les guides et la m\u00e9thode Aka-Brief.\" \/>\n<meta name=\"robots\" content=\"index, follow, max-snippet:-1, max-image-preview:large, max-video-preview:-1\" \/>\n<link rel=\"canonical\" href=\"https:\/\/akasel.com\/fr\/shop\/demo-kit\/demo-kit-materials-of-hardness-150-400-hv\/\" \/>\n<meta property=\"og:locale\" content=\"fr_FR\" \/>\n<meta property=\"og:type\" content=\"article\" \/>\n<meta property=\"og:title\" content=\"Kit de D\u00e9mo pour Mat\u00e9riaux de Duret\u00e9 150-400 HV | AKASEL A\/S\" \/>\n<meta property=\"og:description\" content=\"Notre kit de d\u00e9mo pour mat\u00e9riaux de duret\u00e9 150-400 HV contient tout pour pr\u00e9parer 50 \u00e9chantillons, y compris les guides et la m\u00e9thode Aka-Brief.\" \/>\n<meta property=\"og:url\" content=\"https:\/\/akasel.com\/fr\/shop\/demo-kit\/demo-kit-materials-of-hardness-150-400-hv\/\" \/>\n<meta property=\"og:site_name\" content=\"AKASEL A\/S\" \/>\n<meta property=\"article:modified_time\" content=\"2026-01-13T06:25:11+00:00\" \/>\n<meta property=\"og:image\" content=\"https:\/\/akasel.com\/fr\/wp-content\/uploads\/sites\/8\/2025\/07\/demo-kit-materials-of-hardness-150-400-hv-20-min-768x621.png\" \/>\n\t<meta property=\"og:image:width\" content=\"768\" \/>\n\t<meta property=\"og:image:height\" content=\"621\" \/>\n\t<meta property=\"og:image:type\" content=\"image\/png\" \/>\n<meta name=\"twitter:card\" content=\"summary_large_image\" \/>\n<meta name=\"twitter:label1\" content=\"Dur\u00e9e de lecture estim\u00e9e\" \/>\n\t<meta name=\"twitter:data1\" content=\"1 minute\" \/>\n<!-- \/ Yoast SEO plugin. -->","yoast_head_json":{"title":"Kit de D\u00e9mo pour Mat\u00e9riaux de Duret\u00e9 150-400 HV | AKASEL A\/S","description":"Notre kit de d\u00e9mo pour mat\u00e9riaux de duret\u00e9 150-400 HV contient tout pour pr\u00e9parer 50 \u00e9chantillons, y compris les guides et la m\u00e9thode Aka-Brief.","robots":{"index":"index","follow":"follow","max-snippet":"max-snippet:-1","max-image-preview":"max-image-preview:large","max-video-preview":"max-video-preview:-1"},"canonical":"https:\/\/akasel.com\/fr\/shop\/demo-kit\/demo-kit-materials-of-hardness-150-400-hv\/","og_locale":"fr_FR","og_type":"article","og_title":"Kit de D\u00e9mo pour Mat\u00e9riaux de Duret\u00e9 150-400 HV | AKASEL A\/S","og_description":"Notre kit de d\u00e9mo pour mat\u00e9riaux de duret\u00e9 150-400 HV contient tout pour pr\u00e9parer 50 \u00e9chantillons, y compris les guides et la m\u00e9thode Aka-Brief.","og_url":"https:\/\/akasel.com\/fr\/shop\/demo-kit\/demo-kit-materials-of-hardness-150-400-hv\/","og_site_name":"AKASEL A\/S","article_modified_time":"2026-01-13T06:25:11+00:00","og_image":[{"width":768,"height":621,"url":"https:\/\/akasel.com\/fr\/wp-content\/uploads\/sites\/8\/2025\/07\/demo-kit-materials-of-hardness-150-400-hv-20-min-768x621.png","type":"image\/png"}],"twitter_card":"summary_large_image","twitter_misc":{"Dur\u00e9e de lecture estim\u00e9e":"1 minute"},"schema":{"@context":"https:\/\/schema.org","@graph":[{"@type":"WebPage","@id":"https:\/\/akasel.com\/fr\/shop\/demo-kit\/demo-kit-materials-of-hardness-150-400-hv\/","url":"https:\/\/akasel.com\/fr\/shop\/demo-kit\/demo-kit-materials-of-hardness-150-400-hv\/","name":"Kit de D\u00e9mo pour Mat\u00e9riaux de Duret\u00e9 150-400 HV | AKASEL A\/S","isPartOf":{"@id":"https:\/\/akasel.com\/fr\/#website"},"datePublished":"2020-10-29T11:59:43+00:00","dateModified":"2026-01-13T06:25:11+00:00","description":"Notre kit de d\u00e9mo pour mat\u00e9riaux de duret\u00e9 150-400 HV contient tout pour pr\u00e9parer 50 \u00e9chantillons, y compris les guides et la m\u00e9thode Aka-Brief.","breadcrumb":{"@id":"https:\/\/akasel.com\/fr\/shop\/demo-kit\/demo-kit-materials-of-hardness-150-400-hv\/#breadcrumb"},"inLanguage":"fr-FR","potentialAction":[{"@type":"ReadAction","target":["https:\/\/akasel.com\/fr\/shop\/demo-kit\/demo-kit-materials-of-hardness-150-400-hv\/"]}]},{"@type":"BreadcrumbList","@id":"https:\/\/akasel.com\/fr\/shop\/demo-kit\/demo-kit-materials-of-hardness-150-400-hv\/#breadcrumb","itemListElement":[{"@type":"ListItem","position":1,"name":"Home","item":"https:\/\/akasel.com\/fr\/"},{"@type":"ListItem","position":2,"name":"Boutique","item":"https:\/\/akasel.com\/fr\/boutique\/"},{"@type":"ListItem","position":3,"name":"Demo Kit Materials of Hardness 150-400 HV"}]},{"@type":"WebSite","@id":"https:\/\/akasel.com\/fr\/#website","url":"https:\/\/akasel.com\/fr\/","name":"AKASEL A\/S","description":"","potentialAction":[{"@type":"SearchAction","target":{"@type":"EntryPoint","urlTemplate":"https:\/\/akasel.com\/fr\/?s={search_term_string}"},"query-input":"required name=search_term_string"}],"inLanguage":"fr-FR"}]}},"_links":{"self":[{"href":"https:\/\/akasel.com\/fr\/wp-json\/wp\/v3\/product\/10058"}],"collection":[{"href":"https:\/\/akasel.com\/fr\/wp-json\/wp\/v3\/product"}],"about":[{"href":"https:\/\/akasel.com\/fr\/wp-json\/wp\/v2\/types\/product"}],"wp:featuredmedia":[{"embeddable":true,"href":"https:\/\/akasel.com\/fr\/wp-json\/wp\/v2\/media\/31888"}],"wp:attachment":[{"href":"https:\/\/akasel.com\/fr\/wp-json\/wp\/v2\/media?parent=10058"}],"wp:term":[{"taxonomy":"product_cat","embeddable":true,"href":"https:\/\/akasel.com\/fr\/wp-json\/wp\/v2\/product_cat?post=10058"},{"taxonomy":"product_tag","embeddable":true,"href":"https:\/\/akasel.com\/fr\/wp-json\/wp\/v2\/product_tag?post=10058"}],"curies":[{"name":"wp","href":"https:\/\/api.w.org\/{rel}","templated":true}]}}