{"id":10088,"date":"2020-10-29T13:46:28","date_gmt":"2020-10-29T12:46:28","guid":{"rendered":"https:\/\/akasel.com\/fr\/p\/rhaco-grit-p220\/"},"modified":"2026-01-13T07:24:14","modified_gmt":"2026-01-13T06:24:14","slug":"rhaco-grit-p220","status":"publish","type":"product","link":"https:\/\/akasel.com\/fr\/shop\/papier-abrasif\/pre-polissage-plan\/rhaco-grit-p220\/","title":{"rendered":"Rhaco Grit P220"},"content":{"rendered":"<p>Taille disponible : 200 mm, 230 mm, 250 mm, 300 mm<\/p>\n<p>Quantit\u00e9 disponible : 100 pi\u00e8ces<\/p>\n<p><a href=\"https:\/\/akasel.com\/wp-content\/uploads\/2024\/05\/7000uk-1.pdf\">PDS Rhaco-Grit (EN)<\/a><\/p>\n<p><a href=\"https:\/\/akasel.com\/wp-content\/uploads\/2023\/03\/98012866-67350002-manual-rhaco-grit-ukde-a5.pdf\">Guides d&#8217;utilisation Rhaco Grit (EN)<\/a><\/p>\n<div style=\"position: relative; padding-bottom: 56.25%; height: 0; overflow: hidden; max-width: 100%; height: auto;\">\n    <video style=\"position: absolute; top: 0; left: 0; width: 100%; height: 100%;\"  \ncontrols \n           preload=\"metadata\" \n           poster=\"https:\/\/akasel.com\/wp-content\/uploads\/2024\/10\/rhaco-gritt-thumbnail.jpg\"><source src=\"https:\/\/akasel.com\/wp-content\/uploads\/2024\/10\/userguide-rhacogrit-updated-2024.mp4\" type=\"video\/mp4\">Votre navigateur ne prend pas en charge la lecture des vid\u00e9os.<\/video>\n<\/div>\n","protected":false},"excerpt":{"rendered":"<p>Rhaco Grit est un papier abrasif de haute qualit\u00e9 qui peut \u00eatre utilis\u00e9 pour le pon\u00e7age plan de tous les mat\u00e9riaux, mais qui constitue le choix optimal si vous pr\u00e9parez des mat\u00e9riaux tendres et ductiles.<\/p>\n<p>Il offre une dur\u00e9e de vie 2 \u00e0 3 fois plus longue et un enl\u00e8vement de mati\u00e8re 100 % plus \u00e9lev\u00e9 que le papier abrasif ordinaire gr\u00e2ce \u00e0 l&#8217;utilisation d&#8217;Al\u2082O\u2083 en tant qu&#8217;abrasif. Cela fait de Rhaco Grit le choix optimal pour le meulage rapide. Pas de gondolage.<\/p>\n<p>Rhaco Grit peut remplacer les papiers abrasifs co\u00fbteux \u00e0 support PSA ou film lorsqu&#8217;il est utilis\u00e9 avec <a href=\"https:\/\/akasel.com\/fr\/shop\/polissage-metallographique\/draps-de-polissage\/aka-rhaco\/\">notre Aka-Rhaco unique<\/a>.<\/p>\n","protected":false},"featured_media":11356,"template":"","meta":[],"product_cat":[334,335,308],"product_tag":[],"class_list":["post-10088","product","type-product","status-publish","has-post-thumbnail","hentry","product_cat-pre-polissage","product_cat-papier-abrasif","product_cat-pre-polissage-plan"],"yoast_head":"<!-- This site is optimized with the Yoast SEO plugin v21.7 - https:\/\/yoast.com\/wordpress\/plugins\/seo\/ -->\n<title>Rhaco Grit P220 | Meulage plan pour la m\u00e9tallographie | Akasel<\/title>\n<meta name=\"description\" content=\"Pour le meulage plan efficace des mat\u00e9riaux tendres, utilisez Rhaco Grit P220. Ce papier abrasif Al\u2082O\u2083 durable assure un enl\u00e8vement de mati\u00e8re sup\u00e9rieur\" \/>\n<meta name=\"robots\" content=\"index, follow, max-snippet:-1, max-image-preview:large, max-video-preview:-1\" \/>\n<link rel=\"canonical\" href=\"https:\/\/akasel.com\/fr\/shop\/papier-abrasif\/pre-polissage-plan\/rhaco-grit-p220\/\" \/>\n<meta property=\"og:locale\" content=\"fr_FR\" \/>\n<meta property=\"og:type\" content=\"article\" \/>\n<meta property=\"og:title\" content=\"Rhaco Grit P220 | Meulage plan pour la m\u00e9tallographie | Akasel\" \/>\n<meta property=\"og:description\" content=\"Pour le meulage plan efficace des mat\u00e9riaux tendres, utilisez Rhaco Grit P220. Ce papier abrasif Al\u2082O\u2083 durable assure un enl\u00e8vement de mati\u00e8re sup\u00e9rieur\" \/>\n<meta property=\"og:url\" content=\"https:\/\/akasel.com\/fr\/shop\/papier-abrasif\/pre-polissage-plan\/rhaco-grit-p220\/\" \/>\n<meta property=\"og:site_name\" content=\"AKASEL A\/S\" \/>\n<meta property=\"article:modified_time\" content=\"2026-01-13T06:24:14+00:00\" \/>\n<meta property=\"og:image\" content=\"https:\/\/akasel.com\/fr\/wp-content\/uploads\/sites\/8\/2023\/05\/rhaco-grit-768x752.png\" \/>\n\t<meta property=\"og:image:width\" content=\"768\" \/>\n\t<meta property=\"og:image:height\" content=\"752\" \/>\n\t<meta property=\"og:image:type\" content=\"image\/png\" \/>\n<meta name=\"twitter:card\" content=\"summary_large_image\" \/>\n<meta name=\"twitter:label1\" content=\"Dur\u00e9e de lecture estim\u00e9e\" \/>\n\t<meta name=\"twitter:data1\" content=\"1 minute\" \/>\n<!-- \/ Yoast SEO plugin. -->","yoast_head_json":{"title":"Rhaco Grit P220 | Meulage plan pour la m\u00e9tallographie | Akasel","description":"Pour le meulage plan efficace des mat\u00e9riaux tendres, utilisez Rhaco Grit P220. Ce papier abrasif Al\u2082O\u2083 durable assure un enl\u00e8vement de mati\u00e8re sup\u00e9rieur","robots":{"index":"index","follow":"follow","max-snippet":"max-snippet:-1","max-image-preview":"max-image-preview:large","max-video-preview":"max-video-preview:-1"},"canonical":"https:\/\/akasel.com\/fr\/shop\/papier-abrasif\/pre-polissage-plan\/rhaco-grit-p220\/","og_locale":"fr_FR","og_type":"article","og_title":"Rhaco Grit P220 | Meulage plan pour la m\u00e9tallographie | Akasel","og_description":"Pour le meulage plan efficace des mat\u00e9riaux tendres, utilisez Rhaco Grit P220. Ce papier abrasif Al\u2082O\u2083 durable assure un enl\u00e8vement de mati\u00e8re sup\u00e9rieur","og_url":"https:\/\/akasel.com\/fr\/shop\/papier-abrasif\/pre-polissage-plan\/rhaco-grit-p220\/","og_site_name":"AKASEL A\/S","article_modified_time":"2026-01-13T06:24:14+00:00","og_image":[{"width":768,"height":752,"url":"https:\/\/akasel.com\/fr\/wp-content\/uploads\/sites\/8\/2023\/05\/rhaco-grit-768x752.png","type":"image\/png"}],"twitter_card":"summary_large_image","twitter_misc":{"Dur\u00e9e de lecture estim\u00e9e":"1 minute"},"schema":{"@context":"https:\/\/schema.org","@graph":[{"@type":"WebPage","@id":"https:\/\/akasel.com\/fr\/shop\/papier-abrasif\/pre-polissage-plan\/rhaco-grit-p220\/","url":"https:\/\/akasel.com\/fr\/shop\/papier-abrasif\/pre-polissage-plan\/rhaco-grit-p220\/","name":"Rhaco Grit P220 | Meulage plan pour la m\u00e9tallographie | Akasel","isPartOf":{"@id":"https:\/\/akasel.com\/fr\/#website"},"datePublished":"2020-10-29T12:46:28+00:00","dateModified":"2026-01-13T06:24:14+00:00","description":"Pour le meulage plan efficace des mat\u00e9riaux tendres, utilisez Rhaco Grit P220. Ce papier abrasif Al\u2082O\u2083 durable assure un enl\u00e8vement de mati\u00e8re sup\u00e9rieur","breadcrumb":{"@id":"https:\/\/akasel.com\/fr\/shop\/papier-abrasif\/pre-polissage-plan\/rhaco-grit-p220\/#breadcrumb"},"inLanguage":"fr-FR","potentialAction":[{"@type":"ReadAction","target":["https:\/\/akasel.com\/fr\/shop\/papier-abrasif\/pre-polissage-plan\/rhaco-grit-p220\/"]}]},{"@type":"BreadcrumbList","@id":"https:\/\/akasel.com\/fr\/shop\/papier-abrasif\/pre-polissage-plan\/rhaco-grit-p220\/#breadcrumb","itemListElement":[{"@type":"ListItem","position":1,"name":"Home","item":"https:\/\/akasel.com\/fr\/"},{"@type":"ListItem","position":2,"name":"Boutique","item":"https:\/\/akasel.com\/fr\/boutique\/"},{"@type":"ListItem","position":3,"name":"Rhaco Grit P220"}]},{"@type":"WebSite","@id":"https:\/\/akasel.com\/fr\/#website","url":"https:\/\/akasel.com\/fr\/","name":"AKASEL A\/S","description":"","potentialAction":[{"@type":"SearchAction","target":{"@type":"EntryPoint","urlTemplate":"https:\/\/akasel.com\/fr\/?s={search_term_string}"},"query-input":"required name=search_term_string"}],"inLanguage":"fr-FR"}]}},"_links":{"self":[{"href":"https:\/\/akasel.com\/fr\/wp-json\/wp\/v3\/product\/10088"}],"collection":[{"href":"https:\/\/akasel.com\/fr\/wp-json\/wp\/v3\/product"}],"about":[{"href":"https:\/\/akasel.com\/fr\/wp-json\/wp\/v2\/types\/product"}],"wp:featuredmedia":[{"embeddable":true,"href":"https:\/\/akasel.com\/fr\/wp-json\/wp\/v2\/media\/11356"}],"wp:attachment":[{"href":"https:\/\/akasel.com\/fr\/wp-json\/wp\/v2\/media?parent=10088"}],"wp:term":[{"taxonomy":"product_cat","embeddable":true,"href":"https:\/\/akasel.com\/fr\/wp-json\/wp\/v2\/product_cat?post=10088"},{"taxonomy":"product_tag","embeddable":true,"href":"https:\/\/akasel.com\/fr\/wp-json\/wp\/v2\/product_tag?post=10088"}],"curies":[{"name":"wp","href":"https:\/\/api.w.org\/{rel}","templated":true}]}}