{"id":10099,"date":"2020-10-29T14:22:45","date_gmt":"2020-10-29T13:22:45","guid":{"rendered":"https:\/\/akasel.com\/fr\/p\/rhaco-grit-p1000\/"},"modified":"2026-01-13T07:24:14","modified_gmt":"2026-01-13T06:24:14","slug":"rhaco-grit-p1000","status":"publish","type":"product","link":"https:\/\/akasel.com\/fr\/shop\/papier-abrasif\/papier-de-prepolissage-prepolissage-fin\/rhaco-grit-p1000\/","title":{"rendered":"Rhaco Grit P1000"},"content":{"rendered":"<p>Dimensions disponibles : 200 mm, 230 mm, 250 mm, 300 mm<\/p>\n<p>Quantit\u00e9 disponible : 100 pi\u00e8ces<\/p>\n<p><a href=\"https:\/\/akasel.com\/wp-content\/uploads\/2024\/05\/7000uk-1.pdf\">PDS Rhaco-Grit (EN)<\/a><\/p>\n<p><a href=\"https:\/\/akasel.com\/wp-content\/uploads\/2023\/03\/98012866-67350002-manual-rhaco-grit-ukde-a5.pdf\">Guides d&#8217;utilisation Rhaco Grit (EN)<\/a><\/p>\n<div style=\"position: relative; padding-bottom: 56.25%; height: auto; overflow: hidden; max-width: 100%;\"><video style=\"position: absolute; top: 0; left: 0; width: 100%; height: 100%;\" poster=\"https:\/\/akasel.com\/wp-content\/uploads\/2024\/10\/rhaco-gritt-thumbnail.jpg\" preload=\"metadata\" controls=\"controls\" width=\"300\" height=\"150\"><source src=\"https:\/\/akasel.com\/wp-content\/uploads\/2024\/10\/userguide-rhacogrit-updated-2024.mp4\" type=\"video\/mp4\" \/>Votre navigateur ne prend pas en charge la lecture des vid\u00e9os.<\/video><\/div>\n","protected":false},"excerpt":{"rendered":"<p>Rhaco Grit est un papier abrasif de haute qualit\u00e9 qui peut \u00eatre utilis\u00e9 pour le pr\u00e9-polissage de tous les mat\u00e9riaux. Toutefois, il constitue le choix optimal pour le pr\u00e9-polissage des mat\u00e9riaux tendres et ductiles.<\/p>\n<p>Le Rhaco Grit pour le pr\u00e9polissage fin offre une excellente r\u00e9tention des ar\u00eates et une plan\u00e9it\u00e9 optimale gr\u00e2ce \u00e0 son mode de production. Pas de gondolage.<\/p>\n<p>Lorsqu&#8217;il est utilis\u00e9 avec <a href=\"https:\/\/akasel.com\/fr\/shop\/polissage-metallographique\/draps-de-polissage\/aka-rhaco\/\">notre Aka-Rhaco unique,<\/a> il peut remplacer les papiers de pr\u00e9polissage co\u00fbteux \u00e0 support PSA ou \u00e0 film.<\/p>\n","protected":false},"featured_media":33569,"template":"","meta":[],"product_cat":[334,335,325],"product_tag":[],"class_list":["post-10099","product","type-product","status-publish","has-post-thumbnail","hentry","product_cat-pre-polissage","product_cat-papier-abrasif","product_cat-papier-de-prepolissage-prepolissage-fin"],"yoast_head":"<!-- This site is optimized with the Yoast SEO plugin v21.7 - https:\/\/yoast.com\/wordpress\/plugins\/seo\/ -->\n<title>Rhaco Grit P1000 | Broyage fin pour la m\u00e9tallographie | Akasel A\/S<\/title>\n<meta name=\"description\" content=\"Obtenez une pr\u00e9paration de surface pr\u00e9cise et coh\u00e9rente avec notre papier abrasif de pon\u00e7age fin, parfait pour les applications m\u00e9tallographiques.\" \/>\n<meta name=\"robots\" content=\"index, follow, max-snippet:-1, max-image-preview:large, max-video-preview:-1\" \/>\n<link rel=\"canonical\" href=\"https:\/\/akasel.com\/fr\/shop\/papier-abrasif\/papier-de-prepolissage-prepolissage-fin\/rhaco-grit-p1000\/\" \/>\n<meta property=\"og:locale\" content=\"fr_FR\" \/>\n<meta property=\"og:type\" content=\"article\" \/>\n<meta property=\"og:title\" content=\"Rhaco Grit P1000 | Broyage fin pour la m\u00e9tallographie | Akasel A\/S\" \/>\n<meta property=\"og:description\" content=\"Obtenez une pr\u00e9paration de surface pr\u00e9cise et coh\u00e9rente avec notre papier abrasif de pon\u00e7age fin, parfait pour les applications m\u00e9tallographiques.\" \/>\n<meta property=\"og:url\" content=\"https:\/\/akasel.com\/fr\/shop\/papier-abrasif\/papier-de-prepolissage-prepolissage-fin\/rhaco-grit-p1000\/\" \/>\n<meta property=\"og:site_name\" content=\"AKASEL A\/S\" \/>\n<meta property=\"article:modified_time\" content=\"2026-01-13T06:24:14+00:00\" \/>\n<meta property=\"og:image\" content=\"https:\/\/akasel.com\/fr\/wp-content\/uploads\/sites\/8\/2025\/09\/rhaco-grit-768x752.png\" \/>\n\t<meta property=\"og:image:width\" content=\"768\" \/>\n\t<meta property=\"og:image:height\" content=\"752\" \/>\n\t<meta property=\"og:image:type\" content=\"image\/png\" \/>\n<meta name=\"twitter:card\" content=\"summary_large_image\" \/>\n<meta name=\"twitter:label1\" content=\"Dur\u00e9e de lecture estim\u00e9e\" \/>\n\t<meta name=\"twitter:data1\" content=\"1 minute\" \/>\n<!-- \/ Yoast SEO plugin. -->","yoast_head_json":{"title":"Rhaco Grit P1000 | Broyage fin pour la m\u00e9tallographie | Akasel A\/S","description":"Obtenez une pr\u00e9paration de surface pr\u00e9cise et coh\u00e9rente avec notre papier abrasif de pon\u00e7age fin, parfait pour les applications m\u00e9tallographiques.","robots":{"index":"index","follow":"follow","max-snippet":"max-snippet:-1","max-image-preview":"max-image-preview:large","max-video-preview":"max-video-preview:-1"},"canonical":"https:\/\/akasel.com\/fr\/shop\/papier-abrasif\/papier-de-prepolissage-prepolissage-fin\/rhaco-grit-p1000\/","og_locale":"fr_FR","og_type":"article","og_title":"Rhaco Grit P1000 | Broyage fin pour la m\u00e9tallographie | Akasel A\/S","og_description":"Obtenez une pr\u00e9paration de surface pr\u00e9cise et coh\u00e9rente avec notre papier abrasif de pon\u00e7age fin, parfait pour les applications m\u00e9tallographiques.","og_url":"https:\/\/akasel.com\/fr\/shop\/papier-abrasif\/papier-de-prepolissage-prepolissage-fin\/rhaco-grit-p1000\/","og_site_name":"AKASEL A\/S","article_modified_time":"2026-01-13T06:24:14+00:00","og_image":[{"width":768,"height":752,"url":"https:\/\/akasel.com\/fr\/wp-content\/uploads\/sites\/8\/2025\/09\/rhaco-grit-768x752.png","type":"image\/png"}],"twitter_card":"summary_large_image","twitter_misc":{"Dur\u00e9e de lecture estim\u00e9e":"1 minute"},"schema":{"@context":"https:\/\/schema.org","@graph":[{"@type":"WebPage","@id":"https:\/\/akasel.com\/fr\/shop\/papier-abrasif\/papier-de-prepolissage-prepolissage-fin\/rhaco-grit-p1000\/","url":"https:\/\/akasel.com\/fr\/shop\/papier-abrasif\/papier-de-prepolissage-prepolissage-fin\/rhaco-grit-p1000\/","name":"Rhaco Grit P1000 | Broyage fin pour la m\u00e9tallographie | Akasel A\/S","isPartOf":{"@id":"https:\/\/akasel.com\/fr\/#website"},"datePublished":"2020-10-29T13:22:45+00:00","dateModified":"2026-01-13T06:24:14+00:00","description":"Obtenez une pr\u00e9paration de surface pr\u00e9cise et coh\u00e9rente avec notre papier abrasif de pon\u00e7age fin, parfait pour les applications m\u00e9tallographiques.","breadcrumb":{"@id":"https:\/\/akasel.com\/fr\/shop\/papier-abrasif\/papier-de-prepolissage-prepolissage-fin\/rhaco-grit-p1000\/#breadcrumb"},"inLanguage":"fr-FR","potentialAction":[{"@type":"ReadAction","target":["https:\/\/akasel.com\/fr\/shop\/papier-abrasif\/papier-de-prepolissage-prepolissage-fin\/rhaco-grit-p1000\/"]}]},{"@type":"BreadcrumbList","@id":"https:\/\/akasel.com\/fr\/shop\/papier-abrasif\/papier-de-prepolissage-prepolissage-fin\/rhaco-grit-p1000\/#breadcrumb","itemListElement":[{"@type":"ListItem","position":1,"name":"Home","item":"https:\/\/akasel.com\/fr\/"},{"@type":"ListItem","position":2,"name":"Boutique","item":"https:\/\/akasel.com\/fr\/boutique\/"},{"@type":"ListItem","position":3,"name":"Rhaco Grit P1000"}]},{"@type":"WebSite","@id":"https:\/\/akasel.com\/fr\/#website","url":"https:\/\/akasel.com\/fr\/","name":"AKASEL A\/S","description":"","potentialAction":[{"@type":"SearchAction","target":{"@type":"EntryPoint","urlTemplate":"https:\/\/akasel.com\/fr\/?s={search_term_string}"},"query-input":"required name=search_term_string"}],"inLanguage":"fr-FR"}]}},"_links":{"self":[{"href":"https:\/\/akasel.com\/fr\/wp-json\/wp\/v3\/product\/10099"}],"collection":[{"href":"https:\/\/akasel.com\/fr\/wp-json\/wp\/v3\/product"}],"about":[{"href":"https:\/\/akasel.com\/fr\/wp-json\/wp\/v2\/types\/product"}],"wp:featuredmedia":[{"embeddable":true,"href":"https:\/\/akasel.com\/fr\/wp-json\/wp\/v2\/media\/33569"}],"wp:attachment":[{"href":"https:\/\/akasel.com\/fr\/wp-json\/wp\/v2\/media?parent=10099"}],"wp:term":[{"taxonomy":"product_cat","embeddable":true,"href":"https:\/\/akasel.com\/fr\/wp-json\/wp\/v2\/product_cat?post=10099"},{"taxonomy":"product_tag","embeddable":true,"href":"https:\/\/akasel.com\/fr\/wp-json\/wp\/v2\/product_tag?post=10099"}],"curies":[{"name":"wp","href":"https:\/\/api.w.org\/{rel}","templated":true}]}}