{"id":10101,"date":"2020-10-29T14:36:00","date_gmt":"2020-10-29T13:36:00","guid":{"rendered":"https:\/\/akasel.com\/fr\/p\/rhaco-grit-p2400\/"},"modified":"2026-01-13T07:24:06","modified_gmt":"2026-01-13T06:24:06","slug":"rhaco-grit-p2400","status":"publish","type":"product","link":"https:\/\/akasel.com\/fr\/shop\/papier-abrasif\/papier-de-prepolissage-prepolissage-fin\/rhaco-grit-p2400\/","title":{"rendered":"Rhaco Grit P2400"},"content":{"rendered":"<p>Dimensions disponibles : 200 mm, 230 mm, 250 mm, 300 mm<\/p>\n<p>Quantit\u00e9 disponible : 50 pi\u00e8ces, 100 pi\u00e8ces<\/p>\n<p><a href=\"https:\/\/akasel.com\/wp-content\/uploads\/2024\/05\/7000uk-1.pdf\">PDS Rhaco-Grit (EN)<\/a><\/p>\n<p><a href=\"https:\/\/akasel.com\/wp-content\/uploads\/2023\/03\/98012866-67350002-manual-rhaco-grit-ukde-a5.pdf\">Guides d&#8217;utilisation Rhaco Grit (EN)<\/a><\/p>\n<div style=\"position: relative; padding-bottom: 56.25%; height: auto; overflow: hidden; max-width: 100%;\"><video style=\"position: absolute; top: 0; left: 0; width: 100%; height: 100%;\" poster=\"https:\/\/akasel.com\/wp-content\/uploads\/2024\/10\/rhaco-gritt-thumbnail.jpg\" preload=\"metadata\" controls=\"controls\" width=\"300\" height=\"150\"><source src=\"https:\/\/akasel.com\/wp-content\/uploads\/2024\/10\/userguide-rhacogrit-updated-2024.mp4\" type=\"video\/mp4\" \/>Votre navigateur ne prend pas en charge la lecture des vid\u00e9os.<\/video><\/div>\n","protected":false},"excerpt":{"rendered":"<p>Papier de broyage de haute qualit\u00e9 pouvant \u00eatre utilis\u00e9 pour le broyage de tous les mat\u00e9riaux. Toutefois, il constitue le choix optimal pour la pr\u00e9paration d&#8217;\u00e9chantillons de mat\u00e9riaux souples et ductiles.<\/p>\n<p>Le papier de pr\u00e9polissage Rhaco Grit pour le pr\u00e9polissage fin offre une grande r\u00e9tention des bords, une plan\u00e9it\u00e9 optimale et ne se recourbe pas en raison de son mode de production unique.<\/p>\n<p>Il s&#8217;agit d&#8217;un choix \u00e9conomique, car il peut remplacer les papiers de pr\u00e9polissage co\u00fbteux \u00e0 support PSA ou film lorsqu&#8217;il est utilis\u00e9 avec <a href=\"https:\/\/akasel.com\/shop\/polissage-metallographique\/polishing-cloths\/aka-rhaco\/\">notre excellent Aka-Rhaco<\/a>.<\/p>\n","protected":false},"featured_media":33569,"template":"","meta":[],"product_cat":[334,335,325],"product_tag":[],"class_list":["post-10101","product","type-product","status-publish","has-post-thumbnail","hentry","product_cat-pre-polissage","product_cat-papier-abrasif","product_cat-papier-de-prepolissage-prepolissage-fin"],"yoast_head":"<!-- This site is optimized with the Yoast SEO plugin v21.7 - https:\/\/yoast.com\/wordpress\/plugins\/seo\/ -->\n<title>Rhaco Grit P2400 | Meulage fin pour la m\u00e9tallographie | Akasel A\/S<\/title>\n<meta name=\"description\" content=\"Pour le meulage fin des m\u00e9taux tendres, utilisez Rhaco Grit P2400. Ce papier SiC assure une d\u00e9formation minimale pour une surface plane.\" \/>\n<meta name=\"robots\" content=\"index, follow, max-snippet:-1, max-image-preview:large, max-video-preview:-1\" \/>\n<link rel=\"canonical\" href=\"https:\/\/akasel.com\/fr\/shop\/papier-abrasif\/papier-de-prepolissage-prepolissage-fin\/rhaco-grit-p2400\/\" \/>\n<meta property=\"og:locale\" content=\"fr_FR\" \/>\n<meta property=\"og:type\" content=\"article\" \/>\n<meta property=\"og:title\" content=\"Rhaco Grit P2400 | Meulage fin pour la m\u00e9tallographie | Akasel A\/S\" \/>\n<meta property=\"og:description\" content=\"Pour le meulage fin des m\u00e9taux tendres, utilisez Rhaco Grit P2400. Ce papier SiC assure une d\u00e9formation minimale pour une surface plane.\" \/>\n<meta property=\"og:url\" content=\"https:\/\/akasel.com\/fr\/shop\/papier-abrasif\/papier-de-prepolissage-prepolissage-fin\/rhaco-grit-p2400\/\" \/>\n<meta property=\"og:site_name\" content=\"AKASEL A\/S\" \/>\n<meta property=\"article:modified_time\" content=\"2026-01-13T06:24:06+00:00\" \/>\n<meta property=\"og:image\" content=\"https:\/\/akasel.com\/fr\/wp-content\/uploads\/sites\/8\/2025\/09\/rhaco-grit-768x752.png\" \/>\n\t<meta property=\"og:image:width\" content=\"768\" \/>\n\t<meta property=\"og:image:height\" content=\"752\" \/>\n\t<meta property=\"og:image:type\" content=\"image\/png\" \/>\n<meta name=\"twitter:card\" content=\"summary_large_image\" \/>\n<meta name=\"twitter:label1\" content=\"Dur\u00e9e de lecture estim\u00e9e\" \/>\n\t<meta name=\"twitter:data1\" content=\"1 minute\" \/>\n<!-- \/ Yoast SEO plugin. -->","yoast_head_json":{"title":"Rhaco Grit P2400 | Meulage fin pour la m\u00e9tallographie | Akasel A\/S","description":"Pour le meulage fin des m\u00e9taux tendres, utilisez Rhaco Grit P2400. Ce papier SiC assure une d\u00e9formation minimale pour une surface plane.","robots":{"index":"index","follow":"follow","max-snippet":"max-snippet:-1","max-image-preview":"max-image-preview:large","max-video-preview":"max-video-preview:-1"},"canonical":"https:\/\/akasel.com\/fr\/shop\/papier-abrasif\/papier-de-prepolissage-prepolissage-fin\/rhaco-grit-p2400\/","og_locale":"fr_FR","og_type":"article","og_title":"Rhaco Grit P2400 | Meulage fin pour la m\u00e9tallographie | Akasel A\/S","og_description":"Pour le meulage fin des m\u00e9taux tendres, utilisez Rhaco Grit P2400. Ce papier SiC assure une d\u00e9formation minimale pour une surface plane.","og_url":"https:\/\/akasel.com\/fr\/shop\/papier-abrasif\/papier-de-prepolissage-prepolissage-fin\/rhaco-grit-p2400\/","og_site_name":"AKASEL A\/S","article_modified_time":"2026-01-13T06:24:06+00:00","og_image":[{"width":768,"height":752,"url":"https:\/\/akasel.com\/fr\/wp-content\/uploads\/sites\/8\/2025\/09\/rhaco-grit-768x752.png","type":"image\/png"}],"twitter_card":"summary_large_image","twitter_misc":{"Dur\u00e9e de lecture estim\u00e9e":"1 minute"},"schema":{"@context":"https:\/\/schema.org","@graph":[{"@type":"WebPage","@id":"https:\/\/akasel.com\/fr\/shop\/papier-abrasif\/papier-de-prepolissage-prepolissage-fin\/rhaco-grit-p2400\/","url":"https:\/\/akasel.com\/fr\/shop\/papier-abrasif\/papier-de-prepolissage-prepolissage-fin\/rhaco-grit-p2400\/","name":"Rhaco Grit P2400 | Meulage fin pour la m\u00e9tallographie | Akasel A\/S","isPartOf":{"@id":"https:\/\/akasel.com\/fr\/#website"},"datePublished":"2020-10-29T13:36:00+00:00","dateModified":"2026-01-13T06:24:06+00:00","description":"Pour le meulage fin des m\u00e9taux tendres, utilisez Rhaco Grit P2400. Ce papier SiC assure une d\u00e9formation minimale pour une surface plane.","breadcrumb":{"@id":"https:\/\/akasel.com\/fr\/shop\/papier-abrasif\/papier-de-prepolissage-prepolissage-fin\/rhaco-grit-p2400\/#breadcrumb"},"inLanguage":"fr-FR","potentialAction":[{"@type":"ReadAction","target":["https:\/\/akasel.com\/fr\/shop\/papier-abrasif\/papier-de-prepolissage-prepolissage-fin\/rhaco-grit-p2400\/"]}]},{"@type":"BreadcrumbList","@id":"https:\/\/akasel.com\/fr\/shop\/papier-abrasif\/papier-de-prepolissage-prepolissage-fin\/rhaco-grit-p2400\/#breadcrumb","itemListElement":[{"@type":"ListItem","position":1,"name":"Home","item":"https:\/\/akasel.com\/fr\/"},{"@type":"ListItem","position":2,"name":"Boutique","item":"https:\/\/akasel.com\/fr\/boutique\/"},{"@type":"ListItem","position":3,"name":"Rhaco Grit P2400"}]},{"@type":"WebSite","@id":"https:\/\/akasel.com\/fr\/#website","url":"https:\/\/akasel.com\/fr\/","name":"AKASEL A\/S","description":"","potentialAction":[{"@type":"SearchAction","target":{"@type":"EntryPoint","urlTemplate":"https:\/\/akasel.com\/fr\/?s={search_term_string}"},"query-input":"required name=search_term_string"}],"inLanguage":"fr-FR"}]}},"_links":{"self":[{"href":"https:\/\/akasel.com\/fr\/wp-json\/wp\/v3\/product\/10101"}],"collection":[{"href":"https:\/\/akasel.com\/fr\/wp-json\/wp\/v3\/product"}],"about":[{"href":"https:\/\/akasel.com\/fr\/wp-json\/wp\/v2\/types\/product"}],"wp:featuredmedia":[{"embeddable":true,"href":"https:\/\/akasel.com\/fr\/wp-json\/wp\/v2\/media\/33569"}],"wp:attachment":[{"href":"https:\/\/akasel.com\/fr\/wp-json\/wp\/v2\/media?parent=10101"}],"wp:term":[{"taxonomy":"product_cat","embeddable":true,"href":"https:\/\/akasel.com\/fr\/wp-json\/wp\/v2\/product_cat?post=10101"},{"taxonomy":"product_tag","embeddable":true,"href":"https:\/\/akasel.com\/fr\/wp-json\/wp\/v2\/product_tag?post=10101"}],"curies":[{"name":"wp","href":"https:\/\/api.w.org\/{rel}","templated":true}]}}