{"id":10124,"date":"2020-10-29T15:13:18","date_gmt":"2020-10-29T14:13:18","guid":{"rendered":"https:\/\/akasel.com\/fr\/p\/aka-poly-wf-6-%c2%b5m\/"},"modified":"2026-01-13T07:24:55","modified_gmt":"2026-01-13T06:24:55","slug":"aka-poly-wf-6-%c2%b5m","status":"publish","type":"product","link":"https:\/\/akasel.com\/fr\/shop\/polissage-metallographique\/produits-diamantes\/aka-poly-wf-6-%c2%b5m\/","title":{"rendered":"Aka-Poly WF 6 \u00b5m"},"content":{"rendered":"<p>Contenu disponible : 500 ml, 1 l<\/p>\n<p><a href=\"https:\/\/akasel.com\/wp-content\/uploads\/2024\/07\/sds-aka-lube-clear-wf-en-v20.pdf\">SDS Aka-Poly &amp; Aka-Mono WF (EN)<\/a><\/p>\n<p><a href=\"https:\/\/akasel.com\/wp-content\/uploads\/2024\/06\/diamond-suspension-product-brochure.pdf\">Brochures produits sur les suspensions diamant\u00e9es (EN)<\/a><\/p>\n","protected":false},"excerpt":{"rendered":"<p>Suspension de diamant polycristallin sans eau pour la pr\u00e9paration m\u00e9tallographique des mat\u00e9riaux sensibles \u00e0 l&#8217;eau. Cette formulation enti\u00e8rement \u00e0 base de glycol est exempte d&#8217;huile, de substances dangereuses et de composants inflammables, et contient moins de 0,1 % d&#8217;eau.<\/p>\n<p>Aka-Poly WF permet une pr\u00e9paration tr\u00e8s rapide des \u00e9chantillons et la possibilit\u00e9 d&#8217;un ajustement pr\u00e9cis du rapport suspension diamant\u00e9e\/lubrifiant.<\/p>\n<p>Pour de meilleurs r\u00e9sultats de pr\u00e9paration, il est recommand\u00e9 de l&#8217;utiliser avec notre lubrifiant sans eau, <a href=\"https:\/\/akasel.com\/fr\/shop\/polissage-metallographique\/lubricants\/aka-lube-clear-wf\/\">Aka-Lube Clear<\/a>.<\/p>\n<p>Concentration en diamants de 20 ct\/l<br \/>\n100% de diamants polycristallins<br \/>\nM\u00e9diane (50 %) 5,7 \u00b5m<br \/>\nTol\u00e9rance 5,42 &#8211; 5,98 \u00b5m<br \/>\nLimite sup\u00e9rieure (99 %) 7,9 \u00b5m<\/p>\n<p>Agiter avant utilisation, ce produit n&#8217;est pas stable.<\/p>\n","protected":false},"featured_media":33650,"template":"","meta":[],"product_cat":[344,320,340,342],"product_tag":[],"class_list":["post-10124","product","type-product","status-publish","has-post-thumbnail","hentry","product_cat-polissage-metallographique","product_cat-produits-diamantes","product_cat-suspensions-diamantees","product_cat-aka-poly-wf"],"yoast_head":"<!-- This site is optimized with the Yoast SEO plugin v21.7 - https:\/\/yoast.com\/wordpress\/plugins\/seo\/ -->\n<title>Aka-Poly WF 6 \u00b5m | Suspension de diamant sans eau | Akasel A\/S<\/title>\n<meta name=\"description\" content=\"Am\u00e9liorez le polissage des mat\u00e9riaux sensibles \u00e0 l&#039;eau avec Aka-Poly WF 6 \u00b5m. Cette suspension sans eau assure un enl\u00e8vement de mati\u00e8re efficace.\" \/>\n<meta name=\"robots\" content=\"index, follow, max-snippet:-1, max-image-preview:large, max-video-preview:-1\" \/>\n<link rel=\"canonical\" href=\"https:\/\/akasel.com\/fr\/shop\/polissage-metallographique\/produits-diamantes\/aka-poly-wf-6-\u00b5m\/\" \/>\n<meta property=\"og:locale\" content=\"fr_FR\" \/>\n<meta property=\"og:type\" content=\"article\" \/>\n<meta property=\"og:title\" content=\"Aka-Poly WF 6 \u00b5m | Suspension de diamant sans eau | Akasel A\/S\" \/>\n<meta property=\"og:description\" content=\"Am\u00e9liorez le polissage des mat\u00e9riaux sensibles \u00e0 l&#039;eau avec Aka-Poly WF 6 \u00b5m. Cette suspension sans eau assure un enl\u00e8vement de mati\u00e8re efficace.\" \/>\n<meta property=\"og:url\" content=\"https:\/\/akasel.com\/fr\/shop\/polissage-metallographique\/produits-diamantes\/aka-poly-wf-6-\u00b5m\/\" \/>\n<meta property=\"og:site_name\" content=\"AKASEL A\/S\" \/>\n<meta property=\"article:modified_time\" content=\"2026-01-13T06:24:55+00:00\" \/>\n<meta property=\"og:image\" content=\"https:\/\/akasel.com\/fr\/wp-content\/uploads\/sites\/8\/2025\/09\/44166013-1.png\" \/>\n\t<meta property=\"og:image:width\" content=\"1246\" \/>\n\t<meta property=\"og:image:height\" content=\"2558\" \/>\n\t<meta property=\"og:image:type\" content=\"image\/png\" \/>\n<meta name=\"twitter:card\" content=\"summary_large_image\" \/>\n<meta name=\"twitter:label1\" content=\"Dur\u00e9e de lecture estim\u00e9e\" \/>\n\t<meta name=\"twitter:data1\" content=\"1 minute\" \/>\n<!-- \/ Yoast SEO plugin. -->","yoast_head_json":{"title":"Aka-Poly WF 6 \u00b5m | Suspension de diamant sans eau | Akasel A\/S","description":"Am\u00e9liorez le polissage des mat\u00e9riaux sensibles \u00e0 l'eau avec Aka-Poly WF 6 \u00b5m. Cette suspension sans eau assure un enl\u00e8vement de mati\u00e8re efficace.","robots":{"index":"index","follow":"follow","max-snippet":"max-snippet:-1","max-image-preview":"max-image-preview:large","max-video-preview":"max-video-preview:-1"},"canonical":"https:\/\/akasel.com\/fr\/shop\/polissage-metallographique\/produits-diamantes\/aka-poly-wf-6-\u00b5m\/","og_locale":"fr_FR","og_type":"article","og_title":"Aka-Poly WF 6 \u00b5m | Suspension de diamant sans eau | Akasel A\/S","og_description":"Am\u00e9liorez le polissage des mat\u00e9riaux sensibles \u00e0 l'eau avec Aka-Poly WF 6 \u00b5m. Cette suspension sans eau assure un enl\u00e8vement de mati\u00e8re efficace.","og_url":"https:\/\/akasel.com\/fr\/shop\/polissage-metallographique\/produits-diamantes\/aka-poly-wf-6-\u00b5m\/","og_site_name":"AKASEL A\/S","article_modified_time":"2026-01-13T06:24:55+00:00","og_image":[{"width":1246,"height":2558,"url":"https:\/\/akasel.com\/fr\/wp-content\/uploads\/sites\/8\/2025\/09\/44166013-1.png","type":"image\/png"}],"twitter_card":"summary_large_image","twitter_misc":{"Dur\u00e9e de lecture estim\u00e9e":"1 minute"},"schema":{"@context":"https:\/\/schema.org","@graph":[{"@type":"WebPage","@id":"https:\/\/akasel.com\/fr\/shop\/polissage-metallographique\/produits-diamantes\/aka-poly-wf-6-%c2%b5m\/","url":"https:\/\/akasel.com\/fr\/shop\/polissage-metallographique\/produits-diamantes\/aka-poly-wf-6-%c2%b5m\/","name":"Aka-Poly WF 6 \u00b5m | Suspension de diamant sans eau | Akasel A\/S","isPartOf":{"@id":"https:\/\/akasel.com\/fr\/#website"},"datePublished":"2020-10-29T14:13:18+00:00","dateModified":"2026-01-13T06:24:55+00:00","description":"Am\u00e9liorez le polissage des mat\u00e9riaux sensibles \u00e0 l'eau avec Aka-Poly WF 6 \u00b5m. Cette suspension sans eau assure un enl\u00e8vement de mati\u00e8re efficace.","breadcrumb":{"@id":"https:\/\/akasel.com\/fr\/shop\/polissage-metallographique\/produits-diamantes\/aka-poly-wf-6-%c2%b5m\/#breadcrumb"},"inLanguage":"fr-FR","potentialAction":[{"@type":"ReadAction","target":["https:\/\/akasel.com\/fr\/shop\/polissage-metallographique\/produits-diamantes\/aka-poly-wf-6-%c2%b5m\/"]}]},{"@type":"BreadcrumbList","@id":"https:\/\/akasel.com\/fr\/shop\/polissage-metallographique\/produits-diamantes\/aka-poly-wf-6-%c2%b5m\/#breadcrumb","itemListElement":[{"@type":"ListItem","position":1,"name":"Home","item":"https:\/\/akasel.com\/fr\/"},{"@type":"ListItem","position":2,"name":"Boutique","item":"https:\/\/akasel.com\/fr\/boutique\/"},{"@type":"ListItem","position":3,"name":"Aka-Poly WF 6 \u00b5m"}]},{"@type":"WebSite","@id":"https:\/\/akasel.com\/fr\/#website","url":"https:\/\/akasel.com\/fr\/","name":"AKASEL A\/S","description":"","potentialAction":[{"@type":"SearchAction","target":{"@type":"EntryPoint","urlTemplate":"https:\/\/akasel.com\/fr\/?s={search_term_string}"},"query-input":"required name=search_term_string"}],"inLanguage":"fr-FR"}]}},"_links":{"self":[{"href":"https:\/\/akasel.com\/fr\/wp-json\/wp\/v3\/product\/10124"}],"collection":[{"href":"https:\/\/akasel.com\/fr\/wp-json\/wp\/v3\/product"}],"about":[{"href":"https:\/\/akasel.com\/fr\/wp-json\/wp\/v2\/types\/product"}],"wp:featuredmedia":[{"embeddable":true,"href":"https:\/\/akasel.com\/fr\/wp-json\/wp\/v2\/media\/33650"}],"wp:attachment":[{"href":"https:\/\/akasel.com\/fr\/wp-json\/wp\/v2\/media?parent=10124"}],"wp:term":[{"taxonomy":"product_cat","embeddable":true,"href":"https:\/\/akasel.com\/fr\/wp-json\/wp\/v2\/product_cat?post=10124"},{"taxonomy":"product_tag","embeddable":true,"href":"https:\/\/akasel.com\/fr\/wp-json\/wp\/v2\/product_tag?post=10124"}],"curies":[{"name":"wp","href":"https:\/\/api.w.org\/{rel}","templated":true}]}}