{"id":10155,"date":"2020-10-29T15:32:08","date_gmt":"2020-10-29T14:32:08","guid":{"rendered":"https:\/\/akasel.com\/fr\/p\/aka-spray-poly-3-%c2%b5m\/"},"modified":"2026-01-13T07:24:56","modified_gmt":"2026-01-13T06:24:56","slug":"aka-spray-poly-3-%c2%b5m","status":"publish","type":"product","link":"https:\/\/akasel.com\/fr\/shop\/polissage-metallographique\/produits-diamantes\/aka-spray-poly-3-%c2%b5m\/","title":{"rendered":"Aka-Spray Poly 3 \u00b5m"},"content":{"rendered":"<p>Contenu disponible : 165 ml<\/p>\n<p>Produits dangereux : Des frais suppl\u00e9mentaires s&#8217;appliquent pour l&#8217;exp\u00e9dition.<\/p>\n<p><a href=\"https:\/\/akasel.com\/wp-content\/uploads\/2024\/04\/sds-aka-spray-mono-poly-en-v20.pdf\">FDS Aka-Spray (EN)<\/a><\/p>\n","protected":false},"excerpt":{"rendered":"<p>Pulv\u00e9risation de diamant polycristallin pour la pr\u00e9paration d&#8217;\u00e9chantillons m\u00e9tallographiques.<\/p>\n<p>Aka-Spray Poly laisse une couche de diamants \u00e0 coupe franche, ce qui permet d&#8217;obtenir des taux d&#8217;enl\u00e8vement \u00e9lev\u00e9s.<\/p>\n<p>Concentration en diamants de 26,5 ct\/l<br \/>\n100% de diamants polycristallins<br \/>\nM\u00e9diane (50 %) 2,84 \u00b5m<br \/>\nTol\u00e9rance 2,7 &#8211; 2,98 \u00b5m<br \/>\nLimite sup\u00e9rieure (99 %) 4,1 \u00b5m<\/p>\n<p>Agiter avant utilisation, ce produit n&#8217;est pas stable.<\/p>\n","protected":false},"featured_media":33637,"template":"","meta":[],"product_cat":[344,320,326,337],"product_tag":[],"class_list":["post-10155","product","type-product","status-publish","has-post-thumbnail","hentry","product_cat-polissage-metallographique","product_cat-produits-diamantes","product_cat-autres-produits-diamantes","product_cat-sprays-diamantes"],"yoast_head":"<!-- This site is optimized with the Yoast SEO plugin v21.7 - https:\/\/yoast.com\/wordpress\/plugins\/seo\/ -->\n<title>Aka-Spray Poly 3 \u00b5m | Spray de diamant polycristallin | Akasel A\/S<\/title>\n<meta name=\"description\" content=\"Optimisez votre polissage avec Aka-Spray Poly 3 \u00b5m. Ce spray diamant\u00e9 assure un enl\u00e8vement de mati\u00e8re \u00e9lev\u00e9 pour une finition de surface sup\u00e9rieure.\" \/>\n<meta name=\"robots\" content=\"index, follow, max-snippet:-1, max-image-preview:large, max-video-preview:-1\" \/>\n<link rel=\"canonical\" href=\"https:\/\/akasel.com\/fr\/shop\/polissage-metallographique\/produits-diamantes\/aka-spray-poly-3-\u00b5m\/\" \/>\n<meta property=\"og:locale\" content=\"fr_FR\" \/>\n<meta property=\"og:type\" content=\"article\" \/>\n<meta property=\"og:title\" content=\"Aka-Spray Poly 3 \u00b5m | Spray de diamant polycristallin | Akasel A\/S\" \/>\n<meta property=\"og:description\" content=\"Optimisez votre polissage avec Aka-Spray Poly 3 \u00b5m. Ce spray diamant\u00e9 assure un enl\u00e8vement de mati\u00e8re \u00e9lev\u00e9 pour une finition de surface sup\u00e9rieure.\" \/>\n<meta property=\"og:url\" content=\"https:\/\/akasel.com\/fr\/shop\/polissage-metallographique\/produits-diamantes\/aka-spray-poly-3-\u00b5m\/\" \/>\n<meta property=\"og:site_name\" content=\"AKASEL A\/S\" \/>\n<meta property=\"article:modified_time\" content=\"2026-01-13T06:24:56+00:00\" \/>\n<meta property=\"og:image\" content=\"https:\/\/akasel.com\/fr\/wp-content\/uploads\/sites\/8\/2025\/09\/45025011-1.png\" \/>\n\t<meta property=\"og:image:width\" content=\"1026\" \/>\n\t<meta property=\"og:image:height\" content=\"2560\" \/>\n\t<meta property=\"og:image:type\" content=\"image\/png\" \/>\n<meta name=\"twitter:card\" content=\"summary_large_image\" \/>\n<meta name=\"twitter:label1\" content=\"Dur\u00e9e de lecture estim\u00e9e\" \/>\n\t<meta name=\"twitter:data1\" content=\"1 minute\" \/>\n<!-- \/ Yoast SEO plugin. -->","yoast_head_json":{"title":"Aka-Spray Poly 3 \u00b5m | Spray de diamant polycristallin | Akasel A\/S","description":"Optimisez votre polissage avec Aka-Spray Poly 3 \u00b5m. Ce spray diamant\u00e9 assure un enl\u00e8vement de mati\u00e8re \u00e9lev\u00e9 pour une finition de surface sup\u00e9rieure.","robots":{"index":"index","follow":"follow","max-snippet":"max-snippet:-1","max-image-preview":"max-image-preview:large","max-video-preview":"max-video-preview:-1"},"canonical":"https:\/\/akasel.com\/fr\/shop\/polissage-metallographique\/produits-diamantes\/aka-spray-poly-3-\u00b5m\/","og_locale":"fr_FR","og_type":"article","og_title":"Aka-Spray Poly 3 \u00b5m | Spray de diamant polycristallin | Akasel A\/S","og_description":"Optimisez votre polissage avec Aka-Spray Poly 3 \u00b5m. Ce spray diamant\u00e9 assure un enl\u00e8vement de mati\u00e8re \u00e9lev\u00e9 pour une finition de surface sup\u00e9rieure.","og_url":"https:\/\/akasel.com\/fr\/shop\/polissage-metallographique\/produits-diamantes\/aka-spray-poly-3-\u00b5m\/","og_site_name":"AKASEL A\/S","article_modified_time":"2026-01-13T06:24:56+00:00","og_image":[{"width":1026,"height":2560,"url":"https:\/\/akasel.com\/fr\/wp-content\/uploads\/sites\/8\/2025\/09\/45025011-1.png","type":"image\/png"}],"twitter_card":"summary_large_image","twitter_misc":{"Dur\u00e9e de lecture estim\u00e9e":"1 minute"},"schema":{"@context":"https:\/\/schema.org","@graph":[{"@type":"WebPage","@id":"https:\/\/akasel.com\/fr\/shop\/polissage-metallographique\/produits-diamantes\/aka-spray-poly-3-%c2%b5m\/","url":"https:\/\/akasel.com\/fr\/shop\/polissage-metallographique\/produits-diamantes\/aka-spray-poly-3-%c2%b5m\/","name":"Aka-Spray Poly 3 \u00b5m | Spray de diamant polycristallin | Akasel A\/S","isPartOf":{"@id":"https:\/\/akasel.com\/fr\/#website"},"datePublished":"2020-10-29T14:32:08+00:00","dateModified":"2026-01-13T06:24:56+00:00","description":"Optimisez votre polissage avec Aka-Spray Poly 3 \u00b5m. Ce spray diamant\u00e9 assure un enl\u00e8vement de mati\u00e8re \u00e9lev\u00e9 pour une finition de surface sup\u00e9rieure.","breadcrumb":{"@id":"https:\/\/akasel.com\/fr\/shop\/polissage-metallographique\/produits-diamantes\/aka-spray-poly-3-%c2%b5m\/#breadcrumb"},"inLanguage":"fr-FR","potentialAction":[{"@type":"ReadAction","target":["https:\/\/akasel.com\/fr\/shop\/polissage-metallographique\/produits-diamantes\/aka-spray-poly-3-%c2%b5m\/"]}]},{"@type":"BreadcrumbList","@id":"https:\/\/akasel.com\/fr\/shop\/polissage-metallographique\/produits-diamantes\/aka-spray-poly-3-%c2%b5m\/#breadcrumb","itemListElement":[{"@type":"ListItem","position":1,"name":"Home","item":"https:\/\/akasel.com\/fr\/"},{"@type":"ListItem","position":2,"name":"Boutique","item":"https:\/\/akasel.com\/fr\/boutique\/"},{"@type":"ListItem","position":3,"name":"Aka-Spray Poly 3 \u00b5m"}]},{"@type":"WebSite","@id":"https:\/\/akasel.com\/fr\/#website","url":"https:\/\/akasel.com\/fr\/","name":"AKASEL A\/S","description":"","potentialAction":[{"@type":"SearchAction","target":{"@type":"EntryPoint","urlTemplate":"https:\/\/akasel.com\/fr\/?s={search_term_string}"},"query-input":"required name=search_term_string"}],"inLanguage":"fr-FR"}]}},"_links":{"self":[{"href":"https:\/\/akasel.com\/fr\/wp-json\/wp\/v3\/product\/10155"}],"collection":[{"href":"https:\/\/akasel.com\/fr\/wp-json\/wp\/v3\/product"}],"about":[{"href":"https:\/\/akasel.com\/fr\/wp-json\/wp\/v2\/types\/product"}],"wp:featuredmedia":[{"embeddable":true,"href":"https:\/\/akasel.com\/fr\/wp-json\/wp\/v2\/media\/33637"}],"wp:attachment":[{"href":"https:\/\/akasel.com\/fr\/wp-json\/wp\/v2\/media?parent=10155"}],"wp:term":[{"taxonomy":"product_cat","embeddable":true,"href":"https:\/\/akasel.com\/fr\/wp-json\/wp\/v2\/product_cat?post=10155"},{"taxonomy":"product_tag","embeddable":true,"href":"https:\/\/akasel.com\/fr\/wp-json\/wp\/v2\/product_tag?post=10155"}],"curies":[{"name":"wp","href":"https:\/\/api.w.org\/{rel}","templated":true}]}}