{"id":10164,"date":"2020-10-29T15:54:27","date_gmt":"2020-10-29T14:54:27","guid":{"rendered":"https:\/\/akasel.com\/fr\/p\/aka-daran\/"},"modified":"2026-01-13T07:24:24","modified_gmt":"2026-01-13T06:24:24","slug":"aka-daran","status":"publish","type":"product","link":"https:\/\/akasel.com\/fr\/shop\/polissage-metallographique\/tissus-de-polissage\/aka-daran\/","title":{"rendered":"Aka-Daran"},"content":{"rendered":"<p>Taille disponible : 32 mm, 200 mm, 250 mm, 300 mm, 350 mm<\/p>\n<p>Contenu disponible : 5 pi\u00e8ces (32 mm = 25 pi\u00e8ces)<\/p>\n<p><a href=\"https:\/\/akasel.com\/wp-content\/uploads\/2024\/07\/4500uk.pdf\">Tissu de polissage autocollant PDS (EN)<\/a><\/p>\n<p><a href=\"https:\/\/akasel.com\/wp-content\/uploads\/2023\/01\/manual-psa-polishing-cloth-ukde-a5.pdf\">Guides d&#8217;utilisation du drap de polissage auto-adh\u00e9sif (EN)<\/a><\/p>\n<p><a href=\"https:\/\/akasel.com\/wp-content\/uploads\/2024\/06\/polishing-cloth-product-brochure.pdf\">Brochures sur les toiles de polissage (EN)<\/a><\/p>\n","protected":false},"excerpt":{"rendered":"<p>Draps de polissage auto-adh\u00e9sifs \u00e0 support PSA pour le polissage m\u00e9tallographique.<\/p>\n<p>Pour le polissage de tous les mat\u00e9riaux. Peut \u00e9galement \u00eatre utilis\u00e9 pour le <a href=\"https:\/\/akasel.com\/fr\/category\/polissage-a-loxyde\/\">polissage des oxydes<\/a>.<\/p>\n<p>Daran est un drap en ac\u00e9tate tiss\u00e9 de duret\u00e9 moyenne pour le polissage au diamant et \u00e0 l&#8217;oxyde. Il est recommand\u00e9 de l&#8217;utiliser avec des abrasifs de 6 \u00e0 0,25 \u00b5m.<\/p>\n<p>Drap de polissage plus doux avec un textile plus \u00e9pais que <a href=\"https:\/\/akasel.com\/fr\/shop\/polissage-metallographique\/draps-de-polissage\/aka-ramda\/\">Ramda<\/a>, ce qui lui conf\u00e8re une tr\u00e8s longue dur\u00e9e de vie.<\/p>\n<p>Utiliser des forces moyennes \u00e0 \u00e9lev\u00e9es ; 15 &#8211; 35 N sur un \u00e9chantillon de 30 mm.<\/p>\n","protected":false},"featured_media":33633,"template":"","meta":[],"product_cat":[344,303,327],"product_tag":[],"class_list":["post-10164","product","type-product","status-publish","has-post-thumbnail","hentry","product_cat-polissage-metallographique","product_cat-tissus-de-polissage","product_cat-autocollant"],"yoast_head":"<!-- This site is optimized with the Yoast SEO plugin v21.7 - https:\/\/yoast.com\/wordpress\/plugins\/seo\/ -->\n<title>Aka-Daran | Draps de polissage pour m\u00e9tallographie | Akasel A\/S<\/title>\n<meta name=\"description\" content=\"Pour le polissage de tous mat\u00e9riaux, utilisez le tissu auto-adh\u00e9sif Aka-Daran. Id\u00e9al pour une large gamme de diamants (6-0.25\u00b5m) et le polissage \u00e0 l&#039;oxyde\" \/>\n<meta name=\"robots\" content=\"index, follow, max-snippet:-1, max-image-preview:large, max-video-preview:-1\" \/>\n<link rel=\"canonical\" href=\"https:\/\/akasel.com\/fr\/shop\/polissage-metallographique\/tissus-de-polissage\/aka-daran\/\" \/>\n<meta property=\"og:locale\" content=\"fr_FR\" \/>\n<meta property=\"og:type\" content=\"article\" \/>\n<meta property=\"og:title\" content=\"Aka-Daran | Draps de polissage pour m\u00e9tallographie | Akasel A\/S\" \/>\n<meta property=\"og:description\" content=\"Pour le polissage de tous mat\u00e9riaux, utilisez le tissu auto-adh\u00e9sif Aka-Daran. Id\u00e9al pour une large gamme de diamants (6-0.25\u00b5m) et le polissage \u00e0 l&#039;oxyde\" \/>\n<meta property=\"og:url\" content=\"https:\/\/akasel.com\/fr\/shop\/polissage-metallographique\/tissus-de-polissage\/aka-daran\/\" \/>\n<meta property=\"og:site_name\" content=\"AKASEL A\/S\" \/>\n<meta property=\"article:modified_time\" content=\"2026-01-13T06:24:24+00:00\" \/>\n<meta property=\"og:image\" content=\"https:\/\/akasel.com\/fr\/wp-content\/uploads\/sites\/8\/2025\/09\/aka-daran-1-768x769.png\" \/>\n\t<meta property=\"og:image:width\" content=\"768\" \/>\n\t<meta property=\"og:image:height\" content=\"769\" \/>\n\t<meta property=\"og:image:type\" content=\"image\/png\" \/>\n<meta name=\"twitter:card\" content=\"summary_large_image\" \/>\n<meta name=\"twitter:label1\" content=\"Dur\u00e9e de lecture estim\u00e9e\" \/>\n\t<meta name=\"twitter:data1\" content=\"1 minute\" \/>\n<!-- \/ Yoast SEO plugin. -->","yoast_head_json":{"title":"Aka-Daran | Draps de polissage pour m\u00e9tallographie | Akasel A\/S","description":"Pour le polissage de tous mat\u00e9riaux, utilisez le tissu auto-adh\u00e9sif Aka-Daran. Id\u00e9al pour une large gamme de diamants (6-0.25\u00b5m) et le polissage \u00e0 l'oxyde","robots":{"index":"index","follow":"follow","max-snippet":"max-snippet:-1","max-image-preview":"max-image-preview:large","max-video-preview":"max-video-preview:-1"},"canonical":"https:\/\/akasel.com\/fr\/shop\/polissage-metallographique\/tissus-de-polissage\/aka-daran\/","og_locale":"fr_FR","og_type":"article","og_title":"Aka-Daran | Draps de polissage pour m\u00e9tallographie | Akasel A\/S","og_description":"Pour le polissage de tous mat\u00e9riaux, utilisez le tissu auto-adh\u00e9sif Aka-Daran. Id\u00e9al pour une large gamme de diamants (6-0.25\u00b5m) et le polissage \u00e0 l'oxyde","og_url":"https:\/\/akasel.com\/fr\/shop\/polissage-metallographique\/tissus-de-polissage\/aka-daran\/","og_site_name":"AKASEL A\/S","article_modified_time":"2026-01-13T06:24:24+00:00","og_image":[{"width":768,"height":769,"url":"https:\/\/akasel.com\/fr\/wp-content\/uploads\/sites\/8\/2025\/09\/aka-daran-1-768x769.png","type":"image\/png"}],"twitter_card":"summary_large_image","twitter_misc":{"Dur\u00e9e de lecture estim\u00e9e":"1 minute"},"schema":{"@context":"https:\/\/schema.org","@graph":[{"@type":"WebPage","@id":"https:\/\/akasel.com\/fr\/shop\/polissage-metallographique\/tissus-de-polissage\/aka-daran\/","url":"https:\/\/akasel.com\/fr\/shop\/polissage-metallographique\/tissus-de-polissage\/aka-daran\/","name":"Aka-Daran | Draps de polissage pour m\u00e9tallographie | Akasel A\/S","isPartOf":{"@id":"https:\/\/akasel.com\/fr\/#website"},"datePublished":"2020-10-29T14:54:27+00:00","dateModified":"2026-01-13T06:24:24+00:00","description":"Pour le polissage de tous mat\u00e9riaux, utilisez le tissu auto-adh\u00e9sif Aka-Daran. Id\u00e9al pour une large gamme de diamants (6-0.25\u00b5m) et le polissage \u00e0 l'oxyde","breadcrumb":{"@id":"https:\/\/akasel.com\/fr\/shop\/polissage-metallographique\/tissus-de-polissage\/aka-daran\/#breadcrumb"},"inLanguage":"fr-FR","potentialAction":[{"@type":"ReadAction","target":["https:\/\/akasel.com\/fr\/shop\/polissage-metallographique\/tissus-de-polissage\/aka-daran\/"]}]},{"@type":"BreadcrumbList","@id":"https:\/\/akasel.com\/fr\/shop\/polissage-metallographique\/tissus-de-polissage\/aka-daran\/#breadcrumb","itemListElement":[{"@type":"ListItem","position":1,"name":"Home","item":"https:\/\/akasel.com\/fr\/"},{"@type":"ListItem","position":2,"name":"Boutique","item":"https:\/\/akasel.com\/fr\/boutique\/"},{"@type":"ListItem","position":3,"name":"Aka-Daran"}]},{"@type":"WebSite","@id":"https:\/\/akasel.com\/fr\/#website","url":"https:\/\/akasel.com\/fr\/","name":"AKASEL A\/S","description":"","potentialAction":[{"@type":"SearchAction","target":{"@type":"EntryPoint","urlTemplate":"https:\/\/akasel.com\/fr\/?s={search_term_string}"},"query-input":"required name=search_term_string"}],"inLanguage":"fr-FR"}]}},"_links":{"self":[{"href":"https:\/\/akasel.com\/fr\/wp-json\/wp\/v3\/product\/10164"}],"collection":[{"href":"https:\/\/akasel.com\/fr\/wp-json\/wp\/v3\/product"}],"about":[{"href":"https:\/\/akasel.com\/fr\/wp-json\/wp\/v2\/types\/product"}],"wp:featuredmedia":[{"embeddable":true,"href":"https:\/\/akasel.com\/fr\/wp-json\/wp\/v2\/media\/33633"}],"wp:attachment":[{"href":"https:\/\/akasel.com\/fr\/wp-json\/wp\/v2\/media?parent=10164"}],"wp:term":[{"taxonomy":"product_cat","embeddable":true,"href":"https:\/\/akasel.com\/fr\/wp-json\/wp\/v2\/product_cat?post=10164"},{"taxonomy":"product_tag","embeddable":true,"href":"https:\/\/akasel.com\/fr\/wp-json\/wp\/v2\/product_tag?post=10164"}],"curies":[{"name":"wp","href":"https:\/\/api.w.org\/{rel}","templated":true}]}}