{"id":10165,"date":"2020-10-29T15:54:31","date_gmt":"2020-10-29T14:54:31","guid":{"rendered":"https:\/\/akasel.com\/fr\/p\/aka-stick-mono-1-%c2%b5m\/"},"modified":"2026-01-13T07:24:56","modified_gmt":"2026-01-13T06:24:56","slug":"aka-stick-mono-1-%c2%b5m","status":"publish","type":"product","link":"https:\/\/akasel.com\/fr\/shop\/polissage-metallographique\/produits-diamantes\/aka-stick-mono-1-%c2%b5m\/","title":{"rendered":"Aka-Stick Mono 1 \u00b5m"},"content":{"rendered":"<p>Contenu disponible : 20 ml<\/p>\n<p><a href=\"https:\/\/akasel.com\/fr\/wp-content\/uploads\/2024\/04\/sds-aka-paste-aka-stick-en-v50.pdf\">SDS Aka-Stick (ENG)<\/a><\/p>\n<p><a href=\"https:\/\/akasel.com\/fr\/wp-content\/uploads\/2020\/11\/0072-manual-stick_ukde_a5_er.pdf\">Guide de l&#8217;utilisateur Aka-Stick<\/a><\/p>\n<div style=\"position: relative; padding-bottom: 56.25%; height: 0; overflow: hidden; max-width: 100%; height: auto;\">\n    <video style=\"position: absolute; top: 0; left: 0; width: 100%; height: 100%;\"  \ncontrols \n           preload=\"metadata\" \n           poster=\"https:\/\/akasel.com\/fr\/wp-content\/uploads\/2024\/09\/applying-of-aka-stick-e1727164385580.png\"><source src=\"https:\/\/akasel.com\/fr\/wp-content\/uploads\/2020\/10\/applying-of-aka-stick.mp4\" type=\"video\/mp4\">Votre navigateur ne prend pas en charge la lecture des vid\u00e9os.<\/video>\n<\/div>\n","protected":false},"excerpt":{"rendered":"<p>B\u00e2ton de diamant monocristallin pour la pr\u00e9paration d&#8217;\u00e9chantillons m\u00e9tallographiques.<\/p>\n<p>Aka-Stick Mono est le choix optimal pour l&#8217;appr\u00eat de votre nouveau <a href=\"https:\/\/akasel.com\/fr\/category\/polissage-metallographique\/\">drap de polissage<\/a> et pour la pr\u00e9paration manuelle. Il assure une distribution uniforme et non excessive des diamants.<\/p>\n<p>Concentration en diamants de 250 ct\/l<br \/>\n100% de diamants monocristallins<br \/>\nM\u00e9diane (50%) 1 \u00b5m<br \/>\nTol\u00e9rance 0,95 &#8211; 1,05 \u00b5m<br \/>\nLimite sup\u00e9rieure (99%) 1,7 \u00b5m<\/p>\n","protected":false},"featured_media":33631,"template":"","meta":[],"product_cat":[344,320,326,304],"product_tag":[],"class_list":["post-10165","product","type-product","status-publish","has-post-thumbnail","hentry","product_cat-polissage-metallographique","product_cat-produits-diamantes","product_cat-autres-produits-diamantes","product_cat-batonnet-diamant"],"yoast_head":"<!-- This site is optimized with the Yoast SEO plugin v21.7 - https:\/\/yoast.com\/wordpress\/plugins\/seo\/ -->\n<title>Aka-Stick Mono 1 \u00b5m | Polissage Fin et Amor\u00e7age | Akasel A\/S<\/title>\n<meta name=\"description\" content=\"Id\u00e9al pour l&#039;appr\u00eat des nouveaux draps de polissage et la pr\u00e9paration manuelle, ce stick assure une r\u00e9partition uniforme des diamants sans exc\u00e8s.\" \/>\n<meta name=\"robots\" content=\"index, follow, max-snippet:-1, max-image-preview:large, max-video-preview:-1\" \/>\n<link rel=\"canonical\" href=\"https:\/\/akasel.com\/fr\/shop\/polissage-metallographique\/produits-diamantes\/aka-stick-mono-1-\u00b5m\/\" \/>\n<meta property=\"og:locale\" content=\"fr_FR\" \/>\n<meta property=\"og:type\" content=\"article\" \/>\n<meta property=\"og:title\" content=\"Aka-Stick Mono 1 \u00b5m | Polissage Fin et Amor\u00e7age | Akasel A\/S\" \/>\n<meta property=\"og:description\" content=\"Id\u00e9al pour l&#039;appr\u00eat des nouveaux draps de polissage et la pr\u00e9paration manuelle, ce stick assure une r\u00e9partition uniforme des diamants sans exc\u00e8s.\" \/>\n<meta property=\"og:url\" content=\"https:\/\/akasel.com\/fr\/shop\/polissage-metallographique\/produits-diamantes\/aka-stick-mono-1-\u00b5m\/\" \/>\n<meta property=\"og:site_name\" content=\"AKASEL A\/S\" \/>\n<meta property=\"article:modified_time\" content=\"2026-01-13T06:24:56+00:00\" \/>\n<meta property=\"og:image\" content=\"https:\/\/akasel.com\/fr\/wp-content\/uploads\/sites\/8\/2025\/09\/46014012.png\" \/>\n\t<meta property=\"og:image:width\" content=\"818\" \/>\n\t<meta property=\"og:image:height\" content=\"2559\" \/>\n\t<meta property=\"og:image:type\" content=\"image\/png\" \/>\n<meta name=\"twitter:card\" content=\"summary_large_image\" \/>\n<meta name=\"twitter:label1\" content=\"Dur\u00e9e de lecture estim\u00e9e\" \/>\n\t<meta name=\"twitter:data1\" content=\"1 minute\" \/>\n<!-- \/ Yoast SEO plugin. -->","yoast_head_json":{"title":"Aka-Stick Mono 1 \u00b5m | Polissage Fin et Amor\u00e7age | Akasel A\/S","description":"Id\u00e9al pour l'appr\u00eat des nouveaux draps de polissage et la pr\u00e9paration manuelle, ce stick assure une r\u00e9partition uniforme des diamants sans exc\u00e8s.","robots":{"index":"index","follow":"follow","max-snippet":"max-snippet:-1","max-image-preview":"max-image-preview:large","max-video-preview":"max-video-preview:-1"},"canonical":"https:\/\/akasel.com\/fr\/shop\/polissage-metallographique\/produits-diamantes\/aka-stick-mono-1-\u00b5m\/","og_locale":"fr_FR","og_type":"article","og_title":"Aka-Stick Mono 1 \u00b5m | Polissage Fin et Amor\u00e7age | Akasel A\/S","og_description":"Id\u00e9al pour l'appr\u00eat des nouveaux draps de polissage et la pr\u00e9paration manuelle, ce stick assure une r\u00e9partition uniforme des diamants sans exc\u00e8s.","og_url":"https:\/\/akasel.com\/fr\/shop\/polissage-metallographique\/produits-diamantes\/aka-stick-mono-1-\u00b5m\/","og_site_name":"AKASEL A\/S","article_modified_time":"2026-01-13T06:24:56+00:00","og_image":[{"width":818,"height":2559,"url":"https:\/\/akasel.com\/fr\/wp-content\/uploads\/sites\/8\/2025\/09\/46014012.png","type":"image\/png"}],"twitter_card":"summary_large_image","twitter_misc":{"Dur\u00e9e de lecture estim\u00e9e":"1 minute"},"schema":{"@context":"https:\/\/schema.org","@graph":[{"@type":"WebPage","@id":"https:\/\/akasel.com\/fr\/shop\/polissage-metallographique\/produits-diamantes\/aka-stick-mono-1-%c2%b5m\/","url":"https:\/\/akasel.com\/fr\/shop\/polissage-metallographique\/produits-diamantes\/aka-stick-mono-1-%c2%b5m\/","name":"Aka-Stick Mono 1 \u00b5m | Polissage Fin et Amor\u00e7age | Akasel A\/S","isPartOf":{"@id":"https:\/\/akasel.com\/fr\/#website"},"datePublished":"2020-10-29T14:54:31+00:00","dateModified":"2026-01-13T06:24:56+00:00","description":"Id\u00e9al pour l'appr\u00eat des nouveaux draps de polissage et la pr\u00e9paration manuelle, ce stick assure une r\u00e9partition uniforme des diamants sans exc\u00e8s.","breadcrumb":{"@id":"https:\/\/akasel.com\/fr\/shop\/polissage-metallographique\/produits-diamantes\/aka-stick-mono-1-%c2%b5m\/#breadcrumb"},"inLanguage":"fr-FR","potentialAction":[{"@type":"ReadAction","target":["https:\/\/akasel.com\/fr\/shop\/polissage-metallographique\/produits-diamantes\/aka-stick-mono-1-%c2%b5m\/"]}]},{"@type":"BreadcrumbList","@id":"https:\/\/akasel.com\/fr\/shop\/polissage-metallographique\/produits-diamantes\/aka-stick-mono-1-%c2%b5m\/#breadcrumb","itemListElement":[{"@type":"ListItem","position":1,"name":"Home","item":"https:\/\/akasel.com\/fr\/"},{"@type":"ListItem","position":2,"name":"Boutique","item":"https:\/\/akasel.com\/fr\/boutique\/"},{"@type":"ListItem","position":3,"name":"Aka-Stick Mono 1 \u00b5m"}]},{"@type":"WebSite","@id":"https:\/\/akasel.com\/fr\/#website","url":"https:\/\/akasel.com\/fr\/","name":"AKASEL A\/S","description":"","potentialAction":[{"@type":"SearchAction","target":{"@type":"EntryPoint","urlTemplate":"https:\/\/akasel.com\/fr\/?s={search_term_string}"},"query-input":"required name=search_term_string"}],"inLanguage":"fr-FR"}]}},"_links":{"self":[{"href":"https:\/\/akasel.com\/fr\/wp-json\/wp\/v3\/product\/10165"}],"collection":[{"href":"https:\/\/akasel.com\/fr\/wp-json\/wp\/v3\/product"}],"about":[{"href":"https:\/\/akasel.com\/fr\/wp-json\/wp\/v2\/types\/product"}],"wp:featuredmedia":[{"embeddable":true,"href":"https:\/\/akasel.com\/fr\/wp-json\/wp\/v2\/media\/33631"}],"wp:attachment":[{"href":"https:\/\/akasel.com\/fr\/wp-json\/wp\/v2\/media?parent=10165"}],"wp:term":[{"taxonomy":"product_cat","embeddable":true,"href":"https:\/\/akasel.com\/fr\/wp-json\/wp\/v2\/product_cat?post=10165"},{"taxonomy":"product_tag","embeddable":true,"href":"https:\/\/akasel.com\/fr\/wp-json\/wp\/v2\/product_tag?post=10165"}],"curies":[{"name":"wp","href":"https:\/\/api.w.org\/{rel}","templated":true}]}}