{"id":10177,"date":"2020-10-29T16:04:03","date_gmt":"2020-10-29T15:04:03","guid":{"rendered":"https:\/\/akasel.com\/fr\/p\/aka-stick-poly-0-7-%c2%b5m\/"},"modified":"2026-01-13T07:24:56","modified_gmt":"2026-01-13T06:24:56","slug":"aka-stick-poly-0-7-%c2%b5m","status":"publish","type":"product","link":"https:\/\/akasel.com\/fr\/shop\/polissage-metallographique\/produits-diamantes\/aka-stick-poly-0-7-%c2%b5m\/","title":{"rendered":"Aka-Stick Poly 0.7 \u00b5m"},"content":{"rendered":"<p>Contenu disponible : 20 ml<\/p>\n<p><a href=\"https:\/\/akasel.com\/wp-content\/uploads\/2020\/11\/0072-manual-stick_ukde_a5_er.pdf\">Guide d&#8217;utilisation du b\u00e2ton Aka<\/a><\/p>\n<div style=\"position: relative; padding-bottom: 56.25%; height: 0; overflow: hidden; max-width: 100%; height: auto;\">\n    <video style=\"position: absolute; top: 0; left: 0; width: 100%; height: 100%;\"  \ncontrols \n           preload=\"metadata\" \n           poster=\"https:\/\/akasel.com\/wp-content\/uploads\/2024\/09\/applying-of-aka-stick-e1727164385580.png\"><source src=\"https:\/\/akasel.com\/wp-content\/uploads\/2020\/10\/applying-of-aka-stick.mp4\" type=\"video\/mp4\">Votre navigateur ne prend pas en charge la lecture des vid\u00e9os.<\/video>\n<\/div>\n","protected":false},"excerpt":{"rendered":"<p>B\u00e2ton de diamant polycristallin pour la pr\u00e9paration d&#8217;\u00e9chantillons m\u00e9tallographiques.<\/p>\n<p>Aka-Stick Poly est le choix optimal pour l&#8217;appr\u00eat de votre nouveau <a href=\"https:\/\/akasel.com\/fr\/category\/polissage-metallographique\/\">drap de polissage<\/a> et pour la pr\u00e9paration manuelle. Il assure une distribution uniforme et non excessive des diamants.<\/p>\n<p>Concentration en diamants de 250 ct\/l<br \/>\n100% de diamants polycristallins<br \/>\nM\u00e9diane (50 %) 0,71 \u00b5m<br \/>\nTol\u00e9rance 0,65 &#8211; 0,77 \u00b5m<br \/>\nLimite sup\u00e9rieure (99 %) 1,3 \u00b5m<\/p>\n","protected":false},"featured_media":33625,"template":"","meta":[],"product_cat":[344,320,326,304],"product_tag":[],"class_list":["post-10177","product","type-product","status-publish","has-post-thumbnail","hentry","product_cat-polissage-metallographique","product_cat-produits-diamantes","product_cat-autres-produits-diamantes","product_cat-batonnet-diamant"],"yoast_head":"<!-- This site is optimized with the Yoast SEO plugin v21.7 - https:\/\/yoast.com\/wordpress\/plugins\/seo\/ -->\n<title>Aka-Stick Poly 0.7 \u00b5m | B\u00e2ton diamant polycristallin | Akasel<\/title>\n<meta name=\"description\" content=\"Aka-Stick Poly 0.7 \u00b5m : le stick diamant\u00e9 pour un polissage fin et pr\u00e9cis. Id\u00e9al pour l&#039;amor\u00e7age des chiffons pour une finition de haute qualit\u00e9.\" \/>\n<meta name=\"robots\" content=\"index, follow, max-snippet:-1, max-image-preview:large, max-video-preview:-1\" \/>\n<link rel=\"canonical\" href=\"https:\/\/akasel.com\/fr\/shop\/polissage-metallographique\/produits-diamantes\/aka-stick-poly-0-7-\u00b5m\/\" \/>\n<meta property=\"og:locale\" content=\"fr_FR\" \/>\n<meta property=\"og:type\" content=\"article\" \/>\n<meta property=\"og:title\" content=\"Aka-Stick Poly 0.7 \u00b5m | B\u00e2ton diamant polycristallin | Akasel\" \/>\n<meta property=\"og:description\" content=\"Aka-Stick Poly 0.7 \u00b5m : le stick diamant\u00e9 pour un polissage fin et pr\u00e9cis. Id\u00e9al pour l&#039;amor\u00e7age des chiffons pour une finition de haute qualit\u00e9.\" \/>\n<meta property=\"og:url\" content=\"https:\/\/akasel.com\/fr\/shop\/polissage-metallographique\/produits-diamantes\/aka-stick-poly-0-7-\u00b5m\/\" \/>\n<meta property=\"og:site_name\" content=\"AKASEL A\/S\" \/>\n<meta property=\"article:modified_time\" content=\"2026-01-13T06:24:56+00:00\" \/>\n<meta property=\"og:image\" content=\"https:\/\/akasel.com\/fr\/wp-content\/uploads\/sites\/8\/2025\/09\/46023512-1.png\" \/>\n\t<meta property=\"og:image:width\" content=\"818\" \/>\n\t<meta property=\"og:image:height\" content=\"2559\" \/>\n\t<meta property=\"og:image:type\" content=\"image\/png\" \/>\n<meta name=\"twitter:card\" content=\"summary_large_image\" \/>\n<meta name=\"twitter:label1\" content=\"Dur\u00e9e de lecture estim\u00e9e\" \/>\n\t<meta name=\"twitter:data1\" content=\"1 minute\" \/>\n<!-- \/ Yoast SEO plugin. -->","yoast_head_json":{"title":"Aka-Stick Poly 0.7 \u00b5m | B\u00e2ton diamant polycristallin | Akasel","description":"Aka-Stick Poly 0.7 \u00b5m : le stick diamant\u00e9 pour un polissage fin et pr\u00e9cis. Id\u00e9al pour l'amor\u00e7age des chiffons pour une finition de haute qualit\u00e9.","robots":{"index":"index","follow":"follow","max-snippet":"max-snippet:-1","max-image-preview":"max-image-preview:large","max-video-preview":"max-video-preview:-1"},"canonical":"https:\/\/akasel.com\/fr\/shop\/polissage-metallographique\/produits-diamantes\/aka-stick-poly-0-7-\u00b5m\/","og_locale":"fr_FR","og_type":"article","og_title":"Aka-Stick Poly 0.7 \u00b5m | B\u00e2ton diamant polycristallin | Akasel","og_description":"Aka-Stick Poly 0.7 \u00b5m : le stick diamant\u00e9 pour un polissage fin et pr\u00e9cis. Id\u00e9al pour l'amor\u00e7age des chiffons pour une finition de haute qualit\u00e9.","og_url":"https:\/\/akasel.com\/fr\/shop\/polissage-metallographique\/produits-diamantes\/aka-stick-poly-0-7-\u00b5m\/","og_site_name":"AKASEL A\/S","article_modified_time":"2026-01-13T06:24:56+00:00","og_image":[{"width":818,"height":2559,"url":"https:\/\/akasel.com\/fr\/wp-content\/uploads\/sites\/8\/2025\/09\/46023512-1.png","type":"image\/png"}],"twitter_card":"summary_large_image","twitter_misc":{"Dur\u00e9e de lecture estim\u00e9e":"1 minute"},"schema":{"@context":"https:\/\/schema.org","@graph":[{"@type":"WebPage","@id":"https:\/\/akasel.com\/fr\/shop\/polissage-metallographique\/produits-diamantes\/aka-stick-poly-0-7-%c2%b5m\/","url":"https:\/\/akasel.com\/fr\/shop\/polissage-metallographique\/produits-diamantes\/aka-stick-poly-0-7-%c2%b5m\/","name":"Aka-Stick Poly 0.7 \u00b5m | B\u00e2ton diamant polycristallin | Akasel","isPartOf":{"@id":"https:\/\/akasel.com\/fr\/#website"},"datePublished":"2020-10-29T15:04:03+00:00","dateModified":"2026-01-13T06:24:56+00:00","description":"Aka-Stick Poly 0.7 \u00b5m : le stick diamant\u00e9 pour un polissage fin et pr\u00e9cis. Id\u00e9al pour l'amor\u00e7age des chiffons pour une finition de haute qualit\u00e9.","breadcrumb":{"@id":"https:\/\/akasel.com\/fr\/shop\/polissage-metallographique\/produits-diamantes\/aka-stick-poly-0-7-%c2%b5m\/#breadcrumb"},"inLanguage":"fr-FR","potentialAction":[{"@type":"ReadAction","target":["https:\/\/akasel.com\/fr\/shop\/polissage-metallographique\/produits-diamantes\/aka-stick-poly-0-7-%c2%b5m\/"]}]},{"@type":"BreadcrumbList","@id":"https:\/\/akasel.com\/fr\/shop\/polissage-metallographique\/produits-diamantes\/aka-stick-poly-0-7-%c2%b5m\/#breadcrumb","itemListElement":[{"@type":"ListItem","position":1,"name":"Home","item":"https:\/\/akasel.com\/fr\/"},{"@type":"ListItem","position":2,"name":"Boutique","item":"https:\/\/akasel.com\/fr\/boutique\/"},{"@type":"ListItem","position":3,"name":"Aka-Stick Poly 0.7 \u00b5m"}]},{"@type":"WebSite","@id":"https:\/\/akasel.com\/fr\/#website","url":"https:\/\/akasel.com\/fr\/","name":"AKASEL A\/S","description":"","potentialAction":[{"@type":"SearchAction","target":{"@type":"EntryPoint","urlTemplate":"https:\/\/akasel.com\/fr\/?s={search_term_string}"},"query-input":"required name=search_term_string"}],"inLanguage":"fr-FR"}]}},"_links":{"self":[{"href":"https:\/\/akasel.com\/fr\/wp-json\/wp\/v3\/product\/10177"}],"collection":[{"href":"https:\/\/akasel.com\/fr\/wp-json\/wp\/v3\/product"}],"about":[{"href":"https:\/\/akasel.com\/fr\/wp-json\/wp\/v2\/types\/product"}],"wp:featuredmedia":[{"embeddable":true,"href":"https:\/\/akasel.com\/fr\/wp-json\/wp\/v2\/media\/33625"}],"wp:attachment":[{"href":"https:\/\/akasel.com\/fr\/wp-json\/wp\/v2\/media?parent=10177"}],"wp:term":[{"taxonomy":"product_cat","embeddable":true,"href":"https:\/\/akasel.com\/fr\/wp-json\/wp\/v2\/product_cat?post=10177"},{"taxonomy":"product_tag","embeddable":true,"href":"https:\/\/akasel.com\/fr\/wp-json\/wp\/v2\/product_tag?post=10177"}],"curies":[{"name":"wp","href":"https:\/\/api.w.org\/{rel}","templated":true}]}}