{"id":10201,"date":"2020-10-29T16:17:57","date_gmt":"2020-10-29T15:17:57","guid":{"rendered":"https:\/\/akasel.com\/fr\/p\/aka-paste-poly-1-%c2%b5m\/"},"modified":"2026-01-13T07:24:58","modified_gmt":"2026-01-13T06:24:58","slug":"aka-paste-poly-1-%c2%b5m","status":"publish","type":"product","link":"https:\/\/akasel.com\/fr\/shop\/polissage-metallographique\/produits-diamantes\/aka-paste-poly-1-%c2%b5m\/","title":{"rendered":"Aka-Paste Poly 1 \u00b5m"},"content":{"rendered":"<p>Contenu disponible : 10 ml<\/p>\n<p><a href=\"https:\/\/akasel.com\/wp-content\/uploads\/2024\/04\/sds-aka-paste-aka-stick-en-v50.pdf\">SDS Aka-Paste (EN)<\/a><\/p>\n<p><a href=\"https:\/\/akasel.com\/wp-content\/uploads\/2020\/11\/0071-manual-paste_ukde_a5_er.pdf\">Guide de l&#8217;utilisateur Aka-Paste (EN)<\/a><\/p>\n","protected":false},"excerpt":{"rendered":"<p>P\u00e2te de diamant polycristallin pour la pr\u00e9paration d&#8217;\u00e9chantillons m\u00e9tallographiques.<\/p>\n<p>Aka-Paste Poly est recommand\u00e9e pour le polissage manuel et l&#8217;appr\u00eatage de nouveaux <a href=\"https:\/\/akasel.com\/fr\/category\/polissage-metallographique\/\">draps de polissage<\/a>.<\/p>\n<p>Concentration en diamant de 500 ct\/l<br \/>\n100% de diamants polycristallins<br \/>\nM\u00e9diane (50%) 1 \u00b5m<br \/>\nTol\u00e9rance 0,95 &#8211; 1,05 \u00b5m<br \/>\nLimite sup\u00e9rieure (99 %) 1,7 \u00b5m<\/p>\n<p>Conserver \u00e0 une temp\u00e9rature inf\u00e9rieure \u00e0 40 \u00b0C.<\/p>\n","protected":false},"featured_media":33612,"template":"","meta":[],"product_cat":[344,320,326,321],"product_tag":[],"class_list":["post-10201","product","type-product","status-publish","has-post-thumbnail","hentry","product_cat-polissage-metallographique","product_cat-produits-diamantes","product_cat-autres-produits-diamantes","product_cat-pate-diamantee"],"yoast_head":"<!-- This site is optimized with the Yoast SEO plugin v21.7 - https:\/\/yoast.com\/wordpress\/plugins\/seo\/ -->\n<title>Aka-Paste Poly 1 \u00b5m | P\u00e2te de diamant polycristallin | Akasel A\/S<\/title>\n<meta name=\"description\" content=\"Pour un polissage manuel fin et l&#039;amor\u00e7age des chiffons, utilisez Aka-Paste Poly 1 \u00b5m. Cette p\u00e2te diamant\u00e9e assure une finition de surface sup\u00e9rieure.\" \/>\n<meta name=\"robots\" content=\"index, follow, max-snippet:-1, max-image-preview:large, max-video-preview:-1\" \/>\n<link rel=\"canonical\" href=\"https:\/\/akasel.com\/fr\/shop\/polissage-metallographique\/produits-diamantes\/aka-paste-poly-1-\u00b5m\/\" \/>\n<meta property=\"og:locale\" content=\"fr_FR\" \/>\n<meta property=\"og:type\" content=\"article\" \/>\n<meta property=\"og:title\" content=\"Aka-Paste Poly 1 \u00b5m | P\u00e2te de diamant polycristallin | Akasel A\/S\" \/>\n<meta property=\"og:description\" content=\"Pour un polissage manuel fin et l&#039;amor\u00e7age des chiffons, utilisez Aka-Paste Poly 1 \u00b5m. Cette p\u00e2te diamant\u00e9e assure une finition de surface sup\u00e9rieure.\" \/>\n<meta property=\"og:url\" content=\"https:\/\/akasel.com\/fr\/shop\/polissage-metallographique\/produits-diamantes\/aka-paste-poly-1-\u00b5m\/\" \/>\n<meta property=\"og:site_name\" content=\"AKASEL A\/S\" \/>\n<meta property=\"article:modified_time\" content=\"2026-01-13T06:24:58+00:00\" \/>\n<meta property=\"og:image\" content=\"https:\/\/akasel.com\/fr\/wp-content\/uploads\/sites\/8\/2025\/09\/47024011-1.png\" \/>\n\t<meta property=\"og:image:width\" content=\"2560\" \/>\n\t<meta property=\"og:image:height\" content=\"1652\" \/>\n\t<meta property=\"og:image:type\" content=\"image\/png\" \/>\n<meta name=\"twitter:card\" content=\"summary_large_image\" \/>\n<meta name=\"twitter:label1\" content=\"Dur\u00e9e de lecture estim\u00e9e\" \/>\n\t<meta name=\"twitter:data1\" content=\"1 minute\" \/>\n<!-- \/ Yoast SEO plugin. -->","yoast_head_json":{"title":"Aka-Paste Poly 1 \u00b5m | P\u00e2te de diamant polycristallin | Akasel A\/S","description":"Pour un polissage manuel fin et l'amor\u00e7age des chiffons, utilisez Aka-Paste Poly 1 \u00b5m. Cette p\u00e2te diamant\u00e9e assure une finition de surface sup\u00e9rieure.","robots":{"index":"index","follow":"follow","max-snippet":"max-snippet:-1","max-image-preview":"max-image-preview:large","max-video-preview":"max-video-preview:-1"},"canonical":"https:\/\/akasel.com\/fr\/shop\/polissage-metallographique\/produits-diamantes\/aka-paste-poly-1-\u00b5m\/","og_locale":"fr_FR","og_type":"article","og_title":"Aka-Paste Poly 1 \u00b5m | P\u00e2te de diamant polycristallin | Akasel A\/S","og_description":"Pour un polissage manuel fin et l'amor\u00e7age des chiffons, utilisez Aka-Paste Poly 1 \u00b5m. Cette p\u00e2te diamant\u00e9e assure une finition de surface sup\u00e9rieure.","og_url":"https:\/\/akasel.com\/fr\/shop\/polissage-metallographique\/produits-diamantes\/aka-paste-poly-1-\u00b5m\/","og_site_name":"AKASEL A\/S","article_modified_time":"2026-01-13T06:24:58+00:00","og_image":[{"width":2560,"height":1652,"url":"https:\/\/akasel.com\/fr\/wp-content\/uploads\/sites\/8\/2025\/09\/47024011-1.png","type":"image\/png"}],"twitter_card":"summary_large_image","twitter_misc":{"Dur\u00e9e de lecture estim\u00e9e":"1 minute"},"schema":{"@context":"https:\/\/schema.org","@graph":[{"@type":"WebPage","@id":"https:\/\/akasel.com\/fr\/shop\/polissage-metallographique\/produits-diamantes\/aka-paste-poly-1-%c2%b5m\/","url":"https:\/\/akasel.com\/fr\/shop\/polissage-metallographique\/produits-diamantes\/aka-paste-poly-1-%c2%b5m\/","name":"Aka-Paste Poly 1 \u00b5m | P\u00e2te de diamant polycristallin | Akasel A\/S","isPartOf":{"@id":"https:\/\/akasel.com\/fr\/#website"},"datePublished":"2020-10-29T15:17:57+00:00","dateModified":"2026-01-13T06:24:58+00:00","description":"Pour un polissage manuel fin et l'amor\u00e7age des chiffons, utilisez Aka-Paste Poly 1 \u00b5m. Cette p\u00e2te diamant\u00e9e assure une finition de surface sup\u00e9rieure.","breadcrumb":{"@id":"https:\/\/akasel.com\/fr\/shop\/polissage-metallographique\/produits-diamantes\/aka-paste-poly-1-%c2%b5m\/#breadcrumb"},"inLanguage":"fr-FR","potentialAction":[{"@type":"ReadAction","target":["https:\/\/akasel.com\/fr\/shop\/polissage-metallographique\/produits-diamantes\/aka-paste-poly-1-%c2%b5m\/"]}]},{"@type":"BreadcrumbList","@id":"https:\/\/akasel.com\/fr\/shop\/polissage-metallographique\/produits-diamantes\/aka-paste-poly-1-%c2%b5m\/#breadcrumb","itemListElement":[{"@type":"ListItem","position":1,"name":"Home","item":"https:\/\/akasel.com\/fr\/"},{"@type":"ListItem","position":2,"name":"Boutique","item":"https:\/\/akasel.com\/fr\/boutique\/"},{"@type":"ListItem","position":3,"name":"Aka-Paste Poly 1 \u00b5m"}]},{"@type":"WebSite","@id":"https:\/\/akasel.com\/fr\/#website","url":"https:\/\/akasel.com\/fr\/","name":"AKASEL A\/S","description":"","potentialAction":[{"@type":"SearchAction","target":{"@type":"EntryPoint","urlTemplate":"https:\/\/akasel.com\/fr\/?s={search_term_string}"},"query-input":"required name=search_term_string"}],"inLanguage":"fr-FR"}]}},"_links":{"self":[{"href":"https:\/\/akasel.com\/fr\/wp-json\/wp\/v3\/product\/10201"}],"collection":[{"href":"https:\/\/akasel.com\/fr\/wp-json\/wp\/v3\/product"}],"about":[{"href":"https:\/\/akasel.com\/fr\/wp-json\/wp\/v2\/types\/product"}],"wp:featuredmedia":[{"embeddable":true,"href":"https:\/\/akasel.com\/fr\/wp-json\/wp\/v2\/media\/33612"}],"wp:attachment":[{"href":"https:\/\/akasel.com\/fr\/wp-json\/wp\/v2\/media?parent=10201"}],"wp:term":[{"taxonomy":"product_cat","embeddable":true,"href":"https:\/\/akasel.com\/fr\/wp-json\/wp\/v2\/product_cat?post=10201"},{"taxonomy":"product_tag","embeddable":true,"href":"https:\/\/akasel.com\/fr\/wp-json\/wp\/v2\/product_tag?post=10201"}],"curies":[{"name":"wp","href":"https:\/\/api.w.org\/{rel}","templated":true}]}}