{"id":10217,"date":"2020-10-29T23:01:13","date_gmt":"2020-10-29T22:01:13","guid":{"rendered":"https:\/\/akasel.com\/fr\/p\/colloidal-silica-suspension-50-nm-alkaline\/"},"modified":"2026-01-13T07:25:00","modified_gmt":"2026-01-13T06:25:00","slug":"colloidal-silica-suspension-50-nm-alkaline","status":"publish","type":"product","link":"https:\/\/akasel.com\/fr\/shop\/polissage-a-loxyde\/colloidal-silica-suspension-50-nm-alkaline\/","title":{"rendered":"Colloidal Silica Suspension 50 nm Alkaline"},"content":{"rendered":"<p>Contenu disponible : 1 l, 5 l<\/p>\n<p><a href=\"https:\/\/akasel.com\/fr\/wp-content\/uploads\/2024\/07\/sds-colloidal-silica-50nm-alkaline-en-v40.pdf\">Suspension de silice collo\u00efdale SDS 50 nm (EN)<\/a><\/p>\n<p><a href=\"https:\/\/akasel.com\/fr\/wp-content\/uploads\/2024\/06\/oxide-polishing-product-brochure.pdf\">Brochures sur les produits de polissage des oxydes (EN)<\/a><\/p>\n<div style=\"width: 1280px;\" class=\"wp-video\"><!--[if lt IE 9]><script>document.createElement('video');<\/script><![endif]-->\n<video class=\"wp-video-shortcode\" id=\"video-10217-1\" width=\"1280\" height=\"720\" poster=\"https:\/\/akasel.com\/fr\/wp-content\/uploads\/2024\/10\/oxide-polishing-trick-thumbnail.jpg\" preload=\"metadata\" controls=\"controls\"><source type=\"video\/mp4\" src=\"https:\/\/akasel.com\/fr\/wp-content\/uploads\/2024\/10\/oxide-polishing-long-version.mp4?_=1\" \/><a href=\"https:\/\/akasel.com\/fr\/wp-content\/uploads\/2024\/10\/oxide-polishing-long-version.mp4\">https:\/\/akasel.com\/fr\/wp-content\/uploads\/2024\/10\/oxide-polishing-long-version.mp4<\/a><\/video><\/div>\n","protected":false},"excerpt":{"rendered":"<p>Suspension de silice collo\u00efdale pour le polissage final des \u00e9chantillons m\u00e9tallographiques.<\/p>\n<p>La suspension peut \u00eatre m\u00e9lang\u00e9e \u00e0 des agents de gravure pour renforcer l&#8217;action de polissage.<\/p>\n<p>Concentration de silice 585 g\/l<br \/>\nM\u00e9diane (50%) 50 nm<br \/>\npH 9,5 &#8211; 10,5<\/p>\n<p>Contient un agent anti-s\u00e9chant. Agiter avant utilisation<\/p>\n","protected":false},"featured_media":33604,"template":"","meta":[],"product_cat":[336],"product_tag":[],"class_list":["post-10217","product","type-product","status-publish","has-post-thumbnail","hentry","product_cat-polissage-a-loxyde"],"yoast_head":"<!-- This site is optimized with the Yoast SEO plugin v21.7 - https:\/\/yoast.com\/wordpress\/plugins\/seo\/ -->\n<title>Colloidal Silica Suspension 50 nm Alkaline - AKASEL A\/S<\/title>\n<meta name=\"description\" content=\"Obtenez une surface parfaite et sans d\u00e9formation avec notre silice collo\u00efdale (50 nm, alcaline). La suspension id\u00e9ale pour un polissage final sans d\u00e9faut.\" \/>\n<meta name=\"robots\" content=\"index, follow, max-snippet:-1, max-image-preview:large, max-video-preview:-1\" \/>\n<link rel=\"canonical\" href=\"https:\/\/akasel.com\/fr\/shop\/polissage-a-loxyde\/colloidal-silica-suspension-50-nm-alkaline\/\" \/>\n<meta property=\"og:locale\" content=\"fr_FR\" \/>\n<meta property=\"og:type\" content=\"article\" \/>\n<meta property=\"og:title\" content=\"Colloidal Silica Suspension 50 nm Alkaline - AKASEL A\/S\" \/>\n<meta property=\"og:description\" content=\"Obtenez une surface parfaite et sans d\u00e9formation avec notre silice collo\u00efdale (50 nm, alcaline). La suspension id\u00e9ale pour un polissage final sans d\u00e9faut.\" \/>\n<meta property=\"og:url\" content=\"https:\/\/akasel.com\/fr\/shop\/polissage-a-loxyde\/colloidal-silica-suspension-50-nm-alkaline\/\" \/>\n<meta property=\"og:site_name\" content=\"AKASEL A\/S\" \/>\n<meta property=\"article:modified_time\" content=\"2026-01-13T06:25:00+00:00\" \/>\n<meta property=\"og:image\" content=\"https:\/\/akasel.com\/fr\/wp-content\/uploads\/sites\/8\/2025\/09\/48161015.png\" \/>\n\t<meta property=\"og:image:width\" content=\"1198\" \/>\n\t<meta property=\"og:image:height\" content=\"2560\" \/>\n\t<meta property=\"og:image:type\" content=\"image\/png\" \/>\n<meta name=\"twitter:card\" content=\"summary_large_image\" \/>\n<meta name=\"twitter:label1\" content=\"Dur\u00e9e de lecture estim\u00e9e\" \/>\n\t<meta name=\"twitter:data1\" content=\"1 minute\" \/>\n<!-- \/ Yoast SEO plugin. -->","yoast_head_json":{"title":"Colloidal Silica Suspension 50 nm Alkaline - AKASEL A\/S","description":"Obtenez une surface parfaite et sans d\u00e9formation avec notre silice collo\u00efdale (50 nm, alcaline). La suspension id\u00e9ale pour un polissage final sans d\u00e9faut.","robots":{"index":"index","follow":"follow","max-snippet":"max-snippet:-1","max-image-preview":"max-image-preview:large","max-video-preview":"max-video-preview:-1"},"canonical":"https:\/\/akasel.com\/fr\/shop\/polissage-a-loxyde\/colloidal-silica-suspension-50-nm-alkaline\/","og_locale":"fr_FR","og_type":"article","og_title":"Colloidal Silica Suspension 50 nm Alkaline - AKASEL A\/S","og_description":"Obtenez une surface parfaite et sans d\u00e9formation avec notre silice collo\u00efdale (50 nm, alcaline). La suspension id\u00e9ale pour un polissage final sans d\u00e9faut.","og_url":"https:\/\/akasel.com\/fr\/shop\/polissage-a-loxyde\/colloidal-silica-suspension-50-nm-alkaline\/","og_site_name":"AKASEL A\/S","article_modified_time":"2026-01-13T06:25:00+00:00","og_image":[{"width":1198,"height":2560,"url":"https:\/\/akasel.com\/fr\/wp-content\/uploads\/sites\/8\/2025\/09\/48161015.png","type":"image\/png"}],"twitter_card":"summary_large_image","twitter_misc":{"Dur\u00e9e de lecture estim\u00e9e":"1 minute"},"schema":{"@context":"https:\/\/schema.org","@graph":[{"@type":"WebPage","@id":"https:\/\/akasel.com\/fr\/shop\/polissage-a-loxyde\/colloidal-silica-suspension-50-nm-alkaline\/","url":"https:\/\/akasel.com\/fr\/shop\/polissage-a-loxyde\/colloidal-silica-suspension-50-nm-alkaline\/","name":"Colloidal Silica Suspension 50 nm Alkaline - AKASEL A\/S","isPartOf":{"@id":"https:\/\/akasel.com\/fr\/#website"},"datePublished":"2020-10-29T22:01:13+00:00","dateModified":"2026-01-13T06:25:00+00:00","description":"Obtenez une surface parfaite et sans d\u00e9formation avec notre silice collo\u00efdale (50 nm, alcaline). La suspension id\u00e9ale pour un polissage final sans d\u00e9faut.","breadcrumb":{"@id":"https:\/\/akasel.com\/fr\/shop\/polissage-a-loxyde\/colloidal-silica-suspension-50-nm-alkaline\/#breadcrumb"},"inLanguage":"fr-FR","potentialAction":[{"@type":"ReadAction","target":["https:\/\/akasel.com\/fr\/shop\/polissage-a-loxyde\/colloidal-silica-suspension-50-nm-alkaline\/"]}]},{"@type":"BreadcrumbList","@id":"https:\/\/akasel.com\/fr\/shop\/polissage-a-loxyde\/colloidal-silica-suspension-50-nm-alkaline\/#breadcrumb","itemListElement":[{"@type":"ListItem","position":1,"name":"Home","item":"https:\/\/akasel.com\/fr\/"},{"@type":"ListItem","position":2,"name":"Boutique","item":"https:\/\/akasel.com\/fr\/boutique\/"},{"@type":"ListItem","position":3,"name":"Colloidal Silica Suspension 50 nm Alkaline"}]},{"@type":"WebSite","@id":"https:\/\/akasel.com\/fr\/#website","url":"https:\/\/akasel.com\/fr\/","name":"AKASEL A\/S","description":"","potentialAction":[{"@type":"SearchAction","target":{"@type":"EntryPoint","urlTemplate":"https:\/\/akasel.com\/fr\/?s={search_term_string}"},"query-input":"required name=search_term_string"}],"inLanguage":"fr-FR"}]}},"_links":{"self":[{"href":"https:\/\/akasel.com\/fr\/wp-json\/wp\/v3\/product\/10217"}],"collection":[{"href":"https:\/\/akasel.com\/fr\/wp-json\/wp\/v3\/product"}],"about":[{"href":"https:\/\/akasel.com\/fr\/wp-json\/wp\/v2\/types\/product"}],"wp:featuredmedia":[{"embeddable":true,"href":"https:\/\/akasel.com\/fr\/wp-json\/wp\/v2\/media\/33604"}],"wp:attachment":[{"href":"https:\/\/akasel.com\/fr\/wp-json\/wp\/v2\/media?parent=10217"}],"wp:term":[{"taxonomy":"product_cat","embeddable":true,"href":"https:\/\/akasel.com\/fr\/wp-json\/wp\/v2\/product_cat?post=10217"},{"taxonomy":"product_tag","embeddable":true,"href":"https:\/\/akasel.com\/fr\/wp-json\/wp\/v2\/product_tag?post=10217"}],"curies":[{"name":"wp","href":"https:\/\/api.w.org\/{rel}","templated":true}]}}