{"id":10219,"date":"2020-10-29T23:04:31","date_gmt":"2020-10-29T22:04:31","guid":{"rendered":"https:\/\/akasel.com\/fr\/p\/alumina-suspension-50-nm-neutral\/"},"modified":"2026-01-13T07:25:02","modified_gmt":"2026-01-13T06:25:02","slug":"alumina-suspension-50-nm-neutral","status":"publish","type":"product","link":"https:\/\/akasel.com\/fr\/shop\/polissage-a-loxyde\/alumina-suspension-50-nm-neutral\/","title":{"rendered":"Alumina Suspension 50 nm Neutral"},"content":{"rendered":"<p>Contenu disponible : 1 l, 5 l<\/p>\n<p><a href=\"https:\/\/akasel.com\/fr\/wp-content\/uploads\/2024\/04\/sds-alumina-suspension-en-v20.pdf\">Suspension d&#8217;alumine SDS 50 nm (EN)<\/a><\/p>\n<p><a href=\"https:\/\/akasel.com\/fr\/wp-content\/uploads\/2024\/06\/oxide-polishing-product-brochure.pdf\">Brochures sur les produits de polissage des oxydes (EN)<\/a><\/p>\n<div style=\"position: relative; padding-bottom: 56.25%; height: auto; overflow: hidden; max-width: 100%;\"><video style=\"position: absolute; top: 0; left: 0; width: 100%; height: 100%;\" poster=\"https:\/\/akasel.com\/fr\/wp-content\/uploads\/2024\/10\/oxide-polishing-trick-thumbnail.jpg\" preload=\"metadata\" controls=\"controls\" width=\"300\" height=\"150\"><source src=\"https:\/\/akasel.com\/fr\/wp-content\/uploads\/2024\/10\/oxide-polishing-long-version.mp4\" type=\"video\/mp4\" \/>Votre navigateur ne prend pas en charge la lecture des vid\u00e9os.<\/video><\/div>\n","protected":false},"excerpt":{"rendered":"<p>Suspension d&#8217;alumine pour le polissage final des \u00e9chantillons m\u00e9tallographiques.<\/p>\n<p>La suspension peut \u00eatre m\u00e9lang\u00e9e \u00e0 des agents de gravure pour renforcer l&#8217;action de polissage.<\/p>\n<p>Concentration d&#8217;alumine 200 g\/l<br \/>\nM\u00e9diane (50%) 50 nm<br \/>\npH 7 &#8211; 8<\/p>\n<p>Contient un agent anti-s\u00e9chant. Agiter avant utilisation.<\/p>\n","protected":false},"featured_media":33603,"template":"","meta":[],"product_cat":[336,344],"product_tag":[],"class_list":["post-10219","product","type-product","status-publish","has-post-thumbnail","hentry","product_cat-polissage-a-loxyde","product_cat-polissage-metallographique"],"yoast_head":"<!-- This site is optimized with the Yoast SEO plugin v21.7 - https:\/\/yoast.com\/wordpress\/plugins\/seo\/ -->\n<title>Suspension d&#039;alumine 50 nm neutre | Polissage \u00e0 l&#039;oxyde | Akasel<\/title>\n<meta name=\"description\" content=\"Notre suspension d&#039;alumine neutre (50 nm) pour le polissage final de vos \u00e9chantillons. Assure une finition de surface sup\u00e9rieure pour un usage g\u00e9n\u00e9ral.\" \/>\n<meta name=\"robots\" content=\"index, follow, max-snippet:-1, max-image-preview:large, max-video-preview:-1\" \/>\n<link rel=\"canonical\" href=\"https:\/\/akasel.com\/fr\/shop\/polissage-a-loxyde\/alumina-suspension-50-nm-neutral\/\" \/>\n<meta property=\"og:locale\" content=\"fr_FR\" \/>\n<meta property=\"og:type\" content=\"article\" \/>\n<meta property=\"og:title\" content=\"Suspension d&#039;alumine 50 nm neutre | Polissage \u00e0 l&#039;oxyde | Akasel\" \/>\n<meta property=\"og:description\" content=\"Notre suspension d&#039;alumine neutre (50 nm) pour le polissage final de vos \u00e9chantillons. Assure une finition de surface sup\u00e9rieure pour un usage g\u00e9n\u00e9ral.\" \/>\n<meta property=\"og:url\" content=\"https:\/\/akasel.com\/fr\/shop\/polissage-a-loxyde\/alumina-suspension-50-nm-neutral\/\" \/>\n<meta property=\"og:site_name\" content=\"AKASEL A\/S\" \/>\n<meta property=\"article:modified_time\" content=\"2026-01-13T06:25:02+00:00\" \/>\n<meta property=\"og:image\" content=\"https:\/\/akasel.com\/fr\/wp-content\/uploads\/sites\/8\/2025\/09\/48211015.png\" \/>\n\t<meta property=\"og:image:width\" content=\"1198\" \/>\n\t<meta property=\"og:image:height\" content=\"2560\" \/>\n\t<meta property=\"og:image:type\" content=\"image\/png\" \/>\n<meta name=\"twitter:card\" content=\"summary_large_image\" \/>\n<meta name=\"twitter:label1\" content=\"Dur\u00e9e de lecture estim\u00e9e\" \/>\n\t<meta name=\"twitter:data1\" content=\"1 minute\" \/>\n<!-- \/ Yoast SEO plugin. -->","yoast_head_json":{"title":"Suspension d'alumine 50 nm neutre | Polissage \u00e0 l'oxyde | Akasel","description":"Notre suspension d'alumine neutre (50 nm) pour le polissage final de vos \u00e9chantillons. Assure une finition de surface sup\u00e9rieure pour un usage g\u00e9n\u00e9ral.","robots":{"index":"index","follow":"follow","max-snippet":"max-snippet:-1","max-image-preview":"max-image-preview:large","max-video-preview":"max-video-preview:-1"},"canonical":"https:\/\/akasel.com\/fr\/shop\/polissage-a-loxyde\/alumina-suspension-50-nm-neutral\/","og_locale":"fr_FR","og_type":"article","og_title":"Suspension d'alumine 50 nm neutre | Polissage \u00e0 l'oxyde | Akasel","og_description":"Notre suspension d'alumine neutre (50 nm) pour le polissage final de vos \u00e9chantillons. Assure une finition de surface sup\u00e9rieure pour un usage g\u00e9n\u00e9ral.","og_url":"https:\/\/akasel.com\/fr\/shop\/polissage-a-loxyde\/alumina-suspension-50-nm-neutral\/","og_site_name":"AKASEL A\/S","article_modified_time":"2026-01-13T06:25:02+00:00","og_image":[{"width":1198,"height":2560,"url":"https:\/\/akasel.com\/fr\/wp-content\/uploads\/sites\/8\/2025\/09\/48211015.png","type":"image\/png"}],"twitter_card":"summary_large_image","twitter_misc":{"Dur\u00e9e de lecture estim\u00e9e":"1 minute"},"schema":{"@context":"https:\/\/schema.org","@graph":[{"@type":"WebPage","@id":"https:\/\/akasel.com\/fr\/shop\/polissage-a-loxyde\/alumina-suspension-50-nm-neutral\/","url":"https:\/\/akasel.com\/fr\/shop\/polissage-a-loxyde\/alumina-suspension-50-nm-neutral\/","name":"Suspension d'alumine 50 nm neutre | Polissage \u00e0 l'oxyde | Akasel","isPartOf":{"@id":"https:\/\/akasel.com\/fr\/#website"},"datePublished":"2020-10-29T22:04:31+00:00","dateModified":"2026-01-13T06:25:02+00:00","description":"Notre suspension d'alumine neutre (50 nm) pour le polissage final de vos \u00e9chantillons. Assure une finition de surface sup\u00e9rieure pour un usage g\u00e9n\u00e9ral.","breadcrumb":{"@id":"https:\/\/akasel.com\/fr\/shop\/polissage-a-loxyde\/alumina-suspension-50-nm-neutral\/#breadcrumb"},"inLanguage":"fr-FR","potentialAction":[{"@type":"ReadAction","target":["https:\/\/akasel.com\/fr\/shop\/polissage-a-loxyde\/alumina-suspension-50-nm-neutral\/"]}]},{"@type":"BreadcrumbList","@id":"https:\/\/akasel.com\/fr\/shop\/polissage-a-loxyde\/alumina-suspension-50-nm-neutral\/#breadcrumb","itemListElement":[{"@type":"ListItem","position":1,"name":"Home","item":"https:\/\/akasel.com\/fr\/"},{"@type":"ListItem","position":2,"name":"Boutique","item":"https:\/\/akasel.com\/fr\/boutique\/"},{"@type":"ListItem","position":3,"name":"Alumina Suspension 50 nm Neutral"}]},{"@type":"WebSite","@id":"https:\/\/akasel.com\/fr\/#website","url":"https:\/\/akasel.com\/fr\/","name":"AKASEL A\/S","description":"","potentialAction":[{"@type":"SearchAction","target":{"@type":"EntryPoint","urlTemplate":"https:\/\/akasel.com\/fr\/?s={search_term_string}"},"query-input":"required name=search_term_string"}],"inLanguage":"fr-FR"}]}},"_links":{"self":[{"href":"https:\/\/akasel.com\/fr\/wp-json\/wp\/v3\/product\/10219"}],"collection":[{"href":"https:\/\/akasel.com\/fr\/wp-json\/wp\/v3\/product"}],"about":[{"href":"https:\/\/akasel.com\/fr\/wp-json\/wp\/v2\/types\/product"}],"wp:featuredmedia":[{"embeddable":true,"href":"https:\/\/akasel.com\/fr\/wp-json\/wp\/v2\/media\/33603"}],"wp:attachment":[{"href":"https:\/\/akasel.com\/fr\/wp-json\/wp\/v2\/media?parent=10219"}],"wp:term":[{"taxonomy":"product_cat","embeddable":true,"href":"https:\/\/akasel.com\/fr\/wp-json\/wp\/v2\/product_cat?post=10219"},{"taxonomy":"product_tag","embeddable":true,"href":"https:\/\/akasel.com\/fr\/wp-json\/wp\/v2\/product_tag?post=10219"}],"curies":[{"name":"wp","href":"https:\/\/api.w.org\/{rel}","templated":true}]}}