{"id":10225,"date":"2020-10-30T08:45:24","date_gmt":"2020-10-30T07:45:24","guid":{"rendered":"https:\/\/akasel.com\/fr\/p\/aka-lube-green\/"},"modified":"2026-01-13T07:25:02","modified_gmt":"2026-01-13T06:25:02","slug":"aka-lube-green","status":"publish","type":"product","link":"https:\/\/akasel.com\/fr\/shop\/polissage-metallographique\/lubrifiants\/aka-lube-green\/","title":{"rendered":"Aka-Lube Green"},"content":{"rendered":"<p>Contenu disponible : 1 l, 5 l<\/p>\n<p><a href=\"https:\/\/akasel.com\/fr\/wp-content\/uploads\/2024\/07\/sds-aka-lube-yellow-green-red-en-v50.pdf\">FDS Aka-Lube Jaune, Aka-Lube Vert &amp; Aka-Lube Rouge (EN)<\/a><\/p>\n","protected":false},"excerpt":{"rendered":"<p>Lubrifiant \u00e0 base d&#8217;eau pour la pr\u00e9paration d&#8217;\u00e9chantillons m\u00e9tallographiques.<\/p>\n<p>Film lubrifiant tr\u00e8s fin.<\/p>\n<p>Aka-Lube Green fournit des r\u00e9sultats de pr\u00e9paration exceptionnels lorsqu&#8217;un enl\u00e8vement de mati\u00e8re important, combin\u00e9 \u00e0 un bon \u00e9tat de surface, est requis.<\/p>\n<p>Aka-Lube Green est un peu plus \u00e9pais que <a href=\"https:\/\/akasel.com\/fr\/shop\/polissage-metallographique\/lubricants\/aka-lube-clear\/\">Aka-Lube Clear+<\/a>.<\/p>\n","protected":false},"featured_media":33600,"template":"","meta":[],"product_cat":[344,347],"product_tag":[],"class_list":["post-10225","product","type-product","status-publish","has-post-thumbnail","hentry","product_cat-polissage-metallographique","product_cat-lubrifiants"],"yoast_head":"<!-- This site is optimized with the Yoast SEO plugin v21.7 - https:\/\/yoast.com\/wordpress\/plugins\/seo\/ -->\n<title>Aka-Lube Green | Lubrifiant pour Enl\u00e8vement \u00c9lev\u00e9 | AKASEL A\/S<\/title>\n<meta name=\"description\" content=\"Lubrifiant \u00e0 base d&#039;eau con\u00e7u pour le polissage m\u00e9tallographique, garantissant d&#039;excellents \u00e9tats de surface et un fonctionnement en douceur.\" \/>\n<meta name=\"robots\" content=\"index, follow, max-snippet:-1, max-image-preview:large, max-video-preview:-1\" \/>\n<link rel=\"canonical\" href=\"https:\/\/akasel.com\/fr\/shop\/polissage-metallographique\/lubrifiants\/aka-lube-green\/\" \/>\n<meta property=\"og:locale\" content=\"fr_FR\" \/>\n<meta property=\"og:type\" content=\"article\" \/>\n<meta property=\"og:title\" content=\"Aka-Lube Green | Lubrifiant pour Enl\u00e8vement \u00c9lev\u00e9 | AKASEL A\/S\" \/>\n<meta property=\"og:description\" content=\"Lubrifiant \u00e0 base d&#039;eau con\u00e7u pour le polissage m\u00e9tallographique, garantissant d&#039;excellents \u00e9tats de surface et un fonctionnement en douceur.\" \/>\n<meta property=\"og:url\" content=\"https:\/\/akasel.com\/fr\/shop\/polissage-metallographique\/lubrifiants\/aka-lube-green\/\" \/>\n<meta property=\"og:site_name\" content=\"AKASEL A\/S\" \/>\n<meta property=\"article:modified_time\" content=\"2026-01-13T06:25:02+00:00\" \/>\n<meta property=\"og:image\" content=\"https:\/\/akasel.com\/fr\/wp-content\/uploads\/sites\/8\/2025\/09\/aka-lube-green-water-based-lubricant-metallographic-1l.png\" \/>\n\t<meta property=\"og:image:width\" content=\"981\" \/>\n\t<meta property=\"og:image:height\" content=\"2559\" \/>\n\t<meta property=\"og:image:type\" content=\"image\/png\" \/>\n<meta name=\"twitter:card\" content=\"summary_large_image\" \/>\n<meta name=\"twitter:label1\" content=\"Dur\u00e9e de lecture estim\u00e9e\" \/>\n\t<meta name=\"twitter:data1\" content=\"1 minute\" \/>\n<!-- \/ Yoast SEO plugin. -->","yoast_head_json":{"title":"Aka-Lube Green | Lubrifiant pour Enl\u00e8vement \u00c9lev\u00e9 | AKASEL A\/S","description":"Lubrifiant \u00e0 base d'eau con\u00e7u pour le polissage m\u00e9tallographique, garantissant d'excellents \u00e9tats de surface et un fonctionnement en douceur.","robots":{"index":"index","follow":"follow","max-snippet":"max-snippet:-1","max-image-preview":"max-image-preview:large","max-video-preview":"max-video-preview:-1"},"canonical":"https:\/\/akasel.com\/fr\/shop\/polissage-metallographique\/lubrifiants\/aka-lube-green\/","og_locale":"fr_FR","og_type":"article","og_title":"Aka-Lube Green | Lubrifiant pour Enl\u00e8vement \u00c9lev\u00e9 | AKASEL A\/S","og_description":"Lubrifiant \u00e0 base d'eau con\u00e7u pour le polissage m\u00e9tallographique, garantissant d'excellents \u00e9tats de surface et un fonctionnement en douceur.","og_url":"https:\/\/akasel.com\/fr\/shop\/polissage-metallographique\/lubrifiants\/aka-lube-green\/","og_site_name":"AKASEL A\/S","article_modified_time":"2026-01-13T06:25:02+00:00","og_image":[{"width":981,"height":2559,"url":"https:\/\/akasel.com\/fr\/wp-content\/uploads\/sites\/8\/2025\/09\/aka-lube-green-water-based-lubricant-metallographic-1l.png","type":"image\/png"}],"twitter_card":"summary_large_image","twitter_misc":{"Dur\u00e9e de lecture estim\u00e9e":"1 minute"},"schema":{"@context":"https:\/\/schema.org","@graph":[{"@type":"WebPage","@id":"https:\/\/akasel.com\/fr\/shop\/polissage-metallographique\/lubrifiants\/aka-lube-green\/","url":"https:\/\/akasel.com\/fr\/shop\/polissage-metallographique\/lubrifiants\/aka-lube-green\/","name":"Aka-Lube Green | Lubrifiant pour Enl\u00e8vement \u00c9lev\u00e9 | AKASEL A\/S","isPartOf":{"@id":"https:\/\/akasel.com\/fr\/#website"},"datePublished":"2020-10-30T07:45:24+00:00","dateModified":"2026-01-13T06:25:02+00:00","description":"Lubrifiant \u00e0 base d'eau con\u00e7u pour le polissage m\u00e9tallographique, garantissant d'excellents \u00e9tats de surface et un fonctionnement en douceur.","breadcrumb":{"@id":"https:\/\/akasel.com\/fr\/shop\/polissage-metallographique\/lubrifiants\/aka-lube-green\/#breadcrumb"},"inLanguage":"fr-FR","potentialAction":[{"@type":"ReadAction","target":["https:\/\/akasel.com\/fr\/shop\/polissage-metallographique\/lubrifiants\/aka-lube-green\/"]}]},{"@type":"BreadcrumbList","@id":"https:\/\/akasel.com\/fr\/shop\/polissage-metallographique\/lubrifiants\/aka-lube-green\/#breadcrumb","itemListElement":[{"@type":"ListItem","position":1,"name":"Home","item":"https:\/\/akasel.com\/fr\/"},{"@type":"ListItem","position":2,"name":"Boutique","item":"https:\/\/akasel.com\/fr\/boutique\/"},{"@type":"ListItem","position":3,"name":"Aka-Lube Green"}]},{"@type":"WebSite","@id":"https:\/\/akasel.com\/fr\/#website","url":"https:\/\/akasel.com\/fr\/","name":"AKASEL A\/S","description":"","potentialAction":[{"@type":"SearchAction","target":{"@type":"EntryPoint","urlTemplate":"https:\/\/akasel.com\/fr\/?s={search_term_string}"},"query-input":"required name=search_term_string"}],"inLanguage":"fr-FR"}]}},"_links":{"self":[{"href":"https:\/\/akasel.com\/fr\/wp-json\/wp\/v3\/product\/10225"}],"collection":[{"href":"https:\/\/akasel.com\/fr\/wp-json\/wp\/v3\/product"}],"about":[{"href":"https:\/\/akasel.com\/fr\/wp-json\/wp\/v2\/types\/product"}],"wp:featuredmedia":[{"embeddable":true,"href":"https:\/\/akasel.com\/fr\/wp-json\/wp\/v2\/media\/33600"}],"wp:attachment":[{"href":"https:\/\/akasel.com\/fr\/wp-json\/wp\/v2\/media?parent=10225"}],"wp:term":[{"taxonomy":"product_cat","embeddable":true,"href":"https:\/\/akasel.com\/fr\/wp-json\/wp\/v2\/product_cat?post=10225"},{"taxonomy":"product_tag","embeddable":true,"href":"https:\/\/akasel.com\/fr\/wp-json\/wp\/v2\/product_tag?post=10225"}],"curies":[{"name":"wp","href":"https:\/\/api.w.org\/{rel}","templated":true}]}}