{"id":10238,"date":"2020-10-30T09:24:13","date_gmt":"2020-10-30T08:24:13","guid":{"rendered":"https:\/\/akasel.com\/fr\/p\/aka-lube-blue\/"},"modified":"2026-01-13T07:25:01","modified_gmt":"2026-01-13T06:25:01","slug":"aka-lube-blue","status":"publish","type":"product","link":"https:\/\/akasel.com\/fr\/shop\/polissage-metallographique\/lubrifiants\/aka-lube-blue\/","title":{"rendered":"Aka-Lube Blue"},"content":{"rendered":"<p>Contenu disponible : 1 l<\/p>\n<p>Produits dangereux : Des frais suppl\u00e9mentaires s&#8217;appliquent pour l&#8217;exp\u00e9dition<\/p>\n<p><a href=\"https:\/\/akasel.com\/fr\/wp-content\/uploads\/2024\/04\/sds-aka-lube-blue-en-v30.pdf\">SDS Aka-Lube Bleu (EN)<\/a><\/p>\n","protected":false},"excerpt":{"rendered":"<div class=\"product-shop\">\n<div class=\"product-description\">\n<p>Lubrifiant traditionnel sans eau \u00e0 base d&#8217;\u00e9thanol pour la pr\u00e9paration d&#8217;\u00e9chantillons m\u00e9tallographiques.<\/p>\n<p>Film lubrifiant fin.<br \/>\nAka-Lube Blue peut \u00eatre utilis\u00e9 pour le pr\u00e9polissage fin et le polissage. Il assure un excellent refroidissement et est id\u00e9al pour une pr\u00e9paration rapide et automatis\u00e9e.<\/p>\n<p>Il peut \u00e9galement \u00eatre utilis\u00e9 pour la pr\u00e9paration de mat\u00e9riaux sensibles \u00e0 l&#8217;eau.<\/p>\n<\/div>\n<\/div>\n","protected":false},"featured_media":33596,"template":"","meta":[],"product_cat":[344,347],"product_tag":[],"class_list":["post-10238","product","type-product","status-publish","has-post-thumbnail","hentry","product_cat-polissage-metallographique","product_cat-lubrifiants"],"yoast_head":"<!-- This site is optimized with the Yoast SEO plugin v21.7 - https:\/\/yoast.com\/wordpress\/plugins\/seo\/ -->\n<title>Aka-Lube Blue \u2013 Lubrifiant de polissage m\u00e9tallographique | Akasel<\/title>\n<meta name=\"description\" content=\"Le lubrifiant \u00e0 base d&#039;\u00e9thanol pour une pr\u00e9paration rapide et automatis\u00e9e. Aka-Lube Blue offre un excellent refroidissement pour une finition de qualit\u00e9.\" \/>\n<meta name=\"robots\" content=\"index, follow, max-snippet:-1, max-image-preview:large, max-video-preview:-1\" \/>\n<link rel=\"canonical\" href=\"https:\/\/akasel.com\/fr\/shop\/polissage-metallographique\/lubrifiants\/aka-lube-blue\/\" \/>\n<meta property=\"og:locale\" content=\"fr_FR\" \/>\n<meta property=\"og:type\" content=\"article\" \/>\n<meta property=\"og:title\" content=\"Aka-Lube Blue \u2013 Lubrifiant de polissage m\u00e9tallographique | Akasel\" \/>\n<meta property=\"og:description\" content=\"Le lubrifiant \u00e0 base d&#039;\u00e9thanol pour une pr\u00e9paration rapide et automatis\u00e9e. Aka-Lube Blue offre un excellent refroidissement pour une finition de qualit\u00e9.\" \/>\n<meta property=\"og:url\" content=\"https:\/\/akasel.com\/fr\/shop\/polissage-metallographique\/lubrifiants\/aka-lube-blue\/\" \/>\n<meta property=\"og:site_name\" content=\"AKASEL A\/S\" \/>\n<meta property=\"article:modified_time\" content=\"2026-01-13T06:25:01+00:00\" \/>\n<meta property=\"og:image\" content=\"https:\/\/akasel.com\/fr\/wp-content\/uploads\/sites\/8\/2025\/09\/49601015.png\" \/>\n\t<meta property=\"og:image:width\" content=\"1198\" \/>\n\t<meta property=\"og:image:height\" content=\"2560\" \/>\n\t<meta property=\"og:image:type\" content=\"image\/png\" \/>\n<meta name=\"twitter:card\" content=\"summary_large_image\" \/>\n<meta name=\"twitter:label1\" content=\"Dur\u00e9e de lecture estim\u00e9e\" \/>\n\t<meta name=\"twitter:data1\" content=\"1 minute\" \/>\n<!-- \/ Yoast SEO plugin. -->","yoast_head_json":{"title":"Aka-Lube Blue \u2013 Lubrifiant de polissage m\u00e9tallographique | Akasel","description":"Le lubrifiant \u00e0 base d'\u00e9thanol pour une pr\u00e9paration rapide et automatis\u00e9e. Aka-Lube Blue offre un excellent refroidissement pour une finition de qualit\u00e9.","robots":{"index":"index","follow":"follow","max-snippet":"max-snippet:-1","max-image-preview":"max-image-preview:large","max-video-preview":"max-video-preview:-1"},"canonical":"https:\/\/akasel.com\/fr\/shop\/polissage-metallographique\/lubrifiants\/aka-lube-blue\/","og_locale":"fr_FR","og_type":"article","og_title":"Aka-Lube Blue \u2013 Lubrifiant de polissage m\u00e9tallographique | Akasel","og_description":"Le lubrifiant \u00e0 base d'\u00e9thanol pour une pr\u00e9paration rapide et automatis\u00e9e. Aka-Lube Blue offre un excellent refroidissement pour une finition de qualit\u00e9.","og_url":"https:\/\/akasel.com\/fr\/shop\/polissage-metallographique\/lubrifiants\/aka-lube-blue\/","og_site_name":"AKASEL A\/S","article_modified_time":"2026-01-13T06:25:01+00:00","og_image":[{"width":1198,"height":2560,"url":"https:\/\/akasel.com\/fr\/wp-content\/uploads\/sites\/8\/2025\/09\/49601015.png","type":"image\/png"}],"twitter_card":"summary_large_image","twitter_misc":{"Dur\u00e9e de lecture estim\u00e9e":"1 minute"},"schema":{"@context":"https:\/\/schema.org","@graph":[{"@type":"WebPage","@id":"https:\/\/akasel.com\/fr\/shop\/polissage-metallographique\/lubrifiants\/aka-lube-blue\/","url":"https:\/\/akasel.com\/fr\/shop\/polissage-metallographique\/lubrifiants\/aka-lube-blue\/","name":"Aka-Lube Blue \u2013 Lubrifiant de polissage m\u00e9tallographique | Akasel","isPartOf":{"@id":"https:\/\/akasel.com\/fr\/#website"},"datePublished":"2020-10-30T08:24:13+00:00","dateModified":"2026-01-13T06:25:01+00:00","description":"Le lubrifiant \u00e0 base d'\u00e9thanol pour une pr\u00e9paration rapide et automatis\u00e9e. Aka-Lube Blue offre un excellent refroidissement pour une finition de qualit\u00e9.","breadcrumb":{"@id":"https:\/\/akasel.com\/fr\/shop\/polissage-metallographique\/lubrifiants\/aka-lube-blue\/#breadcrumb"},"inLanguage":"fr-FR","potentialAction":[{"@type":"ReadAction","target":["https:\/\/akasel.com\/fr\/shop\/polissage-metallographique\/lubrifiants\/aka-lube-blue\/"]}]},{"@type":"BreadcrumbList","@id":"https:\/\/akasel.com\/fr\/shop\/polissage-metallographique\/lubrifiants\/aka-lube-blue\/#breadcrumb","itemListElement":[{"@type":"ListItem","position":1,"name":"Home","item":"https:\/\/akasel.com\/fr\/"},{"@type":"ListItem","position":2,"name":"Boutique","item":"https:\/\/akasel.com\/fr\/boutique\/"},{"@type":"ListItem","position":3,"name":"Aka-Lube Blue"}]},{"@type":"WebSite","@id":"https:\/\/akasel.com\/fr\/#website","url":"https:\/\/akasel.com\/fr\/","name":"AKASEL A\/S","description":"","potentialAction":[{"@type":"SearchAction","target":{"@type":"EntryPoint","urlTemplate":"https:\/\/akasel.com\/fr\/?s={search_term_string}"},"query-input":"required name=search_term_string"}],"inLanguage":"fr-FR"}]}},"_links":{"self":[{"href":"https:\/\/akasel.com\/fr\/wp-json\/wp\/v3\/product\/10238"}],"collection":[{"href":"https:\/\/akasel.com\/fr\/wp-json\/wp\/v3\/product"}],"about":[{"href":"https:\/\/akasel.com\/fr\/wp-json\/wp\/v2\/types\/product"}],"wp:featuredmedia":[{"embeddable":true,"href":"https:\/\/akasel.com\/fr\/wp-json\/wp\/v2\/media\/33596"}],"wp:attachment":[{"href":"https:\/\/akasel.com\/fr\/wp-json\/wp\/v2\/media?parent=10238"}],"wp:term":[{"taxonomy":"product_cat","embeddable":true,"href":"https:\/\/akasel.com\/fr\/wp-json\/wp\/v2\/product_cat?post=10238"},{"taxonomy":"product_tag","embeddable":true,"href":"https:\/\/akasel.com\/fr\/wp-json\/wp\/v2\/product_tag?post=10238"}],"curies":[{"name":"wp","href":"https:\/\/api.w.org\/{rel}","templated":true}]}}