{"id":10240,"date":"2020-10-30T09:25:33","date_gmt":"2020-10-30T08:25:33","guid":{"rendered":"https:\/\/akasel.com\/fr\/p\/aka-lube-blue-concentrate\/"},"modified":"2026-01-13T07:25:02","modified_gmt":"2026-01-13T06:25:02","slug":"aka-lube-blue-concentrate","status":"publish","type":"product","link":"https:\/\/akasel.com\/fr\/shop\/polissage-metallographique\/lubrifiants\/aka-lube-blue-concentrate\/","title":{"rendered":"Aka-Lube Blue Concentrate"},"content":{"rendered":"<p>Contenu disponible : 500 ml, 5 l<\/p>\n<p><a href=\"https:\/\/akasel.com\/fr\/wp-content\/uploads\/2024\/07\/sds-aka-lube-blue-concentrate-en-v30.pdf\">SDS Aka-Lube Bleu (EN)<\/a><\/p>\n","protected":false},"excerpt":{"rendered":"<p>Aka-Lube Blue Concentrate est un <a href=\"https:\/\/akasel.com\/fr\/shop\/polissage-metallographique\/lubricants\/aka-lube-blue\/\">Aka-Lube Blue<\/a> sans \u00e9thanol. Comme il est ininflammable, il est s\u00fbr et moins co\u00fbteux \u00e0 exp\u00e9dier.<\/p>\n<p>Il doit \u00eatre m\u00e9lang\u00e9 avec de l&#8217;\u00e9thanol avant d&#8217;\u00eatre utilis\u00e9. M\u00e9lang\u00e9 \u00e0 l&#8217;\u00e9thanol, il s&#8217;agit du m\u00eame produit que l&#8217;Aka-Lube Blue. Il produit un film lubrifiant fin et peut \u00eatre utilis\u00e9 pour le pr\u00e9-polissage fin et le polissage. Il offre un excellent refroidissement et est optimal pour une pr\u00e9paration rapide et automatis\u00e9e.<\/p>\n<p>Il peut \u00e9galement \u00eatre utilis\u00e9 pour la pr\u00e9paration de mat\u00e9riaux sensibles \u00e0 l&#8217;eau.<\/p>\n","protected":false},"featured_media":33595,"template":"","meta":[],"product_cat":[344,347],"product_tag":[],"class_list":["post-10240","product","type-product","status-publish","has-post-thumbnail","hentry","product_cat-polissage-metallographique","product_cat-lubrifiants"],"yoast_head":"<!-- This site is optimized with the Yoast SEO plugin v21.7 - https:\/\/yoast.com\/wordpress\/plugins\/seo\/ -->\n<title>Aka-Lube Bleu Concentr\u00e9 | Lubrifiant M\u00e9tallographique | Akasel A\/S<\/title>\n<meta name=\"description\" content=\"\u00c9conomisez sur les frais d&#039;exp\u00e9dition avec Aka-Lube Blue Concentrate. Un lubrifiant non-inflammable \u00e0 m\u00e9langer avec l&#039;\u00e9thanol pour d&#039;excellents r\u00e9sultats\" \/>\n<meta name=\"robots\" content=\"index, follow, max-snippet:-1, max-image-preview:large, max-video-preview:-1\" \/>\n<link rel=\"canonical\" href=\"https:\/\/akasel.com\/fr\/shop\/polissage-metallographique\/lubrifiants\/aka-lube-blue-concentrate\/\" \/>\n<meta property=\"og:locale\" content=\"fr_FR\" \/>\n<meta property=\"og:type\" content=\"article\" \/>\n<meta property=\"og:title\" content=\"Aka-Lube Bleu Concentr\u00e9 | Lubrifiant M\u00e9tallographique | Akasel A\/S\" \/>\n<meta property=\"og:description\" content=\"\u00c9conomisez sur les frais d&#039;exp\u00e9dition avec Aka-Lube Blue Concentrate. Un lubrifiant non-inflammable \u00e0 m\u00e9langer avec l&#039;\u00e9thanol pour d&#039;excellents r\u00e9sultats\" \/>\n<meta property=\"og:url\" content=\"https:\/\/akasel.com\/fr\/shop\/polissage-metallographique\/lubrifiants\/aka-lube-blue-concentrate\/\" \/>\n<meta property=\"og:site_name\" content=\"AKASEL A\/S\" \/>\n<meta property=\"article:modified_time\" content=\"2026-01-13T06:25:02+00:00\" \/>\n<meta property=\"og:image\" content=\"https:\/\/akasel.com\/fr\/wp-content\/uploads\/sites\/8\/2025\/09\/49605013.png\" \/>\n\t<meta property=\"og:image:width\" content=\"1322\" \/>\n\t<meta property=\"og:image:height\" content=\"2560\" \/>\n\t<meta property=\"og:image:type\" content=\"image\/png\" \/>\n<meta name=\"twitter:card\" content=\"summary_large_image\" \/>\n<meta name=\"twitter:label1\" content=\"Dur\u00e9e de lecture estim\u00e9e\" \/>\n\t<meta name=\"twitter:data1\" content=\"1 minute\" \/>\n<!-- \/ Yoast SEO plugin. -->","yoast_head_json":{"title":"Aka-Lube Bleu Concentr\u00e9 | Lubrifiant M\u00e9tallographique | Akasel A\/S","description":"\u00c9conomisez sur les frais d'exp\u00e9dition avec Aka-Lube Blue Concentrate. Un lubrifiant non-inflammable \u00e0 m\u00e9langer avec l'\u00e9thanol pour d'excellents r\u00e9sultats","robots":{"index":"index","follow":"follow","max-snippet":"max-snippet:-1","max-image-preview":"max-image-preview:large","max-video-preview":"max-video-preview:-1"},"canonical":"https:\/\/akasel.com\/fr\/shop\/polissage-metallographique\/lubrifiants\/aka-lube-blue-concentrate\/","og_locale":"fr_FR","og_type":"article","og_title":"Aka-Lube Bleu Concentr\u00e9 | Lubrifiant M\u00e9tallographique | Akasel A\/S","og_description":"\u00c9conomisez sur les frais d'exp\u00e9dition avec Aka-Lube Blue Concentrate. Un lubrifiant non-inflammable \u00e0 m\u00e9langer avec l'\u00e9thanol pour d'excellents r\u00e9sultats","og_url":"https:\/\/akasel.com\/fr\/shop\/polissage-metallographique\/lubrifiants\/aka-lube-blue-concentrate\/","og_site_name":"AKASEL A\/S","article_modified_time":"2026-01-13T06:25:02+00:00","og_image":[{"width":1322,"height":2560,"url":"https:\/\/akasel.com\/fr\/wp-content\/uploads\/sites\/8\/2025\/09\/49605013.png","type":"image\/png"}],"twitter_card":"summary_large_image","twitter_misc":{"Dur\u00e9e de lecture estim\u00e9e":"1 minute"},"schema":{"@context":"https:\/\/schema.org","@graph":[{"@type":"WebPage","@id":"https:\/\/akasel.com\/fr\/shop\/polissage-metallographique\/lubrifiants\/aka-lube-blue-concentrate\/","url":"https:\/\/akasel.com\/fr\/shop\/polissage-metallographique\/lubrifiants\/aka-lube-blue-concentrate\/","name":"Aka-Lube Bleu Concentr\u00e9 | Lubrifiant M\u00e9tallographique | Akasel A\/S","isPartOf":{"@id":"https:\/\/akasel.com\/fr\/#website"},"datePublished":"2020-10-30T08:25:33+00:00","dateModified":"2026-01-13T06:25:02+00:00","description":"\u00c9conomisez sur les frais d'exp\u00e9dition avec Aka-Lube Blue Concentrate. Un lubrifiant non-inflammable \u00e0 m\u00e9langer avec l'\u00e9thanol pour d'excellents r\u00e9sultats","breadcrumb":{"@id":"https:\/\/akasel.com\/fr\/shop\/polissage-metallographique\/lubrifiants\/aka-lube-blue-concentrate\/#breadcrumb"},"inLanguage":"fr-FR","potentialAction":[{"@type":"ReadAction","target":["https:\/\/akasel.com\/fr\/shop\/polissage-metallographique\/lubrifiants\/aka-lube-blue-concentrate\/"]}]},{"@type":"BreadcrumbList","@id":"https:\/\/akasel.com\/fr\/shop\/polissage-metallographique\/lubrifiants\/aka-lube-blue-concentrate\/#breadcrumb","itemListElement":[{"@type":"ListItem","position":1,"name":"Home","item":"https:\/\/akasel.com\/fr\/"},{"@type":"ListItem","position":2,"name":"Boutique","item":"https:\/\/akasel.com\/fr\/boutique\/"},{"@type":"ListItem","position":3,"name":"Aka-Lube Blue Concentrate"}]},{"@type":"WebSite","@id":"https:\/\/akasel.com\/fr\/#website","url":"https:\/\/akasel.com\/fr\/","name":"AKASEL A\/S","description":"","potentialAction":[{"@type":"SearchAction","target":{"@type":"EntryPoint","urlTemplate":"https:\/\/akasel.com\/fr\/?s={search_term_string}"},"query-input":"required name=search_term_string"}],"inLanguage":"fr-FR"}]}},"_links":{"self":[{"href":"https:\/\/akasel.com\/fr\/wp-json\/wp\/v3\/product\/10240"}],"collection":[{"href":"https:\/\/akasel.com\/fr\/wp-json\/wp\/v3\/product"}],"about":[{"href":"https:\/\/akasel.com\/fr\/wp-json\/wp\/v2\/types\/product"}],"wp:featuredmedia":[{"embeddable":true,"href":"https:\/\/akasel.com\/fr\/wp-json\/wp\/v2\/media\/33595"}],"wp:attachment":[{"href":"https:\/\/akasel.com\/fr\/wp-json\/wp\/v2\/media?parent=10240"}],"wp:term":[{"taxonomy":"product_cat","embeddable":true,"href":"https:\/\/akasel.com\/fr\/wp-json\/wp\/v2\/product_cat?post=10240"},{"taxonomy":"product_tag","embeddable":true,"href":"https:\/\/akasel.com\/fr\/wp-json\/wp\/v2\/product_tag?post=10240"}],"curies":[{"name":"wp","href":"https:\/\/api.w.org\/{rel}","templated":true}]}}