{"id":10249,"date":"2020-10-30T09:29:26","date_gmt":"2020-10-30T08:29:26","guid":{"rendered":"https:\/\/akasel.com\/fr\/p\/mag-napal\/"},"modified":"2026-01-13T07:24:30","modified_gmt":"2026-01-13T06:24:30","slug":"mag-napal","status":"publish","type":"product","link":"https:\/\/akasel.com\/fr\/shop\/polissage-metallographique\/tissus-de-polissage\/mag-napal\/","title":{"rendered":"Mag-Napal"},"content":{"rendered":"<p>Dimensions disponibles : 200 mm, 250 mm, 300 mm, 350 mm<\/p>\n<p>Contenu disponible : 5 pi\u00e8ces<\/p>\n<p><a href=\"https:\/\/akasel.com\/wp-content\/uploads\/2024\/07\/3900uk.pdf\">Drap de polissage magn\u00e9tique PDS (EN)<\/a><\/p>\n<p><a href=\"https:\/\/akasel.com\/wp-content\/uploads\/2020\/11\/98012865-67420001_mag-cloth.pdf\">Guides d&#8217;utilisation du drap de polissage magn\u00e9tique (EN)<\/a><\/p>\n<p><a href=\"https:\/\/akasel.com\/wp-content\/uploads\/2024\/06\/polishing-cloth-product-brochure.pdf\">Brochures sur les draps de polissage (EN)<\/a><\/p>\n<div style=\"position: relative; padding-bottom: 56.25%; height: auto; overflow: hidden; max-width: 100%;\"><video style=\"position: absolute; top: 0; left: 0; width: 100%; height: 100%;\" poster=\"https:\/\/akasel.com\/wp-content\/uploads\/2024\/10\/mag-polishing-cloth-thumbnail.jpg\" preload=\"metadata\" controls=\"controls\" width=\"300\" height=\"150\"><source src=\"https:\/\/akasel.com\/wp-content\/uploads\/2024\/10\/user-guide-mag-polishing-cloth-2024.mp4\" type=\"video\/mp4\" \/>Votre navigateur ne prend pas en charge la lecture des vid\u00e9os.<\/video><\/div>\n","protected":false},"excerpt":{"rendered":"<p>Drap de polissage\u00a0\u00e0 utiliser sur un disque de support magn\u00e9tique.<\/p>\n<p>Pour le polissage final de tous les mat\u00e9riaux.<\/p>\n<p>Napal est un drap en viscose doux et floqu\u00e9 pour le polissage au diamant et \u00e0 l&#8217;oxyde avec des abrasifs de 1 \u00e0 0,025 \u00b5m.<\/p>\n<p>Pour le polissage des oxydes avec des suspensions de silice, nous recommandons notre <a href=\"https:\/\/akasel.com\/shop\/polissage-metallographique\/polishing-cloths\/mag-chemal\/\">drap de polissage Chemal<\/a>.<\/p>\n<p>Utilisez des forces faibles ; 15N sur un \u00e9chantillon de 30 mm.<\/p>\n","protected":false},"featured_media":33592,"template":"","meta":[],"product_cat":[344,303,309],"product_tag":[],"class_list":["post-10249","product","type-product","status-publish","has-post-thumbnail","hentry","product_cat-polissage-metallographique","product_cat-tissus-de-polissage","product_cat-magnetique"],"yoast_head":"<!-- This site is optimized with the Yoast SEO plugin v21.7 - https:\/\/yoast.com\/wordpress\/plugins\/seo\/ -->\n<title>Mag-Napal | Finition Miroir de Tous Mat\u00e9riaux | AKASEL A\/S<\/title>\n<meta name=\"description\" content=\"Le tissu magn\u00e9tique Mag-Napal pour le polissage final de tous les mat\u00e9riaux. Sa surface en viscose floqu\u00e9e est id\u00e9ale pour une finition miroir parfaite.\" \/>\n<meta name=\"robots\" content=\"index, follow, max-snippet:-1, max-image-preview:large, max-video-preview:-1\" \/>\n<link rel=\"canonical\" href=\"https:\/\/akasel.com\/fr\/shop\/polissage-metallographique\/tissus-de-polissage\/mag-napal\/\" \/>\n<meta property=\"og:locale\" content=\"fr_FR\" \/>\n<meta property=\"og:type\" content=\"article\" \/>\n<meta property=\"og:title\" content=\"Mag-Napal | Finition Miroir de Tous Mat\u00e9riaux | AKASEL A\/S\" \/>\n<meta property=\"og:description\" content=\"Le tissu magn\u00e9tique Mag-Napal pour le polissage final de tous les mat\u00e9riaux. Sa surface en viscose floqu\u00e9e est id\u00e9ale pour une finition miroir parfaite.\" \/>\n<meta property=\"og:url\" content=\"https:\/\/akasel.com\/fr\/shop\/polissage-metallographique\/tissus-de-polissage\/mag-napal\/\" \/>\n<meta property=\"og:site_name\" content=\"AKASEL A\/S\" \/>\n<meta property=\"article:modified_time\" content=\"2026-01-13T06:24:30+00:00\" \/>\n<meta property=\"og:image\" content=\"https:\/\/akasel.com\/fr\/wp-content\/uploads\/sites\/8\/2025\/09\/mag-napal-768x752.png\" \/>\n\t<meta property=\"og:image:width\" content=\"768\" \/>\n\t<meta property=\"og:image:height\" content=\"752\" \/>\n\t<meta property=\"og:image:type\" content=\"image\/png\" \/>\n<meta name=\"twitter:card\" content=\"summary_large_image\" \/>\n<meta name=\"twitter:label1\" content=\"Dur\u00e9e de lecture estim\u00e9e\" \/>\n\t<meta name=\"twitter:data1\" content=\"1 minute\" \/>\n<!-- \/ Yoast SEO plugin. -->","yoast_head_json":{"title":"Mag-Napal | Finition Miroir de Tous Mat\u00e9riaux | AKASEL A\/S","description":"Le tissu magn\u00e9tique Mag-Napal pour le polissage final de tous les mat\u00e9riaux. Sa surface en viscose floqu\u00e9e est id\u00e9ale pour une finition miroir parfaite.","robots":{"index":"index","follow":"follow","max-snippet":"max-snippet:-1","max-image-preview":"max-image-preview:large","max-video-preview":"max-video-preview:-1"},"canonical":"https:\/\/akasel.com\/fr\/shop\/polissage-metallographique\/tissus-de-polissage\/mag-napal\/","og_locale":"fr_FR","og_type":"article","og_title":"Mag-Napal | Finition Miroir de Tous Mat\u00e9riaux | AKASEL A\/S","og_description":"Le tissu magn\u00e9tique Mag-Napal pour le polissage final de tous les mat\u00e9riaux. Sa surface en viscose floqu\u00e9e est id\u00e9ale pour une finition miroir parfaite.","og_url":"https:\/\/akasel.com\/fr\/shop\/polissage-metallographique\/tissus-de-polissage\/mag-napal\/","og_site_name":"AKASEL A\/S","article_modified_time":"2026-01-13T06:24:30+00:00","og_image":[{"width":768,"height":752,"url":"https:\/\/akasel.com\/fr\/wp-content\/uploads\/sites\/8\/2025\/09\/mag-napal-768x752.png","type":"image\/png"}],"twitter_card":"summary_large_image","twitter_misc":{"Dur\u00e9e de lecture estim\u00e9e":"1 minute"},"schema":{"@context":"https:\/\/schema.org","@graph":[{"@type":"WebPage","@id":"https:\/\/akasel.com\/fr\/shop\/polissage-metallographique\/tissus-de-polissage\/mag-napal\/","url":"https:\/\/akasel.com\/fr\/shop\/polissage-metallographique\/tissus-de-polissage\/mag-napal\/","name":"Mag-Napal | Finition Miroir de Tous Mat\u00e9riaux | AKASEL A\/S","isPartOf":{"@id":"https:\/\/akasel.com\/fr\/#website"},"datePublished":"2020-10-30T08:29:26+00:00","dateModified":"2026-01-13T06:24:30+00:00","description":"Le tissu magn\u00e9tique Mag-Napal pour le polissage final de tous les mat\u00e9riaux. Sa surface en viscose floqu\u00e9e est id\u00e9ale pour une finition miroir parfaite.","breadcrumb":{"@id":"https:\/\/akasel.com\/fr\/shop\/polissage-metallographique\/tissus-de-polissage\/mag-napal\/#breadcrumb"},"inLanguage":"fr-FR","potentialAction":[{"@type":"ReadAction","target":["https:\/\/akasel.com\/fr\/shop\/polissage-metallographique\/tissus-de-polissage\/mag-napal\/"]}]},{"@type":"BreadcrumbList","@id":"https:\/\/akasel.com\/fr\/shop\/polissage-metallographique\/tissus-de-polissage\/mag-napal\/#breadcrumb","itemListElement":[{"@type":"ListItem","position":1,"name":"Home","item":"https:\/\/akasel.com\/fr\/"},{"@type":"ListItem","position":2,"name":"Boutique","item":"https:\/\/akasel.com\/fr\/boutique\/"},{"@type":"ListItem","position":3,"name":"Mag-Napal"}]},{"@type":"WebSite","@id":"https:\/\/akasel.com\/fr\/#website","url":"https:\/\/akasel.com\/fr\/","name":"AKASEL A\/S","description":"","potentialAction":[{"@type":"SearchAction","target":{"@type":"EntryPoint","urlTemplate":"https:\/\/akasel.com\/fr\/?s={search_term_string}"},"query-input":"required name=search_term_string"}],"inLanguage":"fr-FR"}]}},"_links":{"self":[{"href":"https:\/\/akasel.com\/fr\/wp-json\/wp\/v3\/product\/10249"}],"collection":[{"href":"https:\/\/akasel.com\/fr\/wp-json\/wp\/v3\/product"}],"about":[{"href":"https:\/\/akasel.com\/fr\/wp-json\/wp\/v2\/types\/product"}],"wp:featuredmedia":[{"embeddable":true,"href":"https:\/\/akasel.com\/fr\/wp-json\/wp\/v2\/media\/33592"}],"wp:attachment":[{"href":"https:\/\/akasel.com\/fr\/wp-json\/wp\/v2\/media?parent=10249"}],"wp:term":[{"taxonomy":"product_cat","embeddable":true,"href":"https:\/\/akasel.com\/fr\/wp-json\/wp\/v2\/product_cat?post=10249"},{"taxonomy":"product_tag","embeddable":true,"href":"https:\/\/akasel.com\/fr\/wp-json\/wp\/v2\/product_tag?post=10249"}],"curies":[{"name":"wp","href":"https:\/\/api.w.org\/{rel}","templated":true}]}}