{"id":10261,"date":"2020-10-30T09:39:00","date_gmt":"2020-10-30T08:39:00","guid":{"rendered":"https:\/\/akasel.com\/fr\/p\/protection-cap\/"},"modified":"2026-01-07T06:24:10","modified_gmt":"2026-01-07T05:24:10","slug":"protection-cap","status":"publish","type":"product","link":"https:\/\/akasel.com\/fr\/shop\/enrobage\/accessoires-de-montage\/protection-cap\/","title":{"rendered":"Protection Cap"},"content":{"rendered":"<p>Taille disponible : 30 mm, 40 mm, 50 mm<\/p>\n<p>Contenu disponible : 100 pi\u00e8ces<\/p>\n<p><a href=\"https:\/\/akasel.com\/wp-content\/uploads\/2020\/11\/78313060uk.pdf\">Capuchon de protection PDS (EN)<\/a><\/p>\n","protected":false},"excerpt":{"rendered":"<p>Le capuchon de protection est une capuchon destin\u00e9 \u00e0 prot\u00e9ger les \u00e9chantillons apr\u00e8s leur pr\u00e9paration.<\/p>\n<p>Il prot\u00e8ge contre les rayures et autres dommages \u00e0 la surface de l&#8217;\u00e9chantillon pendant le stockage.<\/p>\n","protected":false},"featured_media":33586,"template":"","meta":[],"product_cat":[317,345],"product_tag":[],"class_list":["post-10261","product","type-product","status-publish","has-post-thumbnail","hentry","product_cat-enrobage","product_cat-accessoires-de-montage"],"yoast_head":"<!-- This site is optimized with the Yoast SEO plugin v21.7 - https:\/\/yoast.com\/wordpress\/plugins\/seo\/ -->\n<title>Capuchons de Protection pour la M\u00e9tallographie | Akasel A\/S<\/title>\n<meta name=\"description\" content=\"\u00c9vitez les rayures sur vos \u00e9chantillons pr\u00e9par\u00e9s. Nos capuchons de protection sont con\u00e7us pour couvrir et pr\u00e9server la surface de votre travail.\" \/>\n<meta name=\"robots\" content=\"index, follow, max-snippet:-1, max-image-preview:large, max-video-preview:-1\" \/>\n<link rel=\"canonical\" href=\"https:\/\/akasel.com\/fr\/shop\/enrobage\/accessoires-de-montage\/protection-cap\/\" \/>\n<meta property=\"og:locale\" content=\"fr_FR\" \/>\n<meta property=\"og:type\" content=\"article\" \/>\n<meta property=\"og:title\" content=\"Capuchons de Protection pour la M\u00e9tallographie | Akasel A\/S\" \/>\n<meta property=\"og:description\" content=\"\u00c9vitez les rayures sur vos \u00e9chantillons pr\u00e9par\u00e9s. Nos capuchons de protection sont con\u00e7us pour couvrir et pr\u00e9server la surface de votre travail.\" \/>\n<meta property=\"og:url\" content=\"https:\/\/akasel.com\/fr\/shop\/enrobage\/accessoires-de-montage\/protection-cap\/\" \/>\n<meta property=\"og:site_name\" content=\"AKASEL A\/S\" \/>\n<meta property=\"article:modified_time\" content=\"2026-01-07T05:24:10+00:00\" \/>\n<meta property=\"og:image\" content=\"https:\/\/akasel.com\/fr\/wp-content\/uploads\/sites\/8\/2025\/09\/protection-cap-4.png\" \/>\n\t<meta property=\"og:image:width\" content=\"2560\" \/>\n\t<meta property=\"og:image:height\" content=\"1946\" \/>\n\t<meta property=\"og:image:type\" content=\"image\/png\" \/>\n<meta name=\"twitter:card\" content=\"summary_large_image\" \/>\n<meta name=\"twitter:label1\" content=\"Dur\u00e9e de lecture estim\u00e9e\" \/>\n\t<meta name=\"twitter:data1\" content=\"1 minute\" \/>\n<!-- \/ Yoast SEO plugin. -->","yoast_head_json":{"title":"Capuchons de Protection pour la M\u00e9tallographie | Akasel A\/S","description":"\u00c9vitez les rayures sur vos \u00e9chantillons pr\u00e9par\u00e9s. Nos capuchons de protection sont con\u00e7us pour couvrir et pr\u00e9server la surface de votre travail.","robots":{"index":"index","follow":"follow","max-snippet":"max-snippet:-1","max-image-preview":"max-image-preview:large","max-video-preview":"max-video-preview:-1"},"canonical":"https:\/\/akasel.com\/fr\/shop\/enrobage\/accessoires-de-montage\/protection-cap\/","og_locale":"fr_FR","og_type":"article","og_title":"Capuchons de Protection pour la M\u00e9tallographie | Akasel A\/S","og_description":"\u00c9vitez les rayures sur vos \u00e9chantillons pr\u00e9par\u00e9s. Nos capuchons de protection sont con\u00e7us pour couvrir et pr\u00e9server la surface de votre travail.","og_url":"https:\/\/akasel.com\/fr\/shop\/enrobage\/accessoires-de-montage\/protection-cap\/","og_site_name":"AKASEL A\/S","article_modified_time":"2026-01-07T05:24:10+00:00","og_image":[{"width":2560,"height":1946,"url":"https:\/\/akasel.com\/fr\/wp-content\/uploads\/sites\/8\/2025\/09\/protection-cap-4.png","type":"image\/png"}],"twitter_card":"summary_large_image","twitter_misc":{"Dur\u00e9e de lecture estim\u00e9e":"1 minute"},"schema":{"@context":"https:\/\/schema.org","@graph":[{"@type":"WebPage","@id":"https:\/\/akasel.com\/fr\/shop\/enrobage\/accessoires-de-montage\/protection-cap\/","url":"https:\/\/akasel.com\/fr\/shop\/enrobage\/accessoires-de-montage\/protection-cap\/","name":"Capuchons de Protection pour la M\u00e9tallographie | Akasel A\/S","isPartOf":{"@id":"https:\/\/akasel.com\/fr\/#website"},"datePublished":"2020-10-30T08:39:00+00:00","dateModified":"2026-01-07T05:24:10+00:00","description":"\u00c9vitez les rayures sur vos \u00e9chantillons pr\u00e9par\u00e9s. Nos capuchons de protection sont con\u00e7us pour couvrir et pr\u00e9server la surface de votre travail.","breadcrumb":{"@id":"https:\/\/akasel.com\/fr\/shop\/enrobage\/accessoires-de-montage\/protection-cap\/#breadcrumb"},"inLanguage":"fr-FR","potentialAction":[{"@type":"ReadAction","target":["https:\/\/akasel.com\/fr\/shop\/enrobage\/accessoires-de-montage\/protection-cap\/"]}]},{"@type":"BreadcrumbList","@id":"https:\/\/akasel.com\/fr\/shop\/enrobage\/accessoires-de-montage\/protection-cap\/#breadcrumb","itemListElement":[{"@type":"ListItem","position":1,"name":"Home","item":"https:\/\/akasel.com\/fr\/"},{"@type":"ListItem","position":2,"name":"Boutique","item":"https:\/\/akasel.com\/fr\/boutique\/"},{"@type":"ListItem","position":3,"name":"Protection Cap"}]},{"@type":"WebSite","@id":"https:\/\/akasel.com\/fr\/#website","url":"https:\/\/akasel.com\/fr\/","name":"AKASEL A\/S","description":"","potentialAction":[{"@type":"SearchAction","target":{"@type":"EntryPoint","urlTemplate":"https:\/\/akasel.com\/fr\/?s={search_term_string}"},"query-input":"required name=search_term_string"}],"inLanguage":"fr-FR"}]}},"_links":{"self":[{"href":"https:\/\/akasel.com\/fr\/wp-json\/wp\/v3\/product\/10261"}],"collection":[{"href":"https:\/\/akasel.com\/fr\/wp-json\/wp\/v3\/product"}],"about":[{"href":"https:\/\/akasel.com\/fr\/wp-json\/wp\/v2\/types\/product"}],"wp:featuredmedia":[{"embeddable":true,"href":"https:\/\/akasel.com\/fr\/wp-json\/wp\/v2\/media\/33586"}],"wp:attachment":[{"href":"https:\/\/akasel.com\/fr\/wp-json\/wp\/v2\/media?parent=10261"}],"wp:term":[{"taxonomy":"product_cat","embeddable":true,"href":"https:\/\/akasel.com\/fr\/wp-json\/wp\/v2\/product_cat?post=10261"},{"taxonomy":"product_tag","embeddable":true,"href":"https:\/\/akasel.com\/fr\/wp-json\/wp\/v2\/product_tag?post=10261"}],"curies":[{"name":"wp","href":"https:\/\/api.w.org\/{rel}","templated":true}]}}