{"id":10271,"date":"2021-01-07T08:15:26","date_gmt":"2021-01-07T07:15:26","guid":{"rendered":"https:\/\/akasel.com\/fr\/p\/diaultra-0-25-%c2%b5m\/"},"modified":"2026-01-13T07:24:39","modified_gmt":"2026-01-13T06:24:39","slug":"diaultra-0-25-%c2%b5m","status":"publish","type":"product","link":"https:\/\/akasel.com\/fr\/shop\/polissage-metallographique\/produits-diamantes\/diaultra-0-25-%c2%b5m\/","title":{"rendered":"DiaUltra 0.25 \u00b5m"},"content":{"rendered":"<p>Contenu disponible : 500 ml, 2,5 l, 5 l<\/p>\n<p><a href=\"https:\/\/akasel.com\/wp-content\/uploads\/2024\/06\/diaultra-product-brochure.pdf\">Brochure du produit DiaUltra<\/a><\/p>\n<p><a href=\"https:\/\/akasel.com\/wp-content\/uploads\/2024\/06\/diaultra-2-in-1-diamond-suspension-fact-sheet.pdf\">Fiche d&#8217;information sur la suspension diamant\u00e9e DiaUltra 2-en-1<\/a><\/p>\n<p><a href=\"https:\/\/akasel.com\/wp-content\/uploads\/2024\/01\/sds-diaultra-mono-poly-en-v50.pdf\">FDS DiaUltra Mono &amp; Poly (EN) V5.0<\/a><\/p>\n","protected":false},"excerpt":{"rendered":"<p>Suspension diamant\u00e9e unique 2 en 1.<br \/>\nDiaUltra est un m\u00e9lange sup\u00e9rieur et soigneusement \u00e9quilibr\u00e9 de suspension diamant\u00e9e et de lubrifiant.<\/p>\n<p>Recommand\u00e9 pour tous les mat\u00e9riaux &#8211; sauf ceux sensibles \u00e0 l&#8217;eau.<\/p>\n<p>DiaUltra assure un enl\u00e8vement maximal, des temps de pr\u00e9paration les plus courts et une qualit\u00e9 de surface optimale, le tout combin\u00e9 \u00e0 un dosage facile qui garantit la reproductibilit\u00e9.<\/p>\n<p>Concentration en diamant de 20 ct\/l<br \/>\n100% de diamants monocristallins<br \/>\nM\u00e9diane (50 %) 0,21 \u00b5m<br \/>\nTol\u00e9rance 0,18 &#8211; 0,24 \u00b5m<br \/>\nLimite sup\u00e9rieure (99 %) 0,53 \u00b5m<\/p>\n<p>Ne pas exposer \u00e0 la lumi\u00e8re directe du soleil.<\/p>\n","protected":false},"featured_media":33581,"template":"","meta":[],"product_cat":[295,344,320,305],"product_tag":[],"class_list":["post-10271","product","type-product","status-publish","has-post-thumbnail","hentry","product_cat-diaultra","product_cat-polissage-metallographique","product_cat-produits-diamantes","product_cat-suspensions-diamantees-2-en-1"],"yoast_head":"<!-- This site is optimized with the Yoast SEO plugin v21.7 - https:\/\/yoast.com\/wordpress\/plugins\/seo\/ -->\n<title>DiaUltra 0.25 \u00b5m | Suspension diamant\u00e9e unique 2-en-1 | Akasel<\/title>\n<meta name=\"description\" content=\"Pr\u00e9paration la plus rapide et finition parfaite avec DiaUltra. Cette suspension 2-en-1 offre un enl\u00e8vement maximal, \u00e9conomisant temps et consommables.\" \/>\n<meta name=\"robots\" content=\"index, follow, max-snippet:-1, max-image-preview:large, max-video-preview:-1\" \/>\n<link rel=\"canonical\" href=\"https:\/\/akasel.com\/fr\/shop\/polissage-metallographique\/produits-diamantes\/diaultra-0-25-\u00b5m\/\" \/>\n<meta property=\"og:locale\" content=\"fr_FR\" \/>\n<meta property=\"og:type\" content=\"article\" \/>\n<meta property=\"og:title\" content=\"DiaUltra 0.25 \u00b5m | Suspension diamant\u00e9e unique 2-en-1 | Akasel\" \/>\n<meta property=\"og:description\" content=\"Pr\u00e9paration la plus rapide et finition parfaite avec DiaUltra. Cette suspension 2-en-1 offre un enl\u00e8vement maximal, \u00e9conomisant temps et consommables.\" \/>\n<meta property=\"og:url\" content=\"https:\/\/akasel.com\/fr\/shop\/polissage-metallographique\/produits-diamantes\/diaultra-0-25-\u00b5m\/\" \/>\n<meta property=\"og:site_name\" content=\"AKASEL A\/S\" \/>\n<meta property=\"article:modified_time\" content=\"2026-01-13T06:24:39+00:00\" \/>\n<meta property=\"og:image\" content=\"https:\/\/akasel.com\/fr\/wp-content\/uploads\/sites\/8\/2025\/09\/akasel-diaultra-0-25-micron-diamond-suspension-500ml.png\" \/>\n\t<meta property=\"og:image:width\" content=\"1248\" \/>\n\t<meta property=\"og:image:height\" content=\"2560\" \/>\n\t<meta property=\"og:image:type\" content=\"image\/png\" \/>\n<meta name=\"twitter:card\" content=\"summary_large_image\" \/>\n<meta name=\"twitter:label1\" content=\"Dur\u00e9e de lecture estim\u00e9e\" \/>\n\t<meta name=\"twitter:data1\" content=\"1 minute\" \/>\n<!-- \/ Yoast SEO plugin. -->","yoast_head_json":{"title":"DiaUltra 0.25 \u00b5m | Suspension diamant\u00e9e unique 2-en-1 | Akasel","description":"Pr\u00e9paration la plus rapide et finition parfaite avec DiaUltra. Cette suspension 2-en-1 offre un enl\u00e8vement maximal, \u00e9conomisant temps et consommables.","robots":{"index":"index","follow":"follow","max-snippet":"max-snippet:-1","max-image-preview":"max-image-preview:large","max-video-preview":"max-video-preview:-1"},"canonical":"https:\/\/akasel.com\/fr\/shop\/polissage-metallographique\/produits-diamantes\/diaultra-0-25-\u00b5m\/","og_locale":"fr_FR","og_type":"article","og_title":"DiaUltra 0.25 \u00b5m | Suspension diamant\u00e9e unique 2-en-1 | Akasel","og_description":"Pr\u00e9paration la plus rapide et finition parfaite avec DiaUltra. Cette suspension 2-en-1 offre un enl\u00e8vement maximal, \u00e9conomisant temps et consommables.","og_url":"https:\/\/akasel.com\/fr\/shop\/polissage-metallographique\/produits-diamantes\/diaultra-0-25-\u00b5m\/","og_site_name":"AKASEL A\/S","article_modified_time":"2026-01-13T06:24:39+00:00","og_image":[{"width":1248,"height":2560,"url":"https:\/\/akasel.com\/fr\/wp-content\/uploads\/sites\/8\/2025\/09\/akasel-diaultra-0-25-micron-diamond-suspension-500ml.png","type":"image\/png"}],"twitter_card":"summary_large_image","twitter_misc":{"Dur\u00e9e de lecture estim\u00e9e":"1 minute"},"schema":{"@context":"https:\/\/schema.org","@graph":[{"@type":"WebPage","@id":"https:\/\/akasel.com\/fr\/shop\/polissage-metallographique\/produits-diamantes\/diaultra-0-25-%c2%b5m\/","url":"https:\/\/akasel.com\/fr\/shop\/polissage-metallographique\/produits-diamantes\/diaultra-0-25-%c2%b5m\/","name":"DiaUltra 0.25 \u00b5m | Suspension diamant\u00e9e unique 2-en-1 | Akasel","isPartOf":{"@id":"https:\/\/akasel.com\/fr\/#website"},"datePublished":"2021-01-07T07:15:26+00:00","dateModified":"2026-01-13T06:24:39+00:00","description":"Pr\u00e9paration la plus rapide et finition parfaite avec DiaUltra. Cette suspension 2-en-1 offre un enl\u00e8vement maximal, \u00e9conomisant temps et consommables.","breadcrumb":{"@id":"https:\/\/akasel.com\/fr\/shop\/polissage-metallographique\/produits-diamantes\/diaultra-0-25-%c2%b5m\/#breadcrumb"},"inLanguage":"fr-FR","potentialAction":[{"@type":"ReadAction","target":["https:\/\/akasel.com\/fr\/shop\/polissage-metallographique\/produits-diamantes\/diaultra-0-25-%c2%b5m\/"]}]},{"@type":"BreadcrumbList","@id":"https:\/\/akasel.com\/fr\/shop\/polissage-metallographique\/produits-diamantes\/diaultra-0-25-%c2%b5m\/#breadcrumb","itemListElement":[{"@type":"ListItem","position":1,"name":"Home","item":"https:\/\/akasel.com\/fr\/"},{"@type":"ListItem","position":2,"name":"Boutique","item":"https:\/\/akasel.com\/fr\/boutique\/"},{"@type":"ListItem","position":3,"name":"DiaUltra 0.25 \u00b5m"}]},{"@type":"WebSite","@id":"https:\/\/akasel.com\/fr\/#website","url":"https:\/\/akasel.com\/fr\/","name":"AKASEL A\/S","description":"","potentialAction":[{"@type":"SearchAction","target":{"@type":"EntryPoint","urlTemplate":"https:\/\/akasel.com\/fr\/?s={search_term_string}"},"query-input":"required name=search_term_string"}],"inLanguage":"fr-FR"}]}},"_links":{"self":[{"href":"https:\/\/akasel.com\/fr\/wp-json\/wp\/v3\/product\/10271"}],"collection":[{"href":"https:\/\/akasel.com\/fr\/wp-json\/wp\/v3\/product"}],"about":[{"href":"https:\/\/akasel.com\/fr\/wp-json\/wp\/v2\/types\/product"}],"wp:featuredmedia":[{"embeddable":true,"href":"https:\/\/akasel.com\/fr\/wp-json\/wp\/v2\/media\/33581"}],"wp:attachment":[{"href":"https:\/\/akasel.com\/fr\/wp-json\/wp\/v2\/media?parent=10271"}],"wp:term":[{"taxonomy":"product_cat","embeddable":true,"href":"https:\/\/akasel.com\/fr\/wp-json\/wp\/v2\/product_cat?post=10271"},{"taxonomy":"product_tag","embeddable":true,"href":"https:\/\/akasel.com\/fr\/wp-json\/wp\/v2\/product_tag?post=10271"}],"curies":[{"name":"wp","href":"https:\/\/api.w.org\/{rel}","templated":true}]}}