{"id":10284,"date":"2021-06-28T13:54:11","date_gmt":"2021-06-28T11:54:11","guid":{"rendered":"https:\/\/akasel.com\/fr\/p\/aka-allegran-6\/"},"modified":"2026-01-13T07:24:02","modified_gmt":"2026-01-13T06:24:02","slug":"aka-allegran-6","status":"publish","type":"product","link":"https:\/\/akasel.com\/fr\/shop\/pre-polissage\/disques-de-poncage-rigides\/aka-allegran-6\/","title":{"rendered":"Aka-Allegran 6"},"content":{"rendered":"<p>Dimensions disponibles : 200 mm, 250 mm, 300 mm, 350 mm<\/p>\n<p>Quantit\u00e9 disponible : 2 pi\u00e8ces<\/p>\n<p><a href=\"https:\/\/akasel.com\/wp-content\/uploads\/2023\/03\/98012862-67330002-manual-allegran-9-6-3-ukde-a5.pdf\">Guides de l&#8217;utilisateur Aka-Allegran 6<\/a><\/p>\n<p><a href=\"https:\/\/akasel.com\/wp-content\/uploads\/2024\/06\/rigid-grinding-discs-product-brochure.pdf\">Brochures sur les disques de pon\u00e7age rigides<\/a><\/p>\n<p><a href=\"https:\/\/akasel.com\/wp-content\/uploads\/2024\/07\/5010uk.pdf\">PDS Aka-Allegran 9, Aka-Allegran 6, Aka-Allegran 3, Aka-Allegran 1, Aka-Largan 9 (EN)<\/a><\/p>\n<div style=\"position: relative; padding-bottom: 56.25%; height: 0; overflow: hidden; max-width: 100%; height: auto;\">\n    <video style=\"position: absolute; top: 0; left: 0; width: 100%; height: 100%;\"  \ncontrols \n           preload=\"metadata\" \n           poster=\"https:\/\/akasel.com\/wp-content\/uploads\/2024\/09\/how-to-use-aka-allegran-largan.png\"><source src=\"https:\/\/akasel.com\/wp-content\/uploads\/2020\/11\/how-to-use-aka-allegran-largan.mp4\" type=\"video\/mp4\">Votre navigateur ne prend pas en charge la lecture des vid\u00e9os.<\/video>\n<\/div>\n","protected":false},"excerpt":{"rendered":"<p>Pour le broyage fin avec des diamants de 9 \u00e0 3 \u00b5m.<\/p>\n<p>Aka-Allegran 6 est un disque de pon\u00e7age de duret\u00e9 moyenne. C&#8217;est notre disque le plus universel qui peut \u00eatre utilis\u00e9 pour la plupart des mat\u00e9riaux. Il est optimal pour les \u00e9chantillons dont la duret\u00e9 est sup\u00e9rieure \u00e0 150 HV.<\/p>\n<p>Aka-Allegran peut remplacer un certain nombre d&#8217;\u00e9tapes de meulage, en g\u00e9n\u00e9ral P320 &#8211; P1200, par une seule \u00e9tape.<\/p>\n<p>Ce disque de pr\u00e9polissage est pr\u00eat \u00e0 l&#8217;emploi et ne n\u00e9cessite pratiquement aucun entretien.<\/p>\n","protected":false},"featured_media":33575,"template":"","meta":[],"product_cat":[334,323,307],"product_tag":[],"class_list":["post-10284","product","type-product","status-publish","has-post-thumbnail","hentry","product_cat-pre-polissage","product_cat-disques-de-poncage-rigides","product_cat-prepolissage-rigide-prepolissage-fin"],"yoast_head":"<!-- This site is optimized with the Yoast SEO plugin v21.7 - https:\/\/yoast.com\/wordpress\/plugins\/seo\/ -->\n<title>Aka-Allegran 6 | Disque abrasif rigide pour m\u00e9tallographie | Akasel<\/title>\n<meta name=\"description\" content=\"Aka-Allegran 6 : le disque de meulage fin universel pour tous les aciers (&gt;150 HV). Remplace plusieurs \u00e9tapes pour un processus rapide et efficace.\" \/>\n<meta name=\"robots\" content=\"index, follow, max-snippet:-1, max-image-preview:large, max-video-preview:-1\" \/>\n<link rel=\"canonical\" href=\"https:\/\/akasel.com\/fr\/shop\/pre-polissage\/disques-de-poncage-rigides\/aka-allegran-6\/\" \/>\n<meta property=\"og:locale\" content=\"fr_FR\" \/>\n<meta property=\"og:type\" content=\"article\" \/>\n<meta property=\"og:title\" content=\"Aka-Allegran 6 | Disque abrasif rigide pour m\u00e9tallographie | Akasel\" \/>\n<meta property=\"og:description\" content=\"Aka-Allegran 6 : le disque de meulage fin universel pour tous les aciers (&gt;150 HV). Remplace plusieurs \u00e9tapes pour un processus rapide et efficace.\" \/>\n<meta property=\"og:url\" content=\"https:\/\/akasel.com\/fr\/shop\/pre-polissage\/disques-de-poncage-rigides\/aka-allegran-6\/\" \/>\n<meta property=\"og:site_name\" content=\"AKASEL A\/S\" \/>\n<meta property=\"article:modified_time\" content=\"2026-01-13T06:24:02+00:00\" \/>\n<meta property=\"og:image\" content=\"https:\/\/akasel.com\/fr\/wp-content\/uploads\/sites\/8\/2025\/09\/allegran-6-1-e1740062134840-768x766.png\" \/>\n\t<meta property=\"og:image:width\" content=\"768\" \/>\n\t<meta property=\"og:image:height\" content=\"766\" \/>\n\t<meta property=\"og:image:type\" content=\"image\/png\" \/>\n<meta name=\"twitter:card\" content=\"summary_large_image\" \/>\n<meta name=\"twitter:label1\" content=\"Dur\u00e9e de lecture estim\u00e9e\" \/>\n\t<meta name=\"twitter:data1\" content=\"1 minute\" \/>\n<!-- \/ Yoast SEO plugin. -->","yoast_head_json":{"title":"Aka-Allegran 6 | Disque abrasif rigide pour m\u00e9tallographie | Akasel","description":"Aka-Allegran 6 : le disque de meulage fin universel pour tous les aciers (>150 HV). Remplace plusieurs \u00e9tapes pour un processus rapide et efficace.","robots":{"index":"index","follow":"follow","max-snippet":"max-snippet:-1","max-image-preview":"max-image-preview:large","max-video-preview":"max-video-preview:-1"},"canonical":"https:\/\/akasel.com\/fr\/shop\/pre-polissage\/disques-de-poncage-rigides\/aka-allegran-6\/","og_locale":"fr_FR","og_type":"article","og_title":"Aka-Allegran 6 | Disque abrasif rigide pour m\u00e9tallographie | Akasel","og_description":"Aka-Allegran 6 : le disque de meulage fin universel pour tous les aciers (>150 HV). Remplace plusieurs \u00e9tapes pour un processus rapide et efficace.","og_url":"https:\/\/akasel.com\/fr\/shop\/pre-polissage\/disques-de-poncage-rigides\/aka-allegran-6\/","og_site_name":"AKASEL A\/S","article_modified_time":"2026-01-13T06:24:02+00:00","og_image":[{"width":768,"height":766,"url":"https:\/\/akasel.com\/fr\/wp-content\/uploads\/sites\/8\/2025\/09\/allegran-6-1-e1740062134840-768x766.png","type":"image\/png"}],"twitter_card":"summary_large_image","twitter_misc":{"Dur\u00e9e de lecture estim\u00e9e":"1 minute"},"schema":{"@context":"https:\/\/schema.org","@graph":[{"@type":"WebPage","@id":"https:\/\/akasel.com\/fr\/shop\/pre-polissage\/disques-de-poncage-rigides\/aka-allegran-6\/","url":"https:\/\/akasel.com\/fr\/shop\/pre-polissage\/disques-de-poncage-rigides\/aka-allegran-6\/","name":"Aka-Allegran 6 | Disque abrasif rigide pour m\u00e9tallographie | Akasel","isPartOf":{"@id":"https:\/\/akasel.com\/fr\/#website"},"datePublished":"2021-06-28T11:54:11+00:00","dateModified":"2026-01-13T06:24:02+00:00","description":"Aka-Allegran 6 : le disque de meulage fin universel pour tous les aciers (>150 HV). Remplace plusieurs \u00e9tapes pour un processus rapide et efficace.","breadcrumb":{"@id":"https:\/\/akasel.com\/fr\/shop\/pre-polissage\/disques-de-poncage-rigides\/aka-allegran-6\/#breadcrumb"},"inLanguage":"fr-FR","potentialAction":[{"@type":"ReadAction","target":["https:\/\/akasel.com\/fr\/shop\/pre-polissage\/disques-de-poncage-rigides\/aka-allegran-6\/"]}]},{"@type":"BreadcrumbList","@id":"https:\/\/akasel.com\/fr\/shop\/pre-polissage\/disques-de-poncage-rigides\/aka-allegran-6\/#breadcrumb","itemListElement":[{"@type":"ListItem","position":1,"name":"Home","item":"https:\/\/akasel.com\/fr\/"},{"@type":"ListItem","position":2,"name":"Boutique","item":"https:\/\/akasel.com\/fr\/boutique\/"},{"@type":"ListItem","position":3,"name":"Aka-Allegran 6"}]},{"@type":"WebSite","@id":"https:\/\/akasel.com\/fr\/#website","url":"https:\/\/akasel.com\/fr\/","name":"AKASEL A\/S","description":"","potentialAction":[{"@type":"SearchAction","target":{"@type":"EntryPoint","urlTemplate":"https:\/\/akasel.com\/fr\/?s={search_term_string}"},"query-input":"required name=search_term_string"}],"inLanguage":"fr-FR"}]}},"_links":{"self":[{"href":"https:\/\/akasel.com\/fr\/wp-json\/wp\/v3\/product\/10284"}],"collection":[{"href":"https:\/\/akasel.com\/fr\/wp-json\/wp\/v3\/product"}],"about":[{"href":"https:\/\/akasel.com\/fr\/wp-json\/wp\/v2\/types\/product"}],"wp:featuredmedia":[{"embeddable":true,"href":"https:\/\/akasel.com\/fr\/wp-json\/wp\/v2\/media\/33575"}],"wp:attachment":[{"href":"https:\/\/akasel.com\/fr\/wp-json\/wp\/v2\/media?parent=10284"}],"wp:term":[{"taxonomy":"product_cat","embeddable":true,"href":"https:\/\/akasel.com\/fr\/wp-json\/wp\/v2\/product_cat?post=10284"},{"taxonomy":"product_tag","embeddable":true,"href":"https:\/\/akasel.com\/fr\/wp-json\/wp\/v2\/product_tag?post=10284"}],"curies":[{"name":"wp","href":"https:\/\/api.w.org\/{rel}","templated":true}]}}