{"id":10288,"date":"2021-06-28T14:18:14","date_gmt":"2021-06-28T12:18:14","guid":{"rendered":"https:\/\/akasel.com\/fr\/p\/disc-cabinet\/"},"modified":"2026-01-07T06:24:16","modified_gmt":"2026-01-07T05:24:16","slug":"disc-cabinet","status":"publish","type":"product","link":"https:\/\/akasel.com\/fr\/shop\/polissage-metallographique\/tissus-de-polissage\/disc-cabinet\/","title":{"rendered":"Disc Cabinet"},"content":{"rendered":"<p>Contenu disponible 1 pi\u00e8ces.<\/p>\n<div style=\"position: relative; padding-bottom: 56.25%; height: auto; overflow: hidden; max-width: 100%;\"><video style=\"position: absolute; top: 0; left: 0; width: 100%; height: 100%;\" poster=\"https:\/\/akasel.com\/fr\/wp-content\/uploads\/2025\/06\/akasel-disc-cabinet-easy-organisation-of-your-lab-thumbnail.jpg\" preload=\"metadata\" controls=\"controls\" width=\"300\" height=\"150\"><source src=\"https:\/\/akasel.com\/fr\/wp-content\/uploads\/2025\/06\/akasel-disc-cabinet-easy-organisation-of-your-lab-low-res.mp4\" type=\"video\/mp4\" \/>Votre navigateur ne prend pas en charge la lecture des vid\u00e9os.<\/video><\/div>\n","protected":false},"excerpt":{"rendered":"<p>Armoire \u00e0 disques pouvant contenir 16 disques \u00e0 base en acier. Peut \u00eatre utilis\u00e9 pour des disques de 200 \u00e0 300 mm de diam\u00e8tre.<\/p>\n<p>Des \u00e9tiquettes pour l&#8217;armoire \u00e0 disques sont incluses pour faciliter l&#8217;identification des disques.<\/p>\n<p>Dimensions: 33 x 23,5 x 40 cm (L x L x H).<\/p>\n","protected":false},"featured_media":33574,"template":"","meta":[],"product_cat":[334,301,338,344,303,296],"product_tag":[],"class_list":["post-10288","product","type-product","status-publish","has-post-thumbnail","hentry","product_cat-pre-polissage","product_cat-disques-abrasifs-diamantes","product_cat-accessoires","product_cat-polissage-metallographique","product_cat-tissus-de-polissage","product_cat-accessoires-chiffons-de-polissage","alt-image-hover-enabled"],"yoast_head":"<!-- This site is optimized with the Yoast SEO plugin v21.7 - https:\/\/yoast.com\/wordpress\/plugins\/seo\/ -->\n<title>Cabinet de disques - 16 disques pour un rangement facile | Akasel<\/title>\n<meta name=\"description\" content=\"Convient aux disques d&#039;un diam\u00e8tre de 200 \u00e0 300 mm. Comprend des \u00e9tiquettes pour faciliter l&#039;identification et l&#039;organisation de vos disques de polissage.\" \/>\n<meta name=\"robots\" content=\"index, follow, max-snippet:-1, max-image-preview:large, max-video-preview:-1\" \/>\n<link rel=\"canonical\" href=\"https:\/\/akasel.com\/fr\/shop\/polissage-metallographique\/tissus-de-polissage\/disc-cabinet\/\" \/>\n<meta property=\"og:locale\" content=\"fr_FR\" \/>\n<meta property=\"og:type\" content=\"article\" \/>\n<meta property=\"og:title\" content=\"Cabinet de disques - 16 disques pour un rangement facile | Akasel\" \/>\n<meta property=\"og:description\" content=\"Convient aux disques d&#039;un diam\u00e8tre de 200 \u00e0 300 mm. Comprend des \u00e9tiquettes pour faciliter l&#039;identification et l&#039;organisation de vos disques de polissage.\" \/>\n<meta property=\"og:url\" content=\"https:\/\/akasel.com\/fr\/shop\/polissage-metallographique\/tissus-de-polissage\/disc-cabinet\/\" \/>\n<meta property=\"og:site_name\" content=\"AKASEL A\/S\" \/>\n<meta property=\"article:modified_time\" content=\"2026-01-07T05:24:16+00:00\" \/>\n<meta property=\"og:image\" content=\"https:\/\/akasel.com\/fr\/wp-content\/uploads\/sites\/8\/2025\/09\/disc-cabinet.png\" \/>\n\t<meta property=\"og:image:width\" content=\"2446\" \/>\n\t<meta property=\"og:image:height\" content=\"2560\" \/>\n\t<meta property=\"og:image:type\" content=\"image\/png\" \/>\n<meta name=\"twitter:card\" content=\"summary_large_image\" \/>\n<meta name=\"twitter:label1\" content=\"Dur\u00e9e de lecture estim\u00e9e\" \/>\n\t<meta name=\"twitter:data1\" content=\"1 minute\" \/>\n<!-- \/ Yoast SEO plugin. -->","yoast_head_json":{"title":"Cabinet de disques - 16 disques pour un rangement facile | Akasel","description":"Convient aux disques d'un diam\u00e8tre de 200 \u00e0 300 mm. Comprend des \u00e9tiquettes pour faciliter l'identification et l'organisation de vos disques de polissage.","robots":{"index":"index","follow":"follow","max-snippet":"max-snippet:-1","max-image-preview":"max-image-preview:large","max-video-preview":"max-video-preview:-1"},"canonical":"https:\/\/akasel.com\/fr\/shop\/polissage-metallographique\/tissus-de-polissage\/disc-cabinet\/","og_locale":"fr_FR","og_type":"article","og_title":"Cabinet de disques - 16 disques pour un rangement facile | Akasel","og_description":"Convient aux disques d'un diam\u00e8tre de 200 \u00e0 300 mm. Comprend des \u00e9tiquettes pour faciliter l'identification et l'organisation de vos disques de polissage.","og_url":"https:\/\/akasel.com\/fr\/shop\/polissage-metallographique\/tissus-de-polissage\/disc-cabinet\/","og_site_name":"AKASEL A\/S","article_modified_time":"2026-01-07T05:24:16+00:00","og_image":[{"width":2446,"height":2560,"url":"https:\/\/akasel.com\/fr\/wp-content\/uploads\/sites\/8\/2025\/09\/disc-cabinet.png","type":"image\/png"}],"twitter_card":"summary_large_image","twitter_misc":{"Dur\u00e9e de lecture estim\u00e9e":"1 minute"},"schema":{"@context":"https:\/\/schema.org","@graph":[{"@type":"WebPage","@id":"https:\/\/akasel.com\/fr\/shop\/polissage-metallographique\/tissus-de-polissage\/disc-cabinet\/","url":"https:\/\/akasel.com\/fr\/shop\/polissage-metallographique\/tissus-de-polissage\/disc-cabinet\/","name":"Cabinet de disques - 16 disques pour un rangement facile | Akasel","isPartOf":{"@id":"https:\/\/akasel.com\/fr\/#website"},"datePublished":"2021-06-28T12:18:14+00:00","dateModified":"2026-01-07T05:24:16+00:00","description":"Convient aux disques d'un diam\u00e8tre de 200 \u00e0 300 mm. Comprend des \u00e9tiquettes pour faciliter l'identification et l'organisation de vos disques de polissage.","breadcrumb":{"@id":"https:\/\/akasel.com\/fr\/shop\/polissage-metallographique\/tissus-de-polissage\/disc-cabinet\/#breadcrumb"},"inLanguage":"fr-FR","potentialAction":[{"@type":"ReadAction","target":["https:\/\/akasel.com\/fr\/shop\/polissage-metallographique\/tissus-de-polissage\/disc-cabinet\/"]}]},{"@type":"BreadcrumbList","@id":"https:\/\/akasel.com\/fr\/shop\/polissage-metallographique\/tissus-de-polissage\/disc-cabinet\/#breadcrumb","itemListElement":[{"@type":"ListItem","position":1,"name":"Home","item":"https:\/\/akasel.com\/fr\/"},{"@type":"ListItem","position":2,"name":"Boutique","item":"https:\/\/akasel.com\/fr\/boutique\/"},{"@type":"ListItem","position":3,"name":"Disc Cabinet"}]},{"@type":"WebSite","@id":"https:\/\/akasel.com\/fr\/#website","url":"https:\/\/akasel.com\/fr\/","name":"AKASEL A\/S","description":"","potentialAction":[{"@type":"SearchAction","target":{"@type":"EntryPoint","urlTemplate":"https:\/\/akasel.com\/fr\/?s={search_term_string}"},"query-input":"required name=search_term_string"}],"inLanguage":"fr-FR"}]}},"_links":{"self":[{"href":"https:\/\/akasel.com\/fr\/wp-json\/wp\/v3\/product\/10288"}],"collection":[{"href":"https:\/\/akasel.com\/fr\/wp-json\/wp\/v3\/product"}],"about":[{"href":"https:\/\/akasel.com\/fr\/wp-json\/wp\/v2\/types\/product"}],"wp:featuredmedia":[{"embeddable":true,"href":"https:\/\/akasel.com\/fr\/wp-json\/wp\/v2\/media\/33574"}],"wp:attachment":[{"href":"https:\/\/akasel.com\/fr\/wp-json\/wp\/v2\/media?parent=10288"}],"wp:term":[{"taxonomy":"product_cat","embeddable":true,"href":"https:\/\/akasel.com\/fr\/wp-json\/wp\/v2\/product_cat?post=10288"},{"taxonomy":"product_tag","embeddable":true,"href":"https:\/\/akasel.com\/fr\/wp-json\/wp\/v2\/product_tag?post=10288"}],"curies":[{"name":"wp","href":"https:\/\/api.w.org\/{rel}","templated":true}]}}