{"id":11182,"date":"2023-12-29T12:58:16","date_gmt":"2023-12-29T11:58:16","guid":{"rendered":"https:\/\/akasel.com\/fr\/?post_type=product&#038;p=11182"},"modified":"2026-04-14T13:44:47","modified_gmt":"2026-04-14T11:44:47","slug":"aka-cut-50-hv","status":"publish","type":"product","link":"https:\/\/akasel.com\/fr\/shop\/tronconnage\/disques-a-tronconner-superabrasifs\/disques-a-tronconner-diamantes\/aka-cut-50-hv\/","title":{"rendered":"Aka-Cut 50 HV"},"content":{"rendered":"<p>L&#8217;\u00e9paisseur de l&#8217;\u00e9tui est de 152 mm : 152 mm, 250 mm<\/p>\n<p><a href=\"https:\/\/akasel.com\/wp-content\/uploads\/2024\/05\/16153150uk-1.pdf\">Disques \u00e0 tron\u00e7onner superabrasifs PDS (EN)<\/a><\/p>\n<p><a href=\"https:\/\/akasel.com\/wp-content\/uploads\/2020\/11\/98012863-67110001_aka-cut.pdf\">Disques \u00e0 tron\u00e7onner Aka-cut (EN)<\/a><\/p>\n","protected":false},"excerpt":{"rendered":"<p><span style=\"font-weight: 400;\">Disque \u00e0 tron\u00e7onner diamant\u00e9 \u00e9lectrod\u00e9pos\u00e9 pour le tron\u00e7onnage de pr\u00e9cision des mat\u00e9riaux tendres comme la r\u00e9sine ou le plastique, par exemple les composants \u00e9lectroniques.<\/span><\/p>\n<p><span style=\"font-weight: 400;\">Faible concentration.<\/span><\/p>\n","protected":false},"featured_media":33565,"template":"","meta":[],"product_cat":[404,402],"product_tag":[],"class_list":["post-11182","product","type-product","status-publish","has-post-thumbnail","hentry","product_cat-disques-a-tronconner-diamantes","product_cat-disques-a-tronconner-superabrasifs"],"yoast_head":"<!-- This site is optimized with the Yoast SEO plugin v21.7 - https:\/\/yoast.com\/wordpress\/plugins\/seo\/ -->\n<title>Aka-Cut 50 HV | Disque Diamant\u00e9 pour Mat\u00e9riaux Tendres | Akasel<\/title>\n<meta name=\"description\" content=\"Con\u00e7ue pour une grande pr\u00e9cision, la meule diamant\u00e9e Aka-Cut 50 HV offre d&#039;excellentes performances pour les t\u00e2ches de coupe d\u00e9licates et pr\u00e9cises.\" \/>\n<meta name=\"robots\" content=\"index, follow, max-snippet:-1, max-image-preview:large, max-video-preview:-1\" \/>\n<link rel=\"canonical\" href=\"https:\/\/akasel.com\/fr\/shop\/tronconnage\/disques-a-tronconner-superabrasifs\/disques-a-tronconner-diamantes\/aka-cut-50-hv\/\" \/>\n<meta property=\"og:locale\" content=\"fr_FR\" \/>\n<meta property=\"og:type\" content=\"article\" \/>\n<meta property=\"og:title\" content=\"Aka-Cut 50 HV | Disque Diamant\u00e9 pour Mat\u00e9riaux Tendres | Akasel\" \/>\n<meta property=\"og:description\" content=\"Con\u00e7ue pour une grande pr\u00e9cision, la meule diamant\u00e9e Aka-Cut 50 HV offre d&#039;excellentes performances pour les t\u00e2ches de coupe d\u00e9licates et pr\u00e9cises.\" \/>\n<meta property=\"og:url\" content=\"https:\/\/akasel.com\/fr\/shop\/tronconnage\/disques-a-tronconner-superabrasifs\/disques-a-tronconner-diamantes\/aka-cut-50-hv\/\" \/>\n<meta property=\"og:site_name\" content=\"AKASEL A\/S\" \/>\n<meta property=\"article:modified_time\" content=\"2026-04-14T11:44:47+00:00\" \/>\n<meta property=\"og:image\" content=\"https:\/\/akasel.com\/fr\/wp-content\/uploads\/sites\/8\/2025\/09\/aka-cut-50-removed-background-1.png\" \/>\n\t<meta property=\"og:image:width\" content=\"2472\" \/>\n\t<meta property=\"og:image:height\" content=\"2470\" \/>\n\t<meta property=\"og:image:type\" content=\"image\/png\" \/>\n<meta name=\"twitter:card\" content=\"summary_large_image\" \/>\n<meta name=\"twitter:label1\" content=\"Dur\u00e9e de lecture estim\u00e9e\" \/>\n\t<meta name=\"twitter:data1\" content=\"1 minute\" \/>\n<!-- \/ Yoast SEO plugin. -->","yoast_head_json":{"title":"Aka-Cut 50 HV | Disque Diamant\u00e9 pour Mat\u00e9riaux Tendres | Akasel","description":"Con\u00e7ue pour une grande pr\u00e9cision, la meule diamant\u00e9e Aka-Cut 50 HV offre d'excellentes performances pour les t\u00e2ches de coupe d\u00e9licates et pr\u00e9cises.","robots":{"index":"index","follow":"follow","max-snippet":"max-snippet:-1","max-image-preview":"max-image-preview:large","max-video-preview":"max-video-preview:-1"},"canonical":"https:\/\/akasel.com\/fr\/shop\/tronconnage\/disques-a-tronconner-superabrasifs\/disques-a-tronconner-diamantes\/aka-cut-50-hv\/","og_locale":"fr_FR","og_type":"article","og_title":"Aka-Cut 50 HV | Disque Diamant\u00e9 pour Mat\u00e9riaux Tendres | Akasel","og_description":"Con\u00e7ue pour une grande pr\u00e9cision, la meule diamant\u00e9e Aka-Cut 50 HV offre d'excellentes performances pour les t\u00e2ches de coupe d\u00e9licates et pr\u00e9cises.","og_url":"https:\/\/akasel.com\/fr\/shop\/tronconnage\/disques-a-tronconner-superabrasifs\/disques-a-tronconner-diamantes\/aka-cut-50-hv\/","og_site_name":"AKASEL A\/S","article_modified_time":"2026-04-14T11:44:47+00:00","og_image":[{"width":2472,"height":2470,"url":"https:\/\/akasel.com\/fr\/wp-content\/uploads\/sites\/8\/2025\/09\/aka-cut-50-removed-background-1.png","type":"image\/png"}],"twitter_card":"summary_large_image","twitter_misc":{"Dur\u00e9e de lecture estim\u00e9e":"1 minute"},"schema":{"@context":"https:\/\/schema.org","@graph":[{"@type":"WebPage","@id":"https:\/\/akasel.com\/fr\/shop\/tronconnage\/disques-a-tronconner-superabrasifs\/disques-a-tronconner-diamantes\/aka-cut-50-hv\/","url":"https:\/\/akasel.com\/fr\/shop\/tronconnage\/disques-a-tronconner-superabrasifs\/disques-a-tronconner-diamantes\/aka-cut-50-hv\/","name":"Aka-Cut 50 HV | Disque Diamant\u00e9 pour Mat\u00e9riaux Tendres | Akasel","isPartOf":{"@id":"https:\/\/akasel.com\/fr\/#website"},"datePublished":"2023-12-29T11:58:16+00:00","dateModified":"2026-04-14T11:44:47+00:00","description":"Con\u00e7ue pour une grande pr\u00e9cision, la meule diamant\u00e9e Aka-Cut 50 HV offre d'excellentes performances pour les t\u00e2ches de coupe d\u00e9licates et pr\u00e9cises.","breadcrumb":{"@id":"https:\/\/akasel.com\/fr\/shop\/tronconnage\/disques-a-tronconner-superabrasifs\/disques-a-tronconner-diamantes\/aka-cut-50-hv\/#breadcrumb"},"inLanguage":"fr-FR","potentialAction":[{"@type":"ReadAction","target":["https:\/\/akasel.com\/fr\/shop\/tronconnage\/disques-a-tronconner-superabrasifs\/disques-a-tronconner-diamantes\/aka-cut-50-hv\/"]}]},{"@type":"BreadcrumbList","@id":"https:\/\/akasel.com\/fr\/shop\/tronconnage\/disques-a-tronconner-superabrasifs\/disques-a-tronconner-diamantes\/aka-cut-50-hv\/#breadcrumb","itemListElement":[{"@type":"ListItem","position":1,"name":"Home","item":"https:\/\/akasel.com\/fr\/"},{"@type":"ListItem","position":2,"name":"Boutique","item":"https:\/\/akasel.com\/fr\/boutique\/"},{"@type":"ListItem","position":3,"name":"Aka-Cut 50 HV"}]},{"@type":"WebSite","@id":"https:\/\/akasel.com\/fr\/#website","url":"https:\/\/akasel.com\/fr\/","name":"AKASEL A\/S","description":"","potentialAction":[{"@type":"SearchAction","target":{"@type":"EntryPoint","urlTemplate":"https:\/\/akasel.com\/fr\/?s={search_term_string}"},"query-input":"required name=search_term_string"}],"inLanguage":"fr-FR"}]}},"_links":{"self":[{"href":"https:\/\/akasel.com\/fr\/wp-json\/wp\/v3\/product\/11182"}],"collection":[{"href":"https:\/\/akasel.com\/fr\/wp-json\/wp\/v3\/product"}],"about":[{"href":"https:\/\/akasel.com\/fr\/wp-json\/wp\/v2\/types\/product"}],"wp:featuredmedia":[{"embeddable":true,"href":"https:\/\/akasel.com\/fr\/wp-json\/wp\/v2\/media\/33565"}],"wp:attachment":[{"href":"https:\/\/akasel.com\/fr\/wp-json\/wp\/v2\/media?parent=11182"}],"wp:term":[{"taxonomy":"product_cat","embeddable":true,"href":"https:\/\/akasel.com\/fr\/wp-json\/wp\/v2\/product_cat?post=11182"},{"taxonomy":"product_tag","embeddable":true,"href":"https:\/\/akasel.com\/fr\/wp-json\/wp\/v2\/product_tag?post=11182"}],"curies":[{"name":"wp","href":"https:\/\/api.w.org\/{rel}","templated":true}]}}