{"id":11186,"date":"2023-12-29T13:18:31","date_gmt":"2023-12-29T12:18:31","guid":{"rendered":"https:\/\/akasel.com\/fr\/?post_type=product&#038;p=11186"},"modified":"2026-04-14T13:59:43","modified_gmt":"2026-04-14T11:59:43","slug":"aka-cut-3000-hv","status":"publish","type":"product","link":"https:\/\/akasel.com\/fr\/shop\/tronconnage\/disques-a-tronconner-superabrasifs\/disques-a-tronconner-diamantes\/aka-cut-3000-hv\/","title":{"rendered":"Aka-Cut 3000 HV"},"content":{"rendered":"<p>Taille disponible : 152 mm, 250 mm<\/p>\n<p><a href=\"https:\/\/akasel.com\/wp-content\/uploads\/2024\/05\/16153150uk-1.pdf\">Disques \u00e0 tron\u00e7onner superabrasifs PDS (EN)<\/a><\/p>\n<p><a href=\"https:\/\/akasel.com\/wp-content\/uploads\/2020\/11\/98012863-67110001_aka-cut.pdf\">Guides d&#8217;utilisation Aka-cut (EN)<\/a><\/p>\n","protected":false},"excerpt":{"rendered":"<p>Disque \u00e0 tron\u00e7onner diamant\u00e9 \u00e0 liant r\u00e9sine pour le tron\u00e7onnage de pr\u00e9cision des c\u00e9ramiques tr\u00e8s dures,<br \/>\npar exemple l&#8217;oxyde d&#8217;aluminium, le carbure de silicium, les carbures fritt\u00e9s, etc. C&#8217;est le choix optimal pour couper des mat\u00e9riaux d&#8217;une duret\u00e9 sup\u00e9rieure \u00e0 1500 HV.<\/p>\n<p>Haute concentration.<\/p>\n","protected":false},"featured_media":33561,"template":"","meta":[],"product_cat":[404,402],"product_tag":[],"class_list":["post-11186","product","type-product","status-publish","has-post-thumbnail","hentry","product_cat-disques-a-tronconner-diamantes","product_cat-disques-a-tronconner-superabrasifs"],"yoast_head":"<!-- This site is optimized with the Yoast SEO plugin v21.7 - https:\/\/yoast.com\/wordpress\/plugins\/seo\/ -->\n<title>Aka-Cut 3000 HV | D\u00e9coupe Diamant\u00e9e de Mat\u00e9riaux Durs | Akasel<\/title>\n<meta name=\"description\" content=\"Aka-Cut 3000 HV : le disque diamant\u00e9 pour mat\u00e9riaux tr\u00e8s durs (&gt;1500 HV). Assure une coupe nette et pr\u00e9cise avec une usure minimale.\" \/>\n<meta name=\"robots\" content=\"index, follow, max-snippet:-1, max-image-preview:large, max-video-preview:-1\" \/>\n<link rel=\"canonical\" href=\"https:\/\/akasel.com\/fr\/shop\/tronconnage\/disques-a-tronconner-superabrasifs\/disques-a-tronconner-diamantes\/aka-cut-3000-hv\/\" \/>\n<meta property=\"og:locale\" content=\"fr_FR\" \/>\n<meta property=\"og:type\" content=\"article\" \/>\n<meta property=\"og:title\" content=\"Aka-Cut 3000 HV | D\u00e9coupe Diamant\u00e9e de Mat\u00e9riaux Durs | Akasel\" \/>\n<meta property=\"og:description\" content=\"Aka-Cut 3000 HV : le disque diamant\u00e9 pour mat\u00e9riaux tr\u00e8s durs (&gt;1500 HV). Assure une coupe nette et pr\u00e9cise avec une usure minimale.\" \/>\n<meta property=\"og:url\" content=\"https:\/\/akasel.com\/fr\/shop\/tronconnage\/disques-a-tronconner-superabrasifs\/disques-a-tronconner-diamantes\/aka-cut-3000-hv\/\" \/>\n<meta property=\"og:site_name\" content=\"AKASEL A\/S\" \/>\n<meta property=\"article:modified_time\" content=\"2026-04-14T11:59:43+00:00\" \/>\n<meta property=\"og:image\" content=\"https:\/\/akasel.com\/fr\/wp-content\/uploads\/sites\/8\/2025\/09\/aka-cut-3000-removed-background.png\" \/>\n\t<meta property=\"og:image:width\" content=\"2560\" \/>\n\t<meta property=\"og:image:height\" content=\"2556\" \/>\n\t<meta property=\"og:image:type\" content=\"image\/png\" \/>\n<meta name=\"twitter:card\" content=\"summary_large_image\" \/>\n<meta name=\"twitter:label1\" content=\"Dur\u00e9e de lecture estim\u00e9e\" \/>\n\t<meta name=\"twitter:data1\" content=\"1 minute\" \/>\n<!-- \/ Yoast SEO plugin. -->","yoast_head_json":{"title":"Aka-Cut 3000 HV | D\u00e9coupe Diamant\u00e9e de Mat\u00e9riaux Durs | Akasel","description":"Aka-Cut 3000 HV : le disque diamant\u00e9 pour mat\u00e9riaux tr\u00e8s durs (>1500 HV). Assure une coupe nette et pr\u00e9cise avec une usure minimale.","robots":{"index":"index","follow":"follow","max-snippet":"max-snippet:-1","max-image-preview":"max-image-preview:large","max-video-preview":"max-video-preview:-1"},"canonical":"https:\/\/akasel.com\/fr\/shop\/tronconnage\/disques-a-tronconner-superabrasifs\/disques-a-tronconner-diamantes\/aka-cut-3000-hv\/","og_locale":"fr_FR","og_type":"article","og_title":"Aka-Cut 3000 HV | D\u00e9coupe Diamant\u00e9e de Mat\u00e9riaux Durs | Akasel","og_description":"Aka-Cut 3000 HV : le disque diamant\u00e9 pour mat\u00e9riaux tr\u00e8s durs (>1500 HV). Assure une coupe nette et pr\u00e9cise avec une usure minimale.","og_url":"https:\/\/akasel.com\/fr\/shop\/tronconnage\/disques-a-tronconner-superabrasifs\/disques-a-tronconner-diamantes\/aka-cut-3000-hv\/","og_site_name":"AKASEL A\/S","article_modified_time":"2026-04-14T11:59:43+00:00","og_image":[{"width":2560,"height":2556,"url":"https:\/\/akasel.com\/fr\/wp-content\/uploads\/sites\/8\/2025\/09\/aka-cut-3000-removed-background.png","type":"image\/png"}],"twitter_card":"summary_large_image","twitter_misc":{"Dur\u00e9e de lecture estim\u00e9e":"1 minute"},"schema":{"@context":"https:\/\/schema.org","@graph":[{"@type":"WebPage","@id":"https:\/\/akasel.com\/fr\/shop\/tronconnage\/disques-a-tronconner-superabrasifs\/disques-a-tronconner-diamantes\/aka-cut-3000-hv\/","url":"https:\/\/akasel.com\/fr\/shop\/tronconnage\/disques-a-tronconner-superabrasifs\/disques-a-tronconner-diamantes\/aka-cut-3000-hv\/","name":"Aka-Cut 3000 HV | D\u00e9coupe Diamant\u00e9e de Mat\u00e9riaux Durs | Akasel","isPartOf":{"@id":"https:\/\/akasel.com\/fr\/#website"},"datePublished":"2023-12-29T12:18:31+00:00","dateModified":"2026-04-14T11:59:43+00:00","description":"Aka-Cut 3000 HV : le disque diamant\u00e9 pour mat\u00e9riaux tr\u00e8s durs (>1500 HV). Assure une coupe nette et pr\u00e9cise avec une usure minimale.","breadcrumb":{"@id":"https:\/\/akasel.com\/fr\/shop\/tronconnage\/disques-a-tronconner-superabrasifs\/disques-a-tronconner-diamantes\/aka-cut-3000-hv\/#breadcrumb"},"inLanguage":"fr-FR","potentialAction":[{"@type":"ReadAction","target":["https:\/\/akasel.com\/fr\/shop\/tronconnage\/disques-a-tronconner-superabrasifs\/disques-a-tronconner-diamantes\/aka-cut-3000-hv\/"]}]},{"@type":"BreadcrumbList","@id":"https:\/\/akasel.com\/fr\/shop\/tronconnage\/disques-a-tronconner-superabrasifs\/disques-a-tronconner-diamantes\/aka-cut-3000-hv\/#breadcrumb","itemListElement":[{"@type":"ListItem","position":1,"name":"Home","item":"https:\/\/akasel.com\/fr\/"},{"@type":"ListItem","position":2,"name":"Boutique","item":"https:\/\/akasel.com\/fr\/boutique\/"},{"@type":"ListItem","position":3,"name":"Aka-Cut 3000 HV"}]},{"@type":"WebSite","@id":"https:\/\/akasel.com\/fr\/#website","url":"https:\/\/akasel.com\/fr\/","name":"AKASEL A\/S","description":"","potentialAction":[{"@type":"SearchAction","target":{"@type":"EntryPoint","urlTemplate":"https:\/\/akasel.com\/fr\/?s={search_term_string}"},"query-input":"required name=search_term_string"}],"inLanguage":"fr-FR"}]}},"_links":{"self":[{"href":"https:\/\/akasel.com\/fr\/wp-json\/wp\/v3\/product\/11186"}],"collection":[{"href":"https:\/\/akasel.com\/fr\/wp-json\/wp\/v3\/product"}],"about":[{"href":"https:\/\/akasel.com\/fr\/wp-json\/wp\/v2\/types\/product"}],"wp:featuredmedia":[{"embeddable":true,"href":"https:\/\/akasel.com\/fr\/wp-json\/wp\/v2\/media\/33561"}],"wp:attachment":[{"href":"https:\/\/akasel.com\/fr\/wp-json\/wp\/v2\/media?parent=11186"}],"wp:term":[{"taxonomy":"product_cat","embeddable":true,"href":"https:\/\/akasel.com\/fr\/wp-json\/wp\/v2\/product_cat?post=11186"},{"taxonomy":"product_tag","embeddable":true,"href":"https:\/\/akasel.com\/fr\/wp-json\/wp\/v2\/product_tag?post=11186"}],"curies":[{"name":"wp","href":"https:\/\/api.w.org\/{rel}","templated":true}]}}