{"id":18588,"date":"2025-03-03T13:37:15","date_gmt":"2025-03-03T12:37:15","guid":{"rendered":"https:\/\/akasel.com\/fr\/?post_type=product&#038;p=18588"},"modified":"2026-01-13T07:23:52","modified_gmt":"2026-01-13T06:23:52","slug":"aka-resin-pp-orange","status":"publish","type":"product","link":"https:\/\/akasel.com\/fr\/shop\/enrobage-a-chaud\/aka-resin-pp\/aka-resin-pp-orange\/","title":{"rendered":"Aka-Resin PP, Orange"},"content":{"rendered":"<p>Contenu disponible : 2,5 kg, 7,5 kg, 30 kg (4 x 7,5 kg)<\/p>\n<p><a href=\"https:\/\/akasel.com\/wp-content\/uploads\/2025\/05\/sds-aka-resin-pp-black-green-orange-red-uk-v10.pdf\">FDS Aka-Resin PP (EN)<\/a><\/p>\n<p><a href=\"https:\/\/akasel.com\/wp-content\/uploads\/2025\/05\/fact-sheet-11-aka-resin-pp.pdf\">Fiches techniques Aka-Resin PP (EN)<\/a><\/p>\n<p><a href=\"https:\/\/akasel.com\/wp-content\/uploads\/2025\/05\/hot-mounting-brochure-uk-web.pdf\">Brochures sur les produits de montage \u00e0 chaud (EN)<\/a><\/p>\n<div style=\"position: relative; padding-bottom: 56.25%; height: auto; overflow: hidden; max-width: 100%;\"><video style=\"position: absolute; top: 0; left: 0; width: 100%; height: 100%;\" poster=\"https:\/\/akasel.com\/wp-content\/uploads\/2025\/05\/aka-resin-pp-thumbnail.jpg\" preload=\"metadata\" controls=\"controls\" width=\"300\" height=\"150\"><source src=\"https:\/\/akasel.com\/wp-content\/uploads\/2025\/08\/expanding-the-akasel-hot-mounting-range-aka-resin-pp.mp4\" type=\"video\/mp4\" \/>Votre navigateur ne prend pas en charge la lecture des vid\u00e9os.<\/video><\/div>\n","protected":false},"excerpt":{"rendered":"<p><span data-sheets-root=\"1\">R\u00e9sine polypropyl\u00e8ne orange charg\u00e9e de min\u00e9raux pour l&#8217;enrobage \u00e0 chaud. Aka-Resin PP est une r\u00e9sine sans poussi\u00e8re avec un faible retrait, une bonne adh\u00e9rence et des propri\u00e9t\u00e9s d&#8217;\u00e9coulement \u00e9lev\u00e9\/facile pour des montages de haute qualit\u00e9.<\/span><\/p>\n<p><strong>Sp\u00e9cifications de polym\u00e9risation :<\/strong><br \/>\nDiam\u00e8tre, force, temps de chauffage\/refroidissement :<br \/>\n25 mm : 15 kN, 5-7 min \/ 3 min<br \/>\n30 mm : 25 kN, 5-7 min \/ 3 min<br \/>\n40 mm : 30 kN, 6-8 min \/ 4 min<br \/>\n50 mm : 45 kN, 8-10 min \/ 5 min<\/p>\n<p>Durcissement \u00e0 160 &#8211; 180 \u00b0C, 250 bar, vitesse de refroidissement \u00e9lev\u00e9e<\/p>\n<p>Si l&#8217;enrobage n&#8217;est pas compl\u00e8tement durci, augmenter le temps.<\/p>\n<p>Les param\u00e8tres ci-dessus peuvent varier en fonction des caract\u00e9ristiques de la presse d&#8217;enrobage utilis\u00e9e.<\/p>\n","protected":false},"featured_media":33549,"template":"","meta":[],"product_cat":[424,317,318],"product_tag":[],"class_list":["post-18588","product","type-product","status-publish","has-post-thumbnail","hentry","product_cat-aka-resin-pp","product_cat-enrobage","product_cat-enrobage-a-chaud","alt-image-hover-enabled"],"yoast_head":"<!-- This site is optimized with the Yoast SEO plugin v21.7 - https:\/\/yoast.com\/wordpress\/plugins\/seo\/ -->\n<title>Aka-Resin PP, Orange | R\u00e9sine de montage \u00e0 chaud | Akasel A\/S<\/title>\n<meta name=\"description\" content=\"D\u00e9couvrez Aka-Resin PP, notre r\u00e9sine d&#039;enrobage orange sans poussi\u00e8re. Id\u00e9ale pour une manipulation s\u00fbre et un codage couleur facile des \u00e9chantillons.\" \/>\n<meta name=\"robots\" content=\"index, follow, max-snippet:-1, max-image-preview:large, max-video-preview:-1\" \/>\n<link rel=\"canonical\" href=\"https:\/\/akasel.com\/fr\/shop\/enrobage-a-chaud\/aka-resin-pp\/aka-resin-pp-orange\/\" \/>\n<meta property=\"og:locale\" content=\"fr_FR\" \/>\n<meta property=\"og:type\" content=\"article\" \/>\n<meta property=\"og:title\" content=\"Aka-Resin PP, Orange | R\u00e9sine de montage \u00e0 chaud | Akasel A\/S\" \/>\n<meta property=\"og:description\" content=\"D\u00e9couvrez Aka-Resin PP, notre r\u00e9sine d&#039;enrobage orange sans poussi\u00e8re. Id\u00e9ale pour une manipulation s\u00fbre et un codage couleur facile des \u00e9chantillons.\" \/>\n<meta property=\"og:url\" content=\"https:\/\/akasel.com\/fr\/shop\/enrobage-a-chaud\/aka-resin-pp\/aka-resin-pp-orange\/\" \/>\n<meta property=\"og:site_name\" content=\"AKASEL A\/S\" \/>\n<meta property=\"article:modified_time\" content=\"2026-01-13T06:23:52+00:00\" \/>\n<meta property=\"og:image\" content=\"https:\/\/akasel.com\/fr\/wp-content\/uploads\/sites\/8\/2025\/09\/aka-resin-pp-orange-25-kg.png\" \/>\n\t<meta property=\"og:image:width\" content=\"1506\" \/>\n\t<meta property=\"og:image:height\" content=\"2560\" \/>\n\t<meta property=\"og:image:type\" content=\"image\/png\" \/>\n<meta name=\"twitter:card\" content=\"summary_large_image\" \/>\n<meta name=\"twitter:label1\" content=\"Dur\u00e9e de lecture estim\u00e9e\" \/>\n\t<meta name=\"twitter:data1\" content=\"1 minute\" \/>\n<!-- \/ Yoast SEO plugin. -->","yoast_head_json":{"title":"Aka-Resin PP, Orange | R\u00e9sine de montage \u00e0 chaud | Akasel A\/S","description":"D\u00e9couvrez Aka-Resin PP, notre r\u00e9sine d'enrobage orange sans poussi\u00e8re. Id\u00e9ale pour une manipulation s\u00fbre et un codage couleur facile des \u00e9chantillons.","robots":{"index":"index","follow":"follow","max-snippet":"max-snippet:-1","max-image-preview":"max-image-preview:large","max-video-preview":"max-video-preview:-1"},"canonical":"https:\/\/akasel.com\/fr\/shop\/enrobage-a-chaud\/aka-resin-pp\/aka-resin-pp-orange\/","og_locale":"fr_FR","og_type":"article","og_title":"Aka-Resin PP, Orange | R\u00e9sine de montage \u00e0 chaud | Akasel A\/S","og_description":"D\u00e9couvrez Aka-Resin PP, notre r\u00e9sine d'enrobage orange sans poussi\u00e8re. Id\u00e9ale pour une manipulation s\u00fbre et un codage couleur facile des \u00e9chantillons.","og_url":"https:\/\/akasel.com\/fr\/shop\/enrobage-a-chaud\/aka-resin-pp\/aka-resin-pp-orange\/","og_site_name":"AKASEL A\/S","article_modified_time":"2026-01-13T06:23:52+00:00","og_image":[{"width":1506,"height":2560,"url":"https:\/\/akasel.com\/fr\/wp-content\/uploads\/sites\/8\/2025\/09\/aka-resin-pp-orange-25-kg.png","type":"image\/png"}],"twitter_card":"summary_large_image","twitter_misc":{"Dur\u00e9e de lecture estim\u00e9e":"1 minute"},"schema":{"@context":"https:\/\/schema.org","@graph":[{"@type":"WebPage","@id":"https:\/\/akasel.com\/fr\/shop\/enrobage-a-chaud\/aka-resin-pp\/aka-resin-pp-orange\/","url":"https:\/\/akasel.com\/fr\/shop\/enrobage-a-chaud\/aka-resin-pp\/aka-resin-pp-orange\/","name":"Aka-Resin PP, Orange | R\u00e9sine de montage \u00e0 chaud | Akasel A\/S","isPartOf":{"@id":"https:\/\/akasel.com\/fr\/#website"},"datePublished":"2025-03-03T12:37:15+00:00","dateModified":"2026-01-13T06:23:52+00:00","description":"D\u00e9couvrez Aka-Resin PP, notre r\u00e9sine d'enrobage orange sans poussi\u00e8re. Id\u00e9ale pour une manipulation s\u00fbre et un codage couleur facile des \u00e9chantillons.","breadcrumb":{"@id":"https:\/\/akasel.com\/fr\/shop\/enrobage-a-chaud\/aka-resin-pp\/aka-resin-pp-orange\/#breadcrumb"},"inLanguage":"fr-FR","potentialAction":[{"@type":"ReadAction","target":["https:\/\/akasel.com\/fr\/shop\/enrobage-a-chaud\/aka-resin-pp\/aka-resin-pp-orange\/"]}]},{"@type":"BreadcrumbList","@id":"https:\/\/akasel.com\/fr\/shop\/enrobage-a-chaud\/aka-resin-pp\/aka-resin-pp-orange\/#breadcrumb","itemListElement":[{"@type":"ListItem","position":1,"name":"Home","item":"https:\/\/akasel.com\/fr\/"},{"@type":"ListItem","position":2,"name":"Boutique","item":"https:\/\/akasel.com\/fr\/boutique\/"},{"@type":"ListItem","position":3,"name":"Aka-Resin PP, Orange"}]},{"@type":"WebSite","@id":"https:\/\/akasel.com\/fr\/#website","url":"https:\/\/akasel.com\/fr\/","name":"AKASEL A\/S","description":"","potentialAction":[{"@type":"SearchAction","target":{"@type":"EntryPoint","urlTemplate":"https:\/\/akasel.com\/fr\/?s={search_term_string}"},"query-input":"required name=search_term_string"}],"inLanguage":"fr-FR"}]}},"_links":{"self":[{"href":"https:\/\/akasel.com\/fr\/wp-json\/wp\/v3\/product\/18588"}],"collection":[{"href":"https:\/\/akasel.com\/fr\/wp-json\/wp\/v3\/product"}],"about":[{"href":"https:\/\/akasel.com\/fr\/wp-json\/wp\/v2\/types\/product"}],"wp:featuredmedia":[{"embeddable":true,"href":"https:\/\/akasel.com\/fr\/wp-json\/wp\/v2\/media\/33549"}],"wp:attachment":[{"href":"https:\/\/akasel.com\/fr\/wp-json\/wp\/v2\/media?parent=18588"}],"wp:term":[{"taxonomy":"product_cat","embeddable":true,"href":"https:\/\/akasel.com\/fr\/wp-json\/wp\/v2\/product_cat?post=18588"},{"taxonomy":"product_tag","embeddable":true,"href":"https:\/\/akasel.com\/fr\/wp-json\/wp\/v2\/product_tag?post=18588"}],"curies":[{"name":"wp","href":"https:\/\/api.w.org\/{rel}","templated":true}]}}