{"id":9864,"date":"2020-10-23T12:39:03","date_gmt":"2020-10-23T10:39:03","guid":{"rendered":"https:\/\/akasel.com\/fr\/p\/aka-nostick-powder\/"},"modified":"2026-01-13T07:23:51","modified_gmt":"2026-01-13T06:23:51","slug":"aka-nostick-powder","status":"publish","type":"product","link":"https:\/\/akasel.com\/fr\/shop\/enrobage\/accessoires-de-montage\/agents-de-demoulage\/aka-nostick-powder\/","title":{"rendered":"Aka-NoStick Powder"},"content":{"rendered":"<p>Contenu disponible : 50 g<\/p>\n<p><a href=\"https:\/\/akasel.com\/wp-content\/uploads\/2024\/05\/8410uk.pdf\">PDS Aka-NoStick Powder (EN)<\/a><\/p>\n","protected":false},"excerpt":{"rendered":"<p>Poudre de d\u00e9moulage con\u00e7ue pour les presses d&#8217;enrobage \u00e0 chaud. Une fine couche appliqu\u00e9e sur les v\u00e9rins sup\u00e9rieur et inf\u00e9rieur facilite le retrait de l&#8217;\u00e9chantillon enrob\u00e9, en r\u00e9duisant le collage et en garantissant un processus d&#8217;extraction sans heurts.<\/p>\n<p>Cette poudre \u00e9vite non seulement d&#8217;endommager le moule et l&#8217;\u00e9chantillon, mais elle minimise \u00e9galement l&#8217;usure de l&#8217;\u00e9quipement, prolongeant ainsi sa dur\u00e9e de vie et maintenant des performances constantes.<\/p>\n","protected":false},"featured_media":11380,"template":"","meta":[],"product_cat":[317,345,306],"product_tag":[],"class_list":["post-9864","product","type-product","status-publish","has-post-thumbnail","hentry","product_cat-enrobage","product_cat-accessoires-de-montage","product_cat-agents-de-demoulage"],"yoast_head":"<!-- This site is optimized with the Yoast SEO plugin v21.7 - https:\/\/yoast.com\/wordpress\/plugins\/seo\/ -->\n<title>Aka-NoStick Powder | Agent de D\u00e9moulage \u00e0 Chaud | AKASEL A\/S<\/title>\n<meta name=\"description\" content=\"Facilitez l&#039;extraction de vos \u00e9chantillons mont\u00e9s \u00e0 chaud avec Aka-NoStick Poudre. La poudre de d\u00e9moulage id\u00e9ale pour toutes les presses d&#039;enrobage.\" \/>\n<meta name=\"robots\" content=\"index, follow, max-snippet:-1, max-image-preview:large, max-video-preview:-1\" \/>\n<link rel=\"canonical\" href=\"https:\/\/akasel.com\/fr\/shop\/enrobage\/accessoires-de-montage\/agents-de-demoulage\/aka-nostick-powder\/\" \/>\n<meta property=\"og:locale\" content=\"fr_FR\" \/>\n<meta property=\"og:type\" content=\"article\" \/>\n<meta property=\"og:title\" content=\"Aka-NoStick Powder | Agent de D\u00e9moulage \u00e0 Chaud | AKASEL A\/S\" \/>\n<meta property=\"og:description\" content=\"Facilitez l&#039;extraction de vos \u00e9chantillons mont\u00e9s \u00e0 chaud avec Aka-NoStick Poudre. La poudre de d\u00e9moulage id\u00e9ale pour toutes les presses d&#039;enrobage.\" \/>\n<meta property=\"og:url\" content=\"https:\/\/akasel.com\/fr\/shop\/enrobage\/accessoires-de-montage\/agents-de-demoulage\/aka-nostick-powder\/\" \/>\n<meta property=\"og:site_name\" content=\"AKASEL A\/S\" \/>\n<meta property=\"article:modified_time\" content=\"2026-01-13T06:23:51+00:00\" \/>\n<meta property=\"og:image\" content=\"https:\/\/akasel.com\/fr\/wp-content\/uploads\/sites\/8\/2020\/10\/21901105-1.png\" \/>\n\t<meta property=\"og:image:width\" content=\"1284\" \/>\n\t<meta property=\"og:image:height\" content=\"2560\" \/>\n\t<meta property=\"og:image:type\" content=\"image\/png\" \/>\n<meta name=\"twitter:card\" content=\"summary_large_image\" \/>\n<meta name=\"twitter:label1\" content=\"Dur\u00e9e de lecture estim\u00e9e\" \/>\n\t<meta name=\"twitter:data1\" content=\"1 minute\" \/>\n<!-- \/ Yoast SEO plugin. -->","yoast_head_json":{"title":"Aka-NoStick Powder | Agent de D\u00e9moulage \u00e0 Chaud | AKASEL A\/S","description":"Facilitez l'extraction de vos \u00e9chantillons mont\u00e9s \u00e0 chaud avec Aka-NoStick Poudre. La poudre de d\u00e9moulage id\u00e9ale pour toutes les presses d'enrobage.","robots":{"index":"index","follow":"follow","max-snippet":"max-snippet:-1","max-image-preview":"max-image-preview:large","max-video-preview":"max-video-preview:-1"},"canonical":"https:\/\/akasel.com\/fr\/shop\/enrobage\/accessoires-de-montage\/agents-de-demoulage\/aka-nostick-powder\/","og_locale":"fr_FR","og_type":"article","og_title":"Aka-NoStick Powder | Agent de D\u00e9moulage \u00e0 Chaud | AKASEL A\/S","og_description":"Facilitez l'extraction de vos \u00e9chantillons mont\u00e9s \u00e0 chaud avec Aka-NoStick Poudre. La poudre de d\u00e9moulage id\u00e9ale pour toutes les presses d'enrobage.","og_url":"https:\/\/akasel.com\/fr\/shop\/enrobage\/accessoires-de-montage\/agents-de-demoulage\/aka-nostick-powder\/","og_site_name":"AKASEL A\/S","article_modified_time":"2026-01-13T06:23:51+00:00","og_image":[{"width":1284,"height":2560,"url":"https:\/\/akasel.com\/fr\/wp-content\/uploads\/sites\/8\/2020\/10\/21901105-1.png","type":"image\/png"}],"twitter_card":"summary_large_image","twitter_misc":{"Dur\u00e9e de lecture estim\u00e9e":"1 minute"},"schema":{"@context":"https:\/\/schema.org","@graph":[{"@type":"WebPage","@id":"https:\/\/akasel.com\/fr\/shop\/enrobage\/accessoires-de-montage\/agents-de-demoulage\/aka-nostick-powder\/","url":"https:\/\/akasel.com\/fr\/shop\/enrobage\/accessoires-de-montage\/agents-de-demoulage\/aka-nostick-powder\/","name":"Aka-NoStick Powder | Agent de D\u00e9moulage \u00e0 Chaud | AKASEL A\/S","isPartOf":{"@id":"https:\/\/akasel.com\/fr\/#website"},"datePublished":"2020-10-23T10:39:03+00:00","dateModified":"2026-01-13T06:23:51+00:00","description":"Facilitez l'extraction de vos \u00e9chantillons mont\u00e9s \u00e0 chaud avec Aka-NoStick Poudre. La poudre de d\u00e9moulage id\u00e9ale pour toutes les presses d'enrobage.","breadcrumb":{"@id":"https:\/\/akasel.com\/fr\/shop\/enrobage\/accessoires-de-montage\/agents-de-demoulage\/aka-nostick-powder\/#breadcrumb"},"inLanguage":"fr-FR","potentialAction":[{"@type":"ReadAction","target":["https:\/\/akasel.com\/fr\/shop\/enrobage\/accessoires-de-montage\/agents-de-demoulage\/aka-nostick-powder\/"]}]},{"@type":"BreadcrumbList","@id":"https:\/\/akasel.com\/fr\/shop\/enrobage\/accessoires-de-montage\/agents-de-demoulage\/aka-nostick-powder\/#breadcrumb","itemListElement":[{"@type":"ListItem","position":1,"name":"Home","item":"https:\/\/akasel.com\/fr\/"},{"@type":"ListItem","position":2,"name":"Boutique","item":"https:\/\/akasel.com\/fr\/boutique\/"},{"@type":"ListItem","position":3,"name":"Aka-NoStick Powder"}]},{"@type":"WebSite","@id":"https:\/\/akasel.com\/fr\/#website","url":"https:\/\/akasel.com\/fr\/","name":"AKASEL A\/S","description":"","potentialAction":[{"@type":"SearchAction","target":{"@type":"EntryPoint","urlTemplate":"https:\/\/akasel.com\/fr\/?s={search_term_string}"},"query-input":"required name=search_term_string"}],"inLanguage":"fr-FR"}]}},"_links":{"self":[{"href":"https:\/\/akasel.com\/fr\/wp-json\/wp\/v3\/product\/9864"}],"collection":[{"href":"https:\/\/akasel.com\/fr\/wp-json\/wp\/v3\/product"}],"about":[{"href":"https:\/\/akasel.com\/fr\/wp-json\/wp\/v2\/types\/product"}],"wp:featuredmedia":[{"embeddable":true,"href":"https:\/\/akasel.com\/fr\/wp-json\/wp\/v2\/media\/11380"}],"wp:attachment":[{"href":"https:\/\/akasel.com\/fr\/wp-json\/wp\/v2\/media?parent=9864"}],"wp:term":[{"taxonomy":"product_cat","embeddable":true,"href":"https:\/\/akasel.com\/fr\/wp-json\/wp\/v2\/product_cat?post=9864"},{"taxonomy":"product_tag","embeddable":true,"href":"https:\/\/akasel.com\/fr\/wp-json\/wp\/v2\/product_tag?post=9864"}],"curies":[{"name":"wp","href":"https:\/\/api.w.org\/{rel}","templated":true}]}}