{"id":9866,"date":"2020-10-28T12:26:04","date_gmt":"2020-10-28T11:26:04","guid":{"rendered":"https:\/\/akasel.com\/fr\/p\/aka-resin-liquid-epoxy\/"},"modified":"2026-01-13T07:23:52","modified_gmt":"2026-01-13T06:23:52","slug":"aka-resin-liquid-epoxy","status":"publish","type":"product","link":"https:\/\/akasel.com\/fr\/shop\/enrobage\/resine-epoxy-pour-enrobage\/aka-resin-liquid-epoxy\/","title":{"rendered":"Aka-Resin Liquid Epoxy"},"content":{"rendered":"<p>Contenu disponible : 1 l, 5 l<\/p>\n<p><a href=\"https:\/\/akasel.com\/wp-content\/uploads\/2024\/07\/sds-aka-resin-liquid-epoxy-en-v30-1.pdf\">SDS Epoxy liquide Aka-R\u00e9sine (EN)<\/a><\/p>\n<div style=\"position: relative; padding-bottom: 56.25%; height: auto; overflow: hidden; max-width: 100%;\"><video style=\"position: absolute; top: 0; left: 0; width: 100%; height: 100%;\" poster=\"https:\/\/akasel.com\/wp-content\/uploads\/2024\/09\/the-correct-use-of-epoxy-cold-mounting-resins.jpg\" preload=\"metadata\" controls=\"controls\" width=\"300\" height=\"150\"><source src=\"https:\/\/akasel.com\/wp-content\/uploads\/2020\/11\/the-correct-use-of-epoxy-cold-mounting-resins.mp4\" type=\"video\/mp4\" \/>Votre navigateur ne supporte pas la lecture des vid\u00e9os.<\/video><\/div>\n","protected":false},"excerpt":{"rendered":"<p><span data-sheets-value=\"{&quot;1&quot;:2,&quot;2&quot;:&quot;Epoxy resin. Transparent, low shrinkage and low viscosity with excellent adhesion. nnSee hardener for mixing instructions (Aka-Cure Quick or Aka-Cure Slow\/Slow-2). nnnKeep above 10 \u2103. If the resin has become cloudy, reheat it to 40-60 \u2103 until it is clear again.nnViscosity: 600-700 cps at 25 \u2103.&quot;}\" data-sheets-userformat=\"{&quot;2&quot;:257,&quot;3&quot;:{&quot;1&quot;:0},&quot;11&quot;:4}\" data-sheets-formula=\"=LOPSLAG(R[0]C[-4];Produkttekster!R2C1:R1001C3;3;FALSK)\">R\u00e9sine \u00e9poxy. Transparente, faible retrait et faible viscosit\u00e9 avec une excellente adh\u00e9rence.<\/span><\/p>\n<p>Voir le durcisseur pour les instructions de m\u00e9lange<a href=\"https:\/\/akasel.com\/fr\/shop\/mounting\/epoxy-mounting\/aka-cure-quick\/\">(Aka-Cure Quick<\/a> ou <a href=\"https:\/\/akasel.com\/fr\/shop\/mounting\/epoxy-mounting\/aka-cure-slow\/\">Aka-Cure Slow<\/a>).<\/p>\n<p>Maintenir \u00e0 une temp\u00e9rature sup\u00e9rieure \u00e0 10 \u2103. Si la r\u00e9sine est devenue trouble, la r\u00e9chauffer \u00e0 40-60 \u2103 jusqu&#8217;\u00e0 ce qu&#8217;elle redevienne claire.<\/p>\n<p>Viscosit\u00e9 : 600-700 cps \u00e0 25 \u2103.<\/p>\n","protected":false},"featured_media":11369,"template":"","meta":[],"product_cat":[299,317,333],"product_tag":[],"class_list":["post-9866","product","type-product","status-publish","has-post-thumbnail","hentry","product_cat-enrobage-a-froid","product_cat-enrobage","product_cat-resine-epoxy-pour-enrobage"],"yoast_head":"<!-- This site is optimized with the Yoast SEO plugin v21.7 - https:\/\/yoast.com\/wordpress\/plugins\/seo\/ -->\n<title>Aka-Resin Epoxy | Enrobage \u00e0 Froid Transparent | AKASEL A\/S<\/title>\n<meta name=\"description\" content=\"D\u00e9couvrez Aka-Resin, notre r\u00e9sine \u00e9poxy transparente pour l&#039;enrobage \u00e0 froid. Faible retrait et viscosit\u00e9 pour une excellente adh\u00e9rence et durabilit\u00e9.\" \/>\n<meta name=\"robots\" content=\"index, follow, max-snippet:-1, max-image-preview:large, max-video-preview:-1\" \/>\n<link rel=\"canonical\" href=\"https:\/\/akasel.com\/fr\/shop\/enrobage\/resine-epoxy-pour-enrobage\/aka-resin-liquid-epoxy\/\" \/>\n<meta property=\"og:locale\" content=\"fr_FR\" \/>\n<meta property=\"og:type\" content=\"article\" \/>\n<meta property=\"og:title\" content=\"Aka-Resin Epoxy | Enrobage \u00e0 Froid Transparent | AKASEL A\/S\" \/>\n<meta property=\"og:description\" content=\"D\u00e9couvrez Aka-Resin, notre r\u00e9sine \u00e9poxy transparente pour l&#039;enrobage \u00e0 froid. Faible retrait et viscosit\u00e9 pour une excellente adh\u00e9rence et durabilit\u00e9.\" \/>\n<meta property=\"og:url\" content=\"https:\/\/akasel.com\/fr\/shop\/enrobage\/resine-epoxy-pour-enrobage\/aka-resin-liquid-epoxy\/\" \/>\n<meta property=\"og:site_name\" content=\"AKASEL A\/S\" \/>\n<meta property=\"article:modified_time\" content=\"2026-01-13T06:23:52+00:00\" \/>\n<meta property=\"og:image\" content=\"https:\/\/akasel.com\/fr\/wp-content\/uploads\/sites\/8\/2020\/10\/25101115-2.png\" \/>\n\t<meta property=\"og:image:width\" content=\"792\" \/>\n\t<meta property=\"og:image:height\" content=\"2560\" \/>\n\t<meta property=\"og:image:type\" content=\"image\/png\" \/>\n<meta name=\"twitter:card\" content=\"summary_large_image\" \/>\n<meta name=\"twitter:label1\" content=\"Dur\u00e9e de lecture estim\u00e9e\" \/>\n\t<meta name=\"twitter:data1\" content=\"1 minute\" \/>\n<!-- \/ Yoast SEO plugin. -->","yoast_head_json":{"title":"Aka-Resin Epoxy | Enrobage \u00e0 Froid Transparent | AKASEL A\/S","description":"D\u00e9couvrez Aka-Resin, notre r\u00e9sine \u00e9poxy transparente pour l'enrobage \u00e0 froid. Faible retrait et viscosit\u00e9 pour une excellente adh\u00e9rence et durabilit\u00e9.","robots":{"index":"index","follow":"follow","max-snippet":"max-snippet:-1","max-image-preview":"max-image-preview:large","max-video-preview":"max-video-preview:-1"},"canonical":"https:\/\/akasel.com\/fr\/shop\/enrobage\/resine-epoxy-pour-enrobage\/aka-resin-liquid-epoxy\/","og_locale":"fr_FR","og_type":"article","og_title":"Aka-Resin Epoxy | Enrobage \u00e0 Froid Transparent | AKASEL A\/S","og_description":"D\u00e9couvrez Aka-Resin, notre r\u00e9sine \u00e9poxy transparente pour l'enrobage \u00e0 froid. Faible retrait et viscosit\u00e9 pour une excellente adh\u00e9rence et durabilit\u00e9.","og_url":"https:\/\/akasel.com\/fr\/shop\/enrobage\/resine-epoxy-pour-enrobage\/aka-resin-liquid-epoxy\/","og_site_name":"AKASEL A\/S","article_modified_time":"2026-01-13T06:23:52+00:00","og_image":[{"width":792,"height":2560,"url":"https:\/\/akasel.com\/fr\/wp-content\/uploads\/sites\/8\/2020\/10\/25101115-2.png","type":"image\/png"}],"twitter_card":"summary_large_image","twitter_misc":{"Dur\u00e9e de lecture estim\u00e9e":"1 minute"},"schema":{"@context":"https:\/\/schema.org","@graph":[{"@type":"WebPage","@id":"https:\/\/akasel.com\/fr\/shop\/enrobage\/resine-epoxy-pour-enrobage\/aka-resin-liquid-epoxy\/","url":"https:\/\/akasel.com\/fr\/shop\/enrobage\/resine-epoxy-pour-enrobage\/aka-resin-liquid-epoxy\/","name":"Aka-Resin Epoxy | Enrobage \u00e0 Froid Transparent | AKASEL A\/S","isPartOf":{"@id":"https:\/\/akasel.com\/fr\/#website"},"datePublished":"2020-10-28T11:26:04+00:00","dateModified":"2026-01-13T06:23:52+00:00","description":"D\u00e9couvrez Aka-Resin, notre r\u00e9sine \u00e9poxy transparente pour l'enrobage \u00e0 froid. Faible retrait et viscosit\u00e9 pour une excellente adh\u00e9rence et durabilit\u00e9.","breadcrumb":{"@id":"https:\/\/akasel.com\/fr\/shop\/enrobage\/resine-epoxy-pour-enrobage\/aka-resin-liquid-epoxy\/#breadcrumb"},"inLanguage":"fr-FR","potentialAction":[{"@type":"ReadAction","target":["https:\/\/akasel.com\/fr\/shop\/enrobage\/resine-epoxy-pour-enrobage\/aka-resin-liquid-epoxy\/"]}]},{"@type":"BreadcrumbList","@id":"https:\/\/akasel.com\/fr\/shop\/enrobage\/resine-epoxy-pour-enrobage\/aka-resin-liquid-epoxy\/#breadcrumb","itemListElement":[{"@type":"ListItem","position":1,"name":"Home","item":"https:\/\/akasel.com\/fr\/"},{"@type":"ListItem","position":2,"name":"Boutique","item":"https:\/\/akasel.com\/fr\/boutique\/"},{"@type":"ListItem","position":3,"name":"Aka-Resin Liquid Epoxy"}]},{"@type":"WebSite","@id":"https:\/\/akasel.com\/fr\/#website","url":"https:\/\/akasel.com\/fr\/","name":"AKASEL A\/S","description":"","potentialAction":[{"@type":"SearchAction","target":{"@type":"EntryPoint","urlTemplate":"https:\/\/akasel.com\/fr\/?s={search_term_string}"},"query-input":"required name=search_term_string"}],"inLanguage":"fr-FR"}]}},"_links":{"self":[{"href":"https:\/\/akasel.com\/fr\/wp-json\/wp\/v3\/product\/9866"}],"collection":[{"href":"https:\/\/akasel.com\/fr\/wp-json\/wp\/v3\/product"}],"about":[{"href":"https:\/\/akasel.com\/fr\/wp-json\/wp\/v2\/types\/product"}],"wp:featuredmedia":[{"embeddable":true,"href":"https:\/\/akasel.com\/fr\/wp-json\/wp\/v2\/media\/11369"}],"wp:attachment":[{"href":"https:\/\/akasel.com\/fr\/wp-json\/wp\/v2\/media?parent=9866"}],"wp:term":[{"taxonomy":"product_cat","embeddable":true,"href":"https:\/\/akasel.com\/fr\/wp-json\/wp\/v2\/product_cat?post=9866"},{"taxonomy":"product_tag","embeddable":true,"href":"https:\/\/akasel.com\/fr\/wp-json\/wp\/v2\/product_tag?post=9866"}],"curies":[{"name":"wp","href":"https:\/\/api.w.org\/{rel}","templated":true}]}}