{"id":9868,"date":"2020-10-23T12:48:52","date_gmt":"2020-10-23T10:48:52","guid":{"rendered":"https:\/\/akasel.com\/fr\/p\/aka-cure-slow\/"},"modified":"2026-01-13T07:23:52","modified_gmt":"2026-01-13T06:23:52","slug":"aka-cure-slow","status":"publish","type":"product","link":"https:\/\/akasel.com\/fr\/shop\/enrobage\/resine-epoxy-pour-enrobage\/aka-cure-slow\/","title":{"rendered":"Aka-Cure Slow"},"content":{"rendered":"<p>Contenu disponible : 500 ml<\/p>\n<p><a href=\"https:\/\/akasel.com\/wp-content\/uploads\/2021\/10\/sds-aka-cure-slow-en-v20.pdf\">SDS Aka-Cure Slow (EN)<\/a><\/p>\n<p><a href=\"https:\/\/akasel.com\/wp-content\/uploads\/2024\/06\/aka-cure-slow-user-guide.pdf\">Guide de l&#8217;utilisateur Aka-Cure Slow (EN)<\/a><\/p>\n<div style=\"position: relative; padding-bottom: 56.25%; height: 0; overflow: hidden; max-width: 100%; height: auto;\">\n    <video style=\"position: absolute; top: 0; left: 0; width: 100%; height: 100%;\"  \ncontrols \n           preload=\"metadata\" \n           poster=\"https:\/\/akasel.com\/wp-content\/uploads\/2024\/09\/the-correct-use-of-epoxy-cold-mounting-resins.jpg\"><source src=\"https:\/\/akasel.com\/wp-content\/uploads\/2020\/11\/the-correct-use-of-epoxy-cold-mounting-resins.mp4\" type=\"video\/mp4\">Votre navigateur ne prend pas en charge la lecture des vid\u00e9os.<\/video>\n<\/div>\n","protected":false},"excerpt":{"rendered":"<p>Agent de durcissement \u00e9poxydique \u00e0 durcissement lent. Sa longue dur\u00e9e de vie en pot et sa faible temp\u00e9rature de pointe en font un produit adapt\u00e9 \u00e0 l&#8217;impr\u00e9gnation et \u00e0 l&#8217;enrobage d&#8217;\u00e9chantillons sensibles \u00e0 la chaleur.<\/p>\n<p>Durcit en 8-24 h \u00e0 22 \u2103. La temp\u00e9rature maximale est de 40 \u2103 dans un enrobage de 40 mm de diam\u00e8tre. Pour de meilleurs r\u00e9sultats, appliquer une post-cuisson \u00e0 100 \u2103 pendant 1 h.<\/p>\n<p>Il est recommand\u00e9 d&#8217;utiliser un refroidissement forc\u00e9 dans une hotte avec des moules de plus de 40 mm de diam\u00e8tre pour \u00e9viter l&#8217;emballement thermique.<\/p>\n<p>M\u00e9langer exactement 12 g d&#8217;Aka-Cure Slow avec 100 g d&#8217;<a href=\"https:\/\/akasel.com\/fr\/shop\/mounting\/epoxy-mounting\/aka-resin-liquid-epoxy\/\">Aka-Resin Liquid Epoxy<\/a> (alternativement 13,5 ml\/100 ml).<\/p>\n<p>Viscosit\u00e9 : 20 cps \u00e0 25 \u2103.<\/p>\n","protected":false},"featured_media":9869,"template":"","meta":[],"product_cat":[299,317,333],"product_tag":[],"class_list":["post-9868","product","type-product","status-publish","has-post-thumbnail","hentry","product_cat-enrobage-a-froid","product_cat-enrobage","product_cat-resine-epoxy-pour-enrobage"],"yoast_head":"<!-- This site is optimized with the Yoast SEO plugin v21.7 - https:\/\/yoast.com\/wordpress\/plugins\/seo\/ -->\n<title>Aka-Cure Slow | Durcisseur \u00c9poxy \u00e0 Basse Temp\u00e9rature | Akasel<\/title>\n<meta name=\"description\" content=\"Le durcisseur id\u00e9al pour l&#039;impr\u00e9gnation et les \u00e9chantillons sensibles. Aka-Cure Slow a un faible pic de temp\u00e9rature et une longue dur\u00e9e de vie en pot.\" \/>\n<meta name=\"robots\" content=\"index, follow, max-snippet:-1, max-image-preview:large, max-video-preview:-1\" \/>\n<link rel=\"canonical\" href=\"https:\/\/akasel.com\/fr\/shop\/enrobage\/resine-epoxy-pour-enrobage\/aka-cure-slow\/\" \/>\n<meta property=\"og:locale\" content=\"fr_FR\" \/>\n<meta property=\"og:type\" content=\"article\" \/>\n<meta property=\"og:title\" content=\"Aka-Cure Slow | Durcisseur \u00c9poxy \u00e0 Basse Temp\u00e9rature | Akasel\" \/>\n<meta property=\"og:description\" content=\"Le durcisseur id\u00e9al pour l&#039;impr\u00e9gnation et les \u00e9chantillons sensibles. Aka-Cure Slow a un faible pic de temp\u00e9rature et une longue dur\u00e9e de vie en pot.\" \/>\n<meta property=\"og:url\" content=\"https:\/\/akasel.com\/fr\/shop\/enrobage\/resine-epoxy-pour-enrobage\/aka-cure-slow\/\" \/>\n<meta property=\"og:site_name\" content=\"AKASEL A\/S\" \/>\n<meta property=\"article:modified_time\" content=\"2026-01-13T06:23:52+00:00\" \/>\n<meta property=\"og:image\" content=\"https:\/\/akasel.com\/fr\/wp-content\/uploads\/sites\/8\/2023\/09\/25101213-with-black-lid.png\" \/>\n\t<meta property=\"og:image:width\" content=\"393\" \/>\n\t<meta property=\"og:image:height\" content=\"989\" \/>\n\t<meta property=\"og:image:type\" content=\"image\/png\" \/>\n<meta name=\"twitter:card\" content=\"summary_large_image\" \/>\n<meta name=\"twitter:label1\" content=\"Dur\u00e9e de lecture estim\u00e9e\" \/>\n\t<meta name=\"twitter:data1\" content=\"1 minute\" \/>\n<!-- \/ Yoast SEO plugin. -->","yoast_head_json":{"title":"Aka-Cure Slow | Durcisseur \u00c9poxy \u00e0 Basse Temp\u00e9rature | Akasel","description":"Le durcisseur id\u00e9al pour l'impr\u00e9gnation et les \u00e9chantillons sensibles. Aka-Cure Slow a un faible pic de temp\u00e9rature et une longue dur\u00e9e de vie en pot.","robots":{"index":"index","follow":"follow","max-snippet":"max-snippet:-1","max-image-preview":"max-image-preview:large","max-video-preview":"max-video-preview:-1"},"canonical":"https:\/\/akasel.com\/fr\/shop\/enrobage\/resine-epoxy-pour-enrobage\/aka-cure-slow\/","og_locale":"fr_FR","og_type":"article","og_title":"Aka-Cure Slow | Durcisseur \u00c9poxy \u00e0 Basse Temp\u00e9rature | Akasel","og_description":"Le durcisseur id\u00e9al pour l'impr\u00e9gnation et les \u00e9chantillons sensibles. Aka-Cure Slow a un faible pic de temp\u00e9rature et une longue dur\u00e9e de vie en pot.","og_url":"https:\/\/akasel.com\/fr\/shop\/enrobage\/resine-epoxy-pour-enrobage\/aka-cure-slow\/","og_site_name":"AKASEL A\/S","article_modified_time":"2026-01-13T06:23:52+00:00","og_image":[{"width":393,"height":989,"url":"https:\/\/akasel.com\/fr\/wp-content\/uploads\/sites\/8\/2023\/09\/25101213-with-black-lid.png","type":"image\/png"}],"twitter_card":"summary_large_image","twitter_misc":{"Dur\u00e9e de lecture estim\u00e9e":"1 minute"},"schema":{"@context":"https:\/\/schema.org","@graph":[{"@type":"WebPage","@id":"https:\/\/akasel.com\/fr\/shop\/enrobage\/resine-epoxy-pour-enrobage\/aka-cure-slow\/","url":"https:\/\/akasel.com\/fr\/shop\/enrobage\/resine-epoxy-pour-enrobage\/aka-cure-slow\/","name":"Aka-Cure Slow | Durcisseur \u00c9poxy \u00e0 Basse Temp\u00e9rature | Akasel","isPartOf":{"@id":"https:\/\/akasel.com\/fr\/#website"},"datePublished":"2020-10-23T10:48:52+00:00","dateModified":"2026-01-13T06:23:52+00:00","description":"Le durcisseur id\u00e9al pour l'impr\u00e9gnation et les \u00e9chantillons sensibles. Aka-Cure Slow a un faible pic de temp\u00e9rature et une longue dur\u00e9e de vie en pot.","breadcrumb":{"@id":"https:\/\/akasel.com\/fr\/shop\/enrobage\/resine-epoxy-pour-enrobage\/aka-cure-slow\/#breadcrumb"},"inLanguage":"fr-FR","potentialAction":[{"@type":"ReadAction","target":["https:\/\/akasel.com\/fr\/shop\/enrobage\/resine-epoxy-pour-enrobage\/aka-cure-slow\/"]}]},{"@type":"BreadcrumbList","@id":"https:\/\/akasel.com\/fr\/shop\/enrobage\/resine-epoxy-pour-enrobage\/aka-cure-slow\/#breadcrumb","itemListElement":[{"@type":"ListItem","position":1,"name":"Home","item":"https:\/\/akasel.com\/fr\/"},{"@type":"ListItem","position":2,"name":"Boutique","item":"https:\/\/akasel.com\/fr\/boutique\/"},{"@type":"ListItem","position":3,"name":"Aka-Cure Slow"}]},{"@type":"WebSite","@id":"https:\/\/akasel.com\/fr\/#website","url":"https:\/\/akasel.com\/fr\/","name":"AKASEL A\/S","description":"","potentialAction":[{"@type":"SearchAction","target":{"@type":"EntryPoint","urlTemplate":"https:\/\/akasel.com\/fr\/?s={search_term_string}"},"query-input":"required name=search_term_string"}],"inLanguage":"fr-FR"}]}},"_links":{"self":[{"href":"https:\/\/akasel.com\/fr\/wp-json\/wp\/v3\/product\/9868"}],"collection":[{"href":"https:\/\/akasel.com\/fr\/wp-json\/wp\/v3\/product"}],"about":[{"href":"https:\/\/akasel.com\/fr\/wp-json\/wp\/v2\/types\/product"}],"wp:featuredmedia":[{"embeddable":true,"href":"https:\/\/akasel.com\/fr\/wp-json\/wp\/v2\/media\/9869"}],"wp:attachment":[{"href":"https:\/\/akasel.com\/fr\/wp-json\/wp\/v2\/media?parent=9868"}],"wp:term":[{"taxonomy":"product_cat","embeddable":true,"href":"https:\/\/akasel.com\/fr\/wp-json\/wp\/v2\/product_cat?post=9868"},{"taxonomy":"product_tag","embeddable":true,"href":"https:\/\/akasel.com\/fr\/wp-json\/wp\/v2\/product_tag?post=9868"}],"curies":[{"name":"wp","href":"https:\/\/api.w.org\/{rel}","templated":true}]}}