{"id":9872,"date":"2020-10-23T12:52:07","date_gmt":"2020-10-23T10:52:07","guid":{"rendered":"https:\/\/akasel.com\/fr\/p\/aka-cure-quick\/"},"modified":"2026-01-13T07:23:52","modified_gmt":"2026-01-13T06:23:52","slug":"aka-cure-quick","status":"publish","type":"product","link":"https:\/\/akasel.com\/fr\/shop\/enrobage\/resine-epoxy-pour-enrobage\/aka-cure-quick\/","title":{"rendered":"Aka-Cure Quick"},"content":{"rendered":"<p>Contenu disponible : 500 ml<\/p>\n<p><a href=\"https:\/\/akasel.com\/wp-content\/uploads\/2024\/07\/sds-aka-cure-quick-en-v20-1.pdf\">SDS Aka-Cure Quick (EN)<\/a><\/p>\n<p><a href=\"https:\/\/akasel.com\/wp-content\/uploads\/2024\/06\/aka-cure-quick-user-guide.pdf\">Aka-Cure Quick Guide de l&#8217;utilisateur (EN)<\/a><\/p>\n<div style=\"position: relative; padding-bottom: 56.25%; height: 0; overflow: hidden; max-width: 100%; height: auto;\">\n    <video style=\"position: absolute; top: 0; left: 0; width: 100%; height: 100%;\"  \ncontrols \n           preload=\"metadata\" \n           poster=\"https:\/\/akasel.com\/wp-content\/uploads\/2024\/09\/the-correct-use-of-epoxy-cold-mounting-resins.jpg\"><source src=\"https:\/\/akasel.com\/wp-content\/uploads\/2020\/11\/the-correct-use-of-epoxy-cold-mounting-resins.mp4\" type=\"video\/mp4\">Votre navigateur ne prend pas en charge la lecture des vid\u00e9os.<\/video>\n<\/div>\n","protected":false},"excerpt":{"rendered":"<p>Agent de durcissement \u00e9poxy. Durcissement rapide \u00e0 chaud. Tr\u00e8s dur et facile \u00e0 pr\u00e9parer.<\/p>\n<p>Durcit en 30 minutes \u00e0 80 \u2103. La temp\u00e9rature maximale est de 200 \u00b0C dans une monture de 40 mm de diam\u00e8tre.<\/p>\n<p>Peut \u00eatre utilis\u00e9 pour l&#8217;impr\u00e9gnation lors d&#8217;une polym\u00e9risation en 2 \u00e9tapes. Pour l&#8217;impr\u00e9gnation ou l&#8217;enrobage de tr\u00e8s grands \u00e9chantillons, polym\u00e9riser \u00e0 temp\u00e9rature ambiante pendant 24 h, suivi d&#8217;une post-polym\u00e9risation de 1 h \u00e0 100 \u2103.<\/p>\n<p>M\u00e9langer exactement 26,3 g d&#8217;Aka-Cure Quick avec 100 g d&#8217;<a href=\"https:\/\/akasel.com\/fr\/shop\/mounting\/epoxy-mounting\/aka-resin-liquid-epoxy\/\">Aka-Resin Liquid Epoxy<\/a> (alternativement, 30 ml\/100 ml).<\/p>\n<p>Viscosit\u00e9 : 80 cps \u00e0 25 \u2103.<\/p>\n","protected":false},"featured_media":11368,"template":"","meta":[],"product_cat":[299,317,333],"product_tag":[],"class_list":["post-9872","product","type-product","status-publish","has-post-thumbnail","hentry","product_cat-enrobage-a-froid","product_cat-enrobage","product_cat-resine-epoxy-pour-enrobage"],"yoast_head":"<!-- This site is optimized with the Yoast SEO plugin v21.7 - https:\/\/yoast.com\/wordpress\/plugins\/seo\/ -->\n<title>Aka-Cure Quick | Durcisseur \u00c9poxy \u00e0 Prise Rapide | AKASEL A\/S<\/title>\n<meta name=\"description\" content=\"Le durcisseur \u00e9poxy Aka-Cure Quick pour un durcissement en 30 min \u00e0 80\u00b0C. Id\u00e9al pour l&#039;impr\u00e9gnation sous vide et l&#039;enrobage de grands \u00e9chantillons.\" \/>\n<meta name=\"robots\" content=\"index, follow, max-snippet:-1, max-image-preview:large, max-video-preview:-1\" \/>\n<link rel=\"canonical\" href=\"https:\/\/akasel.com\/fr\/shop\/enrobage\/resine-epoxy-pour-enrobage\/aka-cure-quick\/\" \/>\n<meta property=\"og:locale\" content=\"fr_FR\" \/>\n<meta property=\"og:type\" content=\"article\" \/>\n<meta property=\"og:title\" content=\"Aka-Cure Quick | Durcisseur \u00c9poxy \u00e0 Prise Rapide | AKASEL A\/S\" \/>\n<meta property=\"og:description\" content=\"Le durcisseur \u00e9poxy Aka-Cure Quick pour un durcissement en 30 min \u00e0 80\u00b0C. Id\u00e9al pour l&#039;impr\u00e9gnation sous vide et l&#039;enrobage de grands \u00e9chantillons.\" \/>\n<meta property=\"og:url\" content=\"https:\/\/akasel.com\/fr\/shop\/enrobage\/resine-epoxy-pour-enrobage\/aka-cure-quick\/\" \/>\n<meta property=\"og:site_name\" content=\"AKASEL A\/S\" \/>\n<meta property=\"article:modified_time\" content=\"2026-01-13T06:23:52+00:00\" \/>\n<meta property=\"og:image\" content=\"https:\/\/akasel.com\/fr\/wp-content\/uploads\/sites\/8\/2020\/10\/25101223-with-black-lid-web-761x1920.png\" \/>\n\t<meta property=\"og:image:width\" content=\"761\" \/>\n\t<meta property=\"og:image:height\" content=\"1920\" \/>\n\t<meta property=\"og:image:type\" content=\"image\/png\" \/>\n<meta name=\"twitter:card\" content=\"summary_large_image\" \/>\n<meta name=\"twitter:label1\" content=\"Dur\u00e9e de lecture estim\u00e9e\" \/>\n\t<meta name=\"twitter:data1\" content=\"1 minute\" \/>\n<!-- \/ Yoast SEO plugin. -->","yoast_head_json":{"title":"Aka-Cure Quick | Durcisseur \u00c9poxy \u00e0 Prise Rapide | AKASEL A\/S","description":"Le durcisseur \u00e9poxy Aka-Cure Quick pour un durcissement en 30 min \u00e0 80\u00b0C. Id\u00e9al pour l'impr\u00e9gnation sous vide et l'enrobage de grands \u00e9chantillons.","robots":{"index":"index","follow":"follow","max-snippet":"max-snippet:-1","max-image-preview":"max-image-preview:large","max-video-preview":"max-video-preview:-1"},"canonical":"https:\/\/akasel.com\/fr\/shop\/enrobage\/resine-epoxy-pour-enrobage\/aka-cure-quick\/","og_locale":"fr_FR","og_type":"article","og_title":"Aka-Cure Quick | Durcisseur \u00c9poxy \u00e0 Prise Rapide | AKASEL A\/S","og_description":"Le durcisseur \u00e9poxy Aka-Cure Quick pour un durcissement en 30 min \u00e0 80\u00b0C. Id\u00e9al pour l'impr\u00e9gnation sous vide et l'enrobage de grands \u00e9chantillons.","og_url":"https:\/\/akasel.com\/fr\/shop\/enrobage\/resine-epoxy-pour-enrobage\/aka-cure-quick\/","og_site_name":"AKASEL A\/S","article_modified_time":"2026-01-13T06:23:52+00:00","og_image":[{"width":761,"height":1920,"url":"https:\/\/akasel.com\/fr\/wp-content\/uploads\/sites\/8\/2020\/10\/25101223-with-black-lid-web-761x1920.png","type":"image\/png"}],"twitter_card":"summary_large_image","twitter_misc":{"Dur\u00e9e de lecture estim\u00e9e":"1 minute"},"schema":{"@context":"https:\/\/schema.org","@graph":[{"@type":"WebPage","@id":"https:\/\/akasel.com\/fr\/shop\/enrobage\/resine-epoxy-pour-enrobage\/aka-cure-quick\/","url":"https:\/\/akasel.com\/fr\/shop\/enrobage\/resine-epoxy-pour-enrobage\/aka-cure-quick\/","name":"Aka-Cure Quick | Durcisseur \u00c9poxy \u00e0 Prise Rapide | AKASEL A\/S","isPartOf":{"@id":"https:\/\/akasel.com\/fr\/#website"},"datePublished":"2020-10-23T10:52:07+00:00","dateModified":"2026-01-13T06:23:52+00:00","description":"Le durcisseur \u00e9poxy Aka-Cure Quick pour un durcissement en 30 min \u00e0 80\u00b0C. Id\u00e9al pour l'impr\u00e9gnation sous vide et l'enrobage de grands \u00e9chantillons.","breadcrumb":{"@id":"https:\/\/akasel.com\/fr\/shop\/enrobage\/resine-epoxy-pour-enrobage\/aka-cure-quick\/#breadcrumb"},"inLanguage":"fr-FR","potentialAction":[{"@type":"ReadAction","target":["https:\/\/akasel.com\/fr\/shop\/enrobage\/resine-epoxy-pour-enrobage\/aka-cure-quick\/"]}]},{"@type":"BreadcrumbList","@id":"https:\/\/akasel.com\/fr\/shop\/enrobage\/resine-epoxy-pour-enrobage\/aka-cure-quick\/#breadcrumb","itemListElement":[{"@type":"ListItem","position":1,"name":"Home","item":"https:\/\/akasel.com\/fr\/"},{"@type":"ListItem","position":2,"name":"Boutique","item":"https:\/\/akasel.com\/fr\/boutique\/"},{"@type":"ListItem","position":3,"name":"Aka-Cure Quick"}]},{"@type":"WebSite","@id":"https:\/\/akasel.com\/fr\/#website","url":"https:\/\/akasel.com\/fr\/","name":"AKASEL A\/S","description":"","potentialAction":[{"@type":"SearchAction","target":{"@type":"EntryPoint","urlTemplate":"https:\/\/akasel.com\/fr\/?s={search_term_string}"},"query-input":"required name=search_term_string"}],"inLanguage":"fr-FR"}]}},"_links":{"self":[{"href":"https:\/\/akasel.com\/fr\/wp-json\/wp\/v3\/product\/9872"}],"collection":[{"href":"https:\/\/akasel.com\/fr\/wp-json\/wp\/v3\/product"}],"about":[{"href":"https:\/\/akasel.com\/fr\/wp-json\/wp\/v2\/types\/product"}],"wp:featuredmedia":[{"embeddable":true,"href":"https:\/\/akasel.com\/fr\/wp-json\/wp\/v2\/media\/11368"}],"wp:attachment":[{"href":"https:\/\/akasel.com\/fr\/wp-json\/wp\/v2\/media?parent=9872"}],"wp:term":[{"taxonomy":"product_cat","embeddable":true,"href":"https:\/\/akasel.com\/fr\/wp-json\/wp\/v2\/product_cat?post=9872"},{"taxonomy":"product_tag","embeddable":true,"href":"https:\/\/akasel.com\/fr\/wp-json\/wp\/v2\/product_tag?post=9872"}],"curies":[{"name":"wp","href":"https:\/\/api.w.org\/{rel}","templated":true}]}}