{"id":9874,"date":"2020-10-23T12:58:22","date_gmt":"2020-10-23T10:58:22","guid":{"rendered":"https:\/\/akasel.com\/fr\/p\/aka-clear-2-powder\/"},"modified":"2026-01-13T07:23:52","modified_gmt":"2026-01-13T06:23:52","slug":"aka-clear-2-powder","status":"publish","type":"product","link":"https:\/\/akasel.com\/fr\/shop\/enrobage-a-froid\/resine-acrylique\/aka-clear-2-powder\/","title":{"rendered":"Aka-Clear-2 Powder"},"content":{"rendered":"<p>Contenu disponible : 1 kg, 5 kg<\/p>\n<p><a href=\"https:\/\/akasel.com\/wp-content\/uploads\/2024\/06\/aka-clear-2-user-guide.pdf\">Guides de l&#8217;utilisateur Aka-Clear 2<\/a><\/p>\n<p><a href=\"https:\/\/akasel.com\/wp-content\/uploads\/2024\/07\/sds-aka-clear-2-powder-en-v30.pdf\">FDS Aka-Clear-2 Poudre<\/a><\/p>\n","protected":false},"excerpt":{"rendered":"<p>Poudre pour syst\u00e8me acrylique \u00e0 deux composants \u00e0 durcissement rapide pour les montages transparents. Id\u00e9al pour l&#8217;analyse des d\u00e9faillances et la pr\u00e9paration des composants \u00e9lectroniques en raison de la visibilit\u00e9 totale de l&#8217;\u00e9chantillon.<\/p>\n<p>Durcissement en 7 &#8211; 8 min \u00e0 temp\u00e9rature ambiante. Temp\u00e9rature de pointe 85 &#8211; 89 \u2103.<\/p>\n<p>M\u00e9langer 2 &#8211; 2,5 parties de poudre avec 1 partie de liquide (par volume). La dur\u00e9e de vie en pot est de 1 \u00e0 2 minutes et la duret\u00e9 est de 85 \u00e0 87 Shore D.<\/p>\n","protected":false},"featured_media":11371,"template":"","meta":[],"product_cat":[299,300,317],"product_tag":[],"class_list":["post-9874","product","type-product","status-publish","has-post-thumbnail","hentry","product_cat-enrobage-a-froid","product_cat-resine-acrylique","product_cat-enrobage"],"yoast_head":"<!-- This site is optimized with the Yoast SEO plugin v21.7 - https:\/\/yoast.com\/wordpress\/plugins\/seo\/ -->\n<title>Aka-Clear-2 Poudre | Acrylique d&#039;Enrobage Rapide | AKASEL A\/S<\/title>\n<meta name=\"description\" content=\"La poudre Aka-Clear-2 permet un enrobage \u00e0 froid rapide et fiable, garantissant une pr\u00e9paration efficace des \u00e9chantillons et des r\u00e9sultats de haute qualit\u00e9.\" \/>\n<meta name=\"robots\" content=\"index, follow, max-snippet:-1, max-image-preview:large, max-video-preview:-1\" \/>\n<link rel=\"canonical\" href=\"https:\/\/akasel.com\/fr\/shop\/enrobage-a-froid\/resine-acrylique\/aka-clear-2-powder\/\" \/>\n<meta property=\"og:locale\" content=\"fr_FR\" \/>\n<meta property=\"og:type\" content=\"article\" \/>\n<meta property=\"og:title\" content=\"Aka-Clear-2 Poudre | Acrylique d&#039;Enrobage Rapide | AKASEL A\/S\" \/>\n<meta property=\"og:description\" content=\"La poudre Aka-Clear-2 permet un enrobage \u00e0 froid rapide et fiable, garantissant une pr\u00e9paration efficace des \u00e9chantillons et des r\u00e9sultats de haute qualit\u00e9.\" \/>\n<meta property=\"og:url\" content=\"https:\/\/akasel.com\/fr\/shop\/enrobage-a-froid\/resine-acrylique\/aka-clear-2-powder\/\" \/>\n<meta property=\"og:site_name\" content=\"AKASEL A\/S\" \/>\n<meta property=\"article:modified_time\" content=\"2026-01-13T06:23:52+00:00\" \/>\n<meta property=\"og:image\" content=\"https:\/\/akasel.com\/fr\/wp-content\/uploads\/sites\/8\/2020\/10\/25202311.png\" \/>\n\t<meta property=\"og:image:width\" content=\"1557\" \/>\n\t<meta property=\"og:image:height\" content=\"2558\" \/>\n\t<meta property=\"og:image:type\" content=\"image\/png\" \/>\n<meta name=\"twitter:card\" content=\"summary_large_image\" \/>\n<meta name=\"twitter:label1\" content=\"Dur\u00e9e de lecture estim\u00e9e\" \/>\n\t<meta name=\"twitter:data1\" content=\"1 minute\" \/>\n<!-- \/ Yoast SEO plugin. -->","yoast_head_json":{"title":"Aka-Clear-2 Poudre | Acrylique d'Enrobage Rapide | AKASEL A\/S","description":"La poudre Aka-Clear-2 permet un enrobage \u00e0 froid rapide et fiable, garantissant une pr\u00e9paration efficace des \u00e9chantillons et des r\u00e9sultats de haute qualit\u00e9.","robots":{"index":"index","follow":"follow","max-snippet":"max-snippet:-1","max-image-preview":"max-image-preview:large","max-video-preview":"max-video-preview:-1"},"canonical":"https:\/\/akasel.com\/fr\/shop\/enrobage-a-froid\/resine-acrylique\/aka-clear-2-powder\/","og_locale":"fr_FR","og_type":"article","og_title":"Aka-Clear-2 Poudre | Acrylique d'Enrobage Rapide | AKASEL A\/S","og_description":"La poudre Aka-Clear-2 permet un enrobage \u00e0 froid rapide et fiable, garantissant une pr\u00e9paration efficace des \u00e9chantillons et des r\u00e9sultats de haute qualit\u00e9.","og_url":"https:\/\/akasel.com\/fr\/shop\/enrobage-a-froid\/resine-acrylique\/aka-clear-2-powder\/","og_site_name":"AKASEL A\/S","article_modified_time":"2026-01-13T06:23:52+00:00","og_image":[{"width":1557,"height":2558,"url":"https:\/\/akasel.com\/fr\/wp-content\/uploads\/sites\/8\/2020\/10\/25202311.png","type":"image\/png"}],"twitter_card":"summary_large_image","twitter_misc":{"Dur\u00e9e de lecture estim\u00e9e":"1 minute"},"schema":{"@context":"https:\/\/schema.org","@graph":[{"@type":"WebPage","@id":"https:\/\/akasel.com\/fr\/shop\/enrobage-a-froid\/resine-acrylique\/aka-clear-2-powder\/","url":"https:\/\/akasel.com\/fr\/shop\/enrobage-a-froid\/resine-acrylique\/aka-clear-2-powder\/","name":"Aka-Clear-2 Poudre | Acrylique d'Enrobage Rapide | AKASEL A\/S","isPartOf":{"@id":"https:\/\/akasel.com\/fr\/#website"},"datePublished":"2020-10-23T10:58:22+00:00","dateModified":"2026-01-13T06:23:52+00:00","description":"La poudre Aka-Clear-2 permet un enrobage \u00e0 froid rapide et fiable, garantissant une pr\u00e9paration efficace des \u00e9chantillons et des r\u00e9sultats de haute qualit\u00e9.","breadcrumb":{"@id":"https:\/\/akasel.com\/fr\/shop\/enrobage-a-froid\/resine-acrylique\/aka-clear-2-powder\/#breadcrumb"},"inLanguage":"fr-FR","potentialAction":[{"@type":"ReadAction","target":["https:\/\/akasel.com\/fr\/shop\/enrobage-a-froid\/resine-acrylique\/aka-clear-2-powder\/"]}]},{"@type":"BreadcrumbList","@id":"https:\/\/akasel.com\/fr\/shop\/enrobage-a-froid\/resine-acrylique\/aka-clear-2-powder\/#breadcrumb","itemListElement":[{"@type":"ListItem","position":1,"name":"Home","item":"https:\/\/akasel.com\/fr\/"},{"@type":"ListItem","position":2,"name":"Boutique","item":"https:\/\/akasel.com\/fr\/boutique\/"},{"@type":"ListItem","position":3,"name":"Aka-Clear-2 Powder"}]},{"@type":"WebSite","@id":"https:\/\/akasel.com\/fr\/#website","url":"https:\/\/akasel.com\/fr\/","name":"AKASEL A\/S","description":"","potentialAction":[{"@type":"SearchAction","target":{"@type":"EntryPoint","urlTemplate":"https:\/\/akasel.com\/fr\/?s={search_term_string}"},"query-input":"required name=search_term_string"}],"inLanguage":"fr-FR"}]}},"_links":{"self":[{"href":"https:\/\/akasel.com\/fr\/wp-json\/wp\/v3\/product\/9874"}],"collection":[{"href":"https:\/\/akasel.com\/fr\/wp-json\/wp\/v3\/product"}],"about":[{"href":"https:\/\/akasel.com\/fr\/wp-json\/wp\/v2\/types\/product"}],"wp:featuredmedia":[{"embeddable":true,"href":"https:\/\/akasel.com\/fr\/wp-json\/wp\/v2\/media\/11371"}],"wp:attachment":[{"href":"https:\/\/akasel.com\/fr\/wp-json\/wp\/v2\/media?parent=9874"}],"wp:term":[{"taxonomy":"product_cat","embeddable":true,"href":"https:\/\/akasel.com\/fr\/wp-json\/wp\/v2\/product_cat?post=9874"},{"taxonomy":"product_tag","embeddable":true,"href":"https:\/\/akasel.com\/fr\/wp-json\/wp\/v2\/product_tag?post=9874"}],"curies":[{"name":"wp","href":"https:\/\/api.w.org\/{rel}","templated":true}]}}