{"id":9876,"date":"2020-10-23T13:01:36","date_gmt":"2020-10-23T11:01:36","guid":{"rendered":"https:\/\/akasel.com\/fr\/p\/aka-clear-2-liquid\/"},"modified":"2026-01-13T07:23:53","modified_gmt":"2026-01-13T06:23:53","slug":"aka-clear-2-liquid","status":"publish","type":"product","link":"https:\/\/akasel.com\/fr\/shop\/enrobage-a-froid\/resine-acrylique\/aka-clear-2-liquid\/","title":{"rendered":"Aka-Clear-2 Liquid"},"content":{"rendered":"<p>Contenu disponible : 500 ml, 1 l<\/p>\n<p>Produits dangereux : Des frais suppl\u00e9mentaires s&#8217;appliquent pour l&#8217;exp\u00e9dition.<\/p>\n<p><a href=\"https:\/\/akasel.com\/wp-content\/uploads\/2024\/06\/aka-clear-2-user-guide.pdf\">Guides de l&#8217;utilisateur Aka-Clear 2<\/a><\/p>\n<p><a href=\"https:\/\/akasel.com\/wp-content\/uploads\/2024\/07\/sds-aka-clear-2-liquid-en-v80-1.pdf\">FDS Aka-Clear-2 liquide<\/a><\/p>\n","protected":false},"excerpt":{"rendered":"<p>Liquide pour syst\u00e8me acrylique \u00e0 deux composants pour les montages transparents, qui durcit rapidement.<\/p>\n<p>Durcit en 7 \u00e0 8 minutes \u00e0 temp\u00e9rature ambiante. La temp\u00e9rature maximale est de 85 &#8211; 89 \u2103.<\/p>\n<p>M\u00e9langer 2 &#8211; 2,5 parties de poudre avec 1 partie de liquide (par volume). Aka-Clear-2 a une dur\u00e9e de vie en pot de 1 \u00e0 2 minutes. La duret\u00e9 est de 85 &#8211; 87 Shore D.<\/p>\n","protected":false},"featured_media":11370,"template":"","meta":[],"product_cat":[299,300,317],"product_tag":[],"class_list":["post-9876","product","type-product","status-publish","has-post-thumbnail","hentry","product_cat-enrobage-a-froid","product_cat-resine-acrylique","product_cat-enrobage"],"yoast_head":"<!-- This site is optimized with the Yoast SEO plugin v21.7 - https:\/\/yoast.com\/wordpress\/plugins\/seo\/ -->\n<title>Aka-Clear-2 Liquid | Enrobage Acrylique \u00e0 Prise Rapide | Akasel<\/title>\n<meta name=\"description\" content=\"La r\u00e9sine acrylique Aka-Clear-2 pour un enrobage \u00e0 froid transparent en 8 minutes. Id\u00e9ale pour les \u00e9chantillons sensibles \u00e0 la chaleur et \u00e0 la pression.\" \/>\n<meta name=\"robots\" content=\"index, follow, max-snippet:-1, max-image-preview:large, max-video-preview:-1\" \/>\n<link rel=\"canonical\" href=\"https:\/\/akasel.com\/fr\/shop\/enrobage-a-froid\/resine-acrylique\/aka-clear-2-liquid\/\" \/>\n<meta property=\"og:locale\" content=\"fr_FR\" \/>\n<meta property=\"og:type\" content=\"article\" \/>\n<meta property=\"og:title\" content=\"Aka-Clear-2 Liquid | Enrobage Acrylique \u00e0 Prise Rapide | Akasel\" \/>\n<meta property=\"og:description\" content=\"La r\u00e9sine acrylique Aka-Clear-2 pour un enrobage \u00e0 froid transparent en 8 minutes. Id\u00e9ale pour les \u00e9chantillons sensibles \u00e0 la chaleur et \u00e0 la pression.\" \/>\n<meta property=\"og:url\" content=\"https:\/\/akasel.com\/fr\/shop\/enrobage-a-froid\/resine-acrylique\/aka-clear-2-liquid\/\" \/>\n<meta property=\"og:site_name\" content=\"AKASEL A\/S\" \/>\n<meta property=\"article:modified_time\" content=\"2026-01-13T06:23:53+00:00\" \/>\n<meta property=\"og:image\" content=\"https:\/\/akasel.com\/fr\/wp-content\/uploads\/sites\/8\/2020\/10\/25202413-with-black-lid-web-761x1920.png\" \/>\n\t<meta property=\"og:image:width\" content=\"761\" \/>\n\t<meta property=\"og:image:height\" content=\"1920\" \/>\n\t<meta property=\"og:image:type\" content=\"image\/png\" \/>\n<meta name=\"twitter:card\" content=\"summary_large_image\" \/>\n<meta name=\"twitter:label1\" content=\"Dur\u00e9e de lecture estim\u00e9e\" \/>\n\t<meta name=\"twitter:data1\" content=\"1 minute\" \/>\n<!-- \/ Yoast SEO plugin. -->","yoast_head_json":{"title":"Aka-Clear-2 Liquid | Enrobage Acrylique \u00e0 Prise Rapide | Akasel","description":"La r\u00e9sine acrylique Aka-Clear-2 pour un enrobage \u00e0 froid transparent en 8 minutes. Id\u00e9ale pour les \u00e9chantillons sensibles \u00e0 la chaleur et \u00e0 la pression.","robots":{"index":"index","follow":"follow","max-snippet":"max-snippet:-1","max-image-preview":"max-image-preview:large","max-video-preview":"max-video-preview:-1"},"canonical":"https:\/\/akasel.com\/fr\/shop\/enrobage-a-froid\/resine-acrylique\/aka-clear-2-liquid\/","og_locale":"fr_FR","og_type":"article","og_title":"Aka-Clear-2 Liquid | Enrobage Acrylique \u00e0 Prise Rapide | Akasel","og_description":"La r\u00e9sine acrylique Aka-Clear-2 pour un enrobage \u00e0 froid transparent en 8 minutes. Id\u00e9ale pour les \u00e9chantillons sensibles \u00e0 la chaleur et \u00e0 la pression.","og_url":"https:\/\/akasel.com\/fr\/shop\/enrobage-a-froid\/resine-acrylique\/aka-clear-2-liquid\/","og_site_name":"AKASEL A\/S","article_modified_time":"2026-01-13T06:23:53+00:00","og_image":[{"width":761,"height":1920,"url":"https:\/\/akasel.com\/fr\/wp-content\/uploads\/sites\/8\/2020\/10\/25202413-with-black-lid-web-761x1920.png","type":"image\/png"}],"twitter_card":"summary_large_image","twitter_misc":{"Dur\u00e9e de lecture estim\u00e9e":"1 minute"},"schema":{"@context":"https:\/\/schema.org","@graph":[{"@type":"WebPage","@id":"https:\/\/akasel.com\/fr\/shop\/enrobage-a-froid\/resine-acrylique\/aka-clear-2-liquid\/","url":"https:\/\/akasel.com\/fr\/shop\/enrobage-a-froid\/resine-acrylique\/aka-clear-2-liquid\/","name":"Aka-Clear-2 Liquid | Enrobage Acrylique \u00e0 Prise Rapide | Akasel","isPartOf":{"@id":"https:\/\/akasel.com\/fr\/#website"},"datePublished":"2020-10-23T11:01:36+00:00","dateModified":"2026-01-13T06:23:53+00:00","description":"La r\u00e9sine acrylique Aka-Clear-2 pour un enrobage \u00e0 froid transparent en 8 minutes. Id\u00e9ale pour les \u00e9chantillons sensibles \u00e0 la chaleur et \u00e0 la pression.","breadcrumb":{"@id":"https:\/\/akasel.com\/fr\/shop\/enrobage-a-froid\/resine-acrylique\/aka-clear-2-liquid\/#breadcrumb"},"inLanguage":"fr-FR","potentialAction":[{"@type":"ReadAction","target":["https:\/\/akasel.com\/fr\/shop\/enrobage-a-froid\/resine-acrylique\/aka-clear-2-liquid\/"]}]},{"@type":"BreadcrumbList","@id":"https:\/\/akasel.com\/fr\/shop\/enrobage-a-froid\/resine-acrylique\/aka-clear-2-liquid\/#breadcrumb","itemListElement":[{"@type":"ListItem","position":1,"name":"Home","item":"https:\/\/akasel.com\/fr\/"},{"@type":"ListItem","position":2,"name":"Boutique","item":"https:\/\/akasel.com\/fr\/boutique\/"},{"@type":"ListItem","position":3,"name":"Aka-Clear-2 Liquid"}]},{"@type":"WebSite","@id":"https:\/\/akasel.com\/fr\/#website","url":"https:\/\/akasel.com\/fr\/","name":"AKASEL A\/S","description":"","potentialAction":[{"@type":"SearchAction","target":{"@type":"EntryPoint","urlTemplate":"https:\/\/akasel.com\/fr\/?s={search_term_string}"},"query-input":"required name=search_term_string"}],"inLanguage":"fr-FR"}]}},"_links":{"self":[{"href":"https:\/\/akasel.com\/fr\/wp-json\/wp\/v3\/product\/9876"}],"collection":[{"href":"https:\/\/akasel.com\/fr\/wp-json\/wp\/v3\/product"}],"about":[{"href":"https:\/\/akasel.com\/fr\/wp-json\/wp\/v2\/types\/product"}],"wp:featuredmedia":[{"embeddable":true,"href":"https:\/\/akasel.com\/fr\/wp-json\/wp\/v2\/media\/11370"}],"wp:attachment":[{"href":"https:\/\/akasel.com\/fr\/wp-json\/wp\/v2\/media?parent=9876"}],"wp:term":[{"taxonomy":"product_cat","embeddable":true,"href":"https:\/\/akasel.com\/fr\/wp-json\/wp\/v2\/product_cat?post=9876"},{"taxonomy":"product_tag","embeddable":true,"href":"https:\/\/akasel.com\/fr\/wp-json\/wp\/v2\/product_tag?post=9876"}],"curies":[{"name":"wp","href":"https:\/\/api.w.org\/{rel}","templated":true}]}}