{"id":9878,"date":"2020-10-23T13:04:50","date_gmt":"2020-10-23T11:04:50","guid":{"rendered":"https:\/\/akasel.com\/fr\/p\/aka-nostick-liquid\/"},"modified":"2026-01-13T07:23:52","modified_gmt":"2026-01-13T06:23:52","slug":"aka-nostick-liquid","status":"publish","type":"product","link":"https:\/\/akasel.com\/fr\/shop\/enrobage\/accessoires-de-montage\/agents-de-demoulage\/aka-nostick-liquid\/","title":{"rendered":"Aka-NoStick Liquid"},"content":{"rendered":"<p>Contenu disponible : 250 ml<\/p>\n<p><a href=\"https:\/\/akasel.com\/wp-content\/uploads\/2024\/04\/sds-aka-nostick-liquid-en-v30.pdf\">SDS Aka-NoStick Liquid (EN)<\/a><\/p>\n","protected":false},"excerpt":{"rendered":"<p>Agent de d\u00e9moulage pour l&#8217;enrobage \u00e0 froid. Il permet d&#8217;extraire facilement les enrobages de la cupule d&#8217;enrobage. Il permet \u00e9galement de sceller les moules en deux parties et d&#8217;\u00e9viter les fuites.<\/p>\n<p>Sans silicone pour \u00e9viter toute interf\u00e9rence avec les processus de post-montage.<\/p>\n<p>Vaporiser et laisser s\u00e9cher avant de verser la r\u00e9sine dans le moule.<\/p>\n","protected":false},"featured_media":11379,"template":"","meta":[],"product_cat":[317,345,306],"product_tag":[],"class_list":["post-9878","product","type-product","status-publish","has-post-thumbnail","hentry","product_cat-enrobage","product_cat-accessoires-de-montage","product_cat-agents-de-demoulage"],"yoast_head":"<!-- This site is optimized with the Yoast SEO plugin v21.7 - https:\/\/yoast.com\/wordpress\/plugins\/seo\/ -->\n<title>Aka-NoStick | Agent de D\u00e9moulage pour Montage \u00e0 Froid | Akasel<\/title>\n<meta name=\"description\" content=\"Pour un d\u00e9moulage facile et sans fuite, utilisez Aka-NoStick. L&#039;agent de d\u00e9moulage id\u00e9al pour le montage \u00e0 froid avec des r\u00e9sines \u00e9poxy et acryliques.\" \/>\n<meta name=\"robots\" content=\"index, follow, max-snippet:-1, max-image-preview:large, max-video-preview:-1\" \/>\n<link rel=\"canonical\" href=\"https:\/\/akasel.com\/fr\/shop\/enrobage\/accessoires-de-montage\/agents-de-demoulage\/aka-nostick-liquid\/\" \/>\n<meta property=\"og:locale\" content=\"fr_FR\" \/>\n<meta property=\"og:type\" content=\"article\" \/>\n<meta property=\"og:title\" content=\"Aka-NoStick | Agent de D\u00e9moulage pour Montage \u00e0 Froid | Akasel\" \/>\n<meta property=\"og:description\" content=\"Pour un d\u00e9moulage facile et sans fuite, utilisez Aka-NoStick. L&#039;agent de d\u00e9moulage id\u00e9al pour le montage \u00e0 froid avec des r\u00e9sines \u00e9poxy et acryliques.\" \/>\n<meta property=\"og:url\" content=\"https:\/\/akasel.com\/fr\/shop\/enrobage\/accessoires-de-montage\/agents-de-demoulage\/aka-nostick-liquid\/\" \/>\n<meta property=\"og:site_name\" content=\"AKASEL A\/S\" \/>\n<meta property=\"article:modified_time\" content=\"2026-01-13T06:23:52+00:00\" \/>\n<meta property=\"og:image\" content=\"https:\/\/akasel.com\/fr\/wp-content\/uploads\/sites\/8\/2020\/10\/25901201.png\" \/>\n\t<meta property=\"og:image:width\" content=\"1321\" \/>\n\t<meta property=\"og:image:height\" content=\"2560\" \/>\n\t<meta property=\"og:image:type\" content=\"image\/png\" \/>\n<meta name=\"twitter:card\" content=\"summary_large_image\" \/>\n<meta name=\"twitter:label1\" content=\"Dur\u00e9e de lecture estim\u00e9e\" \/>\n\t<meta name=\"twitter:data1\" content=\"1 minute\" \/>\n<!-- \/ Yoast SEO plugin. -->","yoast_head_json":{"title":"Aka-NoStick | Agent de D\u00e9moulage pour Montage \u00e0 Froid | Akasel","description":"Pour un d\u00e9moulage facile et sans fuite, utilisez Aka-NoStick. L'agent de d\u00e9moulage id\u00e9al pour le montage \u00e0 froid avec des r\u00e9sines \u00e9poxy et acryliques.","robots":{"index":"index","follow":"follow","max-snippet":"max-snippet:-1","max-image-preview":"max-image-preview:large","max-video-preview":"max-video-preview:-1"},"canonical":"https:\/\/akasel.com\/fr\/shop\/enrobage\/accessoires-de-montage\/agents-de-demoulage\/aka-nostick-liquid\/","og_locale":"fr_FR","og_type":"article","og_title":"Aka-NoStick | Agent de D\u00e9moulage pour Montage \u00e0 Froid | Akasel","og_description":"Pour un d\u00e9moulage facile et sans fuite, utilisez Aka-NoStick. L'agent de d\u00e9moulage id\u00e9al pour le montage \u00e0 froid avec des r\u00e9sines \u00e9poxy et acryliques.","og_url":"https:\/\/akasel.com\/fr\/shop\/enrobage\/accessoires-de-montage\/agents-de-demoulage\/aka-nostick-liquid\/","og_site_name":"AKASEL A\/S","article_modified_time":"2026-01-13T06:23:52+00:00","og_image":[{"width":1321,"height":2560,"url":"https:\/\/akasel.com\/fr\/wp-content\/uploads\/sites\/8\/2020\/10\/25901201.png","type":"image\/png"}],"twitter_card":"summary_large_image","twitter_misc":{"Dur\u00e9e de lecture estim\u00e9e":"1 minute"},"schema":{"@context":"https:\/\/schema.org","@graph":[{"@type":"WebPage","@id":"https:\/\/akasel.com\/fr\/shop\/enrobage\/accessoires-de-montage\/agents-de-demoulage\/aka-nostick-liquid\/","url":"https:\/\/akasel.com\/fr\/shop\/enrobage\/accessoires-de-montage\/agents-de-demoulage\/aka-nostick-liquid\/","name":"Aka-NoStick | Agent de D\u00e9moulage pour Montage \u00e0 Froid | Akasel","isPartOf":{"@id":"https:\/\/akasel.com\/fr\/#website"},"datePublished":"2020-10-23T11:04:50+00:00","dateModified":"2026-01-13T06:23:52+00:00","description":"Pour un d\u00e9moulage facile et sans fuite, utilisez Aka-NoStick. L'agent de d\u00e9moulage id\u00e9al pour le montage \u00e0 froid avec des r\u00e9sines \u00e9poxy et acryliques.","breadcrumb":{"@id":"https:\/\/akasel.com\/fr\/shop\/enrobage\/accessoires-de-montage\/agents-de-demoulage\/aka-nostick-liquid\/#breadcrumb"},"inLanguage":"fr-FR","potentialAction":[{"@type":"ReadAction","target":["https:\/\/akasel.com\/fr\/shop\/enrobage\/accessoires-de-montage\/agents-de-demoulage\/aka-nostick-liquid\/"]}]},{"@type":"BreadcrumbList","@id":"https:\/\/akasel.com\/fr\/shop\/enrobage\/accessoires-de-montage\/agents-de-demoulage\/aka-nostick-liquid\/#breadcrumb","itemListElement":[{"@type":"ListItem","position":1,"name":"Home","item":"https:\/\/akasel.com\/fr\/"},{"@type":"ListItem","position":2,"name":"Boutique","item":"https:\/\/akasel.com\/fr\/boutique\/"},{"@type":"ListItem","position":3,"name":"Aka-NoStick Liquid"}]},{"@type":"WebSite","@id":"https:\/\/akasel.com\/fr\/#website","url":"https:\/\/akasel.com\/fr\/","name":"AKASEL A\/S","description":"","potentialAction":[{"@type":"SearchAction","target":{"@type":"EntryPoint","urlTemplate":"https:\/\/akasel.com\/fr\/?s={search_term_string}"},"query-input":"required name=search_term_string"}],"inLanguage":"fr-FR"}]}},"_links":{"self":[{"href":"https:\/\/akasel.com\/fr\/wp-json\/wp\/v3\/product\/9878"}],"collection":[{"href":"https:\/\/akasel.com\/fr\/wp-json\/wp\/v3\/product"}],"about":[{"href":"https:\/\/akasel.com\/fr\/wp-json\/wp\/v2\/types\/product"}],"wp:featuredmedia":[{"embeddable":true,"href":"https:\/\/akasel.com\/fr\/wp-json\/wp\/v2\/media\/11379"}],"wp:attachment":[{"href":"https:\/\/akasel.com\/fr\/wp-json\/wp\/v2\/media?parent=9878"}],"wp:term":[{"taxonomy":"product_cat","embeddable":true,"href":"https:\/\/akasel.com\/fr\/wp-json\/wp\/v2\/product_cat?post=9878"},{"taxonomy":"product_tag","embeddable":true,"href":"https:\/\/akasel.com\/fr\/wp-json\/wp\/v2\/product_tag?post=9878"}],"curies":[{"name":"wp","href":"https:\/\/api.w.org\/{rel}","templated":true}]}}