{"id":9896,"date":"2020-10-23T13:23:39","date_gmt":"2020-10-23T11:23:39","guid":{"rendered":"https:\/\/akasel.com\/fr\/p\/diamaxx-poly-1-%c2%b5m\/"},"modified":"2026-01-13T07:24:33","modified_gmt":"2026-01-13T06:24:33","slug":"diamaxx-poly-1-%c2%b5m","status":"publish","type":"product","link":"https:\/\/akasel.com\/fr\/shop\/polissage-metallographique\/produits-diamantes\/diamaxx-poly-1-%c2%b5m\/","title":{"rendered":"DiaMaxx Poly 1 \u00b5m"},"content":{"rendered":"<p>Contenu disponible : 500 ml, 2,5 l, 5 l<\/p>\n<p><a href=\"https:\/\/akasel.com\/wp-content\/uploads\/2024\/06\/diamond-suspension-product-brochure.pdf\">Brochures sur les suspensions diamant\u00e9es<\/a><\/p>\n<p><a href=\"https:\/\/akasel.com\/wp-content\/uploads\/2021\/10\/sds-diamaxx-mono-poly-en-v20.pdf\">SDS DiaMaxx (EN)<\/a><\/p>\n","protected":false},"excerpt":{"rendered":"<p>suspension diamant\u00e9e 2 en 1.<br \/>\nDiaMaxx est un m\u00e9lange soigneusement \u00e9quilibr\u00e9 de suspension diamant\u00e9e et de lubrifiant.<\/p>\n<p>Recommand\u00e9 pour tous les mat\u00e9riaux &#8211; sauf ceux sensibles \u00e0 l&#8217;eau.<\/p>\n<p>DiaMaxx Poly offre un enl\u00e8vement tr\u00e8s \u00e9lev\u00e9 et des temps de pr\u00e9paration courts, combin\u00e9s \u00e0 un dosage facile qui garantit la reproductibilit\u00e9.<\/p>\n<p>Concentration en diamants de 20 ct\/l<br \/>\n100% de diamants polycristallins<br \/>\nM\u00e9diane (50%) 1 \u00b5m<br \/>\nTol\u00e9rance 0,95 &#8211; 1,05 \u00b5m<br \/>\nLimite sup\u00e9rieure (99 %) 1,7 \u00b5m<\/p>\n<p>Ne pas exposer \u00e0 la lumi\u00e8re directe du soleil.<\/p>\n","protected":false},"featured_media":11441,"template":"","meta":[],"product_cat":[344,320,305,311],"product_tag":[],"class_list":["post-9896","product","type-product","status-publish","has-post-thumbnail","hentry","product_cat-polissage-metallographique","product_cat-produits-diamantes","product_cat-suspensions-diamantees-2-en-1","product_cat-diamaxx"],"yoast_head":"<!-- This site is optimized with the Yoast SEO plugin v21.7 - https:\/\/yoast.com\/wordpress\/plugins\/seo\/ -->\n<title>DiaMaxx Poly 1 \u00b5m | Suspension diamant\u00e9e et lubrifiant | Akasel<\/title>\n<meta name=\"description\" content=\"Obtenez une finition parfaite avec la suspension 2-en-1 DiaMaxx Poly 1 \u00b5m. Haute performance, elle assure une pr\u00e9paration rapide et un dosage facile.\" \/>\n<meta name=\"robots\" content=\"index, follow, max-snippet:-1, max-image-preview:large, max-video-preview:-1\" \/>\n<link rel=\"canonical\" href=\"https:\/\/akasel.com\/fr\/shop\/polissage-metallographique\/produits-diamantes\/diamaxx-poly-1-\u00b5m\/\" \/>\n<meta property=\"og:locale\" content=\"fr_FR\" \/>\n<meta property=\"og:type\" content=\"article\" \/>\n<meta property=\"og:title\" content=\"DiaMaxx Poly 1 \u00b5m | Suspension diamant\u00e9e et lubrifiant | Akasel\" \/>\n<meta property=\"og:description\" content=\"Obtenez une finition parfaite avec la suspension 2-en-1 DiaMaxx Poly 1 \u00b5m. Haute performance, elle assure une pr\u00e9paration rapide et un dosage facile.\" \/>\n<meta property=\"og:url\" content=\"https:\/\/akasel.com\/fr\/shop\/polissage-metallographique\/produits-diamantes\/diamaxx-poly-1-\u00b5m\/\" \/>\n<meta property=\"og:site_name\" content=\"AKASEL A\/S\" \/>\n<meta property=\"article:modified_time\" content=\"2026-01-13T06:24:33+00:00\" \/>\n<meta property=\"og:image\" content=\"https:\/\/akasel.com\/fr\/wp-content\/uploads\/sites\/8\/2020\/10\/akasel-diamaxx-poly-1-micron-diamond-suspension-500ml.png\" \/>\n\t<meta property=\"og:image:width\" content=\"1247\" \/>\n\t<meta property=\"og:image:height\" content=\"2559\" \/>\n\t<meta property=\"og:image:type\" content=\"image\/png\" \/>\n<meta name=\"twitter:card\" content=\"summary_large_image\" \/>\n<meta name=\"twitter:label1\" content=\"Dur\u00e9e de lecture estim\u00e9e\" \/>\n\t<meta name=\"twitter:data1\" content=\"1 minute\" \/>\n<!-- \/ Yoast SEO plugin. -->","yoast_head_json":{"title":"DiaMaxx Poly 1 \u00b5m | Suspension diamant\u00e9e et lubrifiant | Akasel","description":"Obtenez une finition parfaite avec la suspension 2-en-1 DiaMaxx Poly 1 \u00b5m. Haute performance, elle assure une pr\u00e9paration rapide et un dosage facile.","robots":{"index":"index","follow":"follow","max-snippet":"max-snippet:-1","max-image-preview":"max-image-preview:large","max-video-preview":"max-video-preview:-1"},"canonical":"https:\/\/akasel.com\/fr\/shop\/polissage-metallographique\/produits-diamantes\/diamaxx-poly-1-\u00b5m\/","og_locale":"fr_FR","og_type":"article","og_title":"DiaMaxx Poly 1 \u00b5m | Suspension diamant\u00e9e et lubrifiant | Akasel","og_description":"Obtenez une finition parfaite avec la suspension 2-en-1 DiaMaxx Poly 1 \u00b5m. Haute performance, elle assure une pr\u00e9paration rapide et un dosage facile.","og_url":"https:\/\/akasel.com\/fr\/shop\/polissage-metallographique\/produits-diamantes\/diamaxx-poly-1-\u00b5m\/","og_site_name":"AKASEL A\/S","article_modified_time":"2026-01-13T06:24:33+00:00","og_image":[{"width":1247,"height":2559,"url":"https:\/\/akasel.com\/fr\/wp-content\/uploads\/sites\/8\/2020\/10\/akasel-diamaxx-poly-1-micron-diamond-suspension-500ml.png","type":"image\/png"}],"twitter_card":"summary_large_image","twitter_misc":{"Dur\u00e9e de lecture estim\u00e9e":"1 minute"},"schema":{"@context":"https:\/\/schema.org","@graph":[{"@type":"WebPage","@id":"https:\/\/akasel.com\/fr\/shop\/polissage-metallographique\/produits-diamantes\/diamaxx-poly-1-%c2%b5m\/","url":"https:\/\/akasel.com\/fr\/shop\/polissage-metallographique\/produits-diamantes\/diamaxx-poly-1-%c2%b5m\/","name":"DiaMaxx Poly 1 \u00b5m | Suspension diamant\u00e9e et lubrifiant | Akasel","isPartOf":{"@id":"https:\/\/akasel.com\/fr\/#website"},"datePublished":"2020-10-23T11:23:39+00:00","dateModified":"2026-01-13T06:24:33+00:00","description":"Obtenez une finition parfaite avec la suspension 2-en-1 DiaMaxx Poly 1 \u00b5m. Haute performance, elle assure une pr\u00e9paration rapide et un dosage facile.","breadcrumb":{"@id":"https:\/\/akasel.com\/fr\/shop\/polissage-metallographique\/produits-diamantes\/diamaxx-poly-1-%c2%b5m\/#breadcrumb"},"inLanguage":"fr-FR","potentialAction":[{"@type":"ReadAction","target":["https:\/\/akasel.com\/fr\/shop\/polissage-metallographique\/produits-diamantes\/diamaxx-poly-1-%c2%b5m\/"]}]},{"@type":"BreadcrumbList","@id":"https:\/\/akasel.com\/fr\/shop\/polissage-metallographique\/produits-diamantes\/diamaxx-poly-1-%c2%b5m\/#breadcrumb","itemListElement":[{"@type":"ListItem","position":1,"name":"Home","item":"https:\/\/akasel.com\/fr\/"},{"@type":"ListItem","position":2,"name":"Boutique","item":"https:\/\/akasel.com\/fr\/boutique\/"},{"@type":"ListItem","position":3,"name":"DiaMaxx Poly 1 \u00b5m"}]},{"@type":"WebSite","@id":"https:\/\/akasel.com\/fr\/#website","url":"https:\/\/akasel.com\/fr\/","name":"AKASEL A\/S","description":"","potentialAction":[{"@type":"SearchAction","target":{"@type":"EntryPoint","urlTemplate":"https:\/\/akasel.com\/fr\/?s={search_term_string}"},"query-input":"required name=search_term_string"}],"inLanguage":"fr-FR"}]}},"_links":{"self":[{"href":"https:\/\/akasel.com\/fr\/wp-json\/wp\/v3\/product\/9896"}],"collection":[{"href":"https:\/\/akasel.com\/fr\/wp-json\/wp\/v3\/product"}],"about":[{"href":"https:\/\/akasel.com\/fr\/wp-json\/wp\/v2\/types\/product"}],"wp:featuredmedia":[{"embeddable":true,"href":"https:\/\/akasel.com\/fr\/wp-json\/wp\/v2\/media\/11441"}],"wp:attachment":[{"href":"https:\/\/akasel.com\/fr\/wp-json\/wp\/v2\/media?parent=9896"}],"wp:term":[{"taxonomy":"product_cat","embeddable":true,"href":"https:\/\/akasel.com\/fr\/wp-json\/wp\/v2\/product_cat?post=9896"},{"taxonomy":"product_tag","embeddable":true,"href":"https:\/\/akasel.com\/fr\/wp-json\/wp\/v2\/product_tag?post=9896"}],"curies":[{"name":"wp","href":"https:\/\/api.w.org\/{rel}","templated":true}]}}