{"id":9908,"date":"2020-10-23T13:36:50","date_gmt":"2020-10-23T11:36:50","guid":{"rendered":"https:\/\/akasel.com\/fr\/p\/diadoublo-mono-1-%c2%b5m\/"},"modified":"2026-01-13T07:24:35","modified_gmt":"2026-01-13T06:24:35","slug":"diadoublo-mono-1-%c2%b5m","status":"publish","type":"product","link":"https:\/\/akasel.com\/fr\/shop\/polissage-metallographique\/produits-diamantes\/diadoublo-mono-1-%c2%b5m\/","title":{"rendered":"DiaDoublo Mono 1 \u00b5m"},"content":{"rendered":"<p>Contenu disponible : 500 ml, 2,5 l, 5 l<\/p>\n<p><a href=\"https:\/\/akasel.com\/wp-content\/uploads\/2024\/06\/diamond-suspension-product-brochure.pdf\">Brochures sur les suspensions diamant\u00e9es<\/a><\/p>\n<p><a href=\"https:\/\/akasel.com\/wp-content\/uploads\/2024\/07\/sds-diadoublo-mono-poly-en-v40.pdf\">FDS DiaDoublo (EN)<\/a><\/p>\n","protected":false},"excerpt":{"rendered":"<p>suspension diamant\u00e9e 2 en 1.<br \/>\nDiaDoublo est un m\u00e9lange soigneusement \u00e9quilibr\u00e9 de suspension diamant\u00e9e et de lubrifiant.<\/p>\n<p>Recommand\u00e9 pour les mat\u00e9riaux tendres &#8211; sauf ceux sensibles \u00e0 l&#8217;eau.<\/p>\n<p>DiaDoublo Mono garantit une pr\u00e9paration rapide de l&#8217;\u00e9chantillon et un dosage facile qui assure des r\u00e9sultats constants. Le nettoyage des \u00e9chantillons se fait sans effort.<\/p>\n<p>Concentration en diamant de 10 ct\/l<br \/>\n100% de diamants monocristallins<br \/>\nM\u00e9diane (50 %) 1 \u00b5m<br \/>\nTol\u00e9rance 0,95 &#8211; 1,05 \u00b5m<br \/>\nLimite sup\u00e9rieure (99 %) 1,7 \u00b5m<br \/>\nNe pas exposer \u00e0 la lumi\u00e8re directe du soleil.<\/p>\n","protected":false},"featured_media":11439,"template":"","meta":[],"product_cat":[344,320,305,328],"product_tag":[],"class_list":["post-9908","product","type-product","status-publish","has-post-thumbnail","hentry","product_cat-polissage-metallographique","product_cat-produits-diamantes","product_cat-suspensions-diamantees-2-en-1","product_cat-diadoublo"],"yoast_head":"<!-- This site is optimized with the Yoast SEO plugin v21.7 - https:\/\/yoast.com\/wordpress\/plugins\/seo\/ -->\n<title>DiaDoublo Mono 1 \u00b5m | Suspension diamant\u00e9e et lubrifiant | Akasel<\/title>\n<meta name=\"description\" content=\"Id\u00e9ale pour le polissage final des mat\u00e9riaux tendres, la suspension 2-en-1 DiaDoublo Mono 1 \u00b5m combine une pr\u00e9paration rapide avec un nettoyage facile\" \/>\n<meta name=\"robots\" content=\"index, follow, max-snippet:-1, max-image-preview:large, max-video-preview:-1\" \/>\n<link rel=\"canonical\" href=\"https:\/\/akasel.com\/fr\/shop\/polissage-metallographique\/produits-diamantes\/diadoublo-mono-1-\u00b5m\/\" \/>\n<meta property=\"og:locale\" content=\"fr_FR\" \/>\n<meta property=\"og:type\" content=\"article\" \/>\n<meta property=\"og:title\" content=\"DiaDoublo Mono 1 \u00b5m | Suspension diamant\u00e9e et lubrifiant | Akasel\" \/>\n<meta property=\"og:description\" content=\"Id\u00e9ale pour le polissage final des mat\u00e9riaux tendres, la suspension 2-en-1 DiaDoublo Mono 1 \u00b5m combine une pr\u00e9paration rapide avec un nettoyage facile\" \/>\n<meta property=\"og:url\" content=\"https:\/\/akasel.com\/fr\/shop\/polissage-metallographique\/produits-diamantes\/diadoublo-mono-1-\u00b5m\/\" \/>\n<meta property=\"og:site_name\" content=\"AKASEL A\/S\" \/>\n<meta property=\"article:modified_time\" content=\"2026-01-13T06:24:35+00:00\" \/>\n<meta property=\"og:image\" content=\"https:\/\/akasel.com\/fr\/wp-content\/uploads\/sites\/8\/2020\/10\/akasel-diadoublo-mono-1-micron-500ml.png\" \/>\n\t<meta property=\"og:image:width\" content=\"1248\" \/>\n\t<meta property=\"og:image:height\" content=\"2559\" \/>\n\t<meta property=\"og:image:type\" content=\"image\/png\" \/>\n<meta name=\"twitter:card\" content=\"summary_large_image\" \/>\n<meta name=\"twitter:label1\" content=\"Dur\u00e9e de lecture estim\u00e9e\" \/>\n\t<meta name=\"twitter:data1\" content=\"1 minute\" \/>\n<!-- \/ Yoast SEO plugin. -->","yoast_head_json":{"title":"DiaDoublo Mono 1 \u00b5m | Suspension diamant\u00e9e et lubrifiant | Akasel","description":"Id\u00e9ale pour le polissage final des mat\u00e9riaux tendres, la suspension 2-en-1 DiaDoublo Mono 1 \u00b5m combine une pr\u00e9paration rapide avec un nettoyage facile","robots":{"index":"index","follow":"follow","max-snippet":"max-snippet:-1","max-image-preview":"max-image-preview:large","max-video-preview":"max-video-preview:-1"},"canonical":"https:\/\/akasel.com\/fr\/shop\/polissage-metallographique\/produits-diamantes\/diadoublo-mono-1-\u00b5m\/","og_locale":"fr_FR","og_type":"article","og_title":"DiaDoublo Mono 1 \u00b5m | Suspension diamant\u00e9e et lubrifiant | Akasel","og_description":"Id\u00e9ale pour le polissage final des mat\u00e9riaux tendres, la suspension 2-en-1 DiaDoublo Mono 1 \u00b5m combine une pr\u00e9paration rapide avec un nettoyage facile","og_url":"https:\/\/akasel.com\/fr\/shop\/polissage-metallographique\/produits-diamantes\/diadoublo-mono-1-\u00b5m\/","og_site_name":"AKASEL A\/S","article_modified_time":"2026-01-13T06:24:35+00:00","og_image":[{"width":1248,"height":2559,"url":"https:\/\/akasel.com\/fr\/wp-content\/uploads\/sites\/8\/2020\/10\/akasel-diadoublo-mono-1-micron-500ml.png","type":"image\/png"}],"twitter_card":"summary_large_image","twitter_misc":{"Dur\u00e9e de lecture estim\u00e9e":"1 minute"},"schema":{"@context":"https:\/\/schema.org","@graph":[{"@type":"WebPage","@id":"https:\/\/akasel.com\/fr\/shop\/polissage-metallographique\/produits-diamantes\/diadoublo-mono-1-%c2%b5m\/","url":"https:\/\/akasel.com\/fr\/shop\/polissage-metallographique\/produits-diamantes\/diadoublo-mono-1-%c2%b5m\/","name":"DiaDoublo Mono 1 \u00b5m | Suspension diamant\u00e9e et lubrifiant | Akasel","isPartOf":{"@id":"https:\/\/akasel.com\/fr\/#website"},"datePublished":"2020-10-23T11:36:50+00:00","dateModified":"2026-01-13T06:24:35+00:00","description":"Id\u00e9ale pour le polissage final des mat\u00e9riaux tendres, la suspension 2-en-1 DiaDoublo Mono 1 \u00b5m combine une pr\u00e9paration rapide avec un nettoyage facile","breadcrumb":{"@id":"https:\/\/akasel.com\/fr\/shop\/polissage-metallographique\/produits-diamantes\/diadoublo-mono-1-%c2%b5m\/#breadcrumb"},"inLanguage":"fr-FR","potentialAction":[{"@type":"ReadAction","target":["https:\/\/akasel.com\/fr\/shop\/polissage-metallographique\/produits-diamantes\/diadoublo-mono-1-%c2%b5m\/"]}]},{"@type":"BreadcrumbList","@id":"https:\/\/akasel.com\/fr\/shop\/polissage-metallographique\/produits-diamantes\/diadoublo-mono-1-%c2%b5m\/#breadcrumb","itemListElement":[{"@type":"ListItem","position":1,"name":"Home","item":"https:\/\/akasel.com\/fr\/"},{"@type":"ListItem","position":2,"name":"Boutique","item":"https:\/\/akasel.com\/fr\/boutique\/"},{"@type":"ListItem","position":3,"name":"DiaDoublo Mono 1 \u00b5m"}]},{"@type":"WebSite","@id":"https:\/\/akasel.com\/fr\/#website","url":"https:\/\/akasel.com\/fr\/","name":"AKASEL A\/S","description":"","potentialAction":[{"@type":"SearchAction","target":{"@type":"EntryPoint","urlTemplate":"https:\/\/akasel.com\/fr\/?s={search_term_string}"},"query-input":"required name=search_term_string"}],"inLanguage":"fr-FR"}]}},"_links":{"self":[{"href":"https:\/\/akasel.com\/fr\/wp-json\/wp\/v3\/product\/9908"}],"collection":[{"href":"https:\/\/akasel.com\/fr\/wp-json\/wp\/v3\/product"}],"about":[{"href":"https:\/\/akasel.com\/fr\/wp-json\/wp\/v2\/types\/product"}],"wp:featuredmedia":[{"embeddable":true,"href":"https:\/\/akasel.com\/fr\/wp-json\/wp\/v2\/media\/11439"}],"wp:attachment":[{"href":"https:\/\/akasel.com\/fr\/wp-json\/wp\/v2\/media?parent=9908"}],"wp:term":[{"taxonomy":"product_cat","embeddable":true,"href":"https:\/\/akasel.com\/fr\/wp-json\/wp\/v2\/product_cat?post=9908"},{"taxonomy":"product_tag","embeddable":true,"href":"https:\/\/akasel.com\/fr\/wp-json\/wp\/v2\/product_tag?post=9908"}],"curies":[{"name":"wp","href":"https:\/\/api.w.org\/{rel}","templated":true}]}}