{"id":9946,"date":"2020-10-28T13:30:52","date_gmt":"2020-10-28T12:30:52","guid":{"rendered":"https:\/\/akasel.com\/fr\/p\/aka-poly-1-%c2%b5m\/"},"modified":"2026-01-13T07:24:49","modified_gmt":"2026-01-13T06:24:49","slug":"aka-poly-1-%c2%b5m","status":"publish","type":"product","link":"https:\/\/akasel.com\/fr\/shop\/polissage-metallographique\/produits-diamantes\/aka-poly-1-%c2%b5m\/","title":{"rendered":"Aka-Poly 1 \u00b5m"},"content":{"rendered":"<p>Contenu disponible : 500 ml, 1 l, 2,5 l, 5 l<\/p>\n<p><a href=\"https:\/\/akasel.com\/wp-content\/uploads\/2021\/10\/sds-aka-mono-aka-poly-aka-mono-aka-poly-en-v20.pdf\">SDS Aka-Poly &amp; Aka-Mono (EN)<\/a><\/p>\n<p><a href=\"https:\/\/akasel.com\/wp-content\/uploads\/2024\/06\/diamond-suspension-product-brochure.pdf\">Brochures sur les suspensions diamant\u00e9es (EN)<\/a><\/p>\n","protected":false},"excerpt":{"rendered":"<p>Suspension de diamant polycristallin pour la pr\u00e9paration d&#8217;\u00e9chantillons m\u00e9tallographiques.<\/p>\n<p>Recommand\u00e9e pour tous les mat\u00e9riaux &#8211; sauf ceux sensibles \u00e0 l&#8217;eau.<\/p>\n<p>Aka-Poly est une suspension diamant\u00e9e \u00e9conomique qui permet une pr\u00e9paration tr\u00e8s rapide des \u00e9chantillons et la possibilit\u00e9 d&#8217;un ajustement pr\u00e9cis du rapport suspension diamant\u00e9e\/lubrifiant.<\/p>\n<p>Concentration en diamant de 20 ct\/l<br \/>\n100% de diamants polycristallins<br \/>\nM\u00e9diane (50%) 1 \u00b5m<br \/>\nTol\u00e9rance 0,95 &#8211; 1,05 \u00b5m<br \/>\nLimite sup\u00e9rieure (99 %) 1,7 \u00b5m<\/p>\n<p>Ne pas exposer \u00e0 la lumi\u00e8re directe du soleil.<\/p>\n","protected":false},"featured_media":11471,"template":"","meta":[],"product_cat":[344,320,340,312],"product_tag":[],"class_list":["post-9946","product","type-product","status-publish","has-post-thumbnail","hentry","product_cat-polissage-metallographique","product_cat-produits-diamantes","product_cat-suspensions-diamantees","product_cat-aka-poly-aka-mono"],"yoast_head":"<!-- This site is optimized with the Yoast SEO plugin v21.7 - https:\/\/yoast.com\/wordpress\/plugins\/seo\/ -->\n<title>Aka-Poly 1 \u00b5m | Suspension de diamant polycristallin | Akasel<\/title>\n<meta name=\"description\" content=\"Le tissu en laine tiss\u00e9e Aka-Moran pour polir les m\u00e9taux ferreux\/non ferreux. Id\u00e9al pour les diamants de 6-3 \u00b5m et les grands \u00e9chantillons.\" \/>\n<meta name=\"robots\" content=\"index, follow, max-snippet:-1, max-image-preview:large, max-video-preview:-1\" \/>\n<link rel=\"canonical\" href=\"https:\/\/akasel.com\/fr\/shop\/polissage-metallographique\/produits-diamantes\/aka-poly-1-\u00b5m\/\" \/>\n<meta property=\"og:locale\" content=\"fr_FR\" \/>\n<meta property=\"og:type\" content=\"article\" \/>\n<meta property=\"og:title\" content=\"Aka-Poly 1 \u00b5m | Suspension de diamant polycristallin | Akasel\" \/>\n<meta property=\"og:description\" content=\"Le tissu en laine tiss\u00e9e Aka-Moran pour polir les m\u00e9taux ferreux\/non ferreux. Id\u00e9al pour les diamants de 6-3 \u00b5m et les grands \u00e9chantillons.\" \/>\n<meta property=\"og:url\" content=\"https:\/\/akasel.com\/fr\/shop\/polissage-metallographique\/produits-diamantes\/aka-poly-1-\u00b5m\/\" \/>\n<meta property=\"og:site_name\" content=\"AKASEL A\/S\" \/>\n<meta property=\"article:modified_time\" content=\"2026-01-13T06:24:49+00:00\" \/>\n<meta property=\"og:image\" content=\"https:\/\/akasel.com\/fr\/wp-content\/uploads\/sites\/8\/2020\/10\/44124013.png\" \/>\n\t<meta property=\"og:image:width\" content=\"1246\" \/>\n\t<meta property=\"og:image:height\" content=\"2558\" \/>\n\t<meta property=\"og:image:type\" content=\"image\/png\" \/>\n<meta name=\"twitter:card\" content=\"summary_large_image\" \/>\n<meta name=\"twitter:label1\" content=\"Dur\u00e9e de lecture estim\u00e9e\" \/>\n\t<meta name=\"twitter:data1\" content=\"1 minute\" \/>\n<!-- \/ Yoast SEO plugin. -->","yoast_head_json":{"title":"Aka-Poly 1 \u00b5m | Suspension de diamant polycristallin | Akasel","description":"Le tissu en laine tiss\u00e9e Aka-Moran pour polir les m\u00e9taux ferreux\/non ferreux. Id\u00e9al pour les diamants de 6-3 \u00b5m et les grands \u00e9chantillons.","robots":{"index":"index","follow":"follow","max-snippet":"max-snippet:-1","max-image-preview":"max-image-preview:large","max-video-preview":"max-video-preview:-1"},"canonical":"https:\/\/akasel.com\/fr\/shop\/polissage-metallographique\/produits-diamantes\/aka-poly-1-\u00b5m\/","og_locale":"fr_FR","og_type":"article","og_title":"Aka-Poly 1 \u00b5m | Suspension de diamant polycristallin | Akasel","og_description":"Le tissu en laine tiss\u00e9e Aka-Moran pour polir les m\u00e9taux ferreux\/non ferreux. Id\u00e9al pour les diamants de 6-3 \u00b5m et les grands \u00e9chantillons.","og_url":"https:\/\/akasel.com\/fr\/shop\/polissage-metallographique\/produits-diamantes\/aka-poly-1-\u00b5m\/","og_site_name":"AKASEL A\/S","article_modified_time":"2026-01-13T06:24:49+00:00","og_image":[{"width":1246,"height":2558,"url":"https:\/\/akasel.com\/fr\/wp-content\/uploads\/sites\/8\/2020\/10\/44124013.png","type":"image\/png"}],"twitter_card":"summary_large_image","twitter_misc":{"Dur\u00e9e de lecture estim\u00e9e":"1 minute"},"schema":{"@context":"https:\/\/schema.org","@graph":[{"@type":"WebPage","@id":"https:\/\/akasel.com\/fr\/shop\/polissage-metallographique\/produits-diamantes\/aka-poly-1-%c2%b5m\/","url":"https:\/\/akasel.com\/fr\/shop\/polissage-metallographique\/produits-diamantes\/aka-poly-1-%c2%b5m\/","name":"Aka-Poly 1 \u00b5m | Suspension de diamant polycristallin | Akasel","isPartOf":{"@id":"https:\/\/akasel.com\/fr\/#website"},"datePublished":"2020-10-28T12:30:52+00:00","dateModified":"2026-01-13T06:24:49+00:00","description":"Le tissu en laine tiss\u00e9e Aka-Moran pour polir les m\u00e9taux ferreux\/non ferreux. Id\u00e9al pour les diamants de 6-3 \u00b5m et les grands \u00e9chantillons.","breadcrumb":{"@id":"https:\/\/akasel.com\/fr\/shop\/polissage-metallographique\/produits-diamantes\/aka-poly-1-%c2%b5m\/#breadcrumb"},"inLanguage":"fr-FR","potentialAction":[{"@type":"ReadAction","target":["https:\/\/akasel.com\/fr\/shop\/polissage-metallographique\/produits-diamantes\/aka-poly-1-%c2%b5m\/"]}]},{"@type":"BreadcrumbList","@id":"https:\/\/akasel.com\/fr\/shop\/polissage-metallographique\/produits-diamantes\/aka-poly-1-%c2%b5m\/#breadcrumb","itemListElement":[{"@type":"ListItem","position":1,"name":"Home","item":"https:\/\/akasel.com\/fr\/"},{"@type":"ListItem","position":2,"name":"Boutique","item":"https:\/\/akasel.com\/fr\/boutique\/"},{"@type":"ListItem","position":3,"name":"Aka-Poly 1 \u00b5m"}]},{"@type":"WebSite","@id":"https:\/\/akasel.com\/fr\/#website","url":"https:\/\/akasel.com\/fr\/","name":"AKASEL A\/S","description":"","potentialAction":[{"@type":"SearchAction","target":{"@type":"EntryPoint","urlTemplate":"https:\/\/akasel.com\/fr\/?s={search_term_string}"},"query-input":"required name=search_term_string"}],"inLanguage":"fr-FR"}]}},"_links":{"self":[{"href":"https:\/\/akasel.com\/fr\/wp-json\/wp\/v3\/product\/9946"}],"collection":[{"href":"https:\/\/akasel.com\/fr\/wp-json\/wp\/v3\/product"}],"about":[{"href":"https:\/\/akasel.com\/fr\/wp-json\/wp\/v2\/types\/product"}],"wp:featuredmedia":[{"embeddable":true,"href":"https:\/\/akasel.com\/fr\/wp-json\/wp\/v2\/media\/11471"}],"wp:attachment":[{"href":"https:\/\/akasel.com\/fr\/wp-json\/wp\/v2\/media?parent=9946"}],"wp:term":[{"taxonomy":"product_cat","embeddable":true,"href":"https:\/\/akasel.com\/fr\/wp-json\/wp\/v2\/product_cat?post=9946"},{"taxonomy":"product_tag","embeddable":true,"href":"https:\/\/akasel.com\/fr\/wp-json\/wp\/v2\/product_tag?post=9946"}],"curies":[{"name":"wp","href":"https:\/\/api.w.org\/{rel}","templated":true}]}}