{"id":9982,"date":"2020-10-28T19:41:25","date_gmt":"2020-10-28T18:41:25","guid":{"rendered":"https:\/\/akasel.com\/fr\/p\/dressing-stick-220-25-x-25-x-150-mm\/"},"modified":"2026-01-07T06:23:26","modified_gmt":"2026-01-07T05:23:26","slug":"dressing-stick-220-25-x-25-x-150-mm","status":"publish","type":"product","link":"https:\/\/akasel.com\/fr\/shop\/pre-polissage\/disques-abrasifs-diamantes\/dressing-stick-220-25-x-25-x-150-mm\/","title":{"rendered":"Dressing Stick #220 25 x 25 x 150 mm"},"content":{"rendered":"<p>Contenu disponible : 1 pi\u00e8ces.<\/p>\n<p><a href=\"https:\/\/akasel.com\/wp-content\/uploads\/2024\/05\/10020uk.pdf\">B\u00e2ton de pansement PDS (EN)<\/a><\/p>\n<div style=\"position: relative; padding-bottom: 56.25%; height: auto; overflow: hidden; max-width: 100%;\"><video style=\"position: absolute; top: 0; left: 0; width: 100%; height: 100%;\" poster=\"https:\/\/akasel.com\/wp-content\/uploads\/2024\/09\/maintaining-the-planeness-of-magnetic-support-discs.jpg\" preload=\"metadata\" controls=\"controls\" width=\"300\" height=\"150\"><source src=\"https:\/\/akasel.com\/wp-content\/uploads\/2020\/11\/maintaining-the-planeness-of-magnetic-support-discs.mp4\" type=\"video\/mp4\" \/>Votre navigateur ne prend pas en charge la lecture des vid\u00e9os.<\/video><\/div>\n","protected":false},"excerpt":{"rendered":"<p dir=\"ltr\">Recommand\u00e9 pour le pansement des <a href=\"https:\/\/akasel.com\/fr\/category\/broyage\/\">Aka-Piatto et Aka-Piatto+ de<\/a> temps en temps en fonction du mat\u00e9riel pr\u00e9par\u00e9. Il peut \u00e9galement \u00eatre utilis\u00e9 pour le pansement de <a href=\"https:\/\/akasel.com\/fr\/category\/broyage\/\">l&#8217;Aka-Allegran et de l&#8217;Aka-Largan<\/a> si n\u00e9cessaire.<\/p>\n<p dir=\"ltr\">Il peut \u00e9galement \u00eatre utilis\u00e9 pour panser votre disque de support magn\u00e9tique et le rendre \u00e0 nouveau plan.<\/p>\n<p>De grande taille et facile \u00e0 tenir pendant le pansement.<\/p>\n","protected":false},"featured_media":10268,"template":"","meta":[],"product_cat":[334,301,338],"product_tag":[],"class_list":["post-9982","product","type-product","status-publish","has-post-thumbnail","hentry","product_cat-pre-polissage","product_cat-disques-abrasifs-diamantes","product_cat-accessoires"],"yoast_head":"<!-- This site is optimized with the Yoast SEO plugin v21.7 - https:\/\/yoast.com\/wordpress\/plugins\/seo\/ -->\n<title>B\u00e2ton de pansement diamant\u00e9 #220 | 25 x 25 x 150 mm | Akasel<\/title>\n<meta name=\"description\" content=\"Restaurez la performance de coupe de vos disques Aka-Piatto et Aka-Allegran. Ce b\u00e2ton de dressage #220 assure un enl\u00e8vement de mati\u00e8re constant.\" \/>\n<meta name=\"robots\" content=\"index, follow, max-snippet:-1, max-image-preview:large, max-video-preview:-1\" \/>\n<link rel=\"canonical\" href=\"https:\/\/akasel.com\/fr\/shop\/pre-polissage\/disques-abrasifs-diamantes\/dressing-stick-220-25-x-25-x-150-mm\/\" \/>\n<meta property=\"og:locale\" content=\"fr_FR\" \/>\n<meta property=\"og:type\" content=\"article\" \/>\n<meta property=\"og:title\" content=\"B\u00e2ton de pansement diamant\u00e9 #220 | 25 x 25 x 150 mm | Akasel\" \/>\n<meta property=\"og:description\" content=\"Restaurez la performance de coupe de vos disques Aka-Piatto et Aka-Allegran. Ce b\u00e2ton de dressage #220 assure un enl\u00e8vement de mati\u00e8re constant.\" \/>\n<meta property=\"og:url\" content=\"https:\/\/akasel.com\/fr\/shop\/pre-polissage\/disques-abrasifs-diamantes\/dressing-stick-220-25-x-25-x-150-mm\/\" \/>\n<meta property=\"og:site_name\" content=\"AKASEL A\/S\" \/>\n<meta property=\"article:modified_time\" content=\"2026-01-07T05:23:26+00:00\" \/>\n<meta property=\"og:image\" content=\"https:\/\/akasel.com\/fr\/wp-content\/uploads\/sites\/8\/2023\/09\/dressing-sticks-big-small-1920x1280.png\" \/>\n\t<meta property=\"og:image:width\" content=\"1920\" \/>\n\t<meta property=\"og:image:height\" content=\"1280\" \/>\n\t<meta property=\"og:image:type\" content=\"image\/png\" \/>\n<meta name=\"twitter:card\" content=\"summary_large_image\" \/>\n<meta name=\"twitter:label1\" content=\"Dur\u00e9e de lecture estim\u00e9e\" \/>\n\t<meta name=\"twitter:data1\" content=\"1 minute\" \/>\n<!-- \/ Yoast SEO plugin. -->","yoast_head_json":{"title":"B\u00e2ton de pansement diamant\u00e9 #220 | 25 x 25 x 150 mm | Akasel","description":"Restaurez la performance de coupe de vos disques Aka-Piatto et Aka-Allegran. Ce b\u00e2ton de dressage #220 assure un enl\u00e8vement de mati\u00e8re constant.","robots":{"index":"index","follow":"follow","max-snippet":"max-snippet:-1","max-image-preview":"max-image-preview:large","max-video-preview":"max-video-preview:-1"},"canonical":"https:\/\/akasel.com\/fr\/shop\/pre-polissage\/disques-abrasifs-diamantes\/dressing-stick-220-25-x-25-x-150-mm\/","og_locale":"fr_FR","og_type":"article","og_title":"B\u00e2ton de pansement diamant\u00e9 #220 | 25 x 25 x 150 mm | Akasel","og_description":"Restaurez la performance de coupe de vos disques Aka-Piatto et Aka-Allegran. Ce b\u00e2ton de dressage #220 assure un enl\u00e8vement de mati\u00e8re constant.","og_url":"https:\/\/akasel.com\/fr\/shop\/pre-polissage\/disques-abrasifs-diamantes\/dressing-stick-220-25-x-25-x-150-mm\/","og_site_name":"AKASEL A\/S","article_modified_time":"2026-01-07T05:23:26+00:00","og_image":[{"width":1920,"height":1280,"url":"https:\/\/akasel.com\/fr\/wp-content\/uploads\/sites\/8\/2023\/09\/dressing-sticks-big-small-1920x1280.png","type":"image\/png"}],"twitter_card":"summary_large_image","twitter_misc":{"Dur\u00e9e de lecture estim\u00e9e":"1 minute"},"schema":{"@context":"https:\/\/schema.org","@graph":[{"@type":"WebPage","@id":"https:\/\/akasel.com\/fr\/shop\/pre-polissage\/disques-abrasifs-diamantes\/dressing-stick-220-25-x-25-x-150-mm\/","url":"https:\/\/akasel.com\/fr\/shop\/pre-polissage\/disques-abrasifs-diamantes\/dressing-stick-220-25-x-25-x-150-mm\/","name":"B\u00e2ton de pansement diamant\u00e9 #220 | 25 x 25 x 150 mm | Akasel","isPartOf":{"@id":"https:\/\/akasel.com\/fr\/#website"},"datePublished":"2020-10-28T18:41:25+00:00","dateModified":"2026-01-07T05:23:26+00:00","description":"Restaurez la performance de coupe de vos disques Aka-Piatto et Aka-Allegran. Ce b\u00e2ton de dressage #220 assure un enl\u00e8vement de mati\u00e8re constant.","breadcrumb":{"@id":"https:\/\/akasel.com\/fr\/shop\/pre-polissage\/disques-abrasifs-diamantes\/dressing-stick-220-25-x-25-x-150-mm\/#breadcrumb"},"inLanguage":"fr-FR","potentialAction":[{"@type":"ReadAction","target":["https:\/\/akasel.com\/fr\/shop\/pre-polissage\/disques-abrasifs-diamantes\/dressing-stick-220-25-x-25-x-150-mm\/"]}]},{"@type":"BreadcrumbList","@id":"https:\/\/akasel.com\/fr\/shop\/pre-polissage\/disques-abrasifs-diamantes\/dressing-stick-220-25-x-25-x-150-mm\/#breadcrumb","itemListElement":[{"@type":"ListItem","position":1,"name":"Home","item":"https:\/\/akasel.com\/fr\/"},{"@type":"ListItem","position":2,"name":"Boutique","item":"https:\/\/akasel.com\/fr\/boutique\/"},{"@type":"ListItem","position":3,"name":"Dressing Stick #220 25 x 25 x 150 mm"}]},{"@type":"WebSite","@id":"https:\/\/akasel.com\/fr\/#website","url":"https:\/\/akasel.com\/fr\/","name":"AKASEL A\/S","description":"","potentialAction":[{"@type":"SearchAction","target":{"@type":"EntryPoint","urlTemplate":"https:\/\/akasel.com\/fr\/?s={search_term_string}"},"query-input":"required name=search_term_string"}],"inLanguage":"fr-FR"}]}},"_links":{"self":[{"href":"https:\/\/akasel.com\/fr\/wp-json\/wp\/v3\/product\/9982"}],"collection":[{"href":"https:\/\/akasel.com\/fr\/wp-json\/wp\/v3\/product"}],"about":[{"href":"https:\/\/akasel.com\/fr\/wp-json\/wp\/v2\/types\/product"}],"wp:featuredmedia":[{"embeddable":true,"href":"https:\/\/akasel.com\/fr\/wp-json\/wp\/v2\/media\/10268"}],"wp:attachment":[{"href":"https:\/\/akasel.com\/fr\/wp-json\/wp\/v2\/media?parent=9982"}],"wp:term":[{"taxonomy":"product_cat","embeddable":true,"href":"https:\/\/akasel.com\/fr\/wp-json\/wp\/v2\/product_cat?post=9982"},{"taxonomy":"product_tag","embeddable":true,"href":"https:\/\/akasel.com\/fr\/wp-json\/wp\/v2\/product_tag?post=9982"}],"curies":[{"name":"wp","href":"https:\/\/api.w.org\/{rel}","templated":true}]}}