{"id":9984,"date":"2020-10-28T19:57:06","date_gmt":"2020-10-28T18:57:06","guid":{"rendered":"https:\/\/akasel.com\/fr\/p\/aka-rhaco-psa\/"},"modified":"2026-01-13T07:25:16","modified_gmt":"2026-01-13T06:25:16","slug":"aka-rhaco-psa","status":"publish","type":"product","link":"https:\/\/akasel.com\/fr\/shop\/papier-abrasif\/disques-adaptateurs\/aka-rhaco-psa\/","title":{"rendered":"Ak a-Rhaco PSA"},"content":{"rendered":"<p>Taille disponible : 200 mm, 230 mm, 250 mm, 300 mm, 350 mm<\/p>\n<p>Contenu disponible : 2 pi\u00e8ces (32 mm = 50 pi\u00e8ces)<\/p>\n<p><a href=\"https:\/\/akasel.com\/wp-content\/uploads\/2020\/11\/0074-manual-rhaco_ukde_a5_er.pdf\">Brochures sur les produits Aka-Rhaco<\/a><\/p>\n<p><a href=\"https:\/\/akasel.com\/wp-content\/uploads\/2024\/05\/4314uk.pdf\">PDS Aka-Rhaco PSA (EN)<\/a><\/p>\n<div style=\"position: relative; padding-bottom: 56.25%; height: auto; overflow: hidden; max-width: 100%;\"><video style=\"position: absolute; top: 0; left: 0; width: 100%; height: 100%;\" poster=\"https:\/\/akasel.com\/wp-content\/uploads\/2024\/09\/the-application-areas-of-aka-rhaco-and-rhaco-psa.png\" preload=\"metadata\" controls=\"controls\" width=\"300\" height=\"150\"><source src=\"https:\/\/akasel.com\/wp-content\/uploads\/2020\/11\/the-application-areas-of-aka-rhaco.mp4\" type=\"video\/mp4\" \/>Votre navigateur ne prend pas en charge la lecture des vid\u00e9os.<\/video><\/div>\n","protected":false},"excerpt":{"rendered":"<p>Disque adaptateur adh\u00e9sif \u00e0 coller sur un disque en aluminium. L&#8217;Aka-Rhaco PSA est dot\u00e9 d&#8217;une couche de polym\u00e8re souple qui retient le papier abrasif.<br \/>\nIl remplace les papiers abrasifs co\u00fbteux \u00e0 support PSA ou film.<\/p>\n<p>Il peut \u00e9galement \u00eatre utilis\u00e9 avec des draps de polissage autocollants (lorsque le rev\u00eatement n&#8217;est pas retir\u00e9).<\/p>\n<p>Aka-Rhaco PSA est une version auto-adh\u00e9sive de <a href=\"https:\/\/akasel.com\/fr\/shop\/polissage-metallographique\/draps-de-polissage\/aka-rhaco\/\">notre Aka-Rhaco unique<\/a>. Il dure jusqu&#8217;\u00e0 1000 applications.<\/p>\n","protected":false},"featured_media":11390,"template":"","meta":[],"product_cat":[334,335,339],"product_tag":[],"class_list":["post-9984","product","type-product","status-publish","has-post-thumbnail","hentry","product_cat-pre-polissage","product_cat-papier-abrasif","product_cat-disques-adaptateurs"],"yoast_head":"<!-- This site is optimized with the Yoast SEO plugin v21.7 - https:\/\/yoast.com\/wordpress\/plugins\/seo\/ -->\n<title>Aka-Rhaco PSA | Adaptateur adh\u00e9sif pour papier abrasif | AKASEL<\/title>\n<meta name=\"description\" content=\"Utilisez votre disque Aka-Rhaco sur toute machine avec l&#039;adaptateur Aka-Rhaco PSA. Assure une fixation adh\u00e9sive s\u00fbre pour un meulage fiable.\" \/>\n<meta name=\"robots\" content=\"index, follow, max-snippet:-1, max-image-preview:large, max-video-preview:-1\" \/>\n<link rel=\"canonical\" href=\"https:\/\/akasel.com\/fr\/shop\/papier-abrasif\/disques-adaptateurs\/aka-rhaco-psa\/\" \/>\n<meta property=\"og:locale\" content=\"fr_FR\" \/>\n<meta property=\"og:type\" content=\"article\" \/>\n<meta property=\"og:title\" content=\"Aka-Rhaco PSA | Adaptateur adh\u00e9sif pour papier abrasif | AKASEL\" \/>\n<meta property=\"og:description\" content=\"Utilisez votre disque Aka-Rhaco sur toute machine avec l&#039;adaptateur Aka-Rhaco PSA. Assure une fixation adh\u00e9sive s\u00fbre pour un meulage fiable.\" \/>\n<meta property=\"og:url\" content=\"https:\/\/akasel.com\/fr\/shop\/papier-abrasif\/disques-adaptateurs\/aka-rhaco-psa\/\" \/>\n<meta property=\"og:site_name\" content=\"AKASEL A\/S\" \/>\n<meta property=\"article:modified_time\" content=\"2026-01-13T06:25:16+00:00\" \/>\n<meta property=\"og:image\" content=\"https:\/\/akasel.com\/fr\/wp-content\/uploads\/sites\/8\/2020\/10\/aka-rhaco-psa-1.png\" \/>\n\t<meta property=\"og:image:width\" content=\"2294\" \/>\n\t<meta property=\"og:image:height\" content=\"2271\" \/>\n\t<meta property=\"og:image:type\" content=\"image\/png\" \/>\n<meta name=\"twitter:card\" content=\"summary_large_image\" \/>\n<meta name=\"twitter:label1\" content=\"Dur\u00e9e de lecture estim\u00e9e\" \/>\n\t<meta name=\"twitter:data1\" content=\"1 minute\" \/>\n<!-- \/ Yoast SEO plugin. -->","yoast_head_json":{"title":"Aka-Rhaco PSA | Adaptateur adh\u00e9sif pour papier abrasif | AKASEL","description":"Utilisez votre disque Aka-Rhaco sur toute machine avec l'adaptateur Aka-Rhaco PSA. Assure une fixation adh\u00e9sive s\u00fbre pour un meulage fiable.","robots":{"index":"index","follow":"follow","max-snippet":"max-snippet:-1","max-image-preview":"max-image-preview:large","max-video-preview":"max-video-preview:-1"},"canonical":"https:\/\/akasel.com\/fr\/shop\/papier-abrasif\/disques-adaptateurs\/aka-rhaco-psa\/","og_locale":"fr_FR","og_type":"article","og_title":"Aka-Rhaco PSA | Adaptateur adh\u00e9sif pour papier abrasif | AKASEL","og_description":"Utilisez votre disque Aka-Rhaco sur toute machine avec l'adaptateur Aka-Rhaco PSA. Assure une fixation adh\u00e9sive s\u00fbre pour un meulage fiable.","og_url":"https:\/\/akasel.com\/fr\/shop\/papier-abrasif\/disques-adaptateurs\/aka-rhaco-psa\/","og_site_name":"AKASEL A\/S","article_modified_time":"2026-01-13T06:25:16+00:00","og_image":[{"width":2294,"height":2271,"url":"https:\/\/akasel.com\/fr\/wp-content\/uploads\/sites\/8\/2020\/10\/aka-rhaco-psa-1.png","type":"image\/png"}],"twitter_card":"summary_large_image","twitter_misc":{"Dur\u00e9e de lecture estim\u00e9e":"1 minute"},"schema":{"@context":"https:\/\/schema.org","@graph":[{"@type":"WebPage","@id":"https:\/\/akasel.com\/fr\/shop\/papier-abrasif\/disques-adaptateurs\/aka-rhaco-psa\/","url":"https:\/\/akasel.com\/fr\/shop\/papier-abrasif\/disques-adaptateurs\/aka-rhaco-psa\/","name":"Aka-Rhaco PSA | Adaptateur adh\u00e9sif pour papier abrasif | AKASEL","isPartOf":{"@id":"https:\/\/akasel.com\/fr\/#website"},"datePublished":"2020-10-28T18:57:06+00:00","dateModified":"2026-01-13T06:25:16+00:00","description":"Utilisez votre disque Aka-Rhaco sur toute machine avec l'adaptateur Aka-Rhaco PSA. Assure une fixation adh\u00e9sive s\u00fbre pour un meulage fiable.","breadcrumb":{"@id":"https:\/\/akasel.com\/fr\/shop\/papier-abrasif\/disques-adaptateurs\/aka-rhaco-psa\/#breadcrumb"},"inLanguage":"fr-FR","potentialAction":[{"@type":"ReadAction","target":["https:\/\/akasel.com\/fr\/shop\/papier-abrasif\/disques-adaptateurs\/aka-rhaco-psa\/"]}]},{"@type":"BreadcrumbList","@id":"https:\/\/akasel.com\/fr\/shop\/papier-abrasif\/disques-adaptateurs\/aka-rhaco-psa\/#breadcrumb","itemListElement":[{"@type":"ListItem","position":1,"name":"Home","item":"https:\/\/akasel.com\/fr\/"},{"@type":"ListItem","position":2,"name":"Boutique","item":"https:\/\/akasel.com\/fr\/boutique\/"},{"@type":"ListItem","position":3,"name":"Ak a-Rhaco PSA"}]},{"@type":"WebSite","@id":"https:\/\/akasel.com\/fr\/#website","url":"https:\/\/akasel.com\/fr\/","name":"AKASEL A\/S","description":"","potentialAction":[{"@type":"SearchAction","target":{"@type":"EntryPoint","urlTemplate":"https:\/\/akasel.com\/fr\/?s={search_term_string}"},"query-input":"required name=search_term_string"}],"inLanguage":"fr-FR"}]}},"_links":{"self":[{"href":"https:\/\/akasel.com\/fr\/wp-json\/wp\/v3\/product\/9984"}],"collection":[{"href":"https:\/\/akasel.com\/fr\/wp-json\/wp\/v3\/product"}],"about":[{"href":"https:\/\/akasel.com\/fr\/wp-json\/wp\/v2\/types\/product"}],"wp:featuredmedia":[{"embeddable":true,"href":"https:\/\/akasel.com\/fr\/wp-json\/wp\/v2\/media\/11390"}],"wp:attachment":[{"href":"https:\/\/akasel.com\/fr\/wp-json\/wp\/v2\/media?parent=9984"}],"wp:term":[{"taxonomy":"product_cat","embeddable":true,"href":"https:\/\/akasel.com\/fr\/wp-json\/wp\/v2\/product_cat?post=9984"},{"taxonomy":"product_tag","embeddable":true,"href":"https:\/\/akasel.com\/fr\/wp-json\/wp\/v2\/product_tag?post=9984"}],"curies":[{"name":"wp","href":"https:\/\/api.w.org\/{rel}","templated":true}]}}