{"id":9988,"date":"2020-10-28T20:45:15","date_gmt":"2020-10-28T19:45:15","guid":{"rendered":"https:\/\/akasel.com\/fr\/p\/mag-paran-s\/"},"modified":"2026-01-13T07:24:30","modified_gmt":"2026-01-13T06:24:30","slug":"mag-paran-s","status":"publish","type":"product","link":"https:\/\/akasel.com\/fr\/shop\/polissage-metallographique\/tissus-de-polissage\/mag-paran-s\/","title":{"rendered":"Mag-Paran-S"},"content":{"rendered":"<p>Dimensions disponibles : 200 mm, 250 mm, 300 mm, 350 mm<\/p>\n<p>Contenu disponible : 5 pi\u00e8ces<\/p>\n<p><a href=\"https:\/\/akasel.com\/wp-content\/uploads\/2024\/07\/3900uk.pdf\">Drap de polissage magn\u00e9tique PDS (EN)<\/a><\/p>\n<p><a href=\"https:\/\/akasel.com\/wp-content\/uploads\/2020\/11\/98012865-67420001_mag-cloth.pdf\">Guides d&#8217;utilisation du drap de polissage magn\u00e9tique (EN)<\/a><\/p>\n<p><a href=\"https:\/\/akasel.com\/wp-content\/uploads\/2024\/06\/polishing-cloth-product-brochure.pdf\">Brochures sur les draps de polissage (EN)<\/a><\/p>\n<div style=\"position: relative; padding-bottom: 56.25%; height: auto; overflow: hidden; max-width: 100%;\"><video style=\"position: absolute; top: 0; left: 0; width: 100%; height: 100%;\" poster=\"https:\/\/akasel.com\/wp-content\/uploads\/2024\/10\/mag-polishing-cloth-thumbnail.jpg\" preload=\"metadata\" controls=\"controls\" width=\"300\" height=\"150\"><source src=\"https:\/\/akasel.com\/wp-content\/uploads\/2024\/10\/user-guide-mag-polishing-cloth-2024.mp4\" type=\"video\/mp4\" \/>Votre navigateur ne prend pas en charge la lecture des vid\u00e9os.<\/video><\/div>\n","protected":false},"excerpt":{"rendered":"<p><span data-sheets-value=\"{&quot;1&quot;:2,&quot;2&quot;:&quot;Polishing cloth to be used on a magnetic support disc. nnFor fine grinding of soft materials and polishing of hard materials. nnnParan-S is a medium hard non-woven polyester cloth recommended to be used with diamonds from 15 - 1 \u00b5m.nnnVery long lifetime.nnUse medium forces; 5 - 25 N on a 30 mm sample.&quot;}\" data-sheets-userformat=\"{&quot;2&quot;:257,&quot;3&quot;:{&quot;1&quot;:0},&quot;11&quot;:4}\" data-sheets-formula=\"=LOPSLAG(R[0]C[-4];Produkttekster!R2C1:R1001C3;3;FALSK)\">Drap de polissage \u00e0 utiliser sur un disque de support magn\u00e9tique.<\/span><\/p>\n<p>Pour le pr\u00e9-polissage fin des mat\u00e9riaux tendres et le polissage des mat\u00e9riaux durs.<\/p>\n<p><span data-sheets-value=\"{&quot;1&quot;:2,&quot;2&quot;:&quot;Polishing cloth to be used on a magnetic support disc. nnFor fine grinding of soft materials and polishing of hard materials. nnnParan-S is a medium hard non-woven polyester cloth recommended to be used with diamonds from 15 - 1 \u00b5m.nnnVery long lifetime.nnUse medium forces; 5 - 25 N on a 30 mm sample.&quot;}\" data-sheets-userformat=\"{&quot;2&quot;:257,&quot;3&quot;:{&quot;1&quot;:0},&quot;11&quot;:4}\" data-sheets-formula=\"=LOPSLAG(R[0]C[-4];Produkttekster!R2C1:R1001C3;3;FALSK)\">Paran-S est un drap en polyester non tiss\u00e9 de duret\u00e9 moyenne, recommand\u00e9 pour les diamants de 15 \u00e0 1 \u00b5m.<\/span><\/p>\n<p>Tr\u00e8s longue dur\u00e9e de vie.<\/p>\n<p>Utiliser des forces moyennes ; 5 &#8211; 25 N sur un \u00e9chantillon de 30 mm.<\/p>\n<p>Utiliser des forces moyennes \u00e0 \u00e9lev\u00e9es ; 15 &#8211; 35 N sur un \u00e9chantillon de 30 mm.<\/p>\n","protected":false},"featured_media":11393,"template":"","meta":[],"product_cat":[344,303,309],"product_tag":[],"class_list":["post-9988","product","type-product","status-publish","has-post-thumbnail","hentry","product_cat-polissage-metallographique","product_cat-tissus-de-polissage","product_cat-magnetique"],"yoast_head":"<!-- This site is optimized with the Yoast SEO plugin v21.7 - https:\/\/yoast.com\/wordpress\/plugins\/seo\/ -->\n<title>Mag-Paran-S | Draps de polissage magn\u00e9tiques | Akasel A\/S<\/title>\n<meta name=\"description\" content=\"Pour le meulage fin des tendres et le polissage des durs, utilisez Mag-Paran-S. Ce tissu polyester assure un enl\u00e8vement \u00e9lev\u00e9 et une excellente plan\u00e9it\u00e9.\" \/>\n<meta name=\"robots\" content=\"index, follow, max-snippet:-1, max-image-preview:large, max-video-preview:-1\" \/>\n<link rel=\"canonical\" href=\"https:\/\/akasel.com\/fr\/shop\/polissage-metallographique\/tissus-de-polissage\/mag-paran-s\/\" \/>\n<meta property=\"og:locale\" content=\"fr_FR\" \/>\n<meta property=\"og:type\" content=\"article\" \/>\n<meta property=\"og:title\" content=\"Mag-Paran-S | Draps de polissage magn\u00e9tiques | Akasel A\/S\" \/>\n<meta property=\"og:description\" content=\"Pour le meulage fin des tendres et le polissage des durs, utilisez Mag-Paran-S. Ce tissu polyester assure un enl\u00e8vement \u00e9lev\u00e9 et une excellente plan\u00e9it\u00e9.\" \/>\n<meta property=\"og:url\" content=\"https:\/\/akasel.com\/fr\/shop\/polissage-metallographique\/tissus-de-polissage\/mag-paran-s\/\" \/>\n<meta property=\"og:site_name\" content=\"AKASEL A\/S\" \/>\n<meta property=\"article:modified_time\" content=\"2026-01-13T06:24:30+00:00\" \/>\n<meta property=\"og:image\" content=\"https:\/\/akasel.com\/fr\/wp-content\/uploads\/sites\/8\/2020\/10\/mag-paran-s.png\" \/>\n\t<meta property=\"og:image:width\" content=\"2411\" \/>\n\t<meta property=\"og:image:height\" content=\"2438\" \/>\n\t<meta property=\"og:image:type\" content=\"image\/png\" \/>\n<meta name=\"twitter:card\" content=\"summary_large_image\" \/>\n<meta name=\"twitter:label1\" content=\"Dur\u00e9e de lecture estim\u00e9e\" \/>\n\t<meta name=\"twitter:data1\" content=\"1 minute\" \/>\n<!-- \/ Yoast SEO plugin. -->","yoast_head_json":{"title":"Mag-Paran-S | Draps de polissage magn\u00e9tiques | Akasel A\/S","description":"Pour le meulage fin des tendres et le polissage des durs, utilisez Mag-Paran-S. Ce tissu polyester assure un enl\u00e8vement \u00e9lev\u00e9 et une excellente plan\u00e9it\u00e9.","robots":{"index":"index","follow":"follow","max-snippet":"max-snippet:-1","max-image-preview":"max-image-preview:large","max-video-preview":"max-video-preview:-1"},"canonical":"https:\/\/akasel.com\/fr\/shop\/polissage-metallographique\/tissus-de-polissage\/mag-paran-s\/","og_locale":"fr_FR","og_type":"article","og_title":"Mag-Paran-S | Draps de polissage magn\u00e9tiques | Akasel A\/S","og_description":"Pour le meulage fin des tendres et le polissage des durs, utilisez Mag-Paran-S. Ce tissu polyester assure un enl\u00e8vement \u00e9lev\u00e9 et une excellente plan\u00e9it\u00e9.","og_url":"https:\/\/akasel.com\/fr\/shop\/polissage-metallographique\/tissus-de-polissage\/mag-paran-s\/","og_site_name":"AKASEL A\/S","article_modified_time":"2026-01-13T06:24:30+00:00","og_image":[{"width":2411,"height":2438,"url":"https:\/\/akasel.com\/fr\/wp-content\/uploads\/sites\/8\/2020\/10\/mag-paran-s.png","type":"image\/png"}],"twitter_card":"summary_large_image","twitter_misc":{"Dur\u00e9e de lecture estim\u00e9e":"1 minute"},"schema":{"@context":"https:\/\/schema.org","@graph":[{"@type":"WebPage","@id":"https:\/\/akasel.com\/fr\/shop\/polissage-metallographique\/tissus-de-polissage\/mag-paran-s\/","url":"https:\/\/akasel.com\/fr\/shop\/polissage-metallographique\/tissus-de-polissage\/mag-paran-s\/","name":"Mag-Paran-S | Draps de polissage magn\u00e9tiques | Akasel A\/S","isPartOf":{"@id":"https:\/\/akasel.com\/fr\/#website"},"datePublished":"2020-10-28T19:45:15+00:00","dateModified":"2026-01-13T06:24:30+00:00","description":"Pour le meulage fin des tendres et le polissage des durs, utilisez Mag-Paran-S. Ce tissu polyester assure un enl\u00e8vement \u00e9lev\u00e9 et une excellente plan\u00e9it\u00e9.","breadcrumb":{"@id":"https:\/\/akasel.com\/fr\/shop\/polissage-metallographique\/tissus-de-polissage\/mag-paran-s\/#breadcrumb"},"inLanguage":"fr-FR","potentialAction":[{"@type":"ReadAction","target":["https:\/\/akasel.com\/fr\/shop\/polissage-metallographique\/tissus-de-polissage\/mag-paran-s\/"]}]},{"@type":"BreadcrumbList","@id":"https:\/\/akasel.com\/fr\/shop\/polissage-metallographique\/tissus-de-polissage\/mag-paran-s\/#breadcrumb","itemListElement":[{"@type":"ListItem","position":1,"name":"Home","item":"https:\/\/akasel.com\/fr\/"},{"@type":"ListItem","position":2,"name":"Boutique","item":"https:\/\/akasel.com\/fr\/boutique\/"},{"@type":"ListItem","position":3,"name":"Mag-Paran-S"}]},{"@type":"WebSite","@id":"https:\/\/akasel.com\/fr\/#website","url":"https:\/\/akasel.com\/fr\/","name":"AKASEL A\/S","description":"","potentialAction":[{"@type":"SearchAction","target":{"@type":"EntryPoint","urlTemplate":"https:\/\/akasel.com\/fr\/?s={search_term_string}"},"query-input":"required name=search_term_string"}],"inLanguage":"fr-FR"}]}},"_links":{"self":[{"href":"https:\/\/akasel.com\/fr\/wp-json\/wp\/v3\/product\/9988"}],"collection":[{"href":"https:\/\/akasel.com\/fr\/wp-json\/wp\/v3\/product"}],"about":[{"href":"https:\/\/akasel.com\/fr\/wp-json\/wp\/v2\/types\/product"}],"wp:featuredmedia":[{"embeddable":true,"href":"https:\/\/akasel.com\/fr\/wp-json\/wp\/v2\/media\/11393"}],"wp:attachment":[{"href":"https:\/\/akasel.com\/fr\/wp-json\/wp\/v2\/media?parent=9988"}],"wp:term":[{"taxonomy":"product_cat","embeddable":true,"href":"https:\/\/akasel.com\/fr\/wp-json\/wp\/v2\/product_cat?post=9988"},{"taxonomy":"product_tag","embeddable":true,"href":"https:\/\/akasel.com\/fr\/wp-json\/wp\/v2\/product_tag?post=9988"}],"curies":[{"name":"wp","href":"https:\/\/api.w.org\/{rel}","templated":true}]}}