{"id":9994,"date":"2020-10-28T20:59:21","date_gmt":"2020-10-28T19:59:21","guid":{"rendered":"https:\/\/akasel.com\/fr\/p\/aka-cut-fe60-150-mm\/"},"modified":"2026-01-13T07:23:43","modified_gmt":"2026-01-13T06:23:43","slug":"aka-cut-1000-hv-150-mm","status":"publish","type":"product","link":"https:\/\/akasel.com\/fr\/shop\/tronconnage\/disques-a-tronconner-de-precision\/decoupage-de-precision-des-metaux-ferreux\/aka-cut-1000-hv-150-mm\/","title":{"rendered":"Aka-Cut 1000 HV, 150 mm"},"content":{"rendered":"<p>Contenu disponible : 5 pi\u00e8ces.<\/p>\n<p><a href=\"https:\/\/akasel.com\/wp-content\/uploads\/2024\/07\/9000uk.pdf\">PDS Aka-Cut (EN)<\/a><\/p>\n<p><a href=\"https:\/\/akasel.com\/wp-content\/uploads\/2020\/11\/98012863-67110001_aka-cut.pdf\">Guides de l&#8217;utilisateur Aka-Cut (EN)<\/a><\/p>\n","protected":false},"excerpt":{"rendered":"<p>Disque \u00e0 tron\u00e7onner pour le tron\u00e7onnage de pr\u00e9cision des aciers tr\u00e8s durs d&#8217;une duret\u00e9 de 500-1000 HV (60 HRC).<\/p>\n<p>Le disque \u00e0 tron\u00e7onner mesure 150 x 0,5 x 12,7 mm.<\/p>\n","protected":false},"featured_media":11363,"template":"","meta":[],"product_cat":[297,316,314],"product_tag":[],"class_list":["post-9994","product","type-product","status-publish","has-post-thumbnail","hentry","product_cat-tronconnage","product_cat-disques-a-tronconner-de-precision","product_cat-decoupage-de-precision-des-metaux-ferreux"],"yoast_head":"<!-- This site is optimized with the Yoast SEO plugin v21.7 - https:\/\/yoast.com\/wordpress\/plugins\/seo\/ -->\n<title>Aka-Cut 1000 HV | Roue de coupe de pr\u00e9cision de 150mm | Akasel<\/title>\n<meta name=\"description\" content=\"Obtenez une pr\u00e9cision sup\u00e9rieure dans la coupe des m\u00e9taux ferreux avec notre meule 1000 HV, con\u00e7ue pour r\u00e9duire la d\u00e9formation et augmenter la pr\u00e9cision.\" \/>\n<meta name=\"robots\" content=\"index, follow, max-snippet:-1, max-image-preview:large, max-video-preview:-1\" \/>\n<link rel=\"canonical\" href=\"https:\/\/akasel.com\/fr\/shop\/tronconnage\/disques-a-tronconner-de-precision\/decoupage-de-precision-des-metaux-ferreux\/aka-cut-1000-hv-150-mm\/\" \/>\n<meta property=\"og:locale\" content=\"fr_FR\" \/>\n<meta property=\"og:type\" content=\"article\" \/>\n<meta property=\"og:title\" content=\"Aka-Cut 1000 HV | Roue de coupe de pr\u00e9cision de 150mm | Akasel\" \/>\n<meta property=\"og:description\" content=\"Obtenez une pr\u00e9cision sup\u00e9rieure dans la coupe des m\u00e9taux ferreux avec notre meule 1000 HV, con\u00e7ue pour r\u00e9duire la d\u00e9formation et augmenter la pr\u00e9cision.\" \/>\n<meta property=\"og:url\" content=\"https:\/\/akasel.com\/fr\/shop\/tronconnage\/disques-a-tronconner-de-precision\/decoupage-de-precision-des-metaux-ferreux\/aka-cut-1000-hv-150-mm\/\" \/>\n<meta property=\"og:site_name\" content=\"AKASEL A\/S\" \/>\n<meta property=\"article:modified_time\" content=\"2026-01-13T06:23:43+00:00\" \/>\n<meta property=\"og:image\" content=\"https:\/\/akasel.com\/fr\/wp-content\/uploads\/sites\/8\/2020\/10\/aka-cut-1000-hv-150-mm-768x768.png\" \/>\n\t<meta property=\"og:image:width\" content=\"768\" \/>\n\t<meta property=\"og:image:height\" content=\"768\" \/>\n\t<meta property=\"og:image:type\" content=\"image\/png\" \/>\n<meta name=\"twitter:card\" content=\"summary_large_image\" \/>\n<meta name=\"twitter:label1\" content=\"Dur\u00e9e de lecture estim\u00e9e\" \/>\n\t<meta name=\"twitter:data1\" content=\"1 minute\" \/>\n<!-- \/ Yoast SEO plugin. -->","yoast_head_json":{"title":"Aka-Cut 1000 HV | Roue de coupe de pr\u00e9cision de 150mm | Akasel","description":"Obtenez une pr\u00e9cision sup\u00e9rieure dans la coupe des m\u00e9taux ferreux avec notre meule 1000 HV, con\u00e7ue pour r\u00e9duire la d\u00e9formation et augmenter la pr\u00e9cision.","robots":{"index":"index","follow":"follow","max-snippet":"max-snippet:-1","max-image-preview":"max-image-preview:large","max-video-preview":"max-video-preview:-1"},"canonical":"https:\/\/akasel.com\/fr\/shop\/tronconnage\/disques-a-tronconner-de-precision\/decoupage-de-precision-des-metaux-ferreux\/aka-cut-1000-hv-150-mm\/","og_locale":"fr_FR","og_type":"article","og_title":"Aka-Cut 1000 HV | Roue de coupe de pr\u00e9cision de 150mm | Akasel","og_description":"Obtenez une pr\u00e9cision sup\u00e9rieure dans la coupe des m\u00e9taux ferreux avec notre meule 1000 HV, con\u00e7ue pour r\u00e9duire la d\u00e9formation et augmenter la pr\u00e9cision.","og_url":"https:\/\/akasel.com\/fr\/shop\/tronconnage\/disques-a-tronconner-de-precision\/decoupage-de-precision-des-metaux-ferreux\/aka-cut-1000-hv-150-mm\/","og_site_name":"AKASEL A\/S","article_modified_time":"2026-01-13T06:23:43+00:00","og_image":[{"width":768,"height":768,"url":"https:\/\/akasel.com\/fr\/wp-content\/uploads\/sites\/8\/2020\/10\/aka-cut-1000-hv-150-mm-768x768.png","type":"image\/png"}],"twitter_card":"summary_large_image","twitter_misc":{"Dur\u00e9e de lecture estim\u00e9e":"1 minute"},"schema":{"@context":"https:\/\/schema.org","@graph":[{"@type":"WebPage","@id":"https:\/\/akasel.com\/fr\/shop\/tronconnage\/disques-a-tronconner-de-precision\/decoupage-de-precision-des-metaux-ferreux\/aka-cut-1000-hv-150-mm\/","url":"https:\/\/akasel.com\/fr\/shop\/tronconnage\/disques-a-tronconner-de-precision\/decoupage-de-precision-des-metaux-ferreux\/aka-cut-1000-hv-150-mm\/","name":"Aka-Cut 1000 HV | Roue de coupe de pr\u00e9cision de 150mm | Akasel","isPartOf":{"@id":"https:\/\/akasel.com\/fr\/#website"},"datePublished":"2020-10-28T19:59:21+00:00","dateModified":"2026-01-13T06:23:43+00:00","description":"Obtenez une pr\u00e9cision sup\u00e9rieure dans la coupe des m\u00e9taux ferreux avec notre meule 1000 HV, con\u00e7ue pour r\u00e9duire la d\u00e9formation et augmenter la pr\u00e9cision.","breadcrumb":{"@id":"https:\/\/akasel.com\/fr\/shop\/tronconnage\/disques-a-tronconner-de-precision\/decoupage-de-precision-des-metaux-ferreux\/aka-cut-1000-hv-150-mm\/#breadcrumb"},"inLanguage":"fr-FR","potentialAction":[{"@type":"ReadAction","target":["https:\/\/akasel.com\/fr\/shop\/tronconnage\/disques-a-tronconner-de-precision\/decoupage-de-precision-des-metaux-ferreux\/aka-cut-1000-hv-150-mm\/"]}]},{"@type":"BreadcrumbList","@id":"https:\/\/akasel.com\/fr\/shop\/tronconnage\/disques-a-tronconner-de-precision\/decoupage-de-precision-des-metaux-ferreux\/aka-cut-1000-hv-150-mm\/#breadcrumb","itemListElement":[{"@type":"ListItem","position":1,"name":"Home","item":"https:\/\/akasel.com\/fr\/"},{"@type":"ListItem","position":2,"name":"Boutique","item":"https:\/\/akasel.com\/fr\/boutique\/"},{"@type":"ListItem","position":3,"name":"Aka-Cut 1000 HV, 150 mm"}]},{"@type":"WebSite","@id":"https:\/\/akasel.com\/fr\/#website","url":"https:\/\/akasel.com\/fr\/","name":"AKASEL A\/S","description":"","potentialAction":[{"@type":"SearchAction","target":{"@type":"EntryPoint","urlTemplate":"https:\/\/akasel.com\/fr\/?s={search_term_string}"},"query-input":"required name=search_term_string"}],"inLanguage":"fr-FR"}]}},"_links":{"self":[{"href":"https:\/\/akasel.com\/fr\/wp-json\/wp\/v3\/product\/9994"}],"collection":[{"href":"https:\/\/akasel.com\/fr\/wp-json\/wp\/v3\/product"}],"about":[{"href":"https:\/\/akasel.com\/fr\/wp-json\/wp\/v2\/types\/product"}],"wp:featuredmedia":[{"embeddable":true,"href":"https:\/\/akasel.com\/fr\/wp-json\/wp\/v2\/media\/11363"}],"wp:attachment":[{"href":"https:\/\/akasel.com\/fr\/wp-json\/wp\/v2\/media?parent=9994"}],"wp:term":[{"taxonomy":"product_cat","embeddable":true,"href":"https:\/\/akasel.com\/fr\/wp-json\/wp\/v2\/product_cat?post=9994"},{"taxonomy":"product_tag","embeddable":true,"href":"https:\/\/akasel.com\/fr\/wp-json\/wp\/v2\/product_tag?post=9994"}],"curies":[{"name":"wp","href":"https:\/\/api.w.org\/{rel}","templated":true}]}}