{"id":8302,"date":"2020-11-16T20:41:14","date_gmt":"2020-11-16T19:41:14","guid":{"rendered":"https:\/\/akasel.com\/dealers\/europe\/"},"modified":"2026-01-20T15:22:43","modified_gmt":"2026-01-20T14:22:43","slug":"europa","status":"publish","type":"page","link":"https:\/\/akasel.com\/nl\/distributeurs\/europa\/","title":{"rendered":"Europa"},"content":{"rendered":"<h2>Oostenrijk<\/h2>\n<h4>Grimas GmbH<\/h4>\n<p>Hauptstra\u00dfe 17, 3012 Wolfsgraben<br \/>\n<a href=\"http:\/\/www.grimas.at\" target=\"_blank\" rel=\"noreferrer noopener\">http:\/\/www.grimas.at<\/a><br \/>\nE-mail: <a href=\"mailto:office@grimas.at\" target=\"_blank\" rel=\"noreferrer noopener\">office@grimas.at<\/a><br \/>\nTelefoon: +43 2233 7861-0<\/p>\n<h2>Bulgarije<\/h2>\n<h4>Grimas Balkan Control Ltd.<\/h4>\n<p>Zhk. Malinova dolina 25, 1797 Sofia<br \/>\n<a href=\"http:\/\/www.grimas.bg\/\" target=\"_blank\" rel=\"noreferrer noopener\">www.grimas.bg<\/a><\/p>\n<h2>Tsjechische Republiek<\/h2>\n<h4>Metrotest s.r.o.<\/h4>\n<p>T.G. Masaryka 2104, CZ-272 01, Kladno<br \/>\n<a href=\"https:\/\/www.metrotest.cz\/kontakt\/\" target=\"_blank\" rel=\"noreferrer noopener\" data-type=\"URL\" data-id=\"https:\/\/www.metrotest.cz\/kontakt\/\">http:\/\/www.metrotest.cz<\/a><\/p>\n<h2>Denemarken<\/h2>\n<h4>Akasel A\/S<\/h4>\n<p>Svogerslev Hovedgade 48, 4000 Roskilde<br \/>\n<a href=\"https:\/\/akasel.com\/nl\/\">https:\/\/akasel.com\/nl\/<\/a><br \/>\nE-mail: <a href=\"mailto:sales@akasel.com\">sales@akasel.com<\/a><\/p>\n<h2>Finland<\/h2>\n<h4>Finfocus Instrumenten Oy<\/h4>\n<p>Hiomotie 32, 00380 Helsinki<br \/>\n<a href=\"http:\/\/www.finfocus.fi\/\" target=\"_blank\" rel=\"noreferrer noopener\" data-type=\"URL\" data-id=\"http:\/\/www.finfocus.fi\/\">http:\/\/www.finfocus.fi\/<\/a><br \/>\nE-mail: <a href=\"mailto:info@finfocus.fi\" target=\"_blank\" rel=\"noopener\">info@finfocus.fi<\/a><br \/>\nTelefoon: +358 (0)10 328 9980<\/p>\n<h2>Frankrijk<\/h2>\n<h4>Metallab<\/h4>\n<p>140 Chemin du Creux<br \/>\n69210 Saint-Germain-Nuelles<\/p>\n<p>Telefoon: <a href=\"tel:+33779497964\">+33 7 79 49 79 64<\/a><br \/>\nEmail: <a href=\"mailto:loic.cazenave@metallab.fr\">loic.cazenave@metallab.fr<\/a><\/p>\n<h2>Duitsland<\/h2>\n<h4>Akasel A\/S<\/h4>\n<h4>Dirk Hennemann<\/h4>\n<p><a href=\"https:\/\/akasel.com\/nl\/\/de\/\" target=\"_blank\" rel=\"noreferrer noopener\">https:\/\/akasel.com\/nl\/\/de\/<\/a><br \/>\nE-mail: <a href=\"mailto:dhe@akasel.com\" target=\"_blank\" rel=\"noreferrer noopener\" data-type=\"mailto\" data-id=\"mailto:dhe@akasel.com\">dhe@akasel.com<\/a><br \/>\nTelefoon: +49 176 84239499<\/p>\n<h2>Griekenland<\/h2>\n<h4>Toegepaste laboratorium- en technische oplossingen<\/h4>\n<p>Agion Anargiron str. 10, Marusi Athene Griekenland 151 24.<br \/>\n<a href=\"https:\/\/www.apples.com.gr\/\" target=\"_blank\" rel=\"noreferrer noopener\">https:\/\/www.apples.com.gr<\/a><br \/>\nE-mail: <a href=\"mailto:info@apples.com.gr\" target=\"_blank\" rel=\"noreferrer noopener\">info@apples.com.gr<\/a><br \/>\nTelefoon: +30 210 7243529\/+30 6979642395<\/p>\n<h2>Hongarije<\/h2>\n<h4>Atestor Anyagvizsg\u00e1lat-M\u00e9r\u00e9stechnika Kft<\/h4>\n<p>Reitter Ferenc utca 132\/c, 1131 Boedapest<br \/>\n<a href=\"http:\/\/www.atestor.hu\" target=\"_blank\" rel=\"noreferrer noopener\" data-type=\"URL\" data-id=\"www.atestor.hu\">www.atestor.hu<\/a><br \/>\nE-mail: <a href=\"mailto:info@atestor.hu\" target=\"_blank\" rel=\"noreferrer noopener\">info@atestor.hu<\/a><br \/>\nTelefoon: +36 13191319<\/p>\n<h2>Ierland<\/h2>\n<h4>Labquip<\/h4>\n<p>12 Het Bedrijvencentrum, Fonthill Industrial Park, Clondalkin, Dublin 22<br \/>\n<a href=\"https:\/\/labquip.ie\/contact-us\/\" target=\"_blank\" rel=\"noreferrer noopener\" data-type=\"URL\" data-id=\"https:\/\/labquip.ie\/contact-us\/\">http:\/\/www.labquip.ie<\/a><br \/>\nE-mail: <a href=\"mailto:labquip@labquip.ie\">labquip@labquip.ie<\/a><br \/>\nTelefoon: +353 (0) 1 6434586<\/p>\n<h2>Isra\u00ebl<\/h2>\n<p>Voor informatie over distributeurs in Isra\u00ebl kunt u contact met ons opnemen via <a href=\"mailto:sales@akasel.com\">sales@akasel.com<\/a><\/p>\n<h2>Itali\u00eb<\/h2>\n<h4>Remet s.a.s.<\/h4>\n<p>Via Scarlatti 2, 40033 Casalecchio di Reno<br \/>\n<a href=\"https:\/\/www.remet.it\/contatti\/\" target=\"_blank\" rel=\"noreferrer noopener\" data-type=\"URL\" data-id=\"https:\/\/www.remet.it\/contatti\/\">http:\/\/www.remet.it<\/a><\/p>\n<h2>Noorwegen<\/h2>\n<p>Voor informatie over distributeurs in Noorwegen kunt u contact met ons opnemen via <a href=\"mailto:sales@akasel.com\">sales@akasel.com<\/a><\/p>\n<h2>Polen<\/h2>\n<p>Voor informatie over distributeurs in Polen kunt u contact met ons opnemen via <a href=\"mailto:sales@akasel.com\">sales@akasel.com<\/a><\/p>\n<h2>Portugal<\/h2>\n<p>Neem voor informatie over distributeurs in Portugal contact met ons op via <a href=\"mailto:sales@akasel.com\">sales@akasel.com<\/a><\/p>\n<h2>Roemeni\u00eb<\/h2>\n<h4>Grimas Control S.R.L.<\/h4>\n<p>Str. Ciucului 55, Sf\u00e2ntu Gheorghe, 520036<br \/>\n<a href=\"https:\/\/www.grimascontrol.ro\/contact.html\" target=\"_blank\" rel=\"noreferrer noopener\" data-type=\"URL\" data-id=\"https:\/\/www.grimascontrol.ro\/contact.html\">www.grimascontrol.ro<\/a><\/p>\n<h2>Slowakije<\/h2>\n<h4>Metrotest s.r.o.<\/h4>\n<p>T.G. Masaryka 2104, CZ-272 01, Kladno<br \/>\n<a href=\"https:\/\/www.metrotest.cz\/kontakt\/\" target=\"_blank\" rel=\"noreferrer noopener\" data-type=\"URL\" data-id=\"https:\/\/www.metrotest.cz\/kontakt\/\">http:\/\/www.metrotest.cz<\/a><\/p>\n<h2>Sloveni\u00eb<\/h2>\n<h4>Decca d.o.o.<\/h4>\n<p>Brn\u010di\u010deva ulica 11, 1231 Ljubljana &#8211; \u010crnu\u010de<br \/>\n<a href=\"http:\/\/www.decca.si\" target=\"_blank\" rel=\"noreferrer noopener\">http:\/\/www.decca.si<\/a><br \/>\nE-mail: <a href=\"mailto:info@decca.si\" target=\"_blank\" rel=\"noreferrer noopener\">info@decca.si<\/a><br \/>\nTelefoon: +386 1 517 13 97<\/p>\n<h2>Spanje<\/h2>\n<p>Voor informatie over distributeurs in Spanje kunt u contact met ons opnemen via <a href=\"mailto:sales@akasel.com\">sales@akasel.com<\/a><\/p>\n<h2>Zweden<\/h2>\n<h4>iQS<br \/>\nInnovatieve kwaliteitsoplossingen<br \/>\nZweden AB<\/h4>\n<p>E-mail: <a href=\"mailto:info@iqsab.se\" target=\"_blank\" rel=\"noreferrer noopener\">info@iqsab.se<\/a><br \/>\nTelefoon: +46 73 334 60 81<\/p>\n<h2>Turkije<\/h2>\n<h4>Mikrotest End\u00fcstri Cihazlar\u0131 Pazarlama Sanayi ve Ticaret Ltd. \u015eti<\/h4>\n<p>Yal\u0131 Mah.Mare\u015fal Fevzi \u00c7akmak Cad.No:50\/25, 34844 Maltepe-\u0130stanbul<br \/>\n<a href=\"https:\/\/www.mikrotest.com.tr\/tr\/iletisim\" target=\"_blank\" rel=\"noreferrer noopener\" data-type=\"URL\" data-id=\"https:\/\/www.mikrotest.com.tr\/tr\/iletisim\">http:\/\/www.mikrotest.com.tr<\/a><br \/>\nE-mail: <a href=\"mailto:info@mikrotest.com.tr\">info@mikrotest.com.tr<\/a><br \/>\nTelefoon: +90 216 577 6909<\/p>\n<h2>UK<\/h2>\n<h4>Aptex<\/h4>\n<p>Patrick Farm Barns, Meriden Road, Hampton-in-Arden, Solihull, West Midlands, B92 0LT<br \/>\n<a href=\"https:\/\/www.aptex.co.uk\/contact-aptex.html\" target=\"_blank\" rel=\"noreferrer noopener\" data-type=\"URL\" data-id=\"https:\/\/www.aptex.co.uk\/contact-aptex.html\">https:\/\/www.aptex.co.uk<\/a><\/p>\n<h2>Oekra\u00efne<\/h2>\n<h4>LLC &#8220;Chemlaborreaktiv<\/h4>\n<p>8 Schelkovskaya str., Brovary, 07400, Kiev region, Ukraine<br \/>\n<a href=\"https:\/\/www.hlr.ua\/kontakty\" target=\"_blank\" rel=\"noreferrer noopener\" data-type=\"URL\" data-id=\"https:\/\/www.hlr.ua\/kontakty\">http:\/\/www.hlr.ua<\/a><\/p>\n","protected":false},"excerpt":{"rendered":"<p>Oostenrijk Grimas GmbH Hauptstra\u00dfe 17, 3012 Wolfsgraben http:\/\/www.grimas.at E-mail: office@grimas.at Telefoon: +43 2233 7861-0 Bulgarije Grimas Balkan Control Ltd. Zhk&#8230;.<\/p>\n","protected":false},"author":1,"featured_media":0,"parent":8116,"menu_order":0,"comment_status":"closed","ping_status":"open","template":"","meta":{"footnotes":""},"class_list":["post-8302","page","type-page","status-publish","hentry"],"acf":[],"yoast_head":"<!-- This site is optimized with the Yoast SEO plugin v21.7 - https:\/\/yoast.com\/wordpress\/plugins\/seo\/ -->\n<title>Vind een Lokale Akasel Distributeur in Europa | Offici\u00eble Partners<\/title>\n<meta name=\"description\" content=\"Ontdek Akasel distributeurs in Europa. Vind contactgegevens van vertegenwoordigers voor ondersteuning en productinformatie over metallografie.\" \/>\n<meta name=\"robots\" content=\"index, follow, max-snippet:-1, max-image-preview:large, max-video-preview:-1\" \/>\n<link rel=\"canonical\" href=\"https:\/\/akasel.com\/nl\/distributeurs\/europa\/\" \/>\n<meta property=\"og:locale\" content=\"nl_NL\" \/>\n<meta property=\"og:type\" content=\"article\" \/>\n<meta property=\"og:title\" content=\"Vind een Lokale Akasel Distributeur in Europa | Offici\u00eble Partners\" \/>\n<meta property=\"og:description\" content=\"Ontdek Akasel distributeurs in Europa. Vind contactgegevens van vertegenwoordigers voor ondersteuning en productinformatie over metallografie.\" \/>\n<meta property=\"og:url\" content=\"https:\/\/akasel.com\/nl\/distributeurs\/europa\/\" \/>\n<meta property=\"og:site_name\" content=\"AKASEL A\/S\" \/>\n<meta property=\"article:modified_time\" content=\"2026-01-20T14:22:43+00:00\" \/>\n<meta name=\"twitter:card\" content=\"summary_large_image\" \/>\n<meta name=\"twitter:label1\" content=\"Geschatte leestijd\" \/>\n\t<meta name=\"twitter:data1\" content=\"2 minuten\" \/>\n<!-- \/ Yoast SEO plugin. -->","yoast_head_json":{"title":"Vind een Lokale Akasel Distributeur in Europa | Offici\u00eble Partners","description":"Ontdek Akasel distributeurs in Europa. Vind contactgegevens van vertegenwoordigers voor ondersteuning en productinformatie over metallografie.","robots":{"index":"index","follow":"follow","max-snippet":"max-snippet:-1","max-image-preview":"max-image-preview:large","max-video-preview":"max-video-preview:-1"},"canonical":"https:\/\/akasel.com\/nl\/distributeurs\/europa\/","og_locale":"nl_NL","og_type":"article","og_title":"Vind een Lokale Akasel Distributeur in Europa | Offici\u00eble Partners","og_description":"Ontdek Akasel distributeurs in Europa. Vind contactgegevens van vertegenwoordigers voor ondersteuning en productinformatie over metallografie.","og_url":"https:\/\/akasel.com\/nl\/distributeurs\/europa\/","og_site_name":"AKASEL A\/S","article_modified_time":"2026-01-20T14:22:43+00:00","twitter_card":"summary_large_image","twitter_misc":{"Geschatte leestijd":"2 minuten"},"schema":{"@context":"https:\/\/schema.org","@graph":[{"@type":"WebPage","@id":"https:\/\/akasel.com\/nl\/distributeurs\/europa\/","url":"https:\/\/akasel.com\/nl\/distributeurs\/europa\/","name":"Vind een Lokale Akasel Distributeur in Europa | Offici\u00eble Partners","isPartOf":{"@id":"https:\/\/akasel.com\/nl\/#website"},"datePublished":"2020-11-16T19:41:14+00:00","dateModified":"2026-01-20T14:22:43+00:00","description":"Ontdek Akasel distributeurs in Europa. Vind contactgegevens van vertegenwoordigers voor ondersteuning en productinformatie over metallografie.","breadcrumb":{"@id":"https:\/\/akasel.com\/nl\/distributeurs\/europa\/#breadcrumb"},"inLanguage":"nl-NL","potentialAction":[{"@type":"ReadAction","target":["https:\/\/akasel.com\/nl\/distributeurs\/europa\/"]}]},{"@type":"BreadcrumbList","@id":"https:\/\/akasel.com\/nl\/distributeurs\/europa\/#breadcrumb","itemListElement":[{"@type":"ListItem","position":1,"name":"Home","item":"https:\/\/akasel.com\/nl\/"},{"@type":"ListItem","position":2,"name":"Distributeurs","item":"https:\/\/akasel.com\/nl\/distributeurs\/"},{"@type":"ListItem","position":3,"name":"Europa"}]},{"@type":"WebSite","@id":"https:\/\/akasel.com\/nl\/#website","url":"https:\/\/akasel.com\/nl\/","name":"AKASEL A\/S","description":"","potentialAction":[{"@type":"SearchAction","target":{"@type":"EntryPoint","urlTemplate":"https:\/\/akasel.com\/nl\/?s={search_term_string}"},"query-input":"required name=search_term_string"}],"inLanguage":"nl-NL"}]}},"_links":{"self":[{"href":"https:\/\/akasel.com\/nl\/wp-json\/wp\/v2\/pages\/8302"}],"collection":[{"href":"https:\/\/akasel.com\/nl\/wp-json\/wp\/v2\/pages"}],"about":[{"href":"https:\/\/akasel.com\/nl\/wp-json\/wp\/v2\/types\/page"}],"author":[{"embeddable":true,"href":"https:\/\/akasel.com\/nl\/wp-json\/wp\/v2\/users\/1"}],"replies":[{"embeddable":true,"href":"https:\/\/akasel.com\/nl\/wp-json\/wp\/v2\/comments?post=8302"}],"version-history":[{"count":15,"href":"https:\/\/akasel.com\/nl\/wp-json\/wp\/v2\/pages\/8302\/revisions"}],"predecessor-version":[{"id":19276,"href":"https:\/\/akasel.com\/nl\/wp-json\/wp\/v2\/pages\/8302\/revisions\/19276"}],"up":[{"embeddable":true,"href":"https:\/\/akasel.com\/nl\/wp-json\/wp\/v2\/pages\/8116"}],"wp:attachment":[{"href":"https:\/\/akasel.com\/nl\/wp-json\/wp\/v2\/media?parent=8302"}],"curies":[{"name":"wp","href":"https:\/\/api.w.org\/{rel}","templated":true}]}}