{"id":8449,"date":"2022-09-12T10:33:53","date_gmt":"2022-09-12T08:33:53","guid":{"rendered":"https:\/\/akasel.com\/cookie-policy\/"},"modified":"2025-09-26T07:55:45","modified_gmt":"2025-09-26T05:55:45","slug":"cookiebeleid","status":"publish","type":"page","link":"https:\/\/akasel.com\/nl\/cookiebeleid\/","title":{"rendered":"Cookiebeleid"},"content":{"rendered":"<p><strong>Gebruik van cookies<\/strong><\/p>\n<p>Deze pagina beschrijft het cookiebeleid van AKASEL A\/S voor het gebruik van cookies door akasel.com\/nl te bezoeken. Door de website AKASEL A\/S te bezoeken accepteert u het volgende cookiebeleid.<\/p>\n<p><a href=\"https:\/\/akasel.com\/nl\/privacy-policy\/\">Lees meer over ons privacybeleid<\/a><\/p>\n<h2>Wat is een cookie?<\/h2>\n<p>Een cookie is een klein tekstbestand dat wordt opgeslagen in de webbrowser van uw computer, smartphone, tablet of een ander apparaat waarmee u webpagina&#8217;s bezoekt. Cookies maken het mogelijk om uw computer enzovoort te identificeren en informatie op te slaan over uw gedrag op internet, inclusief welke pagina&#8217;s en functies u met uw browser bezoekt, en zorgen ervoor dat de website technisch functioneert. In sommige gevallen zijn cookies noodzakelijk om een website te laten functioneren zoals bedoeld. Een cookie is passief, wat betekent dat het geen computervirussen kan verspreiden of op een andere manier schadelijke computerprogramma&#8217;s kan verspreiden. Het is anoniem en bevat zelf geen persoonlijke informatie. Cookies worden door bijna alle websites gebruikt.<\/p>\n<h2>Soorten cookies<\/h2>\n<p>Er bestaan twee soorten cookies: Sessiecookies en blijvende cookies. Sessiecookies worden automatisch verwijderd door de browser zodra u deze afsluit. blijvende cookies worden gedurende een bepaalde tijd op uw apparaat opgeslagen, waarna ze verlopen.<\/p>\n<p>We maken onderscheid tussen first party cookies en cookies van derden. First party cookies worden geplaatst door de website die u bezoekt, terwijl cookies van derden worden geplaatst door een derde partij met elementen die zijn ingebouwd in de website die u bezoekt. Cookies van derden worden onder andere geplaatst door webanalyseprogramma&#8217;s zoals Google Analytics en WebTrends.<\/p>\n<p>Dit cookiebeleid is alleen van toepassing op akasel.com\/nl. Door te klikken op links of andere functies, die naar andere websites verwijzen, neemt AKASEL A\/S geen verantwoordelijkheid of controle over welke cookies kunnen worden gebruikt.<\/p>\n<h2>Cookies op akasel.com\/nl<\/h2>\n<div class=\"cookie-manager--cookie-table\" data-cookie-declaration=\"\"><\/div>\n<h2>Hoe cookies vermijden of verwijderen<\/h2>\n<p>Als u geen cookies van akasel.com\/nl wilt opslaan, kunt u altijd alle cookies blokkeren, bestaande cookies op uw apparaat verwijderen of een waarschuwing ontvangen voordat een cookie wordt opgeslagen. In alle browsers kunt u cookies \u00e9\u00e9n voor \u00e9\u00e9n of allemaal tegelijk verwijderen. Hoe u dat doet, hangt af van de browser die u gebruikt. Volg de onderstaande links voor een handleiding voor uw browser. Vergeet niet dat als u meerdere browsers gebruikt, u de cookies voor alle browsers moet verwijderen.<\/p>\n<ul>\n<li style=\"list-style-type: none;\">\n<ul>\n<li><a href=\"https:\/\/support.microsoft.com\/da-dk\/help\/278835\/how-to-delete-cookie-files-in-internet-explorer\" target=\"_blank\" rel=\"noopener noreferrer\">Handleiding voor het verwijderen van cookies in Internet Explorer<\/a><\/li>\n<li><a href=\"https:\/\/support.microsoft.com\/da-dk\/help\/4027947\/microsoft-edge-delete-cookies\" target=\"_blank\" rel=\"noopener noreferrer\">Handleiding voor het verwijderen van cookies in Microsoft Edge<\/a><\/li>\n<li><a href=\"https:\/\/support.apple.com\/kb\/PH17191\" target=\"_blank\" rel=\"noopener noreferrer\">Handleiding voor het verwijderen van cookies in Safari<\/a><\/li>\n<li><a href=\"http:\/\/support.google.com\/chrome\/bin\/answer.py?hl=da&amp;answer=95647\" target=\"_blank\" rel=\"noopener noreferrer\">Cookies verwijderen in Google Chrome<\/a><\/li>\n<li><a href=\"http:\/\/support.mozilla.org\/da\/kb\/delete-cookies-remove-info-websites-stored?redirectlocale=en-US&amp;redirectslug=Deleting+cookies\" target=\"_blank\" rel=\"noopener noreferrer\">Cookies verwijderen in Mozilla Firefox<\/a><\/li>\n<li><a href=\"http:\/\/timeread.hubpages.com\/hub\/How-to-delete-internet-cookies-on-your-Droid-or-any-Android-device\" target=\"_blank\" rel=\"noopener noreferrer\">Handleiding voor het verwijderen van cookies op Android-telefoons<\/a><\/li>\n<li><a href=\"http:\/\/help.opera.com\/Windows\/9.51\/da\/cookies.html\" target=\"_blank\" rel=\"noopener noreferrer\">Cookies verwijderen in de Opera-browser<\/a><\/li>\n<li><a href=\"http:\/\/support.apple.com\/kb\/HT1677?viewlocale=da_DK\" target=\"_blank\" rel=\"noopener noreferrer\">Cookies verwijderen op iPad, iPhone en iPod touch<\/a><\/li>\n<li><a href=\"https:\/\/kb.wisc.edu\/page.php?id=24078\" target=\"_blank\" rel=\"noopener noreferrer\">Handleiding voor het verwijderen van cookies van Windows Phone<\/a><\/li>\n<\/ul>\n<\/li>\n<\/ul>\n<h2>Wat gebeurt er als u uw cookies niet accepteert of verwijdert?<\/h2>\n<p>Als u ervoor kiest om alle cookies te blokkeren of bestaande cookies op uw apparaat te verwijderen, kunt u de tekst op akasel.com\/nl nog steeds lezen. Er kunnen functies en diensten zijn die u niet kunt gebruiken, omdat deze veronderstellen dat de website de door u gemaakte keuzes onthoudt.<\/p>\n<h2>Regels<\/h2>\n<p>De regels voor het gebruik van cookies op AKASEL A\/S vindt u hieronder:<\/p>\n<p><a href=\"https:\/\/www.retsinformation.dk\/eli\/lta\/2011\/1148\" target=\"_blank\" rel=\"noopener noreferrer\">Verklaring over cookies<\/a><br \/>\n<a href=\"https:\/\/www.datatilsynet.dk\/hvad-siger-reglerne\/vejledning\/gdpr-univers-for-smaa-virksomheder\/cookies-og-gdpr\" target=\"_blank\" rel=\"noopener noreferrer\">Instructie over cookies<\/a><\/p>\n<h2>Contact<\/h2>\n<p>U kunt contact met ons opnemen als u nog vragen heeft over het gebruik van cookies op akasel.com\/nl.<\/p>\n","protected":false},"excerpt":{"rendered":"<p>Gebruik van cookies Deze pagina beschrijft het cookiebeleid van voor het gebruik van cookies door te bezoeken. Door de website&#8230;<\/p>\n","protected":false},"author":1,"featured_media":0,"parent":0,"menu_order":0,"comment_status":"closed","ping_status":"open","template":"","meta":{"footnotes":""},"class_list":["post-8449","page","type-page","status-publish","hentry"],"acf":[],"yoast_head":"<!-- This site is optimized with the Yoast SEO plugin v21.7 - https:\/\/yoast.com\/wordpress\/plugins\/seo\/ -->\n<title>Cookiebeleid | AKASEL A\/S<\/title>\n<meta name=\"description\" content=\"Lees hoe Akasel cookies gebruikt, welke soorten we inzetten, hoe u ze kunt beheren en hoe ze bijdragen aan een betere surfervaring op onze website.\" \/>\n<meta name=\"robots\" content=\"index, follow, max-snippet:-1, max-image-preview:large, max-video-preview:-1\" \/>\n<link rel=\"canonical\" href=\"https:\/\/akasel.com\/nl\/cookiebeleid\/\" \/>\n<meta property=\"og:locale\" content=\"nl_NL\" \/>\n<meta property=\"og:type\" content=\"article\" \/>\n<meta property=\"og:title\" content=\"Cookiebeleid | AKASEL A\/S\" \/>\n<meta property=\"og:description\" content=\"Lees hoe Akasel cookies gebruikt, welke soorten we inzetten, hoe u ze kunt beheren en hoe ze bijdragen aan een betere surfervaring op onze website.\" \/>\n<meta property=\"og:url\" content=\"https:\/\/akasel.com\/nl\/cookiebeleid\/\" \/>\n<meta property=\"og:site_name\" content=\"AKASEL A\/S\" \/>\n<meta property=\"article:modified_time\" content=\"2025-09-26T05:55:45+00:00\" \/>\n<meta name=\"twitter:card\" content=\"summary_large_image\" \/>\n<meta name=\"twitter:label1\" content=\"Geschatte leestijd\" \/>\n\t<meta name=\"twitter:data1\" content=\"4 minuten\" \/>\n<!-- \/ Yoast SEO plugin. -->","yoast_head_json":{"title":"Cookiebeleid | AKASEL A\/S","description":"Lees hoe Akasel cookies gebruikt, welke soorten we inzetten, hoe u ze kunt beheren en hoe ze bijdragen aan een betere surfervaring op onze website.","robots":{"index":"index","follow":"follow","max-snippet":"max-snippet:-1","max-image-preview":"max-image-preview:large","max-video-preview":"max-video-preview:-1"},"canonical":"https:\/\/akasel.com\/nl\/cookiebeleid\/","og_locale":"nl_NL","og_type":"article","og_title":"Cookiebeleid | AKASEL A\/S","og_description":"Lees hoe Akasel cookies gebruikt, welke soorten we inzetten, hoe u ze kunt beheren en hoe ze bijdragen aan een betere surfervaring op onze website.","og_url":"https:\/\/akasel.com\/nl\/cookiebeleid\/","og_site_name":"AKASEL A\/S","article_modified_time":"2025-09-26T05:55:45+00:00","twitter_card":"summary_large_image","twitter_misc":{"Geschatte leestijd":"4 minuten"},"schema":{"@context":"https:\/\/schema.org","@graph":[{"@type":"WebPage","@id":"https:\/\/akasel.com\/nl\/cookiebeleid\/","url":"https:\/\/akasel.com\/nl\/cookiebeleid\/","name":"Cookiebeleid | AKASEL A\/S","isPartOf":{"@id":"https:\/\/akasel.com\/nl\/#website"},"datePublished":"2022-09-12T08:33:53+00:00","dateModified":"2025-09-26T05:55:45+00:00","description":"Lees hoe Akasel cookies gebruikt, welke soorten we inzetten, hoe u ze kunt beheren en hoe ze bijdragen aan een betere surfervaring op onze website.","breadcrumb":{"@id":"https:\/\/akasel.com\/nl\/cookiebeleid\/#breadcrumb"},"inLanguage":"nl-NL","potentialAction":[{"@type":"ReadAction","target":["https:\/\/akasel.com\/nl\/cookiebeleid\/"]}]},{"@type":"BreadcrumbList","@id":"https:\/\/akasel.com\/nl\/cookiebeleid\/#breadcrumb","itemListElement":[{"@type":"ListItem","position":1,"name":"Home","item":"https:\/\/akasel.com\/nl\/"},{"@type":"ListItem","position":2,"name":"Cookiebeleid"}]},{"@type":"WebSite","@id":"https:\/\/akasel.com\/nl\/#website","url":"https:\/\/akasel.com\/nl\/","name":"AKASEL A\/S","description":"","potentialAction":[{"@type":"SearchAction","target":{"@type":"EntryPoint","urlTemplate":"https:\/\/akasel.com\/nl\/?s={search_term_string}"},"query-input":"required name=search_term_string"}],"inLanguage":"nl-NL"}]}},"_links":{"self":[{"href":"https:\/\/akasel.com\/nl\/wp-json\/wp\/v2\/pages\/8449"}],"collection":[{"href":"https:\/\/akasel.com\/nl\/wp-json\/wp\/v2\/pages"}],"about":[{"href":"https:\/\/akasel.com\/nl\/wp-json\/wp\/v2\/types\/page"}],"author":[{"embeddable":true,"href":"https:\/\/akasel.com\/nl\/wp-json\/wp\/v2\/users\/1"}],"replies":[{"embeddable":true,"href":"https:\/\/akasel.com\/nl\/wp-json\/wp\/v2\/comments?post=8449"}],"version-history":[{"count":4,"href":"https:\/\/akasel.com\/nl\/wp-json\/wp\/v2\/pages\/8449\/revisions"}],"predecessor-version":[{"id":18961,"href":"https:\/\/akasel.com\/nl\/wp-json\/wp\/v2\/pages\/8449\/revisions\/18961"}],"wp:attachment":[{"href":"https:\/\/akasel.com\/nl\/wp-json\/wp\/v2\/media?parent=8449"}],"curies":[{"name":"wp","href":"https:\/\/api.w.org\/{rel}","templated":true}]}}