{"id":12106,"date":"2024-11-25T12:13:08","date_gmt":"2024-11-25T11:13:08","guid":{"rendered":"https:\/\/akasel.com\/se\/?page_id=12106"},"modified":"2026-03-12T09:05:14","modified_gmt":"2026-03-12T08:05:14","slug":"sds-svenska","status":"publish","type":"page","link":"https:\/\/akasel.com\/se\/sds-pds\/sds\/sds-svenska\/","title":{"rendered":"SDS &#8211; Svenska"},"content":{"rendered":"<p>P\u00e5 Akasel tar vi v\u00e5r skyldighet att s\u00e4kerst\u00e4lla operat\u00f6rss\u00e4kerhet p\u00e5 st\u00f6rsta allvar. D\u00e4rf\u00f6r har alla produkter som kan utg\u00f6ra en potentiell risk ett S\u00e4kerhetsdatablad (SDS) tillg\u00e4ngligt h\u00e4r f\u00f6r direkt nedladdning. Du kan ocks\u00e5 hitta s\u00e4kerhetsdatablad f\u00f6r v\u00e5ra flytande produkter h\u00e4r, \u00e4ven om de inte \u00e4r f\u00f6rknippade med n\u00e5gon potentiell risk.<\/p>\n<p>F\u00f6r fasta produkter utan associerade risker finns ist\u00e4llet ett Produktdatablad, PDS.<\/p>\n<p>Klicka p\u00e5 produktbeskrivningen nedan f\u00f6r att \u00f6ppna relevant S\u00e4kerhetsdatablad.<\/p>\n<p><strong>Kapskivor<\/strong><br \/>\n<a href=\"https:\/\/akasel.com\/wp-content\/uploads\/2024\/11\/sds-aka-cool-se-v10.pdf\" target=\"_blank\" rel=\"noopener noreferrer\">Aka-Cool<\/a><br \/>\n<a href=\"https:\/\/akasel.com\/wp-content\/uploads\/2024\/11\/sds-aka-nofoam-se-v10.pdf\" target=\"_blank\" rel=\"noopener noreferrer\">Aka-NoFoam<\/a><\/p>\n<p><strong>Ingjutning<\/strong><br \/>\n<a href=\"https:\/\/akasel.com\/wp-content\/uploads\/2024\/11\/sds-aka-clear-2-liquid-se-v10.pdf\" target=\"_blank\" rel=\"noopener noreferrer\">Aka-Clear-2 Liquid<\/a><br \/>\n<a href=\"https:\/\/akasel.com\/wp-content\/uploads\/2024\/11\/sds-aka-clear-2-powder-se-v10.pdf\" target=\"_blank\" rel=\"noopener noreferrer\">Aka-Clear-2 Powder<\/a><br \/>\n<a href=\"https:\/\/akasel.com\/wp-content\/uploads\/2026\/03\/sds-aka-cure-quick-se-v20.pdf\" target=\"_blank\" rel=\"noopener noreferrer\">Aka-Cure Quick<\/a><br \/>\n<a href=\"https:\/\/akasel.com\/wp-content\/uploads\/2024\/11\/sds-aka-cure-slow-se-v10.pdf\" target=\"_blank\" rel=\"noopener noreferrer\">Aka-Cure Slow<\/a><br \/>\n<a href=\"https:\/\/akasel.com\/wp-content\/uploads\/2024\/11\/sds-aka-nostick-liquid-se-v10.pdf\" target=\"_blank\" rel=\"noopener noreferrer\">Aka-NoStick Liquid<\/a><br \/>\n<a href=\"https:\/\/akasel.com\/wp-content\/uploads\/2024\/11\/sds-aka-resin-acrylic-se-v30.pdf\" target=\"_blank\" rel=\"noopener noreferrer\">Aka-Resin Acrylic<\/a><br \/>\n<a href=\"https:\/\/akasel.com\/wp-content\/uploads\/2024\/11\/sds-aka-resin-liquid-epoxy-se-v30.pdf\" target=\"_blank\" rel=\"noopener noreferrer\">Aka-Resin Liquid Epoxy<\/a><br \/>\n<a href=\"https:\/\/akasel.com\/wp-content\/uploads\/2024\/11\/sds-aka-resin-epoxy-se-v10.pdf\" target=\"_blank\" rel=\"noreferrer noopener\">Aka-Resin Epoxy (before 01\/09\/2025)<\/a><br \/>\n<a href=\"https:\/\/akasel.com\/wp-content\/uploads\/2025\/09\/sds-aka-resin-epoxy-nh-se-v10.pdf\" target=\"_blank\" rel=\"noreferrer noopener\">Aka-Resin Epoxy (from 01\/09\/2025)<\/a><br \/>\n<a href=\"https:\/\/akasel.com\/wp-content\/uploads\/2024\/11\/sds-aka-resin-melamine-se-v10.pdf\" target=\"_blank\" rel=\"noopener noreferrer\">Aka-Resin Melamine<\/a><br \/>\n<a href=\"https:\/\/akasel.com\/wp-content\/uploads\/2025\/05\/sds-aka-resin-pp-black-green-orange-red-se-v10.pdf\" target=\"_blank\" rel=\"noreferrer noopener\" data-type=\"URL\" data-id=\"https:\/\/akasel.com\/wp-content\/uploads\/2025\/05\/sds-aka-resin-pp-black-green-orange-red-se-v10.pdf\">Aka-Resin PP<\/a><br \/>\n<a href=\"https:\/\/akasel.com\/wp-content\/uploads\/2024\/11\/sds-aka-resin-phenolic-se-v30.pdf\" target=\"_blank\" rel=\"noopener noreferrer\">Aka-Resin Phenolic<\/a><br \/>\n<a href=\"https:\/\/akasel.com\/wp-content\/uploads\/2024\/11\/sds-aka-resin-phenolic-2-black-se-v10.pdf\" target=\"_blank\" rel=\"noopener noreferrer\">Aka-Resin Phenolic-2, Black<\/a><br \/>\n<a href=\"https:\/\/akasel.com\/wp-content\/uploads\/2024\/11\/sds-aka-resin-phenolic-sem-se-v10.pdf\" target=\"_blank\" rel=\"noopener noreferrer\">Aka-Resin Phenolic SEM<\/a><\/p>\n<p><strong>Slipning<\/strong><\/p>\n<p><strong>Polering<\/strong><br \/>\n<a href=\"https:\/\/akasel.com\/wp-content\/uploads\/2024\/11\/sds-aka-lube-blue-se-v10.pdf\" target=\"_blank\" rel=\"noopener noreferrer\">Aka-Lube Blue<\/a><br \/>\n<a href=\"https:\/\/akasel.com\/wp-content\/uploads\/2024\/11\/sds-aka-lube-blue-concentrate-se-v40.pdf\" target=\"_blank\" rel=\"noopener noreferrer\">Aka-Lube Blue, Concentrate<\/a><br \/>\n<a href=\"https:\/\/akasel.com\/wp-content\/uploads\/2024\/11\/sds-aka-lube-clear-se-v40.pdf\" target=\"_blank\" rel=\"noopener noreferrer\">Aka-Lube Clear+<\/a><br \/>\n<a href=\"https:\/\/akasel.com\/wp-content\/uploads\/2024\/11\/sds-aka-lube-clear-wf-se-v10.pdf\" target=\"_blank\" rel=\"noopener noreferrer\">Aka-Lube Clear WF<\/a><br \/>\n<a href=\"https:\/\/akasel.com\/wp-content\/uploads\/2024\/11\/sds-aka-lube-yellow-aka-lube-green-aka-lube-red-se-v20.pdf\" target=\"_blank\" rel=\"noopener noreferrer\">Aka-Lube Yellow, Aka-Lube Green &amp; Aka-Lube Red<\/a><br \/>\n<a href=\"https:\/\/akasel.com\/wp-content\/uploads\/2024\/11\/sds-aka-paste-aka-stick-mono-poly-se-v20.pdf\" target=\"_blank\" rel=\"noopener noreferrer\">Aka-Paste<\/a><br \/>\n<a href=\"https:\/\/akasel.com\/wp-content\/uploads\/2024\/11\/sds-aka-mono-aka-poly-aka-mono-aka-poly-se-v30.pdf\" target=\"_blank\" rel=\"noopener noreferrer\">Aka-Poly &amp; Aka-Mono<\/a><br \/>\n<a href=\"https:\/\/akasel.com\/wp-content\/uploads\/2024\/11\/sds-aka-mono-aka-poly-aka-mono-aka-poly-se-v30.pdf\" target=\"_blank\" rel=\"noopener noreferrer\">Aka-Poly+ &amp; Aka-Mono+<\/a><br \/>\n<a href=\"https:\/\/akasel.com\/wp-content\/uploads\/2024\/11\/sds-aka-poly-water-free-se-v10.pdf\" target=\"_blank\" rel=\"noopener noreferrer\">Aka-Poly WF<\/a><br \/>\n<a href=\"https:\/\/akasel.com\/wp-content\/uploads\/2026\/03\/sds-aka-spray-monopoly-se-v20.pdf\" target=\"_blank\" rel=\"noopener noreferrer\">Aka-Spray<\/a><br \/>\n<a href=\"https:\/\/akasel.com\/wp-content\/uploads\/2024\/11\/sds-aka-paste-aka-stick-mono-poly-se-v20.pdf\" target=\"_blank\" rel=\"noopener noreferrer\">Aka-Stick<\/a><br \/>\n<a href=\"https:\/\/akasel.com\/wp-content\/uploads\/2024\/12\/sds-diadoublo-se-v10.pdf\" target=\"_blank\" rel=\"noopener noreferrer\">DiaDoublo<\/a><br \/>\n<a href=\"https:\/\/akasel.com\/wp-content\/uploads\/2024\/11\/sds-diamaxx-mono-diamaxx-poly-se-v10.pdf\" target=\"_blank\" rel=\"noopener noreferrer\">DiaMaxx<\/a><br \/>\n<a href=\"https:\/\/akasel.com\/wp-content\/uploads\/2024\/11\/sds-diaultra-mono-poly-se-v30.pdf\" target=\"_blank\" rel=\"noopener noreferrer\">Diaultra<\/a><\/p>\n<p><strong>Slutlig polering<\/strong><br \/>\n<a href=\"https:\/\/akasel.com\/wp-content\/uploads\/2024\/11\/sds-alumina-suspension-50-nm-neutral-se-v10.pdf\" target=\"_blank\" rel=\"noopener noreferrer\">Alumina Suspension 50 nm<\/a><br \/>\n<a href=\"https:\/\/akasel.com\/wp-content\/uploads\/2024\/11\/sds-colloidal-silica-suspension-50nm-alkaline-se-v10.pdf\" target=\"_blank\" rel=\"noopener noreferrer\">Colloidal Silica Suspension 50 nm<\/a><br \/>\n<a href=\"https:\/\/akasel.com\/wp-content\/uploads\/2024\/11\/sds-fumed-silica-suspension-02mu-alkaline-se-v10.pdf\" target=\"_blank\" rel=\"noopener noreferrer\">Fumed Silica Suspension 200 nm<\/a><br \/>\n<a href=\"https:\/\/akasel.com\/wp-content\/uploads\/2024\/11\/sds-fumed-silica-suspension-02mu-water-free-se-v10.pdf\" target=\"_blank\" rel=\"noopener noreferrer\">Fumed Silica Suspension 200 nm Water-free<\/a><\/p>\n","protected":false},"excerpt":{"rendered":"<p>P\u00e5 Akasel tar vi v\u00e5r skyldighet att s\u00e4kerst\u00e4lla operat\u00f6rss\u00e4kerhet p\u00e5 st\u00f6rsta allvar. D\u00e4rf\u00f6r har alla produkter som kan utg\u00f6ra en&#8230;<\/p>\n","protected":false},"author":1,"featured_media":0,"parent":8212,"menu_order":0,"comment_status":"closed","ping_status":"open","template":"","meta":{"footnotes":""},"class_list":["post-12106","page","type-page","status-publish","hentry"],"acf":[],"yoast_head":"<!-- This site is optimized with the Yoast SEO plugin v21.7 - https:\/\/yoast.com\/wordpress\/plugins\/seo\/ -->\n<title>Safety Data Sheet (SDS) | T\u00fcrk\u00e7e | Akasel A\/S<\/title>\n<meta name=\"description\" content=\"Download SDS in Turkish for Akasel products. Ensure safe handling and use of our metallographic consumables with detailed safety information.\" \/>\n<meta name=\"robots\" content=\"index, follow, max-snippet:-1, max-image-preview:large, max-video-preview:-1\" \/>\n<link rel=\"canonical\" href=\"https:\/\/akasel.com\/se\/sds-pds\/sds\/sds-svenska\/\" \/>\n<meta property=\"og:locale\" content=\"sv_SE\" \/>\n<meta property=\"og:type\" content=\"article\" \/>\n<meta property=\"og:title\" content=\"Safety Data Sheet (SDS) | T\u00fcrk\u00e7e | Akasel A\/S\" \/>\n<meta property=\"og:description\" content=\"Download SDS in Turkish for Akasel products. Ensure safe handling and use of our metallographic consumables with detailed safety information.\" \/>\n<meta property=\"og:url\" content=\"https:\/\/akasel.com\/se\/sds-pds\/sds\/sds-svenska\/\" \/>\n<meta property=\"og:site_name\" content=\"AKASEL A\/S\" \/>\n<meta property=\"article:modified_time\" content=\"2026-03-12T08:05:14+00:00\" \/>\n<meta name=\"twitter:card\" content=\"summary_large_image\" \/>\n<meta name=\"twitter:label1\" content=\"Ber\u00e4knad l\u00e4stid\" \/>\n\t<meta name=\"twitter:data1\" content=\"1 minut\" \/>\n<!-- \/ Yoast SEO plugin. -->","yoast_head_json":{"title":"Safety Data Sheet (SDS) | T\u00fcrk\u00e7e | Akasel A\/S","description":"Download SDS in Turkish for Akasel products. Ensure safe handling and use of our metallographic consumables with detailed safety information.","robots":{"index":"index","follow":"follow","max-snippet":"max-snippet:-1","max-image-preview":"max-image-preview:large","max-video-preview":"max-video-preview:-1"},"canonical":"https:\/\/akasel.com\/se\/sds-pds\/sds\/sds-svenska\/","og_locale":"sv_SE","og_type":"article","og_title":"Safety Data Sheet (SDS) | T\u00fcrk\u00e7e | Akasel A\/S","og_description":"Download SDS in Turkish for Akasel products. Ensure safe handling and use of our metallographic consumables with detailed safety information.","og_url":"https:\/\/akasel.com\/se\/sds-pds\/sds\/sds-svenska\/","og_site_name":"AKASEL A\/S","article_modified_time":"2026-03-12T08:05:14+00:00","twitter_card":"summary_large_image","twitter_misc":{"Ber\u00e4knad l\u00e4stid":"1 minut"},"schema":{"@context":"https:\/\/schema.org","@graph":[{"@type":"WebPage","@id":"https:\/\/akasel.com\/se\/sds-pds\/sds\/sds-svenska\/","url":"https:\/\/akasel.com\/se\/sds-pds\/sds\/sds-svenska\/","name":"Safety Data Sheet (SDS) | T\u00fcrk\u00e7e | Akasel A\/S","isPartOf":{"@id":"https:\/\/akasel.com\/se\/#website"},"datePublished":"2024-11-25T11:13:08+00:00","dateModified":"2026-03-12T08:05:14+00:00","description":"Download SDS in Turkish for Akasel products. Ensure safe handling and use of our metallographic consumables with detailed safety information.","breadcrumb":{"@id":"https:\/\/akasel.com\/se\/sds-pds\/sds\/sds-svenska\/#breadcrumb"},"inLanguage":"sv-SE","potentialAction":[{"@type":"ReadAction","target":["https:\/\/akasel.com\/se\/sds-pds\/sds\/sds-svenska\/"]}]},{"@type":"BreadcrumbList","@id":"https:\/\/akasel.com\/se\/sds-pds\/sds\/sds-svenska\/#breadcrumb","itemListElement":[{"@type":"ListItem","position":1,"name":"Home","item":"https:\/\/akasel.com\/se\/"},{"@type":"ListItem","position":2,"name":"SDS\/PDS","item":"https:\/\/akasel.com\/se\/sds-pds\/"},{"@type":"ListItem","position":3,"name":"SDS","item":"https:\/\/akasel.com\/se\/sds-pds\/sds\/"},{"@type":"ListItem","position":4,"name":"SDS &#8211; Svenska"}]},{"@type":"WebSite","@id":"https:\/\/akasel.com\/se\/#website","url":"https:\/\/akasel.com\/se\/","name":"AKASEL A\/S","description":"","potentialAction":[{"@type":"SearchAction","target":{"@type":"EntryPoint","urlTemplate":"https:\/\/akasel.com\/se\/?s={search_term_string}"},"query-input":"required name=search_term_string"}],"inLanguage":"sv-SE"}]}},"_links":{"self":[{"href":"https:\/\/akasel.com\/se\/wp-json\/wp\/v2\/pages\/12106"}],"collection":[{"href":"https:\/\/akasel.com\/se\/wp-json\/wp\/v2\/pages"}],"about":[{"href":"https:\/\/akasel.com\/se\/wp-json\/wp\/v2\/types\/page"}],"author":[{"embeddable":true,"href":"https:\/\/akasel.com\/se\/wp-json\/wp\/v2\/users\/1"}],"replies":[{"embeddable":true,"href":"https:\/\/akasel.com\/se\/wp-json\/wp\/v2\/comments?post=12106"}],"version-history":[{"count":10,"href":"https:\/\/akasel.com\/se\/wp-json\/wp\/v2\/pages\/12106\/revisions"}],"predecessor-version":[{"id":12612,"href":"https:\/\/akasel.com\/se\/wp-json\/wp\/v2\/pages\/12106\/revisions\/12612"}],"up":[{"embeddable":true,"href":"https:\/\/akasel.com\/se\/wp-json\/wp\/v2\/pages\/8212"}],"wp:attachment":[{"href":"https:\/\/akasel.com\/se\/wp-json\/wp\/v2\/media?parent=12106"}],"curies":[{"name":"wp","href":"https:\/\/api.w.org\/{rel}","templated":true}]}}