{"id":8015,"date":"2018-05-16T12:20:05","date_gmt":"2018-05-16T10:20:05","guid":{"rendered":"https:\/\/akasel.com\/privacy-policy\/"},"modified":"2025-09-26T07:55:23","modified_gmt":"2025-09-26T05:55:23","slug":"integritetspolicy","status":"publish","type":"page","link":"https:\/\/akasel.com\/se\/integritetspolicy\/","title":{"rendered":"Integritetspolicy"},"content":{"rendered":"<p>Genom att bes\u00f6ka och anv\u00e4nda akasel.com\/se godk\u00e4nner du att AKASEL A\/S f\u00e5r behandla och lagra dina personuppgifter och cookies i enlighet med f\u00f6ljande data- och cookiepolicy. Cookies anv\u00e4nds f\u00f6r att akasel.com\/se ska fungera korrekt. Bland annat anv\u00e4nder vi cookies f\u00f6r att g\u00f6ra det m\u00f6jligt att l\u00e4gga produkter i varukorgen, logga in p\u00e5 webbplatsen och f\u00f6r att f\u00f6rb\u00e4ttra v\u00e5r webbplats i allm\u00e4nhet.<\/p>\n<p><a href=\"https:\/\/akasel.com\/se\/policy-for-kakor\/\">Klicka h\u00e4r f\u00f6r att l\u00e4sa v\u00e5r cookiepolicy<\/a><\/p>\n<h2>Sekretess- och personuppgiftspolicy<\/h2>\n<p>Denna integritets- och personuppgiftspolicy \u00e4r sammanfattad f\u00f6r att b\u00e4ttre informera dig som kund om vilka personuppgifter AKASEL A\/S lagrar, samt hur vi behandlar dem &#8211; personuppgifter f\u00f6rst\u00e5s som alla uppgifter som kan h\u00e4nvisas tillbaka till en enskild person.<\/p>\nAKASEL A\/S vi respekterar alla \u00f6nskem\u00e5l om att h\u00e5lla personlig information som tillhandah\u00e5lls online hemlig, och vi \u00e4r medvetna om behovet av att skydda och behandla all personlig information som vi tar emot p\u00e5 ett adekvat och s\u00e4kert s\u00e4tt.<\/p>\n<p>Om f\u00f6ljande personuppgiftspolicy inte kan accepteras, f\u00f6rbeh\u00e5ller sig AKASEL A\/S r\u00e4tten att avvisa best\u00e4llningar och andra f\u00f6rfr\u00e5gningar, eftersom avsaknaden av acceptans kan leda till att AKASEL A\/S inte kan fullg\u00f6ra avtalet enligt lag.<\/p>\n<h2>Personuppgifter<\/h2>\n<p>Personuppgifter omfattar alla uppgifter som kan anv\u00e4ndas f\u00f6r att identifiera personer, inklusive men inte begr\u00e4nsat till f\u00f6r-, mellan- och efternamn, \u00e5lder, k\u00f6n, jobb, fysiska adresser b\u00e5de privata och andra, e-postadress eller annan kontaktinformation, oavsett om dessa h\u00e4nf\u00f6r sig till personens privata hem eller deras arbetsplats.<\/p>\n<p>Personuppgifter inneh\u00e5ller \u00e4ven uppgifter om beteende, k\u00f6phistorik, ekonomisk information och liknande, vilka alla anv\u00e4nds f\u00f6r att uppr\u00e4tth\u00e5lla kund-leverant\u00f6rsrelationen mellan kunder och AKASEL A\/S.<\/p>\n<h2>Vilka personuppgifter lagrar och behandlar vi?<\/h2>\n<p>Du kan bes\u00f6ka akasel.com\/se utan att l\u00e4mna dina personuppgifter till oss. N\u00e4r du bes\u00f6ker webbplatsen f\u00e5r du ett ID f\u00f6r din session. Detta kan inte anv\u00e4ndas f\u00f6r att identifiera dig.<\/p>\nAKASEL A\/S kr\u00e4ver en m\u00e4ngd olika personuppgifter f\u00f6r att kunna handla med dig och ditt f\u00f6retag, kontinuerligt uppr\u00e4tth\u00e5lla kund-klientf\u00f6rh\u00e5llandet samt marknadsf\u00f6ra produkter och tj\u00e4nster. Viss information samlas ocks\u00e5 in och behandlas i enlighet med lagar om vitvaskning och redovisning.<\/p>\n<p>F\u00f6ljande information kan lagras och behandlas n\u00e4r du bes\u00f6ker akasel.com\/se; din e-postadress, f\u00f6r- och efternamn, fysisk adress, telefonnummer, \u00e5lder, k\u00f6n, tekniska detaljer (inklusive IP-adresser), beteende (inklusive: bes\u00f6kta webbadresser, h\u00e4ndelseutl\u00f6sare, \u00e5tg\u00e4rder som klick, inloggning, tid p\u00e5 webbsidor etc.), geografiska data samt alla data som anses n\u00f6dv\u00e4ndiga f\u00f6r att slutf\u00f6ra en transaktion.<\/p>\n<h2>AKASEL A\/S Lagrar och bearbetar din information n\u00e4r du:<\/h2>\n<ul>\n<li>Skapar ett konto<\/li>\n<li>Slutf\u00f6r ett k\u00f6p<\/li>\n<li>Skicka f\u00f6rfr\u00e5gningar, klagom\u00e5l och\/eller interagera med AKASEL A\/S<\/li>\n<li>Prenumerera p\u00e5 och\/eller interagera med reklammaterial online (inklusive men inte begr\u00e4nsat till nyhetsbrev, sms eller andra meddelanden, annonser som visas p\u00e5 tredje parts webbplatser etc.)<\/li>\n<li>P\u00e5 andra s\u00e4tt l\u00e4mna dina personuppgifter till AKASEL A\/S<\/li>\n<\/ul>\nAKASEL A\/S lagrar endast de personuppgifter som \u00e4r n\u00f6dv\u00e4ndiga f\u00f6r att leverera en tj\u00e4nst eller en produkt, marknadsf\u00f6ra tj\u00e4nster eller produkter eller behandla f\u00f6rfr\u00e5gningar.<\/p>\nAKASEL A\/S inte lagrar och\/eller k\u00f6per information som kan anv\u00e4ndas f\u00f6r att identifiera personer, fr\u00e5n tredje part.<\/p>\nAKASEL A\/S anv\u00e4nder sig av k\u00e4nda och trov\u00e4rdiga betalningsgateways f\u00f6r att hantera korttransaktioner online, och lagrar d\u00e4rf\u00f6r inte information om betalkort. Var medveten om att information om fakturor och banker lagras med h\u00e4nsyn till till\u00e4mpliga lagar, inklusive lagar om vitvaskning och bokf\u00f6ring.<\/p>\n<h2>Hur anv\u00e4nder vi din information?<\/h2>\n<p>Vi kan komma att anv\u00e4nda den lagrade informationen p\u00e5 f\u00f6ljande s\u00e4tt:<\/p>\n<ul>\n<li>F\u00f6r att anpassa din upplevelse via e-post och p\u00e5 webbplatsen genom personliga rekommendationer baserade p\u00e5 din k\u00f6phistorik<\/li>\n<li>F\u00f6r att f\u00f6rb\u00e4ttra akasel.com\/se och annonsera fr\u00e5n AKASEL A\/S<\/li>\n<li>F\u00f6r att b\u00e4ttre kunna hj\u00e4lpa dig n\u00e4r du kontaktar kundtj\u00e4nsten<\/li>\n<li>F\u00f6r att administrera t\u00e4vlingar, kundunders\u00f6kningar med mera<\/li>\n<li>F\u00f6r att hantera din best\u00e4llning s\u00e5 snabbt som m\u00f6jligt<\/li>\n<li>F\u00f6r att f\u00e5 produkt- och trustpilotrecensioner<\/li>\n<li>F\u00f6r att f\u00f6lja upp f\u00f6rfr\u00e5gningar<\/li>\n<li>F\u00f6r att annonsera i allm\u00e4nhet<\/li>\n<\/ul>\n<h2>Hur skyddar vi din information?<\/h2>\n<p>V\u00e5r webbplats skannas regelbundet efter s\u00e4kerhets\u00f6vertr\u00e4delser och svagheter, s\u00e5 att vi kan st\u00e4nga av eventuella datal\u00e4ckor s\u00e5 snabbt som m\u00f6jligt och d\u00e4rmed g\u00f6ra v\u00e5r webbplats s\u00e5 s\u00e4ker som m\u00f6jligt. Webbplatsen skannas ocks\u00e5 regelbundet efter skadlig kod.<\/p>\n<p>Dina personuppgifter lagras p\u00e5 s\u00e4kra n\u00e4tverk, som endast kan n\u00e5s av ett f\u00e5tal utvalda anst\u00e4llda med r\u00e4ttigheter till denna typ av information. Dessa omfattas av v\u00e5r personuppgiftspolicy, som garanterar dina r\u00e4ttigheter och s\u00e4kerst\u00e4ller att alla till\u00e4mpliga lagar p\u00e5 omr\u00e5det f\u00f6ljs.<\/p>\n<p>Ut\u00f6ver ovanst\u00e5ende lagras och behandlas all k\u00e4nslig information eller information om betalningar p\u00e5 krypterade servrar som inte kan n\u00e5s fr\u00e5n utsidan. Kreditkortsinformation behandlas av betalningsgateways och kan inte n\u00e5s av vare sig AKASEL A\/S eller anst\u00e4llda hos betalningsgateways. Dessa transaktioner lagras inte p\u00e5 interna servrar och behandlas inte vid n\u00e5got tillf\u00e4lle av AKASEL A\/S sj\u00e4lv.<\/p>\n<h2>Vem tillhandah\u00e5ller vi din information till?<\/h2>\n<p>Personlig information som tillhandah\u00e5lls p\u00e5 akasel.com\/se eller via telefon ges endast till:<\/p>\n<ul>\n<li>Interna avdelningar\/personal<\/li>\n<li>Betrodda tredje parter som \u00e4r n\u00f6dv\u00e4ndiga f\u00f6r att uppr\u00e4tth\u00e5lla avtal n\u00e4r det g\u00e4ller leverans, betalning och tj\u00e4nster inklusive inkasso och andra r\u00e4ttsliga fr\u00e5gor<\/li>\n<li>Aff\u00e4rspartners med avseende p\u00e5 underh\u00e5ll av ditt konto och\/eller annonsering<\/li>\n<\/ul>\n<p>F\u00f6r att ge dig b\u00e4sta m\u00f6jliga upplevelse p\u00e5 AKASEL A\/S:s webbplatser f\u00f6r vi statistik \u00f6ver hur anv\u00e4ndarna anv\u00e4nder v\u00e5ra webbplatser. Denna statistik anv\u00e4nds uteslutande i anonym form f\u00f6r att se vilka sidor och vilket inneh\u00e5ll som anv\u00e4ndarna interagerar med.<\/p>\nAKASEL A\/S kan anv\u00e4nda Google Analytics f\u00f6r att samla in bes\u00f6ksstatistik och kommer i detta fall att vidarebefordra IP-adresser till Google Analytics. Google Analytics sekretesspolicy accepteras genom att bes\u00f6ka akasel.com\/se och finns h\u00e4r: <a href=\"https:\/\/privacy.google.com\/\" target=\"_blank\" rel=\"noopener noreferrer\">www.google.com\/privacy<\/a><\/p>\n<p>Mellan AKASEL A\/S och alla aff\u00e4rspartners och leverant\u00f6rer finns ett databehandlingsavtal, som m\u00e5ste skydda anv\u00e4ndarnas och kundernas intressen vid alla tidpunkter. Dessa avtal kan tillhandah\u00e5llas p\u00e5 beg\u00e4ran n\u00e4r som helst.<\/p>\n<h2>Var lagras dina personuppgifter?<\/h2>\n<p>Dina uppgifter lagras p\u00e5 servrar inom EU. Vissa personuppgifter administreras av en tredje part (personuppgiftsbitr\u00e4de), som lagrar och behandlar personuppgifter p\u00e5 uppdrag av AKASEL A\/S med avseende p\u00e5 denna datapolicy och till\u00e4mpliga lagar kring skydd av personuppgifter.<\/p>\n<h2>Hur l\u00e4nge beh\u00e5ller vi dina personuppgifter?<\/h2>\n<p>I en aktiv kundrelation kommer dina uppgifter att lagras s\u00e5 l\u00e4nge som det \u00e4r n\u00f6dv\u00e4ndigt f\u00f6r att vi ska kunna ge dig service. Om relationen upph\u00f6r kommer dina uppgifter att lagras i upp till tv\u00e5 \u00e5r, beroende p\u00e5 vilken typ av uppgifter det g\u00e4ller.<\/p>\n<p>Du kan n\u00e4r som helst beg\u00e4ra att f\u00e5 se dessa uppgifter eller f\u00e5 dem raderade. P\u00e5 grund av andra lagar (t.ex. bokf\u00f6rings- och vitm\u00e5lningslagar) lagras alla transaktionsuppgifter, inklusive kontakt- och aff\u00e4rsinformation, i fem \u00e5r.<\/p>\n<h2>L\u00e4ckage av uppgifter<\/h2>\n<p>Vi tar s\u00e4kerhets\u00f6vertr\u00e4delser och datal\u00e4ckage p\u00e5 st\u00f6rsta allvar. Om vi misst\u00e4nker ett datal\u00e4ckage fr\u00e5n interna servrar p\u00e5 AKASEL A\/S eller fr\u00e5n externa partners, kommer en grupp initiativ omedelbart att s\u00e4ttas in f\u00f6r att s\u00e4kra v\u00e5ra kunder och anv\u00e4ndare s\u00e5 bra som m\u00f6jligt.<\/p>\n<p>Detta inkluderar att klarg\u00f6ra omfattningen av potentiell skada, informera potentiellt ber\u00f6rda kunder och anv\u00e4ndare, informera den danska datainspektionen samt \u00e5tg\u00e4rder som \u00e4r avsedda att isolera och minska omfattningen av l\u00e4ckorna.<\/p>\n<p>Om vi misst\u00e4nker en datal\u00e4cka fr\u00e5n AKASEL A\/S eller n\u00e5gon extern partner kommer alla inblandade parter, inklusive anv\u00e4ndaren, att informeras om detta inom 72 timmar. Om du n\u00e5gonsin misst\u00e4nker att dina uppgifter har l\u00e4ckt ut fr\u00e5n AKASEL A\/S, v\u00e4nligen kontakta oss n\u00e4r som helst.<\/p>\n<h2>Tillg\u00e5ng till information<\/h2>\n<p>Du kan alltid \u00e4ndra dina kontouppgifter eller intresseomr\u00e5den och h\u00e4rmed meddela om du vill bli kontaktad med erbjudanden om produkter eller tj\u00e4nster eller avregistrera dig fr\u00e5n nyhetsbrev.<\/p>\n<p>Du kan alltid f\u00e5 information om vilka av dina personuppgifter som vi har registrerat. Om du vill f\u00e5 en kopia av denna information, v\u00e4nligen kontakta oss.<\/p>\n<p>Om du vill att alla dina uppgifter ska raderas, v\u00e4nligen kontakta oss ocks\u00e5.<\/p>\n<p>Observera att n\u00e4r vi har raderat dessa uppgifter kan de inte \u00e5terskapas. Uppgifter som m\u00e5ste lagras med h\u00e4nsyn till g\u00e4llande lagar kan inte raderas p\u00e5 beg\u00e4ran.<\/p>\n<h2>Revidering<\/h2>\n<p>Vi reviderar regelbundet v\u00e5ra processer f\u00f6r databehandling. Denna policy uppdateras en g\u00e5ng per \u00e5r.<\/p>\n<h2>Kontakt, \u00e4ndringar och uppdateringar av personuppgiftspolicyn<\/h2>\nAKASEL A\/S \u00e4r fast besluten att uppr\u00e4tth\u00e5lla lagstadgade krav p\u00e5 skydd av v\u00e5ra anv\u00e4ndares integritet.<\/p>\n<p>Om du har fr\u00e5gor eller kommentarer om v\u00e5r datapolicy eller om hur vi anv\u00e4nder dina personuppgifter \u00e4r du v\u00e4lkommen att kontakta oss.<\/p>\n<p>Om du vid n\u00e5got tillf\u00e4lle vill avsluta prenumerationen p\u00e5 t.ex. ett nyhetsbrev kan du f\u00f6lja instruktionerna l\u00e4ngst ned i varje e-postmeddelande. Om du har problem med att avsluta prenumerationen, v\u00e4nligen kontakta oss.<\/p>\n<p>Genom att avregistrera dig fr\u00e5n reklam fr\u00e5n AKASEL A\/S kommer alla tidigare \u00e5taganden som gjorts med oss att raderas. Dessa kan inte \u00e5terskapas, och skulle du vid n\u00e5got tillf\u00e4lle vilja f\u00e5 inblick i vad vi tidigare har skickat till dig, s\u00e5som tidigare erbjudanden, kampanjer och liknande, vill vi g\u00f6ra dig uppm\u00e4rksam p\u00e5 att dessa inte kan \u00e5terskapas.<\/p>\n","protected":false},"excerpt":{"rendered":"<p>Genom att bes\u00f6ka och anv\u00e4nda godk\u00e4nner du att f\u00e5r behandla och lagra dina personuppgifter och cookies i enlighet med f\u00f6ljande&#8230;<\/p>\n","protected":false},"author":1,"featured_media":0,"parent":0,"menu_order":0,"comment_status":"closed","ping_status":"open","template":"","meta":{"footnotes":""},"class_list":["post-8015","page","type-page","status-publish","hentry"],"acf":[],"yoast_head":"<!-- This site is optimized with the Yoast SEO plugin v21.7 - https:\/\/yoast.com\/wordpress\/plugins\/seo\/ -->\n<title>Integritetspolicy - AKASEL A\/S<\/title>\n<meta name=\"description\" content=\"L\u00e4s hur vi skyddar dina personuppgifter och vilka r\u00e4ttigheter du har enligt g\u00e4llande dataskyddslagstiftning n\u00e4r du bes\u00f6ker v\u00e5r webbplats.\" \/>\n<meta name=\"robots\" content=\"index, follow, max-snippet:-1, max-image-preview:large, max-video-preview:-1\" \/>\n<link rel=\"canonical\" href=\"https:\/\/akasel.com\/se\/integritetspolicy\/\" \/>\n<meta property=\"og:locale\" content=\"sv_SE\" \/>\n<meta property=\"og:type\" content=\"article\" \/>\n<meta property=\"og:title\" content=\"Integritetspolicy - AKASEL A\/S\" \/>\n<meta property=\"og:description\" content=\"L\u00e4s hur vi skyddar dina personuppgifter och vilka r\u00e4ttigheter du har enligt g\u00e4llande dataskyddslagstiftning n\u00e4r du bes\u00f6ker v\u00e5r webbplats.\" \/>\n<meta property=\"og:url\" content=\"https:\/\/akasel.com\/se\/integritetspolicy\/\" \/>\n<meta property=\"og:site_name\" content=\"AKASEL A\/S\" \/>\n<meta property=\"article:modified_time\" content=\"2025-09-26T05:55:23+00:00\" \/>\n<meta name=\"twitter:card\" content=\"summary_large_image\" \/>\n<meta name=\"twitter:label1\" content=\"Ber\u00e4knad l\u00e4stid\" \/>\n\t<meta name=\"twitter:data1\" content=\"7 minuter\" \/>\n<!-- \/ Yoast SEO plugin. -->","yoast_head_json":{"title":"Integritetspolicy - AKASEL A\/S","description":"L\u00e4s hur vi skyddar dina personuppgifter och vilka r\u00e4ttigheter du har enligt g\u00e4llande dataskyddslagstiftning n\u00e4r du bes\u00f6ker v\u00e5r webbplats.","robots":{"index":"index","follow":"follow","max-snippet":"max-snippet:-1","max-image-preview":"max-image-preview:large","max-video-preview":"max-video-preview:-1"},"canonical":"https:\/\/akasel.com\/se\/integritetspolicy\/","og_locale":"sv_SE","og_type":"article","og_title":"Integritetspolicy - AKASEL A\/S","og_description":"L\u00e4s hur vi skyddar dina personuppgifter och vilka r\u00e4ttigheter du har enligt g\u00e4llande dataskyddslagstiftning n\u00e4r du bes\u00f6ker v\u00e5r webbplats.","og_url":"https:\/\/akasel.com\/se\/integritetspolicy\/","og_site_name":"AKASEL A\/S","article_modified_time":"2025-09-26T05:55:23+00:00","twitter_card":"summary_large_image","twitter_misc":{"Ber\u00e4knad l\u00e4stid":"7 minuter"},"schema":{"@context":"https:\/\/schema.org","@graph":[{"@type":"WebPage","@id":"https:\/\/akasel.com\/se\/integritetspolicy\/","url":"https:\/\/akasel.com\/se\/integritetspolicy\/","name":"Integritetspolicy - AKASEL A\/S","isPartOf":{"@id":"https:\/\/akasel.com\/se\/#website"},"datePublished":"2018-05-16T10:20:05+00:00","dateModified":"2025-09-26T05:55:23+00:00","description":"L\u00e4s hur vi skyddar dina personuppgifter och vilka r\u00e4ttigheter du har enligt g\u00e4llande dataskyddslagstiftning n\u00e4r du bes\u00f6ker v\u00e5r webbplats.","breadcrumb":{"@id":"https:\/\/akasel.com\/se\/integritetspolicy\/#breadcrumb"},"inLanguage":"sv-SE","potentialAction":[{"@type":"ReadAction","target":["https:\/\/akasel.com\/se\/integritetspolicy\/"]}]},{"@type":"BreadcrumbList","@id":"https:\/\/akasel.com\/se\/integritetspolicy\/#breadcrumb","itemListElement":[{"@type":"ListItem","position":1,"name":"Home","item":"https:\/\/akasel.com\/se\/"},{"@type":"ListItem","position":2,"name":"Integritetspolicy"}]},{"@type":"WebSite","@id":"https:\/\/akasel.com\/se\/#website","url":"https:\/\/akasel.com\/se\/","name":"AKASEL A\/S","description":"","potentialAction":[{"@type":"SearchAction","target":{"@type":"EntryPoint","urlTemplate":"https:\/\/akasel.com\/se\/?s={search_term_string}"},"query-input":"required name=search_term_string"}],"inLanguage":"sv-SE"}]}},"_links":{"self":[{"href":"https:\/\/akasel.com\/se\/wp-json\/wp\/v2\/pages\/8015"}],"collection":[{"href":"https:\/\/akasel.com\/se\/wp-json\/wp\/v2\/pages"}],"about":[{"href":"https:\/\/akasel.com\/se\/wp-json\/wp\/v2\/types\/page"}],"author":[{"embeddable":true,"href":"https:\/\/akasel.com\/se\/wp-json\/wp\/v2\/users\/1"}],"replies":[{"embeddable":true,"href":"https:\/\/akasel.com\/se\/wp-json\/wp\/v2\/comments?post=8015"}],"version-history":[{"count":2,"href":"https:\/\/akasel.com\/se\/wp-json\/wp\/v2\/pages\/8015\/revisions"}],"predecessor-version":[{"id":11939,"href":"https:\/\/akasel.com\/se\/wp-json\/wp\/v2\/pages\/8015\/revisions\/11939"}],"wp:attachment":[{"href":"https:\/\/akasel.com\/se\/wp-json\/wp\/v2\/media?parent=8015"}],"curies":[{"name":"wp","href":"https:\/\/api.w.org\/{rel}","templated":true}]}}