{"id":8061,"date":"2020-09-24T10:49:59","date_gmt":"2020-09-24T08:49:59","guid":{"rendered":"https:\/\/akasel.com\/widget-video-frontpage\/"},"modified":"2025-09-26T07:55:30","modified_gmt":"2025-09-26T05:55:30","slug":"widget-video-pa-forstasidan","status":"publish","type":"page","link":"https:\/\/akasel.com\/se\/widget-video-pa-forstasidan\/","title":{"rendered":"Widget-video p\u00e5 f\u00f6rstasidan"},"content":{"rendered":"<h2>H\u00f6gkvalitativ och billig metallografisk unders\u00f6kning<\/h2>\n<p>Metallografi, numera \u00e4ven k\u00e4nt som metallografi, t\u00e4cker hela spektrumet av tillg\u00e4ngliga material och kr\u00e4ver en mycket h\u00f6g niv\u00e5 av f\u00f6rberedelsekvalitet. V\u00e5ra f\u00f6rbrukningsvaror och f\u00f6rberedelsemetoder hj\u00e4lper dig att f\u00e5 b\u00e4sta m\u00f6jliga resultat. Genom att rekommendera r\u00e4tt f\u00f6rbrukningsvaror kan vi ocks\u00e5 ge snabbare resultat och acceptabla yteffekter till ett l\u00e4gre pris.<br \/>\nMed v\u00e5ra l\u00f6sningar blir din mikrostrukturanalys snabb, reproducerbar och kostnadseffektiv.<\/p>\n<p>Vi erbjuder ett komplett sortiment av f\u00f6rbrukningsvaror f\u00f6r att uppfylla dina h\u00f6gsta krav p\u00e5 kvalitet samtidigt som du anpassar dig till mer ekonomiska l\u00f6sningar.<\/p>\n<p><iframe title=\"About Akasel\" width=\"500\" height=\"281\" src=\"https:\/\/www.youtube.com\/embed\/5qHK8nQqX6o?feature=oembed&#038;enablejsapi=1&#038;origin=https:\/\/akasel.com\" frameborder=\"0\" allow=\"accelerometer; autoplay; clipboard-write; encrypted-media; gyroscope; picture-in-picture; web-share\" referrerpolicy=\"strict-origin-when-cross-origin\" allowfullscreen><\/iframe><\/p>\n","protected":false},"excerpt":{"rendered":"<p>H\u00f6gkvalitativ och billig metallografisk unders\u00f6kning Metallografi, numera \u00e4ven k\u00e4nt som metallografi, t\u00e4cker hela spektrumet av tillg\u00e4ngliga material och kr\u00e4ver en&#8230;<\/p>\n","protected":false},"author":1,"featured_media":0,"parent":0,"menu_order":0,"comment_status":"closed","ping_status":"open","template":"","meta":{"footnotes":""},"class_list":["post-8061","page","type-page","status-publish","hentry"],"acf":[],"yoast_head":"<!-- This site is optimized with the Yoast SEO plugin v21.7 - https:\/\/yoast.com\/wordpress\/plugins\/seo\/ -->\n<title>Uppt\u00e4ck Akasel \u2013 Metallografiska L\u00f6sningar i Bildformat<\/title>\n<meta name=\"description\" content=\"Se v\u00e5r video som presenterar Akasel och v\u00e5ra metallografiska produkter. F\u00e5 inblick i hur vi st\u00f6djer kvalitetsf\u00f6rberedning inom materialanalys v\u00e4rlden \u00f6ver.\" \/>\n<meta name=\"robots\" content=\"index, follow, max-snippet:-1, max-image-preview:large, max-video-preview:-1\" \/>\n<link rel=\"canonical\" href=\"https:\/\/akasel.com\/se\/widget-video-pa-forstasidan\/\" \/>\n<meta property=\"og:locale\" content=\"sv_SE\" \/>\n<meta property=\"og:type\" content=\"article\" \/>\n<meta property=\"og:title\" content=\"Uppt\u00e4ck Akasel \u2013 Metallografiska L\u00f6sningar i Bildformat\" \/>\n<meta property=\"og:description\" content=\"Se v\u00e5r video som presenterar Akasel och v\u00e5ra metallografiska produkter. F\u00e5 inblick i hur vi st\u00f6djer kvalitetsf\u00f6rberedning inom materialanalys v\u00e4rlden \u00f6ver.\" \/>\n<meta property=\"og:url\" content=\"https:\/\/akasel.com\/se\/widget-video-pa-forstasidan\/\" \/>\n<meta property=\"og:site_name\" content=\"AKASEL A\/S\" \/>\n<meta property=\"article:modified_time\" content=\"2025-09-26T05:55:30+00:00\" \/>\n<meta name=\"twitter:card\" content=\"summary_large_image\" \/>\n<meta name=\"twitter:label1\" content=\"Ber\u00e4knad l\u00e4stid\" \/>\n\t<meta name=\"twitter:data1\" content=\"1 minut\" \/>\n<!-- \/ Yoast SEO plugin. -->","yoast_head_json":{"title":"Uppt\u00e4ck Akasel \u2013 Metallografiska L\u00f6sningar i Bildformat","description":"Se v\u00e5r video som presenterar Akasel och v\u00e5ra metallografiska produkter. F\u00e5 inblick i hur vi st\u00f6djer kvalitetsf\u00f6rberedning inom materialanalys v\u00e4rlden \u00f6ver.","robots":{"index":"index","follow":"follow","max-snippet":"max-snippet:-1","max-image-preview":"max-image-preview:large","max-video-preview":"max-video-preview:-1"},"canonical":"https:\/\/akasel.com\/se\/widget-video-pa-forstasidan\/","og_locale":"sv_SE","og_type":"article","og_title":"Uppt\u00e4ck Akasel \u2013 Metallografiska L\u00f6sningar i Bildformat","og_description":"Se v\u00e5r video som presenterar Akasel och v\u00e5ra metallografiska produkter. F\u00e5 inblick i hur vi st\u00f6djer kvalitetsf\u00f6rberedning inom materialanalys v\u00e4rlden \u00f6ver.","og_url":"https:\/\/akasel.com\/se\/widget-video-pa-forstasidan\/","og_site_name":"AKASEL A\/S","article_modified_time":"2025-09-26T05:55:30+00:00","twitter_card":"summary_large_image","twitter_misc":{"Ber\u00e4knad l\u00e4stid":"1 minut"},"schema":{"@context":"https:\/\/schema.org","@graph":[{"@type":"WebPage","@id":"https:\/\/akasel.com\/se\/widget-video-pa-forstasidan\/","url":"https:\/\/akasel.com\/se\/widget-video-pa-forstasidan\/","name":"Uppt\u00e4ck Akasel \u2013 Metallografiska L\u00f6sningar i Bildformat","isPartOf":{"@id":"https:\/\/akasel.com\/se\/#website"},"datePublished":"2020-09-24T08:49:59+00:00","dateModified":"2025-09-26T05:55:30+00:00","description":"Se v\u00e5r video som presenterar Akasel och v\u00e5ra metallografiska produkter. F\u00e5 inblick i hur vi st\u00f6djer kvalitetsf\u00f6rberedning inom materialanalys v\u00e4rlden \u00f6ver.","breadcrumb":{"@id":"https:\/\/akasel.com\/se\/widget-video-pa-forstasidan\/#breadcrumb"},"inLanguage":"sv-SE","potentialAction":[{"@type":"ReadAction","target":["https:\/\/akasel.com\/se\/widget-video-pa-forstasidan\/"]}]},{"@type":"BreadcrumbList","@id":"https:\/\/akasel.com\/se\/widget-video-pa-forstasidan\/#breadcrumb","itemListElement":[{"@type":"ListItem","position":1,"name":"Home","item":"https:\/\/akasel.com\/se\/"},{"@type":"ListItem","position":2,"name":"Widget-video p\u00e5 f\u00f6rstasidan"}]},{"@type":"WebSite","@id":"https:\/\/akasel.com\/se\/#website","url":"https:\/\/akasel.com\/se\/","name":"AKASEL A\/S","description":"","potentialAction":[{"@type":"SearchAction","target":{"@type":"EntryPoint","urlTemplate":"https:\/\/akasel.com\/se\/?s={search_term_string}"},"query-input":"required name=search_term_string"}],"inLanguage":"sv-SE"}]}},"_links":{"self":[{"href":"https:\/\/akasel.com\/se\/wp-json\/wp\/v2\/pages\/8061"}],"collection":[{"href":"https:\/\/akasel.com\/se\/wp-json\/wp\/v2\/pages"}],"about":[{"href":"https:\/\/akasel.com\/se\/wp-json\/wp\/v2\/types\/page"}],"author":[{"embeddable":true,"href":"https:\/\/akasel.com\/se\/wp-json\/wp\/v2\/users\/1"}],"replies":[{"embeddable":true,"href":"https:\/\/akasel.com\/se\/wp-json\/wp\/v2\/comments?post=8061"}],"version-history":[{"count":4,"href":"https:\/\/akasel.com\/se\/wp-json\/wp\/v2\/pages\/8061\/revisions"}],"predecessor-version":[{"id":11333,"href":"https:\/\/akasel.com\/se\/wp-json\/wp\/v2\/pages\/8061\/revisions\/11333"}],"wp:attachment":[{"href":"https:\/\/akasel.com\/se\/wp-json\/wp\/v2\/media?parent=8061"}],"curies":[{"name":"wp","href":"https:\/\/api.w.org\/{rel}","templated":true}]}}